{"id":12041,"date":"2023-08-14T20:30:58","date_gmt":"2023-08-14T18:30:58","guid":{"rendered":"https:\/\/ekomfort.lu\/shop\/mocassin-frau-schwarz-anuk-black-von-nae-kombinieren-sie-chic-komfort-ethik"},"modified":"2024-07-01T12:10:57","modified_gmt":"2024-07-01T10:10:57","slug":"mocassin-frau-schwarz-anuk-black-von-nae-kombinieren-sie-chic-komfort-ethik","status":"publish","type":"product","link":"https:\/\/ekomfort.lu\/en\/shop\/mocassin-frau-schwarz-anuk-black-von-nae-kombinieren-sie-chic-komfort-ethik\/","title":{"rendered":"Mocassin Frau schwarz Anuk Black von Nae: Kombinieren Sie Chic, Komfort &#038; Ethik"},"content":{"rendered":"\n<p>Sie streben nach einem Kleiderschrank, in dem Eleganz mit ethischem Bewusstsein harmoniert? Sind Sie auf der Suche nach <strong>bequemen und umweltfreundlichen flachen Schuhen<\/strong>?<\/p>\n\n\n\n<p>Entdecken Sie den <strong>Anuk Black<\/strong>, die <strong>trendigen schwarzen Damenmokassins aus veganem Leder<\/strong>, mit einer dicken Sohle und metallischem Schmuck, die Ihren F\u00fc\u00dfen t\u00e4glich eleganten Komfort bieten.<\/p>\n\n\n\n<p>Mit den <strong>Anuk Black<\/strong>:<\/p>\n\n\n<style>.wp-block-kadence-iconlist.kt-svg-icon-list-items12041_26fa03-ae:not(.this-stops-third-party-issues){margin-top:0px;margin-bottom:0px;}.wp-block-kadence-iconlist.kt-svg-icon-list-items12041_26fa03-ae ul.kt-svg-icon-list:not(.this-prevents-issues):not(.this-stops-third-party-issues):not(.tijsloc){margin-top:0px;margin-right:0px;margin-bottom:var(--global-kb-spacing-sm, 1.5rem);margin-left:0px;}.wp-block-kadence-iconlist.kt-svg-icon-list-items12041_26fa03-ae ul.kt-svg-icon-list{grid-row-gap:5px;}.wp-block-kadence-iconlist.kt-svg-icon-list-items12041_26fa03-ae .kb-svg-icon-wrap{font-size:18px;color:var(--global-palette1, #3182CE);}.wp-block-kadence-iconlist.kt-svg-icon-list-items12041_26fa03-ae ul.kt-svg-icon-list .kt-svg-icon-list-item-wrap .kt-svg-icon-list-single{margin-right:10px;}.kt-svg-icon-list-items12041_26fa03-ae ul.kt-svg-icon-list .kt-svg-icon-list-level-0 .kt-svg-icon-list-single svg{font-size:20px;}<\/style>\n<div class=\"wp-block-kadence-iconlist kt-svg-icon-list-items kt-svg-icon-list-items12041_26fa03-ae kt-svg-icon-list-columns-1 alignnone\"><ul class=\"kt-svg-icon-list\"><style>.kt-svg-icon-list-item-4387_6e8168-d9 .kt-svg-icon-list-text mark.kt-highlight{background-color:unset;font-style:normal;color:#f76a0c;-webkit-box-decoration-break:clone;box-decoration-break:clone;padding-top:0px;padding-right:0px;padding-bottom:0px;padding-left:0px;}<\/style>\n<li class=\"wp-block-kadence-listitem kt-svg-icon-list-item-wrap kt-svg-icon-list-item-4387_6e8168-d9\"><span class=\"kb-svg-icon-wrap kb-svg-icon-fe_checkCircle kt-svg-icon-list-single\"><svg viewBox=\"0 0 24 24\"  fill=\"none\" stroke=\"currentColor\" stroke-width=\"3\" stroke-linecap=\"round\" stroke-linejoin=\"round\" xmlns=\"http:\/\/www.w3.org\/2000\/svg\"  aria-hidden=\"true\"><path d=\"M22 11.08V12a10 10 0 1 1-5.93-9.14\"\/><polyline points=\"22 4 12 14.01 9 11.01\"\/><\/svg><\/span><span class=\"kt-svg-icon-list-text\">Erleben Sie absoluten Komfort bei jedem Schritt dank einer profilierten Gummisohle und einer gepolsterten EVA-Einlegesohle, die Blasenbildung verhindert.<\/span><\/li>\n\n\n<style>.kt-svg-icon-list-item-4387_21f1e0-eb .kt-svg-icon-list-text mark.kt-highlight{background-color:unset;font-style:normal;color:#f76a0c;-webkit-box-decoration-break:clone;box-decoration-break:clone;padding-top:0px;padding-right:0px;padding-bottom:0px;padding-left:0px;}<\/style>\n<li class=\"wp-block-kadence-listitem kt-svg-icon-list-item-wrap kt-svg-icon-list-item-4387_21f1e0-eb\"><span class=\"kb-svg-icon-wrap kb-svg-icon-fe_checkCircle kt-svg-icon-list-single\"><svg viewBox=\"0 0 24 24\"  fill=\"none\" stroke=\"currentColor\" stroke-width=\"3\" stroke-linecap=\"round\" stroke-linejoin=\"round\" xmlns=\"http:\/\/www.w3.org\/2000\/svg\"  aria-hidden=\"true\"><path d=\"M22 11.08V12a10 10 0 1 1-5.93-9.14\"\/><polyline points=\"22 4 12 14.01 9 11.01\"\/><\/svg><\/span><span class=\"kt-svg-icon-list-text\">\u00c9manieren Sie zeitlose Eleganz mit sorgf\u00e4ltigem Design, betont durch ein einzigartiges metallisches D-f\u00f6rmiges Ornament.<\/span><\/li>\n\n\n<style>.kt-svg-icon-list-item-4387_562362-e5 .kt-svg-icon-list-text mark.kt-highlight{background-color:unset;font-style:normal;color:#f76a0c;-webkit-box-decoration-break:clone;box-decoration-break:clone;padding-top:0px;padding-right:0px;padding-bottom:0px;padding-left:0px;}<\/style>\n<li class=\"wp-block-kadence-listitem kt-svg-icon-list-item-wrap kt-svg-icon-list-item-4387_562362-e5\"><span class=\"kb-svg-icon-wrap kb-svg-icon-fe_checkCircle kt-svg-icon-list-single\"><svg viewBox=\"0 0 24 24\"  fill=\"none\" stroke=\"currentColor\" stroke-width=\"3\" stroke-linecap=\"round\" stroke-linejoin=\"round\" xmlns=\"http:\/\/www.w3.org\/2000\/svg\"  aria-hidden=\"true\"><path d=\"M22 11.08V12a10 10 0 1 1-5.93-9.14\"\/><polyline points=\"22 4 12 14.01 9 11.01\"\/><\/svg><\/span><span class=\"kt-svg-icon-list-text\">Verk\u00f6rpern Sie Ethik, indem Sie sich f\u00fcr diese <strong>schwarzen Trend-Damenschuhe<\/strong> aus veganem Leder entscheiden, einem innovativen, nachhaltigen und tierfreundlichen Material.<\/span><\/li>\n<\/ul><\/div>\n\n\n\n<p>Ohne giftige Inhaltsstoffe, ohne Grausamkeit und zu 100% elegant&#8230;<\/p>\n\n\n\n<p>F\u00fcr den Preis eines Gourmet-Abendessens w\u00e4hlen Sie schwarze Damen-Mokassins, die Ihre \u00dcberzeugungen st\u00e4rken und gleichzeitig die Erde respektieren werden.<\/p>\n\n\n\n<p>Bereit, Chic und Ethik bei der Wahl Ihrer Schuhe zu vereinen? Die Lagerbest\u00e4nde dieses Modells reduzieren sich schnell. Verpassen Sie nicht diese Gelegenheit!<\/p>\n","protected":false},"excerpt":{"rendered":"<p>Sie streben nach einem Kleiderschrank, in dem Eleganz mit ethischem Bewusstsein harmoniert? Sind Sie auf der Suche nach bequemen und umweltfreundlichen flachen Schuhen? Entdecken Sie den Anuk Black, die trendigen schwarzen Damenmokassins aus veganem Leder, mit einer dicken Sohle und metallischem Schmuck, die Ihren F\u00fc\u00dfen t\u00e4glich eleganten Komfort bieten. Mit den Anuk Black: Ohne giftige&#8230;<\/p>\n","protected":false},"featured_media":7895,"comment_status":"open","ping_status":"closed","template":"","meta":{"_acf_changed":false,"_kad_blocks_custom_css":"","_kad_blocks_head_custom_js":"","_kad_blocks_body_custom_js":"","_kad_blocks_footer_custom_js":"","_kad_post_transparent":"","_kad_post_title":"","_kad_post_layout":"","_kad_post_sidebar_id":"","_kad_post_content_style":"","_kad_post_vertical_padding":"","_kad_post_feature":"","_kad_post_feature_position":"","_kad_post_header":false,"_kad_post_footer":false,"_kad_post_classname":""},"product_brand":[],"product_cat":[352,340],"product_tag":[367],"product_brands":[686],"class_list":{"0":"post-12041","1":"product","2":"type-product","3":"status-publish","4":"has-post-thumbnail","6":"product_cat-flat-shoes","7":"product_cat-shoes","8":"product_tag-womens","9":"product_brands-nae-vegan-shoes-en","11":"first","12":"outofstock","13":"taxable","14":"shipping-taxable","15":"purchasable","16":"product-type-variable","17":"has-default-attributes","18":"entry","19":"content-bg","20":"loop-entry"},"acf":{"avantages":"\ud83d\udca6 Water-resistant to keep feet dry.\r\n\r\n\ud83c\udf2c\ufe0f Breathable for good air circulation and cool, dry feet.\r\n\r\n\ud83c\udf31 Antimicrobial and Hypoallergenic for optimal hygiene and minimizing allergic reactions.\r\n\r\n\ud83d\udc5e Made from vegan leather using environmentally friendly microfibers.\r\n\r\n\ud83d\udd11 Nickel-free metal ornament to avoid allergic reactions.\r\n\r\n\ud83d\udee1\ufe0f Microfiber (90%) and PU (10%) lining for optimal comfort and durability.\r\n\r\n\u26a1 Moisture-wicking EVA padded footbed for added comfort and protection.\r\n\r\n\ud83d\udc63 Non-slip rubber outsole for optimal grip.\ud83c\uddf5\ud83c\uddf9 Carefully made in Portugal with respect for the environment and fair working conditions.","entretien":"Product Features:\r\n\r\n- Water-resistant, breathable, antimicrobial, and hypoallergenic.\r\n\r\n- Vegan leather made with healthy and safe microfibers.\r\n\r\n- Nickel-free metal ornaments.\r\n\r\n- Lining composed of 90% microfibers and 10% PU.\r\n\r\n- Moisture-absorbing padded EVA footbed.\r\n\r\n- Non-slip rubber sole.\r\n\r\n- Carefully made in Portugal, with sustainable materials and manufacturing process, in a fair working environment.","marque":""},"taxonomy_info":{"product_cat":[{"value":352,"label":"Flat Shoes"},{"value":340,"label":"Shoes"}],"product_tag":[{"value":367,"label":"womens boutique"}],"product_brands":[{"value":686,"label":"NAE Vegan Shoes"}]},"featured_image_src_large":["https:\/\/ekomfort.lu\/wp-content\/uploads\/2023\/08\/anuk-black-1024x1024.jpg",1024,1024,true],"author_info":[],"comment_info":0,"_links":{"self":[{"href":"https:\/\/ekomfort.lu\/en\/wp-json\/wp\/v2\/product\/12041","targetHints":{"allow":["GET"]}}],"collection":[{"href":"https:\/\/ekomfort.lu\/en\/wp-json\/wp\/v2\/product"}],"about":[{"href":"https:\/\/ekomfort.lu\/en\/wp-json\/wp\/v2\/types\/product"}],"replies":[{"embeddable":true,"href":"https:\/\/ekomfort.lu\/en\/wp-json\/wp\/v2\/comments?post=12041"}],"wp:featuredmedia":[{"embeddable":true,"href":"https:\/\/ekomfort.lu\/en\/wp-json\/wp\/v2\/media\/7895"}],"wp:attachment":[{"href":"https:\/\/ekomfort.lu\/en\/wp-json\/wp\/v2\/media?parent=12041"}],"wp:term":[{"taxonomy":"product_brand","embeddable":true,"href":"https:\/\/ekomfort.lu\/en\/wp-json\/wp\/v2\/product_brand?post=12041"},{"taxonomy":"product_cat","embeddable":true,"href":"https:\/\/ekomfort.lu\/en\/wp-json\/wp\/v2\/product_cat?post=12041"},{"taxonomy":"product_tag","embeddable":true,"href":"https:\/\/ekomfort.lu\/en\/wp-json\/wp\/v2\/product_tag?post=12041"},{"taxonomy":"product_brands","embeddable":true,"href":"https:\/\/ekomfort.lu\/en\/wp-json\/wp\/v2\/product_brands?post=12041"}],"curies":[{"name":"wp","href":"https:\/\/api.w.org\/{rel}","templated":true}]}}