{"id":19658,"date":"2025-02-28T06:31:19","date_gmt":"2025-02-28T05:31:19","guid":{"rendered":"https:\/\/ekomfort.lu\/shop\/alicia-brown-2"},"modified":"2025-02-28T06:31:25","modified_gmt":"2025-02-28T05:31:25","slug":"alicia-brown-2","status":"publish","type":"product","link":"https:\/\/ekomfort.lu\/de\/shop\/alicia-brown-2\/","title":{"rendered":"ALICIA Brown"},"content":{"rendered":"<p>&nbsp;Nous vous pr\u00e9sentons les Alicia Brown, bottes v\u00e9ganes courtes avec une forme ronde \u00e0 l&#8217;avant et une fermeture \u00e9clair lat\u00e9rale pratique. Avec un talon de 6 cm, ces bottes sont fabriqu\u00e9es avec du microsuede certifi\u00e9 et durable de haute qualit\u00e9. Elles offrent confort et style pour le consommateur conscient. Fabriqu\u00e9es au Portugal avec des pratiques \u00e9cologiques.<\/p>\n","protected":false},"excerpt":{"rendered":"<p>&nbsp;Nous vous pr\u00e9sentons les Alicia Brown, bottes v\u00e9ganes courtes avec une forme ronde \u00e0 l&#8217;avant et une fermeture \u00e9clair lat\u00e9rale pratique. Avec un talon de 6 cm, ces bottes sont fabriqu\u00e9es avec du microsuede certifi\u00e9 et durable de haute qualit\u00e9. Elles offrent confort et style pour le consommateur conscient. Fabriqu\u00e9es au Portugal avec des pratiques&#8230;<\/p>\n","protected":false},"featured_media":19660,"comment_status":"closed","ping_status":"open","template":"","meta":{"_acf_changed":false,"_kad_blocks_custom_css":"","_kad_blocks_head_custom_js":"","_kad_blocks_body_custom_js":"","_kad_blocks_footer_custom_js":"","_kad_post_transparent":"","_kad_post_title":"","_kad_post_layout":"","_kad_post_sidebar_id":"","_kad_post_content_style":"","_kad_post_vertical_padding":"","_kad_post_feature":"","_kad_post_feature_position":"","_kad_post_header":false,"_kad_post_footer":false,"_kad_post_classname":""},"product_brand":[812],"product_cat":[813,46],"product_tag":[],"product_brands":[],"class_list":{"0":"post-19658","1":"product","2":"type-product","3":"status-publish","4":"has-post-thumbnail","6":"product_brand-nae-vegan-shoes","7":"product_cat-boots-and-booties","8":"product_cat-chaussures-vegan","9":"pa_age-adult","10":"pa_color-brown","11":"pa_gender-women","12":"pa_material-microfiber","13":"pa_size-808","14":"pa_size-814","15":"pa_size-815","16":"pa_size-816","17":"pa_size-817","18":"pa_size-818","19":"pa_size-819","21":"first","22":"instock","23":"purchasable","24":"product-type-variable","25":"entry","26":"content-bg","27":"loop-entry"},"acf":{"avantages":"","entretien":"","marque":""},"taxonomy_info":{"product_brand":[{"value":812,"label":"Nae Vegan Shoes"}],"product_cat":[{"value":813,"label":"Boots and Booties"},{"value":46,"label":"Chaussures vegan"}],"pa_age":[{"value":811,"label":"Adult"}],"pa_color":[{"value":807,"label":"Brown"}],"pa_gender":[{"value":809,"label":"Women"}],"pa_material":[{"value":810,"label":"Microfiber"}],"pa_size":[{"value":808,"label":"36"},{"value":814,"label":"37"},{"value":815,"label":"38"},{"value":816,"label":"39"},{"value":817,"label":"40"},{"value":818,"label":"41"},{"value":819,"label":"42"}]},"featured_image_src_large":["https:\/\/ekomfort.lu\/wp-content\/uploads\/2025\/02\/AliciaBrown1-1.jpg",1290,1290,false],"author_info":[],"comment_info":0,"_links":{"self":[{"href":"https:\/\/ekomfort.lu\/de\/wp-json\/wp\/v2\/product\/19658","targetHints":{"allow":["GET"]}}],"collection":[{"href":"https:\/\/ekomfort.lu\/de\/wp-json\/wp\/v2\/product"}],"about":[{"href":"https:\/\/ekomfort.lu\/de\/wp-json\/wp\/v2\/types\/product"}],"replies":[{"embeddable":true,"href":"https:\/\/ekomfort.lu\/de\/wp-json\/wp\/v2\/comments?post=19658"}],"wp:featuredmedia":[{"embeddable":true,"href":"https:\/\/ekomfort.lu\/de\/wp-json\/wp\/v2\/media\/19660"}],"wp:attachment":[{"href":"https:\/\/ekomfort.lu\/de\/wp-json\/wp\/v2\/media?parent=19658"}],"wp:term":[{"taxonomy":"product_brand","embeddable":true,"href":"https:\/\/ekomfort.lu\/de\/wp-json\/wp\/v2\/product_brand?post=19658"},{"taxonomy":"product_cat","embeddable":true,"href":"https:\/\/ekomfort.lu\/de\/wp-json\/wp\/v2\/product_cat?post=19658"},{"taxonomy":"product_tag","embeddable":true,"href":"https:\/\/ekomfort.lu\/de\/wp-json\/wp\/v2\/product_tag?post=19658"},{"taxonomy":"product_brands","embeddable":true,"href":"https:\/\/ekomfort.lu\/de\/wp-json\/wp\/v2\/product_brands?post=19658"}],"curies":[{"name":"wp","href":"https:\/\/api.w.org\/{rel}","templated":true}]}}