{"id":17880,"date":"2024-05-29T09:26:25","date_gmt":"2024-05-29T07:26:25","guid":{"rendered":"https:\/\/ekomfort.lu\/?post_type=product&#038;p=17880"},"modified":"2024-07-04T17:47:17","modified_gmt":"2024-07-04T15:47:17","slug":"zero-blue","status":"publish","type":"product","link":"https:\/\/ekomfort.lu\/de\/shop\/zero-blue\/","title":{"rendered":"Zero Blue"},"content":{"rendered":"\n<p>Voici les Zero Blue, des baskets v\u00e9g\u00e9taliennes con\u00e7ues pour allier style, fonctionnalit\u00e9 et durabilit\u00e9. Ces baskets sont dot\u00e9es d&#8217;une combinaison de lacets et de velcro pour un ajustement s\u00fbr et personnalisable. Fabriqu\u00e9es en microfibre mate \u00e9cologique et r\u00e9sistante \u00e0 l&#8217;eau, les Zero Blue sont aussi durables qu&#8217;elles sont respectueuses de l&#8217;environnement. La doublure en microfibre respirante et antiallergique assure un confort tout au long de la journ\u00e9e et pr\u00e9vient les r\u00e9actions allergiques, ce qui rend ces baskets parfaites pour un usage quotidien. Disponibles dans des couleurs polyvalentes comme le bleu, le noir et le marron, ces baskets peuvent compl\u00e9ter n&#8217;importe quelle garde-robe et sont faciles \u00e0 entretenir avec un simple coup de cr\u00e8me.<\/p>\n\n\n<style>.wp-block-kadence-iconlist.kt-svg-icon-list-items17880_379fb2-ff:not(.this-stops-third-party-issues){margin-top:0px;margin-bottom:0px;}.wp-block-kadence-iconlist.kt-svg-icon-list-items17880_379fb2-ff ul.kt-svg-icon-list:not(.this-prevents-issues):not(.this-stops-third-party-issues):not(.tijsloc){margin-top:0px;margin-right:0px;margin-bottom:var(--global-kb-spacing-sm, 1.5rem);margin-left:0px;}.wp-block-kadence-iconlist.kt-svg-icon-list-items17880_379fb2-ff ul.kt-svg-icon-list{grid-row-gap:5px;}.wp-block-kadence-iconlist.kt-svg-icon-list-items17880_379fb2-ff .kb-svg-icon-wrap{font-size:18px;color:var(--global-palette1, #3182CE);}.wp-block-kadence-iconlist.kt-svg-icon-list-items17880_379fb2-ff ul.kt-svg-icon-list .kt-svg-icon-list-item-wrap .kt-svg-icon-list-single{margin-right:10px;}.kt-svg-icon-list-items17880_379fb2-ff ul.kt-svg-icon-list .kt-svg-icon-list-level-0 .kt-svg-icon-list-single svg{font-size:20px;}<\/style>\n<div class=\"wp-block-kadence-iconlist kt-svg-icon-list-items kt-svg-icon-list-items17880_379fb2-ff kt-svg-icon-list-columns-1 alignnone\"><ul class=\"kt-svg-icon-list\"><style>.kt-svg-icon-list-item-17880_15492a-e7 .kt-svg-icon-list-text mark.kt-highlight{background-color:unset;font-style:normal;color:#f76a0c;-webkit-box-decoration-break:clone;box-decoration-break:clone;padding-top:0px;padding-right:0px;padding-bottom:0px;padding-left:0px;}<\/style>\n<li class=\"wp-block-kadence-listitem kt-svg-icon-list-item-wrap kt-svg-icon-list-item-17880_15492a-e7\"><span class=\"kb-svg-icon-wrap kb-svg-icon-fe_checkCircle kt-svg-icon-list-single\"><svg viewBox=\"0 0 24 24\"  fill=\"none\" stroke=\"currentColor\" stroke-width=\"3\" stroke-linecap=\"round\" stroke-linejoin=\"round\" xmlns=\"http:\/\/www.w3.org\/2000\/svg\"  aria-hidden=\"true\"><path d=\"M22 11.08V12a10 10 0 1 1-5.93-9.14\"\/><polyline points=\"22 4 12 14.01 9 11.01\"\/><\/svg><\/span><span class=\"kt-svg-icon-list-text\">Fabriqu\u00e9es en microfibre mate, ces baskets sont \u00e0 la fois \u00e9cologiques et r\u00e9sistantes \u00e0 l&#8217;eau, ce qui leur permet de r\u00e9sister \u00e0 diverses conditions m\u00e9t\u00e9orologiques.<\/span><\/li>\n\n\n<style>.kt-svg-icon-list-item-17880_10e78d-13 .kt-svg-icon-list-text mark.kt-highlight{background-color:unset;font-style:normal;color:#f76a0c;-webkit-box-decoration-break:clone;box-decoration-break:clone;padding-top:0px;padding-right:0px;padding-bottom:0px;padding-left:0px;}<\/style>\n<li class=\"wp-block-kadence-listitem kt-svg-icon-list-item-wrap kt-svg-icon-list-item-17880_10e78d-13\"><span class=\"kb-svg-icon-wrap kb-svg-icon-fe_checkCircle kt-svg-icon-list-single\"><svg viewBox=\"0 0 24 24\"  fill=\"none\" stroke=\"currentColor\" stroke-width=\"3\" stroke-linecap=\"round\" stroke-linejoin=\"round\" xmlns=\"http:\/\/www.w3.org\/2000\/svg\"  aria-hidden=\"true\"><path d=\"M22 11.08V12a10 10 0 1 1-5.93-9.14\"\/><polyline points=\"22 4 12 14.01 9 11.01\"\/><\/svg><\/span><span class=\"kt-svg-icon-list-text\">Dot\u00e9es d&#8217;une doublure en microfibre respirante et antiallergique, ces baskets offrent un confort maximal et sont id\u00e9ales pour les personnes \u00e0 la peau sensible.<\/span><\/li>\n\n\n<style>.kt-svg-icon-list-item-17880_1a64ce-ec .kt-svg-icon-list-text mark.kt-highlight{background-color:unset;font-style:normal;color:#f76a0c;-webkit-box-decoration-break:clone;box-decoration-break:clone;padding-top:0px;padding-right:0px;padding-bottom:0px;padding-left:0px;}<\/style>\n<li class=\"wp-block-kadence-listitem kt-svg-icon-list-item-wrap kt-svg-icon-list-item-17880_1a64ce-ec\"><span class=\"kb-svg-icon-wrap kb-svg-icon-fe_checkCircle kt-svg-icon-list-single\"><svg viewBox=\"0 0 24 24\"  fill=\"none\" stroke=\"currentColor\" stroke-width=\"3\" stroke-linecap=\"round\" stroke-linejoin=\"round\" xmlns=\"http:\/\/www.w3.org\/2000\/svg\"  aria-hidden=\"true\"><path d=\"M22 11.08V12a10 10 0 1 1-5.93-9.14\"\/><polyline points=\"22 4 12 14.01 9 11.01\"\/><\/svg><\/span><span class=\"kt-svg-icon-list-text\">Disponibles en bleu, noir et marron, les baskets Zero Blue peuvent \u00eatre assorties \u00e0 un large \u00e9ventail de tenues et peuvent \u00eatre facilement polies avec de la cr\u00e8me pour conserver leur aspect neuf.<\/span><\/li>\n<\/ul><\/div>\n\n\n\n<p>Enfilez une paire de baskets Zero Blue et d\u00e9couvrez la combinaison parfaite de style, de confort et de durabilit\u00e9. Que vous sortiez pour une journ\u00e9e d\u00e9contract\u00e9e ou que vous ayez besoin de chaussures fiables pour vos activit\u00e9s quotidiennes, ces baskets vous permettront de rester \u00e9l\u00e9gant et de vous sentir bien. Faites un choix \u00e9cologique sans sacrifier le style ou le confort.<\/p>\n","protected":false},"excerpt":{"rendered":"<p>Voici les Zero Blue, des baskets v\u00e9g\u00e9taliennes con\u00e7ues pour allier style, fonctionnalit\u00e9 et durabilit\u00e9. Ces baskets sont dot\u00e9es d&#8217;une combinaison de lacets et de velcro pour un ajustement s\u00fbr et personnalisable. Fabriqu\u00e9es en microfibre mate \u00e9cologique et r\u00e9sistante \u00e0 l&#8217;eau, les Zero Blue sont aussi durables qu&#8217;elles sont respectueuses de l&#8217;environnement. La doublure en microfibre&#8230;<\/p>\n","protected":false},"featured_media":17877,"comment_status":"open","ping_status":"closed","template":"","meta":{"_acf_changed":false,"_kad_blocks_custom_css":"","_kad_blocks_head_custom_js":"","_kad_blocks_body_custom_js":"","_kad_blocks_footer_custom_js":"","_kad_post_transparent":"","_kad_post_title":"","_kad_post_layout":"","_kad_post_sidebar_id":"","_kad_post_content_style":"","_kad_post_vertical_padding":"","_kad_post_feature":"","_kad_post_feature_position":"","_kad_post_header":false,"_kad_post_footer":false,"_kad_post_classname":""},"product_brand":[],"product_cat":[70,46],"product_tag":[],"product_brands":[],"class_list":{"0":"post-17880","1":"product","2":"type-product","3":"status-publish","4":"has-post-thumbnail","6":"product_cat-sneakers","7":"product_cat-chaussures-vegan","9":"first","10":"outofstock","11":"taxable","12":"shipping-taxable","13":"purchasable","14":"product-type-variable","15":"entry","16":"content-bg","17":"loop-entry"},"acf":{"avantages":"\ud83d\udc51 Les baskets v\u00e9g\u00e9taliennes Zero Blue sont fabriqu\u00e9es en microfibre mate \u00e9cologique et r\u00e9sistante \u00e0 l'eau, ce qui garantit leur durabilit\u00e9 et leur p\u00e9rennit\u00e9.\r\n\r\n\ud83e\uddf5 Les baskets sont dot\u00e9es d'une doublure en microfibre respirante et antiallergique, qui assure le confort et pr\u00e9vient les r\u00e9actions allergiques.\r\n\r\n\ud83d\udc5f Disponibles en bleu, noir et marron, ces baskets s'accordent facilement avec diff\u00e9rentes tenues. En outre, elles peuvent \u00eatre entretenues \u00e0 l'aide d'une cr\u00e8me de polissage, ce qui permet de les garder fra\u00eeches et neuves.","entretien":"1. Enlevez La Poussi\u00e8re Ou La Boue Avec Une Brosse Douce Ou Un Chiffon Sec.\r\n\r\n2. Utilisez Un Chiffon Humide Pour Nettoyer L\u2019ensemble De Votre Produit En Frottant Doucement D\u2019un Geste Circulaire.\r\n\r\n3. Nettoyez R\u00e9guli\u00e8rement Votre Chiffon Pour \u00c9viter De R\u00e9pandre La Salet\u00e9\r\n\r\n4. Pour Les T\u00e2ches Difficiles, Utilisez Une Brosse \u00c0 Poils Doux Et De L\u2019eau En Frottant D\u00e9licatement D\u2019un Geste Circulaire.\r\n\r\n5. Laissez S\u00e9cher \u00c0 L\u2019air Libre Avant D\u2019appliquer Une Cr\u00e8me Nettoyante.\r\n\r\n6. Utilisez Une Cr\u00e8me Nettoyante Pour Donner Plus D\u2019\u00e9clat \u00c0 Votre Produit. Mettez Une Noisette De Produit Sur Une Brosse Ou Un Chiffon Doux Et Sec, Puis Faites P\u00e9n\u00e9trer Compl\u00e8tement Dans Le Tissu En Frottant D\u00e9licatement De Mani\u00e8re Circulaire Jusqu\u2019\u00e0 Totale Absorption.\r\n\r\n7. Enfin, Laissez S\u00e9cher \u00c0 L\u2019air Libre Pendant 24 Heures, \u00c0 L\u2019abri De La Lumi\u00e8re Directe Du Soleil.\r\n\r\n<strong>Attention<\/strong>\u00a0:\r\n\r\n\u2022 Ne Mettez Pas Votre Produit En Machine.\r\n\r\n\u2022 Ne L\u2019immergez Pas Dans L\u2019eau, Cela Pourrait Causer Des Dommages Irr\u00e9versibles.\r\n\r\nLorsque Vos Chaussures V\u00e9ganes Ont Atteint Leur Dur\u00e9e De Vie Ou Que Vous N\u2019en Avez Plus Besoin, Envisagez De Leur Donner Une Seconde Vie.\r\n\r\nDonnez-Leur Un Autre Usage Pour Vous-M\u00eame Ou Offrez-Les \u00c0 Quelqu","marque":""},"taxonomy_info":{"product_cat":[{"value":70,"label":"Sneakers"},{"value":46,"label":"Chaussures vegan"}]},"featured_image_src_large":["https:\/\/ekomfort.lu\/wp-content\/uploads\/2024\/05\/Zero_Blue.jpg",700,700,false],"author_info":[],"comment_info":0,"_links":{"self":[{"href":"https:\/\/ekomfort.lu\/de\/wp-json\/wp\/v2\/product\/17880","targetHints":{"allow":["GET"]}}],"collection":[{"href":"https:\/\/ekomfort.lu\/de\/wp-json\/wp\/v2\/product"}],"about":[{"href":"https:\/\/ekomfort.lu\/de\/wp-json\/wp\/v2\/types\/product"}],"replies":[{"embeddable":true,"href":"https:\/\/ekomfort.lu\/de\/wp-json\/wp\/v2\/comments?post=17880"}],"wp:featuredmedia":[{"embeddable":true,"href":"https:\/\/ekomfort.lu\/de\/wp-json\/wp\/v2\/media\/17877"}],"wp:attachment":[{"href":"https:\/\/ekomfort.lu\/de\/wp-json\/wp\/v2\/media?parent=17880"}],"wp:term":[{"taxonomy":"product_brand","embeddable":true,"href":"https:\/\/ekomfort.lu\/de\/wp-json\/wp\/v2\/product_brand?post=17880"},{"taxonomy":"product_cat","embeddable":true,"href":"https:\/\/ekomfort.lu\/de\/wp-json\/wp\/v2\/product_cat?post=17880"},{"taxonomy":"product_tag","embeddable":true,"href":"https:\/\/ekomfort.lu\/de\/wp-json\/wp\/v2\/product_tag?post=17880"},{"taxonomy":"product_brands","embeddable":true,"href":"https:\/\/ekomfort.lu\/de\/wp-json\/wp\/v2\/product_brands?post=17880"}],"curies":[{"name":"wp","href":"https:\/\/api.w.org\/{rel}","templated":true}]}}