{"id":17828,"date":"2024-05-29T09:23:40","date_gmt":"2024-05-29T07:23:40","guid":{"rendered":"https:\/\/ekomfort.lu\/?post_type=product&#038;p=17828"},"modified":"2024-07-19T16:29:28","modified_gmt":"2024-07-19T14:29:28","slug":"lara-black-portefeuille-vegan-porte-monnaie-porte-cartes","status":"publish","type":"product","link":"https:\/\/ekomfort.lu\/de\/shop\/lara-black-portefeuille-vegan-porte-monnaie-porte-cartes\/","title":{"rendered":"Lara Black portefeuille v\u00e9gan porte-monnaie porte-cartes"},"content":{"rendered":"\n<p>Voici le Lara Black : un portefeuille polyvalent pour femmes, un porte-cartes et un porte-monnaie m\u00e9ticuleusement fabriqu\u00e9s \u00e0 partir de cuir v\u00e9g\u00e9talien, offrant un m\u00e9lange exquis de durabilit\u00e9, de style et de fonctionnalit\u00e9. Ce portefeuille innovant pr\u00e9sente un design intemporel, rappelant celui d&#8217;un petit sac \u00e0 main, mais suffisamment compact pour s&#8217;int\u00e9grer parfaitement \u00e0 votre quotidien. Gr\u00e2ce \u00e0 son agencement bien pens\u00e9 qui comprend de multiples compartiments et fentes, y compris des porte-photos transparents et un porte-monnaie zipp\u00e9, le Lara Black vous permet de ranger tous vos objets essentiels lorsque vous \u00eates en d\u00e9placement.<\/p>\n\n\n<style>.wp-block-kadence-iconlist.kt-svg-icon-list-items17828_330cc3-14:not(.this-stops-third-party-issues){margin-top:0px;margin-bottom:0px;}.wp-block-kadence-iconlist.kt-svg-icon-list-items17828_330cc3-14 ul.kt-svg-icon-list:not(.this-prevents-issues):not(.this-stops-third-party-issues):not(.tijsloc){margin-top:0px;margin-right:0px;margin-bottom:var(--global-kb-spacing-sm, 1.5rem);margin-left:0px;}.wp-block-kadence-iconlist.kt-svg-icon-list-items17828_330cc3-14 ul.kt-svg-icon-list{grid-row-gap:5px;}.wp-block-kadence-iconlist.kt-svg-icon-list-items17828_330cc3-14 .kb-svg-icon-wrap{font-size:18px;color:var(--global-palette1, #3182CE);}.wp-block-kadence-iconlist.kt-svg-icon-list-items17828_330cc3-14 ul.kt-svg-icon-list .kt-svg-icon-list-item-wrap .kt-svg-icon-list-single{margin-right:10px;}.kt-svg-icon-list-items17828_330cc3-14 ul.kt-svg-icon-list .kt-svg-icon-list-level-0 .kt-svg-icon-list-single svg{font-size:20px;}<\/style>\n<div class=\"wp-block-kadence-iconlist kt-svg-icon-list-items kt-svg-icon-list-items17828_330cc3-14 kt-svg-icon-list-columns-1 alignnone\"><ul class=\"kt-svg-icon-list\"><style>.kt-svg-icon-list-item-17828_b14428-60 .kt-svg-icon-list-text mark.kt-highlight{background-color:unset;font-style:normal;color:#f76a0c;-webkit-box-decoration-break:clone;box-decoration-break:clone;padding-top:0px;padding-right:0px;padding-bottom:0px;padding-left:0px;}<\/style>\n<li class=\"wp-block-kadence-listitem kt-svg-icon-list-item-wrap kt-svg-icon-list-item-17828_b14428-60\"><span class=\"kb-svg-icon-wrap kb-svg-icon-fe_checkCircle kt-svg-icon-list-single\"><svg viewBox=\"0 0 24 24\"  fill=\"none\" stroke=\"currentColor\" stroke-width=\"3\" stroke-linecap=\"round\" stroke-linejoin=\"round\" xmlns=\"http:\/\/www.w3.org\/2000\/svg\"  aria-hidden=\"true\"><path d=\"M22 11.08V12a10 10 0 1 1-5.93-9.14\"\/><polyline points=\"22 4 12 14.01 9 11.01\"\/><\/svg><\/span><span class=\"kt-svg-icon-list-text\">Fabriqu\u00e9 en cuir v\u00e9g\u00e9talien, le portefeuille Lara Black incarne les principes de la mode \u00e9thique, offrant une alternative durable et sans cruaut\u00e9 aux mat\u00e9riaux en cuir traditionnels.<\/span><\/li>\n\n\n<style>.kt-svg-icon-list-item-17828_5cb059-71 .kt-svg-icon-list-text mark.kt-highlight{background-color:unset;font-style:normal;color:#f76a0c;-webkit-box-decoration-break:clone;box-decoration-break:clone;padding-top:0px;padding-right:0px;padding-bottom:0px;padding-left:0px;}<\/style>\n<li class=\"wp-block-kadence-listitem kt-svg-icon-list-item-wrap kt-svg-icon-list-item-17828_5cb059-71\"><span class=\"kb-svg-icon-wrap kb-svg-icon-fe_checkCircle kt-svg-icon-list-single\"><svg viewBox=\"0 0 24 24\"  fill=\"none\" stroke=\"currentColor\" stroke-width=\"3\" stroke-linecap=\"round\" stroke-linejoin=\"round\" xmlns=\"http:\/\/www.w3.org\/2000\/svg\"  aria-hidden=\"true\"><path d=\"M22 11.08V12a10 10 0 1 1-5.93-9.14\"\/><polyline points=\"22 4 12 14.01 9 11.01\"\/><\/svg><\/span><span class=\"kt-svg-icon-list-text\">Avec 8 fentes pour cartes de cr\u00e9dit, 3 porte-photos transparents, plusieurs compartiments pour les billets et les pi\u00e8ces de monnaie, et des sections s\u00e9par\u00e9es pour les cl\u00e9s et les billets, ce portefeuille offre une organisation in\u00e9gal\u00e9e pour vos essentiels quotidiens.<\/span><\/li>\n\n\n<style>.kt-svg-icon-list-item-17828_973475-95 .kt-svg-icon-list-text mark.kt-highlight{background-color:unset;font-style:normal;color:#f76a0c;-webkit-box-decoration-break:clone;box-decoration-break:clone;padding-top:0px;padding-right:0px;padding-bottom:0px;padding-left:0px;}<\/style>\n<li class=\"wp-block-kadence-listitem kt-svg-icon-list-item-wrap kt-svg-icon-list-item-17828_973475-95\"><span class=\"kb-svg-icon-wrap kb-svg-icon-fe_checkCircle kt-svg-icon-list-single\"><svg viewBox=\"0 0 24 24\"  fill=\"none\" stroke=\"currentColor\" stroke-width=\"3\" stroke-linecap=\"round\" stroke-linejoin=\"round\" xmlns=\"http:\/\/www.w3.org\/2000\/svg\"  aria-hidden=\"true\"><path d=\"M22 11.08V12a10 10 0 1 1-5.93-9.14\"\/><polyline points=\"22 4 12 14.01 9 11.01\"\/><\/svg><\/span><span class=\"kt-svg-icon-list-text\">Dot\u00e9 de coutures renforc\u00e9es pour une plus grande durabilit\u00e9 et orn\u00e9 du logo nae en relief sur un c\u00f4t\u00e9, le portefeuille Lara Black allie \u00e9l\u00e9gance et long\u00e9vit\u00e9, ce qui en fait l&#8217;accessoire id\u00e9al pour les occasions d\u00e9contract\u00e9es et formelles.<\/span><\/li>\n<\/ul><\/div>\n\n\n\n<p>Rehaussez votre collection d&#8217;accessoires avec le portefeuille Lara Black, qui allie praticit\u00e9 et sophistication. Que vous fassiez vos courses ou que vous assistiez \u00e0 une soir\u00e9e, ce compagnon tout-en-un vous permet d&#8217;\u00eatre toujours pr\u00eate avec style. Choisissez la durabilit\u00e9 sans sacrifier l&#8217;\u00e9l\u00e9gance et la commodit\u00e9 avec le Lara Black, votre solution de choix pour une organisation sans effort et une mode intemporelle.<\/p>\n","protected":false},"excerpt":{"rendered":"<p>Voici le Lara Black : un portefeuille polyvalent pour femmes, un porte-cartes et un porte-monnaie m\u00e9ticuleusement fabriqu\u00e9s \u00e0 partir de cuir v\u00e9g\u00e9talien, offrant un m\u00e9lange exquis de durabilit\u00e9, de style et de fonctionnalit\u00e9. Ce portefeuille innovant pr\u00e9sente un design intemporel, rappelant celui d&#8217;un petit sac \u00e0 main, mais suffisamment compact pour s&#8217;int\u00e9grer parfaitement \u00e0 votre&#8230;<\/p>\n","protected":false},"featured_media":17825,"comment_status":"open","ping_status":"closed","template":"","meta":{"_acf_changed":false,"_kad_blocks_custom_css":"","_kad_blocks_head_custom_js":"","_kad_blocks_body_custom_js":"","_kad_blocks_footer_custom_js":"","_kad_post_transparent":"","_kad_post_title":"","_kad_post_layout":"","_kad_post_sidebar_id":"","_kad_post_content_style":"","_kad_post_vertical_padding":"","_kad_post_feature":"","_kad_post_feature_position":"","_kad_post_header":false,"_kad_post_footer":false},"product_brand":[],"product_cat":[128,48],"product_tag":[],"product_brands":[],"class_list":{"0":"post-17828","1":"product","2":"type-product","3":"status-publish","4":"has-post-thumbnail","6":"product_cat-portefeuilles","7":"product_cat-accessoires","9":"first","10":"outofstock","11":"taxable","12":"shipping-taxable","13":"purchasable","14":"product-type-simple","15":"entry","16":"content-bg","17":"loop-entry"},"acf":{"avantages":"\ud83d\udc5b Le porte-monnaie Lara Black est fabriqu\u00e9 en cuir v\u00e9g\u00e9talien, offrant une alternative \u00e9co-responsable et sans cruaut\u00e9 aux mat\u00e9riaux en cuir traditionnels.\r\n\r\n\ud83e\udd1e Dot\u00e9 de multiples compartiments et fentes pour cartes, dont trois porte-photos transparents, deux sections s\u00e9par\u00e9es pour les billets et les notes, et un porte-monnaie zipp\u00e9, ce portefeuille offre suffisamment d'espace pour organiser l'essentiel.\r\n\r\n\ud83d\udcda Dot\u00e9 de coutures p\u00e9rim\u00e9triques renforc\u00e9es pour plus de durabilit\u00e9 et fabriqu\u00e9 \u00e0 partir de mat\u00e9riaux l\u00e9gers, le porte-monnaie Lara Black allie long\u00e9vit\u00e9 et praticit\u00e9, ce qui en fait un compagnon fiable pour un usage quotidien.","entretien":"<div id=\"tab-global-tab-1687\" class=\"woocommerce-Tabs-panel woocommerce-Tabs-panel--global-tab-1687 panel entry-content wc-tab active\" role=\"tabpanel\" aria-labelledby=\"tab-title-global-tab-1687\">\r\n\r\n1. Enlevez La Poussi\u00e8re Ou La Boue Avec Une Brosse Douce Ou Un Chiffon Sec.\r\n\r\n2. Utilisez Un Chiffon Humide Pour Nettoyer L\u2019ensemble De Votre Produit En Frottant Doucement D\u2019un Geste Circulaire.\r\n\r\n3. Nettoyez R\u00e9guli\u00e8rement Votre Chiffon Pour \u00c9viter De R\u00e9pandre La Salet\u00e9\r\n\r\n4. Pour Les T\u00e2ches Difficiles, Utilisez Une Brosse \u00c0 Poils Doux Et De L\u2019eau En Frottant D\u00e9licatement D\u2019un Geste Circulaire.\r\n\r\n5. Laissez S\u00e9cher \u00c0 L\u2019air Libre Avant D\u2019appliquer Une Cr\u00e8me Nettoyante.\r\n\r\n6. Utilisez Une Cr\u00e8me Nettoyante Pour Donner Plus D\u2019\u00e9clat \u00c0 Votre Produit. Mettez Une Noisette De Produit Sur Une Brosse Ou Un Chiffon Doux Et Sec, Puis Faites P\u00e9n\u00e9trer Compl\u00e8tement Dans Le Tissu En Frottant D\u00e9licatement De Mani\u00e8re Circulaire Jusqu\u2019\u00e0 Totale Absorption.\r\n\r\n7. Enfin, Laissez S\u00e9cher \u00c0 L\u2019air Libre Pendant 24 Heures, \u00c0 L\u2019abri De La Lumi\u00e8re Directe Du Soleil.\r\n\r\n<strong>Attention<\/strong>\u00a0:\r\n\r\n\u2022 Ne Mettez Pas Votre Produit En Machine.\r\n\r\n\u2022 Ne L\u2019immergez Pas Dans L\u2019eau, Cela Pourrait Causer Des Dommages Irr\u00e9versibles.\r\n\r\nLorsque Vos Chaussures V\u00e9ganes Ont Atteint Leur Dur\u00e9e De Vie Ou Que Vous N\u2019en Avez Plus Besoin, Envisagez De Leur Donner Une Seconde Vie.\r\n\r\nDonnez-Leur Un Autre Usage Pour Vous-M\u00eame Ou Offrez-Les \u00c0 Quelqu\r\n\r\n<\/div>","marque":""},"_wp_attached_file":null,"_wp_attachment_image_alt":null,"rank_math_facebook_image":null,"rank_math_facebook_image_id":null,"wpml_language":null,"_wp_attachment_metadata":null,"rank_math_focus_keyword":null,"rank_math_title":null,"rank_math_description":null,"taxonomy_info":{"product_cat":[{"value":128,"label":"Portefeuilles"},{"value":48,"label":"Accessoires"}]},"featured_image_src_large":["https:\/\/ekomfort.lu\/wp-content\/uploads\/2024\/05\/WalletLara_Black.jpg",700,700,false],"author_info":[],"comment_info":0,"_links":{"self":[{"href":"https:\/\/ekomfort.lu\/de\/wp-json\/wp\/v2\/product\/17828","targetHints":{"allow":["GET"]}}],"collection":[{"href":"https:\/\/ekomfort.lu\/de\/wp-json\/wp\/v2\/product"}],"about":[{"href":"https:\/\/ekomfort.lu\/de\/wp-json\/wp\/v2\/types\/product"}],"replies":[{"embeddable":true,"href":"https:\/\/ekomfort.lu\/de\/wp-json\/wp\/v2\/comments?post=17828"}],"wp:featuredmedia":[{"embeddable":true,"href":"https:\/\/ekomfort.lu\/de\/wp-json\/wp\/v2\/media\/17825"}],"wp:attachment":[{"href":"https:\/\/ekomfort.lu\/de\/wp-json\/wp\/v2\/media?parent=17828"}],"wp:term":[{"taxonomy":"product_brand","embeddable":true,"href":"https:\/\/ekomfort.lu\/de\/wp-json\/wp\/v2\/product_brand?post=17828"},{"taxonomy":"product_cat","embeddable":true,"href":"https:\/\/ekomfort.lu\/de\/wp-json\/wp\/v2\/product_cat?post=17828"},{"taxonomy":"product_tag","embeddable":true,"href":"https:\/\/ekomfort.lu\/de\/wp-json\/wp\/v2\/product_tag?post=17828"},{"taxonomy":"product_brands","embeddable":true,"href":"https:\/\/ekomfort.lu\/de\/wp-json\/wp\/v2\/product_brands?post=17828"}],"curies":[{"name":"wp","href":"https:\/\/api.w.org\/{rel}","templated":true}]}}