{"id":17720,"date":"2024-05-29T09:20:54","date_gmt":"2024-05-29T07:20:54","guid":{"rendered":"https:\/\/ekomfort.lu\/?post_type=product&#038;p=17720"},"modified":"2024-07-04T17:42:55","modified_gmt":"2024-07-04T15:42:55","slug":"samet-sandales-vegetaliennes-noires","status":"publish","type":"product","link":"https:\/\/ekomfort.lu\/de\/shop\/samet-sandales-vegetaliennes-noires\/","title":{"rendered":"SAMET Sandales v\u00e9g\u00e9taliennes noires"},"content":{"rendered":"\n<p>Voici les sandales SAMET Black Vegan de NAE Vegan Shoes, un t\u00e9moignage de mode durable et d&#8217;\u00e9l\u00e9gance intemporelle. Ces sandales ne sont pas seulement des chaussures, elles sont une d\u00e9claration de consum\u00e9risme conscient, fabriqu\u00e9es avec le style et la durabilit\u00e9 \u00e0 l&#8217;esprit. Fabriqu\u00e9e en Pi\u00f1atex noir, d\u00e9riv\u00e9 de feuilles d&#8217;ananas, chaque paire de sandales SAMET incarne un engagement en faveur de pratiques \u00e9thiques et de la responsabilit\u00e9 environnementale. Les trois lani\u00e8res \u00e0 l&#8217;avant cr\u00e9ent un attrait visuel frappant, \u00e9levant ces sandales de l&#8217;ordinaire \u00e0 l&#8217;extraordinaire et en faisant un ajout indispensable \u00e0 toute garde-robe soucieuse de l&#8217;environnement.<\/p>\n\n\n<style>.wp-block-kadence-iconlist.kt-svg-icon-list-items17720_c929dd-1d:not(.this-stops-third-party-issues){margin-top:0px;margin-bottom:0px;}.wp-block-kadence-iconlist.kt-svg-icon-list-items17720_c929dd-1d ul.kt-svg-icon-list:not(.this-prevents-issues):not(.this-stops-third-party-issues):not(.tijsloc){margin-top:0px;margin-right:0px;margin-bottom:var(--global-kb-spacing-sm, 1.5rem);margin-left:0px;}.wp-block-kadence-iconlist.kt-svg-icon-list-items17720_c929dd-1d ul.kt-svg-icon-list{grid-row-gap:5px;}.wp-block-kadence-iconlist.kt-svg-icon-list-items17720_c929dd-1d .kb-svg-icon-wrap{font-size:18px;color:var(--global-palette1, #3182CE);}.wp-block-kadence-iconlist.kt-svg-icon-list-items17720_c929dd-1d ul.kt-svg-icon-list .kt-svg-icon-list-item-wrap .kt-svg-icon-list-single{margin-right:10px;}.kt-svg-icon-list-items17720_c929dd-1d ul.kt-svg-icon-list .kt-svg-icon-list-level-0 .kt-svg-icon-list-single svg{font-size:20px;}<\/style>\n<div class=\"wp-block-kadence-iconlist kt-svg-icon-list-items kt-svg-icon-list-items17720_c929dd-1d kt-svg-icon-list-columns-1 alignnone\"><ul class=\"kt-svg-icon-list\"><style>.kt-svg-icon-list-item-17720_266d46-8d .kt-svg-icon-list-text mark.kt-highlight{background-color:unset;font-style:normal;color:#f76a0c;-webkit-box-decoration-break:clone;box-decoration-break:clone;padding-top:0px;padding-right:0px;padding-bottom:0px;padding-left:0px;}<\/style>\n<li class=\"wp-block-kadence-listitem kt-svg-icon-list-item-wrap kt-svg-icon-list-item-17720_266d46-8d\"><span class=\"kb-svg-icon-wrap kb-svg-icon-fe_checkCircle kt-svg-icon-list-single\"><svg viewBox=\"0 0 24 24\"  fill=\"none\" stroke=\"currentColor\" stroke-width=\"3\" stroke-linecap=\"round\" stroke-linejoin=\"round\" xmlns=\"http:\/\/www.w3.org\/2000\/svg\"  aria-hidden=\"true\"><path d=\"M22 11.08V12a10 10 0 1 1-5.93-9.14\"\/><polyline points=\"22 4 12 14.01 9 11.01\"\/><\/svg><\/span><span class=\"kt-svg-icon-list-text\">Fabriqu\u00e9es en Pi\u00f1atex noir, les sandales SAMET Black Vegan offrent une alternative sans cruaut\u00e9 au cuir traditionnel, r\u00e9duisant l&#8217;impact sur l&#8217;environnement et promouvant des pratiques de mode \u00e9thiques.<\/span><\/li>\n\n\n<style>.kt-svg-icon-list-item-17720_021321-fc .kt-svg-icon-list-text mark.kt-highlight{background-color:unset;font-style:normal;color:#f76a0c;-webkit-box-decoration-break:clone;box-decoration-break:clone;padding-top:0px;padding-right:0px;padding-bottom:0px;padding-left:0px;}<\/style>\n<li class=\"wp-block-kadence-listitem kt-svg-icon-list-item-wrap kt-svg-icon-list-item-17720_021321-fc\"><span class=\"kb-svg-icon-wrap kb-svg-icon-fe_checkCircle kt-svg-icon-list-single\"><svg viewBox=\"0 0 24 24\"  fill=\"none\" stroke=\"currentColor\" stroke-width=\"3\" stroke-linecap=\"round\" stroke-linejoin=\"round\" xmlns=\"http:\/\/www.w3.org\/2000\/svg\"  aria-hidden=\"true\"><path d=\"M22 11.08V12a10 10 0 1 1-5.93-9.14\"\/><polyline points=\"22 4 12 14.01 9 11.01\"\/><\/svg><\/span><span class=\"kt-svg-icon-list-text\">Dot\u00e9es de trois brides \u00e0 l&#8217;avant, ces sandales pr\u00e9sentent une esth\u00e9tique sophistiqu\u00e9e et polyvalente, parfaite pour s&#8217;associer \u00e0 des tenues d\u00e9contract\u00e9es ou habill\u00e9es.<\/span><\/li>\n\n\n<style>.kt-svg-icon-list-item-17720_283552-52 .kt-svg-icon-list-text mark.kt-highlight{background-color:unset;font-style:normal;color:#f76a0c;-webkit-box-decoration-break:clone;box-decoration-break:clone;padding-top:0px;padding-right:0px;padding-bottom:0px;padding-left:0px;}<\/style>\n<li class=\"wp-block-kadence-listitem kt-svg-icon-list-item-wrap kt-svg-icon-list-item-17720_283552-52\"><span class=\"kb-svg-icon-wrap kb-svg-icon-fe_checkCircle kt-svg-icon-list-single\"><svg viewBox=\"0 0 24 24\"  fill=\"none\" stroke=\"currentColor\" stroke-width=\"3\" stroke-linecap=\"round\" stroke-linejoin=\"round\" xmlns=\"http:\/\/www.w3.org\/2000\/svg\"  aria-hidden=\"true\"><path d=\"M22 11.08V12a10 10 0 1 1-5.93-9.14\"\/><polyline points=\"22 4 12 14.01 9 11.01\"\/><\/svg><\/span><span class=\"kt-svg-icon-list-text\">Avec une semelle int\u00e9rieure en li\u00e8ge, les sandales SAMET Black Vegan mettent l&#8217;accent sur le confort et le soutien, garantissant une exp\u00e9rience amortie et stable \u00e0 chaque pas.<\/span><\/li>\n<\/ul><\/div>\n\n\n\n<p>Am\u00e9liorez votre collection de chaussures et ayez un impact positif sur la plan\u00e8te avec les sandales SAMET Black Vegan. Que vous vous promeniez dans les rues de la ville ou que vous assistiez \u00e0 une soir\u00e9e d&#8217;\u00e9t\u00e9, ces sandales offrent un m\u00e9lange parfait de style, de confort et de durabilit\u00e9. Choisissez SAMET et entrez dans un monde o\u00f9 la mode et l&#8217;\u00e9thique s&#8217;unissent, une foul\u00e9e chic \u00e0 la fois.<\/p>\n","protected":false},"excerpt":{"rendered":"<p>Voici les sandales SAMET Black Vegan de NAE Vegan Shoes, un t\u00e9moignage de mode durable et d&#8217;\u00e9l\u00e9gance intemporelle. Ces sandales ne sont pas seulement des chaussures, elles sont une d\u00e9claration de consum\u00e9risme conscient, fabriqu\u00e9es avec le style et la durabilit\u00e9 \u00e0 l&#8217;esprit. Fabriqu\u00e9e en Pi\u00f1atex noir, d\u00e9riv\u00e9 de feuilles d&#8217;ananas, chaque paire de sandales SAMET&#8230;<\/p>\n","protected":false},"featured_media":17717,"comment_status":"open","ping_status":"closed","template":"","meta":{"_acf_changed":false,"_kad_blocks_custom_css":"","_kad_blocks_head_custom_js":"","_kad_blocks_body_custom_js":"","_kad_blocks_footer_custom_js":"","_kad_post_transparent":"","_kad_post_title":"","_kad_post_layout":"","_kad_post_sidebar_id":"","_kad_post_content_style":"","_kad_post_vertical_padding":"","_kad_post_feature":"","_kad_post_feature_position":"","_kad_post_header":false,"_kad_post_footer":false,"_kad_post_classname":""},"product_brand":[],"product_cat":[72,46],"product_tag":[],"product_brands":[],"class_list":{"0":"post-17720","1":"product","2":"type-product","3":"status-publish","4":"has-post-thumbnail","6":"product_cat-sandales","7":"product_cat-chaussures","9":"first","10":"outofstock","11":"taxable","12":"shipping-taxable","13":"purchasable","14":"product-type-variable","15":"entry","16":"content-bg","17":"loop-entry"},"acf":{"avantages":"Fabriqu\u00e9es en Pi\u00f1atex noir, les sandales SAMET Black Vegan repr\u00e9sentent un choix durable en mati\u00e8re de chaussures. Le Pi\u00f1atex est fabriqu\u00e9 \u00e0 partir de feuilles d'ananas, offrant une alternative sans cruaut\u00e9 au cuir traditionnel et r\u00e9duisant l'impact sur l'environnement.\r\n\r\nDot\u00e9es de trois brides \u00e0 l'avant, ces sandales pr\u00e9sentent une esth\u00e9tique \u00e9l\u00e9gante. La mati\u00e8re Pi\u00f1atex noire rehausse l'ensemble, ce qui les rend suffisamment polyvalentes pour s'adapter \u00e0 un large \u00e9ventail de tenues et d'occasions.\r\n\r\nAvec une semelle int\u00e9rieure en li\u00e8ge, les sandales SAMET Black Vegan privil\u00e9gient le confort et le soutien \u00e0 chaque pas. Le mat\u00e9riau en li\u00e8ge se moule \u00e0 la forme du pied, offrant un amorti naturel et une stabilit\u00e9 pour une utilisation tout au long de la journ\u00e9e.","entretien":"1. Enlevez La Poussi\u00e8re Ou La Boue Avec Une Brosse Douce Ou Un Chiffon Sec.\r\n\r\n2. Utilisez Un Chiffon Humide Pour Nettoyer L\u2019ensemble De Votre Produit En Frottant Doucement D\u2019un Geste Circulaire.\r\n\r\n3. Nettoyez R\u00e9guli\u00e8rement Votre Chiffon Pour \u00c9viter De R\u00e9pandre La Salet\u00e9\r\n\r\n4. Pour Les T\u00e2ches Difficiles, Utilisez Une Brosse \u00c0 Poils Doux Et De L\u2019eau En Frottant D\u00e9licatement D\u2019un Geste Circulaire.\r\n\r\n5. Laissez S\u00e9cher \u00c0 L\u2019air Libre Avant D\u2019appliquer Une Cr\u00e8me Nettoyante.\r\n\r\n6. Utilisez Une Cr\u00e8me Nettoyante Pour Donner Plus D\u2019\u00e9clat \u00c0 Votre Produit. Mettez Une Noisette De Produit Sur Une Brosse Ou Un Chiffon Doux Et Sec, Puis Faites P\u00e9n\u00e9trer Compl\u00e8tement Dans Le Tissu En Frottant D\u00e9licatement De Mani\u00e8re Circulaire Jusqu\u2019\u00e0 Totale Absorption.\r\n\r\n7. Enfin, Laissez S\u00e9cher \u00c0 L\u2019air Libre Pendant 24 Heures, \u00c0 L\u2019abri De La Lumi\u00e8re Directe Du Soleil.\r\n\r\n<strong>Attention<\/strong>\u00a0:\r\n\r\n\u2022 Ne Mettez Pas Votre Produit En Machine.\r\n\r\n\u2022 Ne L\u2019immergez Pas Dans L\u2019eau, Cela Pourrait Causer Des Dommages Irr\u00e9versibles.\r\n\r\nLorsque Vos Chaussures V\u00e9ganes Ont Atteint Leur Dur\u00e9e De Vie Ou Que Vous N\u2019en Avez Plus Besoin, Envisagez De Leur Donner Une Seconde Vie.\r\n\r\nDonnez-Leur Un Autre Usage Pour Vous-M\u00eame Ou Offrez-Les \u00c0 Quelqu","marque":""},"taxonomy_info":{"product_cat":[{"value":72,"label":"Sandales"},{"value":46,"label":"Chaussures"}]},"featured_image_src_large":["https:\/\/ekomfort.lu\/wp-content\/uploads\/2024\/05\/Samet_Black.jpg",700,700,false],"author_info":[],"comment_info":0,"_links":{"self":[{"href":"https:\/\/ekomfort.lu\/de\/wp-json\/wp\/v2\/product\/17720","targetHints":{"allow":["GET"]}}],"collection":[{"href":"https:\/\/ekomfort.lu\/de\/wp-json\/wp\/v2\/product"}],"about":[{"href":"https:\/\/ekomfort.lu\/de\/wp-json\/wp\/v2\/types\/product"}],"replies":[{"embeddable":true,"href":"https:\/\/ekomfort.lu\/de\/wp-json\/wp\/v2\/comments?post=17720"}],"wp:featuredmedia":[{"embeddable":true,"href":"https:\/\/ekomfort.lu\/de\/wp-json\/wp\/v2\/media\/17717"}],"wp:attachment":[{"href":"https:\/\/ekomfort.lu\/de\/wp-json\/wp\/v2\/media?parent=17720"}],"wp:term":[{"taxonomy":"product_brand","embeddable":true,"href":"https:\/\/ekomfort.lu\/de\/wp-json\/wp\/v2\/product_brand?post=17720"},{"taxonomy":"product_cat","embeddable":true,"href":"https:\/\/ekomfort.lu\/de\/wp-json\/wp\/v2\/product_cat?post=17720"},{"taxonomy":"product_tag","embeddable":true,"href":"https:\/\/ekomfort.lu\/de\/wp-json\/wp\/v2\/product_tag?post=17720"},{"taxonomy":"product_brands","embeddable":true,"href":"https:\/\/ekomfort.lu\/de\/wp-json\/wp\/v2\/product_brands?post=17720"}],"curies":[{"name":"wp","href":"https:\/\/api.w.org\/{rel}","templated":true}]}}