{"id":17707,"date":"2024-05-29T09:20:45","date_gmt":"2024-05-29T07:20:45","guid":{"rendered":"https:\/\/ekomfort.lu\/?post_type=product&#038;p=17707"},"modified":"2024-07-04T17:42:52","modified_gmt":"2024-07-04T15:42:52","slug":"roma-sandales-veganes-noires","status":"publish","type":"product","link":"https:\/\/ekomfort.lu\/de\/shop\/roma-sandales-veganes-noires\/","title":{"rendered":"ROMA Sandales veganes noires"},"content":{"rendered":"\n<p>Les sandales v\u00e9g\u00e9taliennes ROMA Black sont le summum de l&#8217;\u00e9l\u00e9gance et de la durabilit\u00e9 dans le domaine de la chaussure. Fabriqu\u00e9es avec une attention m\u00e9ticuleuse aux d\u00e9tails, ces sandales \u00e0 talons hauts ne sont pas seulement une d\u00e9claration de mode ; elles sont le reflet de votre engagement \u00e0 faire des choix \u00e9thiques et respectueux de l&#8217;environnement. Fabriqu\u00e9e en cuir de pomme luxueux, chaque paire de sandales ROMA offre une sensation de luxe tout en respectant les normes \u00e9thiques. Le design \u00e0 bout ouvert et les fines lani\u00e8res d\u00e9licates \u00e0 l&#8217;avant ajoutent une touche de sophistication, ce qui en fait le choix id\u00e9al pour les sorties d\u00e9contract\u00e9es et les occasions sp\u00e9ciales.<\/p>\n\n\n<style>.wp-block-kadence-iconlist.kt-svg-icon-list-items17707_190acb-88:not(.this-stops-third-party-issues){margin-top:0px;margin-bottom:0px;}.wp-block-kadence-iconlist.kt-svg-icon-list-items17707_190acb-88 ul.kt-svg-icon-list:not(.this-prevents-issues):not(.this-stops-third-party-issues):not(.tijsloc){margin-top:0px;margin-right:0px;margin-bottom:var(--global-kb-spacing-sm, 1.5rem);margin-left:0px;}.wp-block-kadence-iconlist.kt-svg-icon-list-items17707_190acb-88 ul.kt-svg-icon-list{grid-row-gap:5px;}.wp-block-kadence-iconlist.kt-svg-icon-list-items17707_190acb-88 .kb-svg-icon-wrap{font-size:18px;color:var(--global-palette1, #3182CE);}.wp-block-kadence-iconlist.kt-svg-icon-list-items17707_190acb-88 ul.kt-svg-icon-list .kt-svg-icon-list-item-wrap .kt-svg-icon-list-single{margin-right:10px;}.kt-svg-icon-list-items17707_190acb-88 ul.kt-svg-icon-list .kt-svg-icon-list-level-0 .kt-svg-icon-list-single svg{font-size:20px;}<\/style>\n<div class=\"wp-block-kadence-iconlist kt-svg-icon-list-items kt-svg-icon-list-items17707_190acb-88 kt-svg-icon-list-columns-1 alignnone\"><ul class=\"kt-svg-icon-list\"><style>.kt-svg-icon-list-item-17707_ced285-60 .kt-svg-icon-list-text mark.kt-highlight{background-color:unset;font-style:normal;color:#f76a0c;-webkit-box-decoration-break:clone;box-decoration-break:clone;padding-top:0px;padding-right:0px;padding-bottom:0px;padding-left:0px;}<\/style>\n<li class=\"wp-block-kadence-listitem kt-svg-icon-list-item-wrap kt-svg-icon-list-item-17707_ced285-60\"><span class=\"kb-svg-icon-wrap kb-svg-icon-fe_checkCircle kt-svg-icon-list-single\"><svg viewBox=\"0 0 24 24\"  fill=\"none\" stroke=\"currentColor\" stroke-width=\"3\" stroke-linecap=\"round\" stroke-linejoin=\"round\" xmlns=\"http:\/\/www.w3.org\/2000\/svg\"  aria-hidden=\"true\"><path d=\"M22 11.08V12a10 10 0 1 1-5.93-9.14\"\/><polyline points=\"22 4 12 14.01 9 11.01\"\/><\/svg><\/span><span class=\"kt-svg-icon-list-text\">Les sandales v\u00e9ganes ROMA Black sont fabriqu\u00e9es en cuir de pomme, offrant une sensation de luxe tout en promouvant des pratiques de mode \u00e9thiques et des alternatives sans cruaut\u00e9 au cuir traditionnel.<\/span><\/li>\n\n\n<style>.kt-svg-icon-list-item-17707_9732e7-a1 .kt-svg-icon-list-text mark.kt-highlight{background-color:unset;font-style:normal;color:#f76a0c;-webkit-box-decoration-break:clone;box-decoration-break:clone;padding-top:0px;padding-right:0px;padding-bottom:0px;padding-left:0px;}<\/style>\n<li class=\"wp-block-kadence-listitem kt-svg-icon-list-item-wrap kt-svg-icon-list-item-17707_9732e7-a1\"><span class=\"kb-svg-icon-wrap kb-svg-icon-fe_checkCircle kt-svg-icon-list-single\"><svg viewBox=\"0 0 24 24\"  fill=\"none\" stroke=\"currentColor\" stroke-width=\"3\" stroke-linecap=\"round\" stroke-linejoin=\"round\" xmlns=\"http:\/\/www.w3.org\/2000\/svg\"  aria-hidden=\"true\"><path d=\"M22 11.08V12a10 10 0 1 1-5.93-9.14\"\/><polyline points=\"22 4 12 14.01 9 11.01\"\/><\/svg><\/span><span class=\"kt-svg-icon-list-text\">Avec leur bout ouvert et leurs fines lani\u00e8res minimalistes, ces sandales exsudent l&#8217;\u00e9l\u00e9gance et la sophistication, ce qui les rend suffisamment polyvalentes pour s&#8217;adapter \u00e0 une grande vari\u00e9t\u00e9 de tenues et d&#8217;occasions.<\/span><\/li>\n\n\n<style>.kt-svg-icon-list-item-17707_10ba40-30 .kt-svg-icon-list-text mark.kt-highlight{background-color:unset;font-style:normal;color:#f76a0c;-webkit-box-decoration-break:clone;box-decoration-break:clone;padding-top:0px;padding-right:0px;padding-bottom:0px;padding-left:0px;}<\/style>\n<li class=\"wp-block-kadence-listitem kt-svg-icon-list-item-wrap kt-svg-icon-list-item-17707_10ba40-30\"><span class=\"kb-svg-icon-wrap kb-svg-icon-fe_checkCircle kt-svg-icon-list-single\"><svg viewBox=\"0 0 24 24\"  fill=\"none\" stroke=\"currentColor\" stroke-width=\"3\" stroke-linecap=\"round\" stroke-linejoin=\"round\" xmlns=\"http:\/\/www.w3.org\/2000\/svg\"  aria-hidden=\"true\"><path d=\"M22 11.08V12a10 10 0 1 1-5.93-9.14\"\/><polyline points=\"22 4 12 14.01 9 11.01\"\/><\/svg><\/span><span class=\"kt-svg-icon-list-text\">En choisissant les sandales v\u00e9ganes ROMA Black, vous faites un choix de mode durable. Fabriqu\u00e9es \u00e0 partir de mat\u00e9riaux durables, ces sandales contribuent \u00e0 une industrie de la mode plus respectueuse de l&#8217;environnement, r\u00e9duisant ainsi votre empreinte carbone.<\/span><\/li>\n<\/ul><\/div>\n\n\n\n<p>\u00c9levez votre style avec confiance et conscience gr\u00e2ce aux sandales v\u00e9ganes ROMA Black. Que vous sortiez pour une soir\u00e9e en ville ou que vous assistiez \u00e0 un \u00e9v\u00e9nement formel, ces sandales offrent la combinaison parfaite de luxe, d&#8217;\u00e9thique et de durabilit\u00e9. Faites une d\u00e9claration avec vos choix de chaussures et embrassez l&#8217;avenir de la mode avec les sandales ROMA.<\/p>\n","protected":false},"excerpt":{"rendered":"<p>Les sandales v\u00e9g\u00e9taliennes ROMA Black sont le summum de l&#8217;\u00e9l\u00e9gance et de la durabilit\u00e9 dans le domaine de la chaussure. Fabriqu\u00e9es avec une attention m\u00e9ticuleuse aux d\u00e9tails, ces sandales \u00e0 talons hauts ne sont pas seulement une d\u00e9claration de mode ; elles sont le reflet de votre engagement \u00e0 faire des choix \u00e9thiques et respectueux&#8230;<\/p>\n","protected":false},"featured_media":17704,"comment_status":"open","ping_status":"closed","template":"","meta":{"_acf_changed":false,"_kad_blocks_custom_css":"","_kad_blocks_head_custom_js":"","_kad_blocks_body_custom_js":"","_kad_blocks_footer_custom_js":"","_kad_post_transparent":"","_kad_post_title":"","_kad_post_layout":"","_kad_post_sidebar_id":"","_kad_post_content_style":"","_kad_post_vertical_padding":"","_kad_post_feature":"","_kad_post_feature_position":"","_kad_post_header":false,"_kad_post_footer":false,"_kad_post_classname":""},"product_brand":[],"product_cat":[706,46],"product_tag":[],"product_brands":[],"class_list":{"0":"post-17707","1":"product","2":"type-product","3":"status-publish","4":"has-post-thumbnail","6":"product_cat-pompe","7":"product_cat-chaussures-vegan","9":"first","10":"outofstock","11":"taxable","12":"shipping-taxable","13":"purchasable","14":"product-type-variable","15":"entry","16":"content-bg","17":"loop-entry"},"acf":{"avantages":"Fabriqu\u00e9es en cuir de pomme, les sandales v\u00e9g\u00e9taliennes ROMA Black offrent une sensation de luxe tout en promouvant des pratiques de mode \u00e9thiques. Ce mat\u00e9riau sans cruaut\u00e9 offre une alternative \u00e9l\u00e9gante au cuir traditionnel, garantissant une d\u00e9claration de mode sans culpabilit\u00e9.\r\n\r\nAvec leur bout ouvert et leurs deux fines lani\u00e8res \u00e0 l'avant, ces sandales exsudent l'\u00e9l\u00e9gance et la sophistication. L'esth\u00e9tique minimaliste mais chic les rend suffisamment polyvalentes pour s'adapter \u00e0 une vari\u00e9t\u00e9 de tenues, des plus d\u00e9contract\u00e9es aux plus habill\u00e9es.\r\n\r\nEn choisissant les sandales v\u00e9ganes ROMA Black, vous faites un choix respectueux de l'environnement. Ces sandales sont fabriqu\u00e9es \u00e0 partir de mat\u00e9riaux durables, contribuant ainsi \u00e0 une industrie de la mode plus durable et r\u00e9duisant votre empreinte carbone.","entretien":"1. Enlevez La Poussi\u00e8re Ou La Boue Avec Une Brosse Douce Ou Un Chiffon Sec.\r\n\r\n2. Utilisez Un Chiffon Humide Pour Nettoyer L\u2019ensemble De Votre Produit En Frottant Doucement D\u2019un Geste Circulaire.\r\n\r\n3. Nettoyez R\u00e9guli\u00e8rement Votre Chiffon Pour \u00c9viter De R\u00e9pandre La Salet\u00e9\r\n\r\n4. Pour Les T\u00e2ches Difficiles, Utilisez Une Brosse \u00c0 Poils Doux Et De L\u2019eau En Frottant D\u00e9licatement D\u2019un Geste Circulaire.\r\n\r\n5. Laissez S\u00e9cher \u00c0 L\u2019air Libre Avant D\u2019appliquer Une Cr\u00e8me Nettoyante.\r\n\r\n6. Utilisez Une Cr\u00e8me Nettoyante Pour Donner Plus D\u2019\u00e9clat \u00c0 Votre Produit. Mettez Une Noisette De Produit Sur Une Brosse Ou Un Chiffon Doux Et Sec, Puis Faites P\u00e9n\u00e9trer Compl\u00e8tement Dans Le Tissu En Frottant D\u00e9licatement De Mani\u00e8re Circulaire Jusqu\u2019\u00e0 Totale Absorption.\r\n\r\n7. Enfin, Laissez S\u00e9cher \u00c0 L\u2019air Libre Pendant 24 Heures, \u00c0 L\u2019abri De La Lumi\u00e8re Directe Du Soleil.\r\n\r\n<strong>Attention<\/strong>\u00a0:\r\n\r\n\u2022 Ne Mettez Pas Votre Produit En Machine.\r\n\r\n\u2022 Ne L\u2019immergez Pas Dans L\u2019eau, Cela Pourrait Causer Des Dommages Irr\u00e9versibles.\r\n\r\nLorsque Vos Chaussures V\u00e9ganes Ont Atteint Leur Dur\u00e9e De Vie Ou Que Vous N\u2019en Avez Plus Besoin, Envisagez De Leur Donner Une Seconde Vie.\r\n\r\nDonnez-Leur Un Autre Usage Pour Vous-M\u00eame Ou Offrez-Les \u00c0 Quelqu","marque":""},"taxonomy_info":{"product_cat":[{"value":706,"label":"Pompe"},{"value":46,"label":"Chaussures vegan"}]},"featured_image_src_large":["https:\/\/ekomfort.lu\/wp-content\/uploads\/2024\/05\/Roma_Black.jpg",700,700,false],"author_info":[],"comment_info":0,"_links":{"self":[{"href":"https:\/\/ekomfort.lu\/de\/wp-json\/wp\/v2\/product\/17707","targetHints":{"allow":["GET"]}}],"collection":[{"href":"https:\/\/ekomfort.lu\/de\/wp-json\/wp\/v2\/product"}],"about":[{"href":"https:\/\/ekomfort.lu\/de\/wp-json\/wp\/v2\/types\/product"}],"replies":[{"embeddable":true,"href":"https:\/\/ekomfort.lu\/de\/wp-json\/wp\/v2\/comments?post=17707"}],"wp:featuredmedia":[{"embeddable":true,"href":"https:\/\/ekomfort.lu\/de\/wp-json\/wp\/v2\/media\/17704"}],"wp:attachment":[{"href":"https:\/\/ekomfort.lu\/de\/wp-json\/wp\/v2\/media?parent=17707"}],"wp:term":[{"taxonomy":"product_brand","embeddable":true,"href":"https:\/\/ekomfort.lu\/de\/wp-json\/wp\/v2\/product_brand?post=17707"},{"taxonomy":"product_cat","embeddable":true,"href":"https:\/\/ekomfort.lu\/de\/wp-json\/wp\/v2\/product_cat?post=17707"},{"taxonomy":"product_tag","embeddable":true,"href":"https:\/\/ekomfort.lu\/de\/wp-json\/wp\/v2\/product_tag?post=17707"},{"taxonomy":"product_brands","embeddable":true,"href":"https:\/\/ekomfort.lu\/de\/wp-json\/wp\/v2\/product_brands?post=17707"}],"curies":[{"name":"wp","href":"https:\/\/api.w.org\/{rel}","templated":true}]}}