{"id":17694,"date":"2024-05-29T09:20:37","date_gmt":"2024-05-29T07:20:37","guid":{"rendered":"https:\/\/ekomfort.lu\/?post_type=product&#038;p=17694"},"modified":"2024-07-04T17:42:50","modified_gmt":"2024-07-04T15:42:50","slug":"roda-black-vegan-shoes","status":"publish","type":"product","link":"https:\/\/ekomfort.lu\/de\/shop\/roda-black-vegan-shoes\/","title":{"rendered":"RODA Black Vegan Shoes"},"content":{"rendered":"\n<p>Voici les RODA Black Vegan Shoes, o\u00f9 la sophistication rencontre la durabilit\u00e9 dans la chaussure. Fabriqu\u00e9es avec pr\u00e9cision dans un luxueux cuir de pomme noir, ces chaussures \u00e0 bride de moine red\u00e9finissent l&#8217;\u00e9l\u00e9gance avec une touche de modernit\u00e9. La fusion d&#8217;un design derby classique et de la fonctionnalit\u00e9 d&#8217;une fermeture \u00e0 lani\u00e8re monk cr\u00e9e un style unique qui distingue ces chaussures des autres. Parfaites pour la transition vers le printemps, elles offrent non seulement un style impeccable mais aussi un confort in\u00e9gal\u00e9, vous assurant de sortir avec confiance et flair.<\/p>\n\n\n<style>.wp-block-kadence-iconlist.kt-svg-icon-list-items17694_7ce6dc-d1:not(.this-stops-third-party-issues){margin-top:0px;margin-bottom:0px;}.wp-block-kadence-iconlist.kt-svg-icon-list-items17694_7ce6dc-d1 ul.kt-svg-icon-list:not(.this-prevents-issues):not(.this-stops-third-party-issues):not(.tijsloc){margin-top:0px;margin-right:0px;margin-bottom:var(--global-kb-spacing-sm, 1.5rem);margin-left:0px;}.wp-block-kadence-iconlist.kt-svg-icon-list-items17694_7ce6dc-d1 ul.kt-svg-icon-list{grid-row-gap:5px;}.wp-block-kadence-iconlist.kt-svg-icon-list-items17694_7ce6dc-d1 .kb-svg-icon-wrap{font-size:18px;color:var(--global-palette1, #3182CE);}.wp-block-kadence-iconlist.kt-svg-icon-list-items17694_7ce6dc-d1 ul.kt-svg-icon-list .kt-svg-icon-list-item-wrap .kt-svg-icon-list-single{margin-right:10px;}.kt-svg-icon-list-items17694_7ce6dc-d1 ul.kt-svg-icon-list .kt-svg-icon-list-level-0 .kt-svg-icon-list-single svg{font-size:20px;}<\/style>\n<div class=\"wp-block-kadence-iconlist kt-svg-icon-list-items kt-svg-icon-list-items17694_7ce6dc-d1 kt-svg-icon-list-columns-1 alignnone\"><ul class=\"kt-svg-icon-list\"><style>.kt-svg-icon-list-item-17694_dad6be-e4 .kt-svg-icon-list-text mark.kt-highlight{background-color:unset;font-style:normal;color:#f76a0c;-webkit-box-decoration-break:clone;box-decoration-break:clone;padding-top:0px;padding-right:0px;padding-bottom:0px;padding-left:0px;}<\/style>\n<li class=\"wp-block-kadence-listitem kt-svg-icon-list-item-wrap kt-svg-icon-list-item-17694_dad6be-e4\"><span class=\"kb-svg-icon-wrap kb-svg-icon-fe_checkCircle kt-svg-icon-list-single\"><svg viewBox=\"0 0 24 24\"  fill=\"none\" stroke=\"currentColor\" stroke-width=\"3\" stroke-linecap=\"round\" stroke-linejoin=\"round\" xmlns=\"http:\/\/www.w3.org\/2000\/svg\"  aria-hidden=\"true\"><path d=\"M22 11.08V12a10 10 0 1 1-5.93-9.14\"\/><polyline points=\"22 4 12 14.01 9 11.01\"\/><\/svg><\/span><span class=\"kt-svg-icon-list-text\">Fabriqu\u00e9es en cuir de pomme noir, les chaussures v\u00e9ganes RODA offrent une sensation de luxe tout en adh\u00e9rant aux principes de la mode \u00e9thique, offrant une alternative sans cruaut\u00e9 au cuir traditionnel.<\/span><\/li>\n\n\n<style>.kt-svg-icon-list-item-17694_3bca1b-ad .kt-svg-icon-list-text mark.kt-highlight{background-color:unset;font-style:normal;color:#f76a0c;-webkit-box-decoration-break:clone;box-decoration-break:clone;padding-top:0px;padding-right:0px;padding-bottom:0px;padding-left:0px;}<\/style>\n<li class=\"wp-block-kadence-listitem kt-svg-icon-list-item-wrap kt-svg-icon-list-item-17694_3bca1b-ad\"><span class=\"kb-svg-icon-wrap kb-svg-icon-fe_checkCircle kt-svg-icon-list-single\"><svg viewBox=\"0 0 24 24\"  fill=\"none\" stroke=\"currentColor\" stroke-width=\"3\" stroke-linecap=\"round\" stroke-linejoin=\"round\" xmlns=\"http:\/\/www.w3.org\/2000\/svg\"  aria-hidden=\"true\"><path d=\"M22 11.08V12a10 10 0 1 1-5.93-9.14\"\/><polyline points=\"22 4 12 14.01 9 11.01\"\/><\/svg><\/span><span class=\"kt-svg-icon-list-text\">La fusion d&#8217;un design derby et d&#8217;une fermeture \u00e0 lani\u00e8re de moine ajoute une touche contemporaine \u00e0 la silhouette classique, ce qui rend ces chaussures polyvalentes pour diverses occasions et tenues.<\/span><\/li>\n\n\n<style>.kt-svg-icon-list-item-17694_2ec221-a3 .kt-svg-icon-list-text mark.kt-highlight{background-color:unset;font-style:normal;color:#f76a0c;-webkit-box-decoration-break:clone;box-decoration-break:clone;padding-top:0px;padding-right:0px;padding-bottom:0px;padding-left:0px;}<\/style>\n<li class=\"wp-block-kadence-listitem kt-svg-icon-list-item-wrap kt-svg-icon-list-item-17694_2ec221-a3\"><span class=\"kb-svg-icon-wrap kb-svg-icon-fe_checkCircle kt-svg-icon-list-single\"><svg viewBox=\"0 0 24 24\"  fill=\"none\" stroke=\"currentColor\" stroke-width=\"3\" stroke-linecap=\"round\" stroke-linejoin=\"round\" xmlns=\"http:\/\/www.w3.org\/2000\/svg\"  aria-hidden=\"true\"><path d=\"M22 11.08V12a10 10 0 1 1-5.93-9.14\"\/><polyline points=\"22 4 12 14.01 9 11.01\"\/><\/svg><\/span><span class=\"kt-svg-icon-list-text\">Con\u00e7ues pour les fra\u00eeches journ\u00e9es de printemps, les chaussures RODA Black Vegan donnent la priorit\u00e9 au confort et au style, pour que vous vous sentiez \u00e0 votre avantage tout au long de la journ\u00e9e, que vous soyez au travail ou \u00e0 l&#8217;ext\u00e9rieur.<\/span><\/li>\n<\/ul><\/div>\n\n\n\n<p>Entrez dans la mode \u00e9thique avec confiance et sophistication gr\u00e2ce aux chaussures v\u00e9ganes noires RODA. Rehaussez votre collection de chaussures avec ces chaussures au design r\u00e9fl\u00e9chi, con\u00e7ues dans un souci de mode et de durabilit\u00e9. Faites une d\u00e9claration avec vos choix de chaussures et adoptez les principes de la mode \u00e9thique sans faire de compromis sur le style.<\/p>\n","protected":false},"excerpt":{"rendered":"<p>Voici les RODA Black Vegan Shoes, o\u00f9 la sophistication rencontre la durabilit\u00e9 dans la chaussure. Fabriqu\u00e9es avec pr\u00e9cision dans un luxueux cuir de pomme noir, ces chaussures \u00e0 bride de moine red\u00e9finissent l&#8217;\u00e9l\u00e9gance avec une touche de modernit\u00e9. La fusion d&#8217;un design derby classique et de la fonctionnalit\u00e9 d&#8217;une fermeture \u00e0 lani\u00e8re monk cr\u00e9e un&#8230;<\/p>\n","protected":false},"featured_media":17691,"comment_status":"open","ping_status":"closed","template":"","meta":{"_acf_changed":false,"_kad_blocks_custom_css":"","_kad_blocks_head_custom_js":"","_kad_blocks_body_custom_js":"","_kad_blocks_footer_custom_js":"","_kad_post_transparent":"","_kad_post_title":"","_kad_post_layout":"","_kad_post_sidebar_id":"","_kad_post_content_style":"","_kad_post_vertical_padding":"","_kad_post_feature":"","_kad_post_feature_position":"","_kad_post_header":false,"_kad_post_footer":false,"_kad_post_classname":""},"product_brand":[],"product_cat":[705,46],"product_tag":[],"product_brands":[],"class_list":{"0":"post-17694","1":"product","2":"type-product","3":"status-publish","4":"has-post-thumbnail","6":"product_cat-chaussures-plates","7":"product_cat-chaussures-vegan","9":"first","10":"outofstock","11":"taxable","12":"shipping-taxable","13":"purchasable","14":"product-type-variable","15":"entry","16":"content-bg","17":"loop-entry"},"acf":{"avantages":"Les RODA Black Vegan Shoes sont fabriqu\u00e9es en luxueux cuir de pomme noir, ce qui leur conf\u00e8re une apparence sophistiqu\u00e9e et de grande qualit\u00e9, tout en respectant les principes de la mode \u00e9thique. Ce mat\u00e9riau sans cruaut\u00e9 offre une alternative \u00e9l\u00e9gante au cuir traditionnel, garantissant une d\u00e9claration de mode sans culpabilit\u00e9.\r\n\r\nAlliant l'\u00e9l\u00e9gance d'un derby \u00e0 la fonctionnalit\u00e9 d'une fermeture \u00e0 lani\u00e8re de moine, ces chaussures pr\u00e9sentent un design classique avec une touche de modernit\u00e9. Cette combinaison unique les rend suffisamment polyvalentes pour s'associer \u00e0 des tenues formelles ou d\u00e9contract\u00e9es, ajoutant une touche de sophistication \u00e0 n'importe quel ensemble.\r\n\r\nParfaites pour les journ\u00e9es fra\u00eeches du printemps, les chaussures RODA Black Vegan offrent \u00e0 la fois style et confort. Que vous assistiez \u00e0 un \u00e9v\u00e9nement formel ou que vous fassiez des courses en ville, ces chaussures offrent l'\u00e9quilibre parfait entre mode et fonctionnalit\u00e9, vous assurant de para\u00eetre et de vous sentir au mieux de votre forme tout au long de la journ\u00e9e.","entretien":"1. Enlevez La Poussi\u00e8re Ou La Boue Avec Une Brosse Douce Ou Un Chiffon Sec.\r\n\r\n2. Utilisez Un Chiffon Humide Pour Nettoyer L\u2019ensemble De Votre Produit En Frottant Doucement D\u2019un Geste Circulaire.\r\n\r\n3. Nettoyez R\u00e9guli\u00e8rement Votre Chiffon Pour \u00c9viter De R\u00e9pandre La Salet\u00e9\r\n\r\n4. Pour Les T\u00e2ches Difficiles, Utilisez Une Brosse \u00c0 Poils Doux Et De L\u2019eau En Frottant D\u00e9licatement D\u2019un Geste Circulaire.\r\n\r\n5. Laissez S\u00e9cher \u00c0 L\u2019air Libre Avant D\u2019appliquer Une Cr\u00e8me Nettoyante.\r\n\r\n6. Utilisez Une Cr\u00e8me Nettoyante Pour Donner Plus D\u2019\u00e9clat \u00c0 Votre Produit. Mettez Une Noisette De Produit Sur Une Brosse Ou Un Chiffon Doux Et Sec, Puis Faites P\u00e9n\u00e9trer Compl\u00e8tement Dans Le Tissu En Frottant D\u00e9licatement De Mani\u00e8re Circulaire Jusqu\u2019\u00e0 Totale Absorption.\r\n\r\n7. Enfin, Laissez S\u00e9cher \u00c0 L\u2019air Libre Pendant 24 Heures, \u00c0 L\u2019abri De La Lumi\u00e8re Directe Du Soleil.\r\n\r\n&lt;strong&gt;Attention&lt;\/strong&gt;\u00a0:\r\n\r\n\u2022 Ne Mettez Pas Votre Produit En Machine.\r\n\r\n\u2022 Ne L\u2019immergez Pas Dans L\u2019eau, Cela Pourrait Causer Des Dommages Irr\u00e9versibles.\r\n\r\nLorsque Vos Chaussures V\u00e9ganes Ont Atteint Leur Dur\u00e9e De Vie Ou Que Vous N\u2019en Avez Plus Besoin, Envisagez De Leur Donner Une Seconde Vie.\r\n\r\nDonnez-Leur Un Autre Usage Pour Vous-M\u00eame Ou Offrez-Les \u00c0 Quelqu","marque":""},"taxonomy_info":{"product_cat":[{"value":705,"label":"Chaussures plates"},{"value":46,"label":"Chaussures vegan"}]},"featured_image_src_large":["https:\/\/ekomfort.lu\/wp-content\/uploads\/2024\/05\/Roda_Black.jpg",700,700,false],"author_info":[],"comment_info":0,"_links":{"self":[{"href":"https:\/\/ekomfort.lu\/de\/wp-json\/wp\/v2\/product\/17694","targetHints":{"allow":["GET"]}}],"collection":[{"href":"https:\/\/ekomfort.lu\/de\/wp-json\/wp\/v2\/product"}],"about":[{"href":"https:\/\/ekomfort.lu\/de\/wp-json\/wp\/v2\/types\/product"}],"replies":[{"embeddable":true,"href":"https:\/\/ekomfort.lu\/de\/wp-json\/wp\/v2\/comments?post=17694"}],"wp:featuredmedia":[{"embeddable":true,"href":"https:\/\/ekomfort.lu\/de\/wp-json\/wp\/v2\/media\/17691"}],"wp:attachment":[{"href":"https:\/\/ekomfort.lu\/de\/wp-json\/wp\/v2\/media?parent=17694"}],"wp:term":[{"taxonomy":"product_brand","embeddable":true,"href":"https:\/\/ekomfort.lu\/de\/wp-json\/wp\/v2\/product_brand?post=17694"},{"taxonomy":"product_cat","embeddable":true,"href":"https:\/\/ekomfort.lu\/de\/wp-json\/wp\/v2\/product_cat?post=17694"},{"taxonomy":"product_tag","embeddable":true,"href":"https:\/\/ekomfort.lu\/de\/wp-json\/wp\/v2\/product_tag?post=17694"},{"taxonomy":"product_brands","embeddable":true,"href":"https:\/\/ekomfort.lu\/de\/wp-json\/wp\/v2\/product_brands?post=17694"}],"curies":[{"name":"wp","href":"https:\/\/api.w.org\/{rel}","templated":true}]}}