{"id":17671,"date":"2024-05-29T09:20:23","date_gmt":"2024-05-29T07:20:23","guid":{"rendered":"https:\/\/ekomfort.lu\/?post_type=product&#038;p=17671"},"modified":"2024-07-20T10:10:22","modified_gmt":"2024-07-20T08:10:22","slug":"nerad-beige-vegan-sandals","status":"publish","type":"product","link":"https:\/\/ekomfort.lu\/de\/shop\/nerad-beige-vegan-sandals\/","title":{"rendered":"NERAD Beige Vegan Sandals"},"content":{"rendered":"\n<p>Voici les sandales v\u00e9ganes NERAD Beige, o\u00f9 l&#8217;\u00e9l\u00e9gance rencontre la mode \u00e9thique \u00e0 chaque pas. Fabriqu\u00e9es avec pr\u00e9cision en cuir de pomme nude sophistiqu\u00e9, ces sandales \u00e0 talon moyen red\u00e9finissent les chaussures chics gr\u00e2ce \u00e0 leur design intemporel et \u00e0 leurs mat\u00e9riaux durables. Avec leur silhouette \u00e0 bout ouvert et leurs d\u00e9licates lani\u00e8res parall\u00e8les sur le devant, ces sandales exsudent le raffinement, ajoutant une touche de sophistication \u00e0 n&#8217;importe quelle tenue. Les lani\u00e8res suppl\u00e9mentaires s&#8217;enroulent \u00e9l\u00e9gamment autour de la cheville, ce qui rehausse le style tout en assurant la stabilit\u00e9 et le confort. Rehaussez votre garde-robe avec ces sandales v\u00e9g\u00e9taliennes, con\u00e7ues avec soin et fabriqu\u00e9es dans un souci de durabilit\u00e9.<\/p>\n\n\n<style>.wp-block-kadence-iconlist.kt-svg-icon-list-items17671_cce067-51:not(.this-stops-third-party-issues){margin-top:0px;margin-bottom:0px;}.wp-block-kadence-iconlist.kt-svg-icon-list-items17671_cce067-51 ul.kt-svg-icon-list:not(.this-prevents-issues):not(.this-stops-third-party-issues):not(.tijsloc){margin-top:0px;margin-right:0px;margin-bottom:var(--global-kb-spacing-sm, 1.5rem);margin-left:0px;}.wp-block-kadence-iconlist.kt-svg-icon-list-items17671_cce067-51 ul.kt-svg-icon-list{grid-row-gap:5px;}.wp-block-kadence-iconlist.kt-svg-icon-list-items17671_cce067-51 .kb-svg-icon-wrap{font-size:18px;color:var(--global-palette1, #3182CE);}.wp-block-kadence-iconlist.kt-svg-icon-list-items17671_cce067-51 ul.kt-svg-icon-list .kt-svg-icon-list-item-wrap .kt-svg-icon-list-single{margin-right:10px;}.kt-svg-icon-list-items17671_cce067-51 ul.kt-svg-icon-list .kt-svg-icon-list-level-0 .kt-svg-icon-list-single svg{font-size:20px;}<\/style>\n<div class=\"wp-block-kadence-iconlist kt-svg-icon-list-items kt-svg-icon-list-items17671_cce067-51 kt-svg-icon-list-columns-1 alignnone\"><ul class=\"kt-svg-icon-list\"><style>.kt-svg-icon-list-item-17671_50fe35-32 .kt-svg-icon-list-text mark.kt-highlight{background-color:unset;font-style:normal;color:#f76a0c;-webkit-box-decoration-break:clone;box-decoration-break:clone;padding-top:0px;padding-right:0px;padding-bottom:0px;padding-left:0px;}<\/style>\n<li class=\"wp-block-kadence-listitem kt-svg-icon-list-item-wrap kt-svg-icon-list-item-17671_50fe35-32\"><span class=\"kb-svg-icon-wrap kb-svg-icon-fe_checkCircle kt-svg-icon-list-single\"><svg viewBox=\"0 0 24 24\"  fill=\"none\" stroke=\"currentColor\" stroke-width=\"3\" stroke-linecap=\"round\" stroke-linejoin=\"round\" xmlns=\"http:\/\/www.w3.org\/2000\/svg\"  aria-hidden=\"true\"><path d=\"M22 11.08V12a10 10 0 1 1-5.93-9.14\"\/><polyline points=\"22 4 12 14.01 9 11.01\"\/><\/svg><\/span><span class=\"kt-svg-icon-list-text\">Les sandales v\u00e9g\u00e9taliennes NERAD Beige pr\u00e9sentent une teinte nude sophistiqu\u00e9e et de d\u00e9licates lani\u00e8res parall\u00e8les, offrant un style intemporel et polyvalent qui s&#8217;associe sans effort \u00e0 n&#8217;importe quel ensemble.<\/span><\/li>\n\n\n<style>.kt-svg-icon-list-item-17671_48160c-d1 .kt-svg-icon-list-text mark.kt-highlight{background-color:unset;font-style:normal;color:#f76a0c;-webkit-box-decoration-break:clone;box-decoration-break:clone;padding-top:0px;padding-right:0px;padding-bottom:0px;padding-left:0px;}<\/style>\n<li class=\"wp-block-kadence-listitem kt-svg-icon-list-item-wrap kt-svg-icon-list-item-17671_48160c-d1\"><span class=\"kb-svg-icon-wrap kb-svg-icon-fe_checkCircle kt-svg-icon-list-single\"><svg viewBox=\"0 0 24 24\"  fill=\"none\" stroke=\"currentColor\" stroke-width=\"3\" stroke-linecap=\"round\" stroke-linejoin=\"round\" xmlns=\"http:\/\/www.w3.org\/2000\/svg\"  aria-hidden=\"true\"><path d=\"M22 11.08V12a10 10 0 1 1-5.93-9.14\"\/><polyline points=\"22 4 12 14.01 9 11.01\"\/><\/svg><\/span><span class=\"kt-svg-icon-list-text\">Avec des lani\u00e8res suppl\u00e9mentaires qui s&#8217;enroulent \u00e9l\u00e9gamment autour de la cheville, ces sandales offrent \u00e0 la fois style et stabilit\u00e9, ce qui permet \u00e0 celles qui les portent de sortir en toute confiance et en tout confort.<\/span><\/li>\n\n\n<style>.kt-svg-icon-list-item-17671_8aa685-9f .kt-svg-icon-list-text mark.kt-highlight{background-color:unset;font-style:normal;color:#f76a0c;-webkit-box-decoration-break:clone;box-decoration-break:clone;padding-top:0px;padding-right:0px;padding-bottom:0px;padding-left:0px;}<\/style>\n<li class=\"wp-block-kadence-listitem kt-svg-icon-list-item-wrap kt-svg-icon-list-item-17671_8aa685-9f\"><span class=\"kb-svg-icon-wrap kb-svg-icon-fe_checkCircle kt-svg-icon-list-single\"><svg viewBox=\"0 0 24 24\"  fill=\"none\" stroke=\"currentColor\" stroke-width=\"3\" stroke-linecap=\"round\" stroke-linejoin=\"round\" xmlns=\"http:\/\/www.w3.org\/2000\/svg\"  aria-hidden=\"true\"><path d=\"M22 11.08V12a10 10 0 1 1-5.93-9.14\"\/><polyline points=\"22 4 12 14.01 9 11.01\"\/><\/svg><\/span><span class=\"kt-svg-icon-list-text\">Fabriqu\u00e9es en cuir de pomme v\u00e9g\u00e9talien, ces sandales respectent les principes de la mode \u00e9thique, offrant un choix sans culpabilit\u00e9 aux consommateurs soucieux de l&#8217;environnement qui recherchent \u00e0 la fois style et durabilit\u00e9 dans leurs chaussures.<\/span><\/li>\n<\/ul><\/div>\n\n\n\n<p>Entrez dans la mode \u00e9thique avec confiance et sophistication gr\u00e2ce aux sandales v\u00e9ganes NERAD Beige. Rehaussez votre garde-robe avec ces sandales chics et durables, en sachant que chaque pas que vous faites refl\u00e8te votre engagement \u00e0 la fois pour le style et la responsabilit\u00e9 environnementale.<\/p>\n","protected":false},"excerpt":{"rendered":"<p>Voici les sandales v\u00e9ganes NERAD Beige, o\u00f9 l&#8217;\u00e9l\u00e9gance rencontre la mode \u00e9thique \u00e0 chaque pas. Fabriqu\u00e9es avec pr\u00e9cision en cuir de pomme nude sophistiqu\u00e9, ces sandales \u00e0 talon moyen red\u00e9finissent les chaussures chics gr\u00e2ce \u00e0 leur design intemporel et \u00e0 leurs mat\u00e9riaux durables. Avec leur silhouette \u00e0 bout ouvert et leurs d\u00e9licates lani\u00e8res parall\u00e8les sur&#8230;<\/p>\n","protected":false},"featured_media":17668,"comment_status":"open","ping_status":"closed","template":"","meta":{"_acf_changed":false,"_kad_blocks_custom_css":"","_kad_blocks_head_custom_js":"","_kad_blocks_body_custom_js":"","_kad_blocks_footer_custom_js":"","_kad_post_transparent":"","_kad_post_title":"","_kad_post_layout":"","_kad_post_sidebar_id":"","_kad_post_content_style":"","_kad_post_vertical_padding":"","_kad_post_feature":"","_kad_post_feature_position":"","_kad_post_header":false,"_kad_post_footer":false,"_kad_post_classname":""},"product_brand":[],"product_cat":[706,46],"product_tag":[],"product_brands":[],"class_list":{"0":"post-17671","1":"product","2":"type-product","3":"status-publish","4":"has-post-thumbnail","6":"product_cat-pompe","7":"product_cat-chaussures-vegan","9":"first","10":"instock","11":"taxable","12":"shipping-taxable","13":"purchasable","14":"product-type-variable","15":"entry","16":"content-bg","17":"loop-entry"},"acf":{"avantages":"Les sandales NERAD Beige Vegan sont dot\u00e9es d'un talon moyen chic et sont fabriqu\u00e9es en cuir de pomme nude sophistiqu\u00e9. Dot\u00e9es d'un \u00e9l\u00e9gant bout ouvert et de deux fines lani\u00e8res parall\u00e8les sur le devant, ces sandales offrent un look raffin\u00e9 et minimaliste qui ajoute une touche de sophistication \u00e0 n'importe quel ensemble.\r\n\r\nDot\u00e9es de deux autres brides qui s'enroulent \u00e9l\u00e9gamment autour de la cheville pour la fermer, ces sandales ne se contentent pas d'\u00eatre \u00e9l\u00e9gantes, elles sont \u00e9galement stables. Cette combinaison de mode et de fonction permet aux utilisateurs de sortir en toute confiance, sachant que leurs chaussures sont \u00e0 la fois esth\u00e9tiques et pratiques.\r\n\r\nCon\u00e7ues et fabriqu\u00e9es dans un souci de durabilit\u00e9, les sandales v\u00e9ganes NERAD Beige sont un ajout sans culpabilit\u00e9 \u00e0 toute garde-robe. Fabriqu\u00e9es en cuir de pomme v\u00e9g\u00e9talien, ces sandales respectent les principes de la mode \u00e9thique, permettant aux consommateurs d'avoir un impact positif sur l'environnement sans compromettre leur style.","entretien":"1. Enlevez La Poussi\u00e8re Ou La Boue Avec Une Brosse Douce Ou Un Chiffon Sec.\r\n\r\n2. Utilisez Un Chiffon Humide Pour Nettoyer L\u2019ensemble De Votre Produit En Frottant Doucement D\u2019un Geste Circulaire.\r\n\r\n3. Nettoyez R\u00e9guli\u00e8rement Votre Chiffon Pour \u00c9viter De R\u00e9pandre La Salet\u00e9\r\n\r\n4. Pour Les T\u00e2ches Difficiles, Utilisez Une Brosse \u00c0 Poils Doux Et De L\u2019eau En Frottant D\u00e9licatement D\u2019un Geste Circulaire.\r\n\r\n5. Laissez S\u00e9cher \u00c0 L\u2019air Libre Avant D\u2019appliquer Une Cr\u00e8me Nettoyante.\r\n\r\n6. Utilisez Une Cr\u00e8me Nettoyante Pour Donner Plus D\u2019\u00e9clat \u00c0 Votre Produit. Mettez Une Noisette De Produit Sur Une Brosse Ou Un Chiffon Doux Et Sec, Puis Faites P\u00e9n\u00e9trer Compl\u00e8tement Dans Le Tissu En Frottant D\u00e9licatement De Mani\u00e8re Circulaire Jusqu\u2019\u00e0 Totale Absorption.\r\n\r\n7. Enfin, Laissez S\u00e9cher \u00c0 L\u2019air Libre Pendant 24 Heures, \u00c0 L\u2019abri De La Lumi\u00e8re Directe Du Soleil.\r\n\r\n&lt;strong&gt;Attention&lt;\/strong&gt;\u00a0:\r\n\r\n\u2022 Ne Mettez Pas Votre Produit En Machine.\r\n\r\n\u2022 Ne L\u2019immergez Pas Dans L\u2019eau, Cela Pourrait Causer Des Dommages Irr\u00e9versibles.\r\n\r\nLorsque Vos Chaussures V\u00e9ganes Ont Atteint Leur Dur\u00e9e De Vie Ou Que Vous N\u2019en Avez Plus Besoin, Envisagez De Leur Donner Une Seconde Vie.\r\n\r\nDonnez-Leur Un Autre Usage Pour Vous-M\u00eame Ou Offrez-Les \u00c0 Quelqu","marque":""},"taxonomy_info":{"product_cat":[{"value":706,"label":"Pompe"},{"value":46,"label":"Chaussures vegan"}]},"featured_image_src_large":["https:\/\/ekomfort.lu\/wp-content\/uploads\/2024\/05\/Nerad_Beige.jpg",700,700,false],"author_info":[],"comment_info":0,"_links":{"self":[{"href":"https:\/\/ekomfort.lu\/de\/wp-json\/wp\/v2\/product\/17671","targetHints":{"allow":["GET"]}}],"collection":[{"href":"https:\/\/ekomfort.lu\/de\/wp-json\/wp\/v2\/product"}],"about":[{"href":"https:\/\/ekomfort.lu\/de\/wp-json\/wp\/v2\/types\/product"}],"replies":[{"embeddable":true,"href":"https:\/\/ekomfort.lu\/de\/wp-json\/wp\/v2\/comments?post=17671"}],"wp:featuredmedia":[{"embeddable":true,"href":"https:\/\/ekomfort.lu\/de\/wp-json\/wp\/v2\/media\/17668"}],"wp:attachment":[{"href":"https:\/\/ekomfort.lu\/de\/wp-json\/wp\/v2\/media?parent=17671"}],"wp:term":[{"taxonomy":"product_brand","embeddable":true,"href":"https:\/\/ekomfort.lu\/de\/wp-json\/wp\/v2\/product_brand?post=17671"},{"taxonomy":"product_cat","embeddable":true,"href":"https:\/\/ekomfort.lu\/de\/wp-json\/wp\/v2\/product_cat?post=17671"},{"taxonomy":"product_tag","embeddable":true,"href":"https:\/\/ekomfort.lu\/de\/wp-json\/wp\/v2\/product_tag?post=17671"},{"taxonomy":"product_brands","embeddable":true,"href":"https:\/\/ekomfort.lu\/de\/wp-json\/wp\/v2\/product_brands?post=17671"}],"curies":[{"name":"wp","href":"https:\/\/api.w.org\/{rel}","templated":true}]}}