{"id":17645,"date":"2024-05-29T09:20:01","date_gmt":"2024-05-29T07:20:01","guid":{"rendered":"https:\/\/ekomfort.lu\/?post_type=product&#038;p=17645"},"modified":"2024-07-04T17:34:52","modified_gmt":"2024-07-04T15:34:52","slug":"margot-liege","status":"publish","type":"product","link":"https:\/\/ekomfort.lu\/de\/shop\/margot-liege\/","title":{"rendered":"Margot &#8211; Li\u00e8ge"},"content":{"rendered":"\n<p>Voici Margot &#8211; Li\u00e8ge, un t\u00e9moignage de mode durable et de design \u00e9l\u00e9gant. Fabriqu\u00e9es avec pr\u00e9cision, ces sandales \u00e0 talon moyen pour femmes pr\u00e9sentent un m\u00e9lange harmonieux de li\u00e8ge naturel et de fermetures Pi\u00f1atex, d\u00e9riv\u00e9es de fibres de feuilles d&#8217;ananas, offrant un choix de chaussures unique et \u00e9cologique. Ces mat\u00e9riaux innovants permettent non seulement de r\u00e9duire l&#8217;impact sur l&#8217;environnement, mais aussi d&#8217;ajouter une touche de sophistication \u00e0 chaque pas. Doubl\u00e9es de microfibres certifi\u00e9es OEKO-TEX STANDARD 100, ces sandales privil\u00e9gient le confort et la s\u00e9curit\u00e9, garantissant une exp\u00e9rience hypoallerg\u00e9nique et antimicrobienne. Finies avec une boucle en or sans nickel et des semelles en n\u00e9olithe, Margot &#8211; Li\u00e8ge incarne le style, le confort et la conscience environnementale, magnifiquement fabriqu\u00e9es \u00e0 la main dans l&#8217;environnement de travail \u00e9quitable du Portugal.<\/p>\n\n\n<style>.wp-block-kadence-iconlist.kt-svg-icon-list-items17645_ccb20d-83:not(.this-stops-third-party-issues){margin-top:0px;margin-bottom:0px;}.wp-block-kadence-iconlist.kt-svg-icon-list-items17645_ccb20d-83 ul.kt-svg-icon-list:not(.this-prevents-issues):not(.this-stops-third-party-issues):not(.tijsloc){margin-top:0px;margin-right:0px;margin-bottom:var(--global-kb-spacing-sm, 1.5rem);margin-left:0px;}.wp-block-kadence-iconlist.kt-svg-icon-list-items17645_ccb20d-83 ul.kt-svg-icon-list{grid-row-gap:5px;}.wp-block-kadence-iconlist.kt-svg-icon-list-items17645_ccb20d-83 .kb-svg-icon-wrap{font-size:18px;color:var(--global-palette1, #3182CE);}.wp-block-kadence-iconlist.kt-svg-icon-list-items17645_ccb20d-83 ul.kt-svg-icon-list .kt-svg-icon-list-item-wrap .kt-svg-icon-list-single{margin-right:10px;}.kt-svg-icon-list-items17645_ccb20d-83 ul.kt-svg-icon-list .kt-svg-icon-list-level-0 .kt-svg-icon-list-single svg{font-size:20px;}<\/style>\n<div class=\"wp-block-kadence-iconlist kt-svg-icon-list-items kt-svg-icon-list-items17645_ccb20d-83 kt-svg-icon-list-columns-1 alignnone\"><ul class=\"kt-svg-icon-list\"><style>.kt-svg-icon-list-item-17645_d07f9b-ea .kt-svg-icon-list-text mark.kt-highlight{background-color:unset;font-style:normal;color:#f76a0c;-webkit-box-decoration-break:clone;box-decoration-break:clone;padding-top:0px;padding-right:0px;padding-bottom:0px;padding-left:0px;}<\/style>\n<li class=\"wp-block-kadence-listitem kt-svg-icon-list-item-wrap kt-svg-icon-list-item-17645_d07f9b-ea\"><span class=\"kb-svg-icon-wrap kb-svg-icon-fe_checkCircle kt-svg-icon-list-single\"><svg viewBox=\"0 0 24 24\"  fill=\"none\" stroke=\"currentColor\" stroke-width=\"3\" stroke-linecap=\"round\" stroke-linejoin=\"round\" xmlns=\"http:\/\/www.w3.org\/2000\/svg\"  aria-hidden=\"true\"><path d=\"M22 11.08V12a10 10 0 1 1-5.93-9.14\"\/><polyline points=\"22 4 12 14.01 9 11.01\"\/><\/svg><\/span><span class=\"kt-svg-icon-list-text\">Les sandales Margot &#8211; Li\u00e8ge sont fabriqu\u00e9es \u00e0 partir de li\u00e8ge naturel et de fermetures en Pi\u00f1atex, offrant une alternative durable au cuir traditionnel et r\u00e9duisant l&#8217;impact sur l&#8217;environnement.<\/span><\/li>\n\n\n<style>.kt-svg-icon-list-item-17645_f8d6b3-94 .kt-svg-icon-list-text mark.kt-highlight{background-color:unset;font-style:normal;color:#f76a0c;-webkit-box-decoration-break:clone;box-decoration-break:clone;padding-top:0px;padding-right:0px;padding-bottom:0px;padding-left:0px;}<\/style>\n<li class=\"wp-block-kadence-listitem kt-svg-icon-list-item-wrap kt-svg-icon-list-item-17645_f8d6b3-94\"><span class=\"kb-svg-icon-wrap kb-svg-icon-fe_checkCircle kt-svg-icon-list-single\"><svg viewBox=\"0 0 24 24\"  fill=\"none\" stroke=\"currentColor\" stroke-width=\"3\" stroke-linecap=\"round\" stroke-linejoin=\"round\" xmlns=\"http:\/\/www.w3.org\/2000\/svg\"  aria-hidden=\"true\"><path d=\"M22 11.08V12a10 10 0 1 1-5.93-9.14\"\/><polyline points=\"22 4 12 14.01 9 11.01\"\/><\/svg><\/span><span class=\"kt-svg-icon-list-text\">Doubl\u00e9es de microfibres certifi\u00e9es OEKO-TEX STANDARD 100, ces sandales privil\u00e9gient le confort et la s\u00e9curit\u00e9, ce qui les rend hypoallerg\u00e9niques et adapt\u00e9es aux peaux sensibles.<\/span><\/li>\n\n\n<style>.kt-svg-icon-list-item-17645_182255-7c .kt-svg-icon-list-text mark.kt-highlight{background-color:unset;font-style:normal;color:#f76a0c;-webkit-box-decoration-break:clone;box-decoration-break:clone;padding-top:0px;padding-right:0px;padding-bottom:0px;padding-left:0px;}<\/style>\n<li class=\"wp-block-kadence-listitem kt-svg-icon-list-item-wrap kt-svg-icon-list-item-17645_182255-7c\"><span class=\"kb-svg-icon-wrap kb-svg-icon-fe_checkCircle kt-svg-icon-list-single\"><svg viewBox=\"0 0 24 24\"  fill=\"none\" stroke=\"currentColor\" stroke-width=\"3\" stroke-linecap=\"round\" stroke-linejoin=\"round\" xmlns=\"http:\/\/www.w3.org\/2000\/svg\"  aria-hidden=\"true\"><path d=\"M22 11.08V12a10 10 0 1 1-5.93-9.14\"\/><polyline points=\"22 4 12 14.01 9 11.01\"\/><\/svg><\/span><span class=\"kt-svg-icon-list-text\">La doublure en microfibre poss\u00e8de des propri\u00e9t\u00e9s antibact\u00e9riennes et antimicrobiennes, emp\u00eachant efficacement le d\u00e9veloppement d&#8217;odeurs et garantissant la fra\u00eecheur tout au long du port.<\/span><\/li>\n<\/ul><\/div>\n\n\n\n<p>Sortez avec style et confiance avec les sandales Margot Cork, en sachant que chaque pas que vous faites est un pas vers une mode durable et \u00e9thique. Avec leurs mat\u00e9riaux respectueux de l&#8217;environnement, leur doublure en microfibre certifi\u00e9e et leurs propri\u00e9t\u00e9s antibact\u00e9riennes, ces sandales allient un design \u00e0 la pointe de la mode \u00e0 la praticit\u00e9 et \u00e0 la responsabilit\u00e9 environnementale.<\/p>\n","protected":false},"excerpt":{"rendered":"<p>Voici Margot &#8211; Li\u00e8ge, un t\u00e9moignage de mode durable et de design \u00e9l\u00e9gant. Fabriqu\u00e9es avec pr\u00e9cision, ces sandales \u00e0 talon moyen pour femmes pr\u00e9sentent un m\u00e9lange harmonieux de li\u00e8ge naturel et de fermetures Pi\u00f1atex, d\u00e9riv\u00e9es de fibres de feuilles d&#8217;ananas, offrant un choix de chaussures unique et \u00e9cologique. Ces mat\u00e9riaux innovants permettent non seulement de&#8230;<\/p>\n","protected":false},"featured_media":17642,"comment_status":"open","ping_status":"closed","template":"","meta":{"_acf_changed":false,"_kad_blocks_custom_css":"","_kad_blocks_head_custom_js":"","_kad_blocks_body_custom_js":"","_kad_blocks_footer_custom_js":"","_kad_post_transparent":"","_kad_post_title":"","_kad_post_layout":"","_kad_post_sidebar_id":"","_kad_post_content_style":"","_kad_post_vertical_padding":"","_kad_post_feature":"","_kad_post_feature_position":"","_kad_post_header":false,"_kad_post_footer":false,"_kad_post_classname":""},"product_brand":[],"product_cat":[72,46],"product_tag":[],"product_brands":[],"class_list":{"0":"post-17645","1":"product","2":"type-product","3":"status-publish","4":"has-post-thumbnail","6":"product_cat-sandales","7":"product_cat-chaussures-vegan","9":"first","10":"outofstock","11":"taxable","12":"shipping-taxable","13":"purchasable","14":"product-type-variable","15":"entry","16":"content-bg","17":"loop-entry"},"acf":{"avantages":"Les sandales Margot Cork sont fabriqu\u00e9es \u00e0 partir de li\u00e8ge naturel et sont dot\u00e9es de fermetures Pi\u00f1atex fabriqu\u00e9es \u00e0 partir de fibres de feuilles d'ananas. Ces mat\u00e9riaux innovants et \u00e9cologiques offrent une alternative durable au cuir traditionnel, r\u00e9duisant l'impact sur l'environnement et encourageant les choix de mode \u00e9thiques.\r\n\r\nDoubl\u00e9es de microfibres certifi\u00e9es OEKO-TEX STANDARD 100, ces sandales privil\u00e9gient le confort et la s\u00e9curit\u00e9. Cette certification garantit que les mat\u00e9riaux utilis\u00e9s sont exempts de substances nocives, ce qui les rend hypoallerg\u00e9niques et adapt\u00e9s aux peaux sensibles.\r\n\r\nLes sandales Margot Cork offrent non seulement style et confort, mais aussi des avantages pratiques. La doublure en microfibre poss\u00e8de des propri\u00e9t\u00e9s antibact\u00e9riennes et antimicrobiennes, emp\u00eachant efficacement le d\u00e9veloppement des odeurs et maintenant la fra\u00eecheur tout au long du port.","entretien":"1. Enlevez La Poussi\u00e8re Ou La Boue Avec Une Brosse Douce Ou Un Chiffon Sec.\r\n\r\n2. Utilisez Un Chiffon Humide Pour Nettoyer L\u2019ensemble De Votre Produit En Frottant Doucement D\u2019un Geste Circulaire.\r\n\r\n3. Nettoyez R\u00e9guli\u00e8rement Votre Chiffon Pour \u00c9viter De R\u00e9pandre La Salet\u00e9\r\n\r\n4. Pour Les T\u00e2ches Difficiles, Utilisez Une Brosse \u00c0 Poils Doux Et De L\u2019eau En Frottant D\u00e9licatement D\u2019un Geste Circulaire.\r\n\r\n5. Laissez S\u00e9cher \u00c0 L\u2019air Libre Avant D\u2019appliquer Une Cr\u00e8me Nettoyante.\r\n\r\n6. Utilisez Une Cr\u00e8me Nettoyante Pour Donner Plus D\u2019\u00e9clat \u00c0 Votre Produit. Mettez Une Noisette De Produit Sur Une Brosse Ou Un Chiffon Doux Et Sec, Puis Faites P\u00e9n\u00e9trer Compl\u00e8tement Dans Le Tissu En Frottant D\u00e9licatement De Mani\u00e8re Circulaire Jusqu\u2019\u00e0 Totale Absorption.\r\n\r\n7. Enfin, Laissez S\u00e9cher \u00c0 L\u2019air Libre Pendant 24 Heures, \u00c0 L\u2019abri De La Lumi\u00e8re Directe Du Soleil.\r\n\r\n<strong>Attention<\/strong>\u00a0:\r\n\r\n\u2022 Ne Mettez Pas Votre Produit En Machine.\r\n\r\n\u2022 Ne L\u2019immergez Pas Dans L\u2019eau, Cela Pourrait Causer Des Dommages Irr\u00e9versibles.\r\n\r\nLorsque Vos Chaussures V\u00e9ganes Ont Atteint Leur Dur\u00e9e De Vie Ou Que Vous N\u2019en Avez Plus Besoin, Envisagez De Leur Donner Une Seconde Vie.\r\n\r\nDonnez-Leur Un Autre Usage Pour Vous-M\u00eame Ou Offrez-Les \u00c0 Quelqu","marque":""},"taxonomy_info":{"product_cat":[{"value":72,"label":"Sandales"},{"value":46,"label":"Chaussures vegan"}]},"featured_image_src_large":["https:\/\/ekomfort.lu\/wp-content\/uploads\/2024\/05\/Margot_Cork.png",700,700,false],"author_info":[],"comment_info":0,"_links":{"self":[{"href":"https:\/\/ekomfort.lu\/de\/wp-json\/wp\/v2\/product\/17645","targetHints":{"allow":["GET"]}}],"collection":[{"href":"https:\/\/ekomfort.lu\/de\/wp-json\/wp\/v2\/product"}],"about":[{"href":"https:\/\/ekomfort.lu\/de\/wp-json\/wp\/v2\/types\/product"}],"replies":[{"embeddable":true,"href":"https:\/\/ekomfort.lu\/de\/wp-json\/wp\/v2\/comments?post=17645"}],"wp:featuredmedia":[{"embeddable":true,"href":"https:\/\/ekomfort.lu\/de\/wp-json\/wp\/v2\/media\/17642"}],"wp:attachment":[{"href":"https:\/\/ekomfort.lu\/de\/wp-json\/wp\/v2\/media?parent=17645"}],"wp:term":[{"taxonomy":"product_brand","embeddable":true,"href":"https:\/\/ekomfort.lu\/de\/wp-json\/wp\/v2\/product_brand?post=17645"},{"taxonomy":"product_cat","embeddable":true,"href":"https:\/\/ekomfort.lu\/de\/wp-json\/wp\/v2\/product_cat?post=17645"},{"taxonomy":"product_tag","embeddable":true,"href":"https:\/\/ekomfort.lu\/de\/wp-json\/wp\/v2\/product_tag?post=17645"},{"taxonomy":"product_brands","embeddable":true,"href":"https:\/\/ekomfort.lu\/de\/wp-json\/wp\/v2\/product_brands?post=17645"}],"curies":[{"name":"wp","href":"https:\/\/api.w.org\/{rel}","templated":true}]}}