{"id":17593,"date":"2024-05-29T09:18:49","date_gmt":"2024-05-29T07:18:49","guid":{"rendered":"https:\/\/ekomfort.lu\/?post_type=product&#038;p=17593"},"modified":"2024-07-04T17:31:22","modified_gmt":"2024-07-04T15:31:22","slug":"london-baskets-veganes-vertes","status":"publish","type":"product","link":"https:\/\/ekomfort.lu\/de\/shop\/london-baskets-veganes-vertes\/","title":{"rendered":"London Baskets V\u00e9ganes vertes"},"content":{"rendered":"\n<p>Voici les London Green Vegan Sneakers, o\u00f9 la mode durable rencontre un style sans effort. Ces baskets v\u00e9ganes montantes red\u00e9finissent les chaussures \u00e9cologiques, offrant un m\u00e9lange de durabilit\u00e9, de sophistication et de responsabilit\u00e9 environnementale. Fabriqu\u00e9es avec pr\u00e9cision \u00e0 partir de Pi\u00f1atex et de cuir de pomme, ces baskets repr\u00e9sentent un engagement en faveur d&#8217;un approvisionnement \u00e9thique et d&#8217;un design innovant. Avec une semelle en caoutchouc recycl\u00e9 d\u00e9riv\u00e9e de balles de tennis r\u00e9utilis\u00e9es, chaque pas dans ces baskets n&#8217;est pas seulement agr\u00e9able, il est aussi utile. Entrez dans un monde o\u00f9 le d\u00e9veloppement durable est synonyme de chaussures \u00e0 la pointe de la mode.<\/p>\n\n\n<style>.wp-block-kadence-iconlist.kt-svg-icon-list-items17593_8da0c7-85:not(.this-stops-third-party-issues){margin-top:0px;margin-bottom:0px;}.wp-block-kadence-iconlist.kt-svg-icon-list-items17593_8da0c7-85 ul.kt-svg-icon-list:not(.this-prevents-issues):not(.this-stops-third-party-issues):not(.tijsloc){margin-top:0px;margin-right:0px;margin-bottom:var(--global-kb-spacing-sm, 1.5rem);margin-left:0px;}.wp-block-kadence-iconlist.kt-svg-icon-list-items17593_8da0c7-85 ul.kt-svg-icon-list{grid-row-gap:5px;}.wp-block-kadence-iconlist.kt-svg-icon-list-items17593_8da0c7-85 .kb-svg-icon-wrap{font-size:18px;color:var(--global-palette1, #3182CE);}.wp-block-kadence-iconlist.kt-svg-icon-list-items17593_8da0c7-85 ul.kt-svg-icon-list .kt-svg-icon-list-item-wrap .kt-svg-icon-list-single{margin-right:10px;}.kt-svg-icon-list-items17593_8da0c7-85 ul.kt-svg-icon-list .kt-svg-icon-list-level-0 .kt-svg-icon-list-single svg{font-size:20px;}<\/style>\n<div class=\"wp-block-kadence-iconlist kt-svg-icon-list-items kt-svg-icon-list-items17593_8da0c7-85 kt-svg-icon-list-columns-1 alignnone\"><ul class=\"kt-svg-icon-list\"><style>.kt-svg-icon-list-item-17593_64a975-86 .kt-svg-icon-list-text mark.kt-highlight{background-color:unset;font-style:normal;color:#f76a0c;-webkit-box-decoration-break:clone;box-decoration-break:clone;padding-top:0px;padding-right:0px;padding-bottom:0px;padding-left:0px;}<\/style>\n<li class=\"wp-block-kadence-listitem kt-svg-icon-list-item-wrap kt-svg-icon-list-item-17593_64a975-86\"><span class=\"kb-svg-icon-wrap kb-svg-icon-fe_checkCircle kt-svg-icon-list-single\"><svg viewBox=\"0 0 24 24\"  fill=\"none\" stroke=\"currentColor\" stroke-width=\"3\" stroke-linecap=\"round\" stroke-linejoin=\"round\" xmlns=\"http:\/\/www.w3.org\/2000\/svg\"  aria-hidden=\"true\"><path d=\"M22 11.08V12a10 10 0 1 1-5.93-9.14\"\/><polyline points=\"22 4 12 14.01 9 11.01\"\/><\/svg><\/span><span class=\"kt-svg-icon-list-text\">Fabriqu\u00e9es en Pi\u00f1atex et en cuir de pomme, ces baskets sont fabriqu\u00e9es avec des mat\u00e9riaux qui r\u00e9duisent l&#8217;impact sur l&#8217;environnement sans compromettre le style ou la qualit\u00e9.<\/span><\/li>\n\n\n<style>.kt-svg-icon-list-item-17593_572744-ee .kt-svg-icon-list-text mark.kt-highlight{background-color:unset;font-style:normal;color:#f76a0c;-webkit-box-decoration-break:clone;box-decoration-break:clone;padding-top:0px;padding-right:0px;padding-bottom:0px;padding-left:0px;}<\/style>\n<li class=\"wp-block-kadence-listitem kt-svg-icon-list-item-wrap kt-svg-icon-list-item-17593_572744-ee\"><span class=\"kb-svg-icon-wrap kb-svg-icon-fe_checkCircle kt-svg-icon-list-single\"><svg viewBox=\"0 0 24 24\"  fill=\"none\" stroke=\"currentColor\" stroke-width=\"3\" stroke-linecap=\"round\" stroke-linejoin=\"round\" xmlns=\"http:\/\/www.w3.org\/2000\/svg\"  aria-hidden=\"true\"><path d=\"M22 11.08V12a10 10 0 1 1-5.93-9.14\"\/><polyline points=\"22 4 12 14.01 9 11.01\"\/><\/svg><\/span><span class=\"kt-svg-icon-list-text\">La semelle en caoutchouc recycl\u00e9, fabriqu\u00e9e \u00e0 partir de balles de tennis recycl\u00e9es, assure un confort tout au long de la journ\u00e9e. Non seulement elle offre un soutien exceptionnel, mais elle minimise \u00e9galement les d\u00e9chets, s&#8217;alignant ainsi sur les valeurs \u00e9coconscientes.<\/span><\/li>\n\n\n<style>.kt-svg-icon-list-item-17593_476611-fe .kt-svg-icon-list-text mark.kt-highlight{background-color:unset;font-style:normal;color:#f76a0c;-webkit-box-decoration-break:clone;box-decoration-break:clone;padding-top:0px;padding-right:0px;padding-bottom:0px;padding-left:0px;}<\/style>\n<li class=\"wp-block-kadence-listitem kt-svg-icon-list-item-wrap kt-svg-icon-list-item-17593_476611-fe\"><span class=\"kb-svg-icon-wrap kb-svg-icon-fe_checkCircle kt-svg-icon-list-single\"><svg viewBox=\"0 0 24 24\"  fill=\"none\" stroke=\"currentColor\" stroke-width=\"3\" stroke-linecap=\"round\" stroke-linejoin=\"round\" xmlns=\"http:\/\/www.w3.org\/2000\/svg\"  aria-hidden=\"true\"><path d=\"M22 11.08V12a10 10 0 1 1-5.93-9.14\"\/><polyline points=\"22 4 12 14.01 9 11.01\"\/><\/svg><\/span><span class=\"kt-svg-icon-list-text\">Rehaussez votre look avec ces baskets v\u00e9g\u00e9taliennes qui allient sophistication et durabilit\u00e9. Que vous soyez dans la rue ou au bureau, ces baskets sont une d\u00e9claration qui transcende la mode.<\/span><\/li>\n<\/ul><\/div>\n\n\n\n<p>Rejoignez le mouvement de la mode durable avec les London Green Vegan Sneakers. Faites un choix conscient pour le style et la plan\u00e8te, et avancez avec confiance vers un avenir plus brillant et plus vert.<\/p>\n","protected":false},"excerpt":{"rendered":"<p>Voici les London Green Vegan Sneakers, o\u00f9 la mode durable rencontre un style sans effort. Ces baskets v\u00e9ganes montantes red\u00e9finissent les chaussures \u00e9cologiques, offrant un m\u00e9lange de durabilit\u00e9, de sophistication et de responsabilit\u00e9 environnementale. Fabriqu\u00e9es avec pr\u00e9cision \u00e0 partir de Pi\u00f1atex et de cuir de pomme, ces baskets repr\u00e9sentent un engagement en faveur d&#8217;un approvisionnement&#8230;<\/p>\n","protected":false},"featured_media":17590,"comment_status":"open","ping_status":"closed","template":"","meta":{"_acf_changed":false,"_kad_blocks_custom_css":"","_kad_blocks_head_custom_js":"","_kad_blocks_body_custom_js":"","_kad_blocks_footer_custom_js":"","_kad_post_transparent":"","_kad_post_title":"","_kad_post_layout":"","_kad_post_sidebar_id":"","_kad_post_content_style":"","_kad_post_vertical_padding":"","_kad_post_feature":"","_kad_post_feature_position":"","_kad_post_header":false,"_kad_post_footer":false,"_kad_post_classname":""},"product_brand":[],"product_cat":[70,46],"product_tag":[],"product_brands":[],"class_list":{"0":"post-17593","1":"product","2":"type-product","3":"status-publish","4":"has-post-thumbnail","6":"product_cat-sneakers","7":"product_cat-chaussures-vegan","9":"first","10":"outofstock","11":"taxable","12":"shipping-taxable","13":"purchasable","14":"product-type-variable","15":"entry","16":"content-bg","17":"loop-entry"},"acf":{"avantages":"Fabriqu\u00e9es en Pi\u00f1atex et en cuir de pomme, ces baskets offrent des alternatives \u00e9cologiques aux mat\u00e9riaux traditionnels, r\u00e9duisant ainsi l'impact sur l'environnement et favorisant le d\u00e9veloppement durable.\r\n\r\nL'utilisation de mat\u00e9riaux de haute qualit\u00e9 garantit que ces baskets sont con\u00e7ues pour durer, tandis que leur design \u00e9l\u00e9gant ajoute de la sophistication \u00e0 n'importe quelle tenue, ce qui en fait un ajout polyvalent et durable \u00e0 votre garde-robe.\r\n\r\nSemelle confortable et \u00e9cologique : La semelle en caoutchouc recycl\u00e9, fabriqu\u00e9e \u00e0 partir de balles de tennis r\u00e9utilis\u00e9es, offre non seulement un confort exceptionnel, mais r\u00e9duit \u00e9galement les d\u00e9chets en donnant une nouvelle vie \u00e0 des mat\u00e9riaux qui seraient autrement mis au rebut.","entretien":"1. Enlevez La Poussi\u00e8re Ou La Boue Avec Une Brosse Douce Ou Un Chiffon Sec.\r\n\r\n2. Utilisez Un Chiffon Humide Pour Nettoyer L\u2019ensemble De Votre Produit En Frottant Doucement D\u2019un Geste Circulaire.\r\n\r\n3. Nettoyez R\u00e9guli\u00e8rement Votre Chiffon Pour \u00c9viter De R\u00e9pandre La Salet\u00e9\r\n\r\n4. Pour Les T\u00e2ches Difficiles, Utilisez Une Brosse \u00c0 Poils Doux Et De L\u2019eau En Frottant D\u00e9licatement D\u2019un Geste Circulaire.\r\n\r\n5. Laissez S\u00e9cher \u00c0 L\u2019air Libre Avant D\u2019appliquer Une Cr\u00e8me Nettoyante.\r\n\r\n6. Utilisez Une Cr\u00e8me Nettoyante Pour Donner Plus D\u2019\u00e9clat \u00c0 Votre Produit. Mettez Une Noisette De Produit Sur Une Brosse Ou Un Chiffon Doux Et Sec, Puis Faites P\u00e9n\u00e9trer Compl\u00e8tement Dans Le Tissu En Frottant D\u00e9licatement De Mani\u00e8re Circulaire Jusqu\u2019\u00e0 Totale Absorption.\r\n\r\n7. Enfin, Laissez S\u00e9cher \u00c0 L\u2019air Libre Pendant 24 Heures, \u00c0 L\u2019abri De La Lumi\u00e8re Directe Du Soleil.\r\n\r\n<strong>Attention<\/strong>\u00a0:\r\n\r\n\u2022 Ne Mettez Pas Votre Produit En Machine.\r\n\r\n\u2022 Ne L\u2019immergez Pas Dans L\u2019eau, Cela Pourrait Causer Des Dommages Irr\u00e9versibles.\r\n\r\nLorsque Vos Chaussures V\u00e9ganes Ont Atteint Leur Dur\u00e9e De Vie Ou Que Vous N\u2019en Avez Plus Besoin, Envisagez De Leur Donner Une Seconde Vie.\r\n\r\nDonnez-Leur Un Autre Usage Pour Vous-M\u00eame Ou Offrez-Les \u00c0 Quelqu","marque":""},"taxonomy_info":{"product_cat":[{"value":70,"label":"Sneakers"},{"value":46,"label":"Chaussures vegan"}]},"featured_image_src_large":["https:\/\/ekomfort.lu\/wp-content\/uploads\/2024\/05\/London_Green.jpg",700,700,false],"author_info":[],"comment_info":0,"_links":{"self":[{"href":"https:\/\/ekomfort.lu\/de\/wp-json\/wp\/v2\/product\/17593","targetHints":{"allow":["GET"]}}],"collection":[{"href":"https:\/\/ekomfort.lu\/de\/wp-json\/wp\/v2\/product"}],"about":[{"href":"https:\/\/ekomfort.lu\/de\/wp-json\/wp\/v2\/types\/product"}],"replies":[{"embeddable":true,"href":"https:\/\/ekomfort.lu\/de\/wp-json\/wp\/v2\/comments?post=17593"}],"wp:featuredmedia":[{"embeddable":true,"href":"https:\/\/ekomfort.lu\/de\/wp-json\/wp\/v2\/media\/17590"}],"wp:attachment":[{"href":"https:\/\/ekomfort.lu\/de\/wp-json\/wp\/v2\/media?parent=17593"}],"wp:term":[{"taxonomy":"product_brand","embeddable":true,"href":"https:\/\/ekomfort.lu\/de\/wp-json\/wp\/v2\/product_brand?post=17593"},{"taxonomy":"product_cat","embeddable":true,"href":"https:\/\/ekomfort.lu\/de\/wp-json\/wp\/v2\/product_cat?post=17593"},{"taxonomy":"product_tag","embeddable":true,"href":"https:\/\/ekomfort.lu\/de\/wp-json\/wp\/v2\/product_tag?post=17593"},{"taxonomy":"product_brands","embeddable":true,"href":"https:\/\/ekomfort.lu\/de\/wp-json\/wp\/v2\/product_brands?post=17593"}],"curies":[{"name":"wp","href":"https:\/\/api.w.org\/{rel}","templated":true}]}}