{"id":17541,"date":"2024-05-29T09:18:09","date_gmt":"2024-05-29T07:18:09","guid":{"rendered":"https:\/\/ekomfort.lu\/?post_type=product&#038;p=17541"},"modified":"2024-07-04T17:25:53","modified_gmt":"2024-07-04T15:25:53","slug":"isia-black-sandales-veganes-romaines-gladiateur","status":"publish","type":"product","link":"https:\/\/ekomfort.lu\/de\/shop\/isia-black-sandales-veganes-romaines-gladiateur\/","title":{"rendered":"Isia Black sandales v\u00e9ganes romaines gladiateur"},"content":{"rendered":"\n<p>\u00c9levez votre style estival avec les sandales gladiateurs Isia Black Vegan Roman, o\u00f9 la mode sans cruaut\u00e9 rencontre un design innovant. Ces sandales red\u00e9finissent le chic gr\u00e2ce \u00e0 leur esth\u00e9tique minimaliste et intemporelle. Elles sont fabriqu\u00e9es en nobuk v\u00e9g\u00e9talien, un mat\u00e9riau r\u00e9sistant \u00e0 l&#8217;eau, l\u00e9ger et durable. Chaque pas dans ces sandales n&#8217;est pas seulement une d\u00e9claration de mode, mais refl\u00e8te \u00e9galement un engagement en faveur de la durabilit\u00e9 et des pratiques \u00e9thiques. Des sorties d\u00e9contract\u00e9es aux aventures en plein air, les sandales Isia Black associent harmonieusement mode et fonction pour la femme moderne soucieuse de l&#8217;environnement.<\/p>\n\n\n<style>.wp-block-kadence-iconlist.kt-svg-icon-list-items17541_e0f09c-f5:not(.this-stops-third-party-issues){margin-top:0px;margin-bottom:0px;}.wp-block-kadence-iconlist.kt-svg-icon-list-items17541_e0f09c-f5 ul.kt-svg-icon-list:not(.this-prevents-issues):not(.this-stops-third-party-issues):not(.tijsloc){margin-top:0px;margin-right:0px;margin-bottom:var(--global-kb-spacing-sm, 1.5rem);margin-left:0px;}.wp-block-kadence-iconlist.kt-svg-icon-list-items17541_e0f09c-f5 ul.kt-svg-icon-list{grid-row-gap:5px;}.wp-block-kadence-iconlist.kt-svg-icon-list-items17541_e0f09c-f5 .kb-svg-icon-wrap{font-size:18px;color:var(--global-palette1, #3182CE);}.wp-block-kadence-iconlist.kt-svg-icon-list-items17541_e0f09c-f5 ul.kt-svg-icon-list .kt-svg-icon-list-item-wrap .kt-svg-icon-list-single{margin-right:10px;}.kt-svg-icon-list-items17541_e0f09c-f5 ul.kt-svg-icon-list .kt-svg-icon-list-level-0 .kt-svg-icon-list-single svg{font-size:20px;}<\/style>\n<div class=\"wp-block-kadence-iconlist kt-svg-icon-list-items kt-svg-icon-list-items17541_e0f09c-f5 kt-svg-icon-list-columns-1 alignnone\"><ul class=\"kt-svg-icon-list\"><style>.kt-svg-icon-list-item-17541_685f7a-b0 .kt-svg-icon-list-text mark.kt-highlight{background-color:unset;font-style:normal;color:#f76a0c;-webkit-box-decoration-break:clone;box-decoration-break:clone;padding-top:0px;padding-right:0px;padding-bottom:0px;padding-left:0px;}<\/style>\n<li class=\"wp-block-kadence-listitem kt-svg-icon-list-item-wrap kt-svg-icon-list-item-17541_685f7a-b0\"><span class=\"kb-svg-icon-wrap kb-svg-icon-fe_checkCircle kt-svg-icon-list-single\"><svg viewBox=\"0 0 24 24\"  fill=\"none\" stroke=\"currentColor\" stroke-width=\"3\" stroke-linecap=\"round\" stroke-linejoin=\"round\" xmlns=\"http:\/\/www.w3.org\/2000\/svg\"  aria-hidden=\"true\"><path d=\"M22 11.08V12a10 10 0 1 1-5.93-9.14\"\/><polyline points=\"22 4 12 14.01 9 11.01\"\/><\/svg><\/span><span class=\"kt-svg-icon-list-text\">Fabriqu\u00e9es en nobuk v\u00e9g\u00e9talien, ces sandales offrent une alternative sans cruaut\u00e9 au cuir traditionnel. Elles sont r\u00e9sistantes \u00e0 l&#8217;eau, l\u00e9g\u00e8res et durables, sans compromis sur le style ou l&#8217;\u00e9thique.<\/span><\/li>\n\n\n<style>.kt-svg-icon-list-item-17541_29e28a-c2 .kt-svg-icon-list-text mark.kt-highlight{background-color:unset;font-style:normal;color:#f76a0c;-webkit-box-decoration-break:clone;box-decoration-break:clone;padding-top:0px;padding-right:0px;padding-bottom:0px;padding-left:0px;}<\/style>\n<li class=\"wp-block-kadence-listitem kt-svg-icon-list-item-wrap kt-svg-icon-list-item-17541_29e28a-c2\"><span class=\"kb-svg-icon-wrap kb-svg-icon-fe_checkCircle kt-svg-icon-list-single\"><svg viewBox=\"0 0 24 24\"  fill=\"none\" stroke=\"currentColor\" stroke-width=\"3\" stroke-linecap=\"round\" stroke-linejoin=\"round\" xmlns=\"http:\/\/www.w3.org\/2000\/svg\"  aria-hidden=\"true\"><path d=\"M22 11.08V12a10 10 0 1 1-5.93-9.14\"\/><polyline points=\"22 4 12 14.01 9 11.01\"\/><\/svg><\/span><span class=\"kt-svg-icon-list-text\">Exemptes de substances toxiques, ces sandales garantissent confort et s\u00e9curit\u00e9 aux personnes \u00e0 la peau sensible et favorisent la sant\u00e9 et le bien-\u00eatre en g\u00e9n\u00e9ral.<\/span><\/li>\n\n\n<style>.kt-svg-icon-list-item-17541_3d16d0-f2 .kt-svg-icon-list-text mark.kt-highlight{background-color:unset;font-style:normal;color:#f76a0c;-webkit-box-decoration-break:clone;box-decoration-break:clone;padding-top:0px;padding-right:0px;padding-bottom:0px;padding-left:0px;}<\/style>\n<li class=\"wp-block-kadence-listitem kt-svg-icon-list-item-wrap kt-svg-icon-list-item-17541_3d16d0-f2\"><span class=\"kb-svg-icon-wrap kb-svg-icon-fe_checkCircle kt-svg-icon-list-single\"><svg viewBox=\"0 0 24 24\"  fill=\"none\" stroke=\"currentColor\" stroke-width=\"3\" stroke-linecap=\"round\" stroke-linejoin=\"round\" xmlns=\"http:\/\/www.w3.org\/2000\/svg\"  aria-hidden=\"true\"><path d=\"M22 11.08V12a10 10 0 1 1-5.93-9.14\"\/><polyline points=\"22 4 12 14.01 9 11.01\"\/><\/svg><\/span><span class=\"kt-svg-icon-list-text\">Con\u00e7ues pour \u00eatre port\u00e9es toute la journ\u00e9e, ces sandales sont respirantes pour \u00e9viter la surchauffe et la transpiration excessive, tandis que leurs propri\u00e9t\u00e9s antimicrobiennes gardent les pieds frais et sans odeur, garantissant le confort \u00e0 chaque pas.<\/span><\/li>\n<\/ul><\/div>\n\n\n\n<p>Les sandales Isia Black Vegan Roman Gladiator sont synonymes de style et de durabilit\u00e9. Parfaites pour toutes les occasions, ces sandales offrent la combinaison id\u00e9ale d&#8217;un design \u00e0 la pointe de la mode et d&#8217;une fabrication respectueuse de l&#8217;environnement, ce qui en fait un ajout indispensable \u00e0 votre garde-robe d&#8217;\u00e9t\u00e9.<\/p>\n","protected":false},"excerpt":{"rendered":"<p>\u00c9levez votre style estival avec les sandales gladiateurs Isia Black Vegan Roman, o\u00f9 la mode sans cruaut\u00e9 rencontre un design innovant. Ces sandales red\u00e9finissent le chic gr\u00e2ce \u00e0 leur esth\u00e9tique minimaliste et intemporelle. Elles sont fabriqu\u00e9es en nobuk v\u00e9g\u00e9talien, un mat\u00e9riau r\u00e9sistant \u00e0 l&#8217;eau, l\u00e9ger et durable. Chaque pas dans ces sandales n&#8217;est pas seulement&#8230;<\/p>\n","protected":false},"featured_media":17538,"comment_status":"open","ping_status":"closed","template":"","meta":{"_acf_changed":false,"_kad_blocks_custom_css":"","_kad_blocks_head_custom_js":"","_kad_blocks_body_custom_js":"","_kad_blocks_footer_custom_js":"","_kad_post_transparent":"","_kad_post_title":"","_kad_post_layout":"","_kad_post_sidebar_id":"","_kad_post_content_style":"","_kad_post_vertical_padding":"","_kad_post_feature":"","_kad_post_feature_position":"","_kad_post_header":false,"_kad_post_footer":false},"product_brand":[],"product_cat":[72,46],"product_tag":[],"product_brands":[],"class_list":{"0":"post-17541","1":"product","2":"type-product","3":"status-publish","4":"has-post-thumbnail","6":"product_cat-sandales","7":"product_cat-chaussures","9":"first","10":"outofstock","11":"taxable","12":"shipping-taxable","13":"purchasable","14":"product-type-variable","15":"entry","16":"content-bg","17":"loop-entry"},"acf":{"avantages":"Fabriqu\u00e9es en nobuk v\u00e9g\u00e9talien, ces sandales offrent une alternative innovante et sans cruaut\u00e9 au cuir traditionnel. Elles sont r\u00e9sistantes \u00e0 l'eau, l\u00e9g\u00e8res et durables, sans compromis sur le style ou l'\u00e9thique.\r\n\r\nles sandales Isia Black sont hypoallerg\u00e9niques et exemptes de substances toxiques, ce qui garantit confort et s\u00e9curit\u00e9 aux personnes \u00e0 la peau sensible, tout en favorisant la sant\u00e9 et le bien-\u00eatre en g\u00e9n\u00e9ral.\r\n\r\nCon\u00e7ues pour privil\u00e9gier le confort, ces sandales sont respirantes pour \u00e9viter la surchauffe et la transpiration excessive, tandis que leurs propri\u00e9t\u00e9s antimicrobiennes aident \u00e0 pr\u00e9venir le d\u00e9veloppement d'odeurs d\u00e9sagr\u00e9ables, garantissant la fra\u00eecheur \u00e0 chaque pas.","entretien":"1. Enlevez La Poussi\u00e8re Ou La Boue Avec Une Brosse Douce Ou Un Chiffon Sec.\r\n\r\n2. Utilisez Un Chiffon Humide Pour Nettoyer L\u2019ensemble De Votre Produit En Frottant Doucement D\u2019un Geste Circulaire.\r\n\r\n3. Nettoyez R\u00e9guli\u00e8rement Votre Chiffon Pour \u00c9viter De R\u00e9pandre La Salet\u00e9\r\n\r\n4. Pour Les T\u00e2ches Difficiles, Utilisez Une Brosse \u00c0 Poils Doux Et De L\u2019eau En Frottant D\u00e9licatement D\u2019un Geste Circulaire.\r\n\r\n5. Laissez S\u00e9cher \u00c0 L\u2019air Libre Avant D\u2019appliquer Une Cr\u00e8me Nettoyante.\r\n\r\n6. Utilisez Une Cr\u00e8me Nettoyante Pour Donner Plus D\u2019\u00e9clat \u00c0 Votre Produit. Mettez Une Noisette De Produit Sur Une Brosse Ou Un Chiffon Doux Et Sec, Puis Faites P\u00e9n\u00e9trer Compl\u00e8tement Dans Le Tissu En Frottant D\u00e9licatement De Mani\u00e8re Circulaire Jusqu\u2019\u00e0 Totale Absorption.\r\n\r\n7. Enfin, Laissez S\u00e9cher \u00c0 L\u2019air Libre Pendant 24 Heures, \u00c0 L\u2019abri De La Lumi\u00e8re Directe Du Soleil.\r\n\r\n<strong>Attention<\/strong>\u00a0:\r\n\r\n\u2022 Ne Mettez Pas Votre Produit En Machine.\r\n\r\n\u2022 Ne L\u2019immergez Pas Dans L\u2019eau, Cela Pourrait Causer Des Dommages Irr\u00e9versibles.\r\n\r\nLorsque Vos Chaussures V\u00e9ganes Ont Atteint Leur Dur\u00e9e De Vie Ou Que Vous N\u2019en Avez Plus Besoin, Envisagez De Leur Donner Une Seconde Vie.\r\n\r\nDonnez-Leur Un Autre Usage Pour Vous-M\u00eame Ou Offrez-Les \u00c0 Quelqu","marque":""},"_wp_attached_file":null,"_wp_attachment_image_alt":null,"rank_math_facebook_image":null,"rank_math_facebook_image_id":null,"wpml_language":null,"_wp_attachment_metadata":null,"rank_math_focus_keyword":null,"rank_math_title":null,"rank_math_description":null,"taxonomy_info":{"product_cat":[{"value":72,"label":"Sandales"},{"value":46,"label":"Chaussures"}]},"featured_image_src_large":["https:\/\/ekomfort.lu\/wp-content\/uploads\/2024\/05\/Isia_Black-1.jpg",700,700,false],"author_info":[],"comment_info":0,"_links":{"self":[{"href":"https:\/\/ekomfort.lu\/de\/wp-json\/wp\/v2\/product\/17541","targetHints":{"allow":["GET"]}}],"collection":[{"href":"https:\/\/ekomfort.lu\/de\/wp-json\/wp\/v2\/product"}],"about":[{"href":"https:\/\/ekomfort.lu\/de\/wp-json\/wp\/v2\/types\/product"}],"replies":[{"embeddable":true,"href":"https:\/\/ekomfort.lu\/de\/wp-json\/wp\/v2\/comments?post=17541"}],"wp:featuredmedia":[{"embeddable":true,"href":"https:\/\/ekomfort.lu\/de\/wp-json\/wp\/v2\/media\/17538"}],"wp:attachment":[{"href":"https:\/\/ekomfort.lu\/de\/wp-json\/wp\/v2\/media?parent=17541"}],"wp:term":[{"taxonomy":"product_brand","embeddable":true,"href":"https:\/\/ekomfort.lu\/de\/wp-json\/wp\/v2\/product_brand?post=17541"},{"taxonomy":"product_cat","embeddable":true,"href":"https:\/\/ekomfort.lu\/de\/wp-json\/wp\/v2\/product_cat?post=17541"},{"taxonomy":"product_tag","embeddable":true,"href":"https:\/\/ekomfort.lu\/de\/wp-json\/wp\/v2\/product_tag?post=17541"},{"taxonomy":"product_brands","embeddable":true,"href":"https:\/\/ekomfort.lu\/de\/wp-json\/wp\/v2\/product_brands?post=17541"}],"curies":[{"name":"wp","href":"https:\/\/api.w.org\/{rel}","templated":true}]}}