{"id":17515,"date":"2024-05-29T09:17:53","date_gmt":"2024-05-29T07:17:53","guid":{"rendered":"https:\/\/ekomfort.lu\/?post_type=product&#038;p=17515"},"modified":"2024-07-04T17:19:55","modified_gmt":"2024-07-04T15:19:55","slug":"emisa-chaussures-vegetaliennes-noires","status":"publish","type":"product","link":"https:\/\/ekomfort.lu\/de\/shop\/emisa-chaussures-vegetaliennes-noires\/","title":{"rendered":"EMISA  Chaussures v\u00e9g\u00e9taliennes noires"},"content":{"rendered":"\n<p>Voici les chaussures v\u00e9ganes EMISA en noir, o\u00f9 le style s&#8217;allie \u00e0 la durabilit\u00e9 sans effort. Fabriqu\u00e9es m\u00e9ticuleusement dans un luxueux cuir de pomme noir, ces chaussures plates red\u00e9finissent l&#8217;\u00e9l\u00e9gance gr\u00e2ce \u00e0 leur design intemporel et \u00e0 leur construction ouverte, parfaites pour les sorties par temps chaud. Pour ajouter \u00e0 l&#8217;\u00e9l\u00e9gance et \u00e0 la fonctionnalit\u00e9, une bride sur le cou-de-pied assure un ajustement serr\u00e9 et s\u00fbr, vous permettant de marcher avec confiance et confort tout au long de la journ\u00e9e. \u00c9levez votre collection de chaussures avec les chaussures v\u00e9ganes EMISA, con\u00e7ues et fabriqu\u00e9es avec soin pour incarner \u00e0 la fois une mode \u00e9thique et une sophistication chic.<\/p>\n\n\n<style>.wp-block-kadence-iconlist.kt-svg-icon-list-items17515_8011b9-c8:not(.this-stops-third-party-issues){margin-top:0px;margin-bottom:0px;}.wp-block-kadence-iconlist.kt-svg-icon-list-items17515_8011b9-c8 ul.kt-svg-icon-list:not(.this-prevents-issues):not(.this-stops-third-party-issues):not(.tijsloc){margin-top:0px;margin-right:0px;margin-bottom:var(--global-kb-spacing-sm, 1.5rem);margin-left:0px;}.wp-block-kadence-iconlist.kt-svg-icon-list-items17515_8011b9-c8 ul.kt-svg-icon-list{grid-row-gap:5px;}.wp-block-kadence-iconlist.kt-svg-icon-list-items17515_8011b9-c8 .kb-svg-icon-wrap{font-size:18px;color:var(--global-palette1, #3182CE);}.wp-block-kadence-iconlist.kt-svg-icon-list-items17515_8011b9-c8 ul.kt-svg-icon-list .kt-svg-icon-list-item-wrap .kt-svg-icon-list-single{margin-right:10px;}.kt-svg-icon-list-items17515_8011b9-c8 ul.kt-svg-icon-list .kt-svg-icon-list-level-0 .kt-svg-icon-list-single svg{font-size:20px;}<\/style>\n<div class=\"wp-block-kadence-iconlist kt-svg-icon-list-items kt-svg-icon-list-items17515_8011b9-c8 kt-svg-icon-list-columns-1 alignnone\"><ul class=\"kt-svg-icon-list\"><style>.kt-svg-icon-list-item-17515_e04198-e6 .kt-svg-icon-list-text mark.kt-highlight{background-color:unset;font-style:normal;color:#f76a0c;-webkit-box-decoration-break:clone;box-decoration-break:clone;padding-top:0px;padding-right:0px;padding-bottom:0px;padding-left:0px;}<\/style>\n<li class=\"wp-block-kadence-listitem kt-svg-icon-list-item-wrap kt-svg-icon-list-item-17515_e04198-e6\"><span class=\"kb-svg-icon-wrap kb-svg-icon-fe_checkCircle kt-svg-icon-list-single\"><svg viewBox=\"0 0 24 24\"  fill=\"none\" stroke=\"currentColor\" stroke-width=\"3\" stroke-linecap=\"round\" stroke-linejoin=\"round\" xmlns=\"http:\/\/www.w3.org\/2000\/svg\"  aria-hidden=\"true\"><path d=\"M22 11.08V12a10 10 0 1 1-5.93-9.14\"\/><polyline points=\"22 4 12 14.01 9 11.01\"\/><\/svg><\/span><span class=\"kt-svg-icon-list-text\">D\u00e9couvrez l&#8217;indulgence du cuir de pomme noire, offrant une alternative de qualit\u00e9 sup\u00e9rieure et sans cruaut\u00e9 au cuir traditionnel pour un luxe sans culpabilit\u00e9.<\/span><\/li>\n\n\n<style>.kt-svg-icon-list-item-17515_b45cd7-34 .kt-svg-icon-list-text mark.kt-highlight{background-color:unset;font-style:normal;color:#f76a0c;-webkit-box-decoration-break:clone;box-decoration-break:clone;padding-top:0px;padding-right:0px;padding-bottom:0px;padding-left:0px;}<\/style>\n<li class=\"wp-block-kadence-listitem kt-svg-icon-list-item-wrap kt-svg-icon-list-item-17515_b45cd7-34\"><span class=\"kb-svg-icon-wrap kb-svg-icon-fe_checkCircle kt-svg-icon-list-single\"><svg viewBox=\"0 0 24 24\"  fill=\"none\" stroke=\"currentColor\" stroke-width=\"3\" stroke-linecap=\"round\" stroke-linejoin=\"round\" xmlns=\"http:\/\/www.w3.org\/2000\/svg\"  aria-hidden=\"true\"><path d=\"M22 11.08V12a10 10 0 1 1-5.93-9.14\"\/><polyline points=\"22 4 12 14.01 9 11.01\"\/><\/svg><\/span><span class=\"kt-svg-icon-list-text\">Avec leur esth\u00e9tique intemporelle et leur construction ouverte, ces chaussures passent sans probl\u00e8me des sorties d\u00e9contract\u00e9es aux occasions semi-formelles, ce qui en fait un ajout polyvalent \u00e0 toute garde-robe.<\/span><\/li>\n\n\n<style>.kt-svg-icon-list-item-17515_4a753a-7a .kt-svg-icon-list-text mark.kt-highlight{background-color:unset;font-style:normal;color:#f76a0c;-webkit-box-decoration-break:clone;box-decoration-break:clone;padding-top:0px;padding-right:0px;padding-bottom:0px;padding-left:0px;}<\/style>\n<li class=\"wp-block-kadence-listitem kt-svg-icon-list-item-wrap kt-svg-icon-list-item-17515_4a753a-7a\"><span class=\"kb-svg-icon-wrap kb-svg-icon-fe_checkCircle kt-svg-icon-list-single\"><svg viewBox=\"0 0 24 24\"  fill=\"none\" stroke=\"currentColor\" stroke-width=\"3\" stroke-linecap=\"round\" stroke-linejoin=\"round\" xmlns=\"http:\/\/www.w3.org\/2000\/svg\"  aria-hidden=\"true\"><path d=\"M22 11.08V12a10 10 0 1 1-5.93-9.14\"\/><polyline points=\"22 4 12 14.01 9 11.01\"\/><\/svg><\/span><span class=\"kt-svg-icon-list-text\">Dot\u00e9es d&#8217;une bride sur le cou-de-pied, ces chaussures offrent un ajustement confortable et s\u00fbr, vous permettant d&#8217;avancer en toute confiance, quelle que soit votre journ\u00e9e.<\/span><\/li>\n<\/ul><\/div>\n\n\n\n<p>Entrez dans la mode \u00e9thique avec confiance et style gr\u00e2ce aux chaussures v\u00e9ganes EMISA en noir. Faites une d\u00e9claration en faveur de la durabilit\u00e9 sans faire de compromis sur l&#8217;\u00e9l\u00e9gance ou la qualit\u00e9, et entrez dans un avenir plus brillant et plus consciencieux \u00e0 chaque pas.<\/p>\n","protected":false},"excerpt":{"rendered":"<p>Voici les chaussures v\u00e9ganes EMISA en noir, o\u00f9 le style s&#8217;allie \u00e0 la durabilit\u00e9 sans effort. Fabriqu\u00e9es m\u00e9ticuleusement dans un luxueux cuir de pomme noir, ces chaussures plates red\u00e9finissent l&#8217;\u00e9l\u00e9gance gr\u00e2ce \u00e0 leur design intemporel et \u00e0 leur construction ouverte, parfaites pour les sorties par temps chaud. Pour ajouter \u00e0 l&#8217;\u00e9l\u00e9gance et \u00e0 la fonctionnalit\u00e9,&#8230;<\/p>\n","protected":false},"featured_media":17512,"comment_status":"open","ping_status":"closed","template":"","meta":{"_acf_changed":false,"_kad_blocks_custom_css":"","_kad_blocks_head_custom_js":"","_kad_blocks_body_custom_js":"","_kad_blocks_footer_custom_js":"","_kad_post_transparent":"","_kad_post_title":"","_kad_post_layout":"","_kad_post_sidebar_id":"","_kad_post_content_style":"","_kad_post_vertical_padding":"","_kad_post_feature":"","_kad_post_feature_position":"","_kad_post_header":false,"_kad_post_footer":false,"_kad_post_classname":""},"product_brand":[],"product_cat":[705,46],"product_tag":[],"product_brands":[],"class_list":{"0":"post-17515","1":"product","2":"type-product","3":"status-publish","4":"has-post-thumbnail","6":"product_cat-chaussures-plates","7":"product_cat-chaussures-vegan","9":"first","10":"outofstock","11":"taxable","12":"shipping-taxable","13":"purchasable","14":"product-type-variable","15":"entry","16":"content-bg","17":"loop-entry"},"acf":{"avantages":"Fabriqu\u00e9es en cuir de pomme noir, ces chaussures offrent une alternative de haute qualit\u00e9 et sans cruaut\u00e9 au cuir traditionnel.\r\n\r\nAvec leur construction ouverte, elles conviennent \u00e0 toutes les occasions, de la tenue d\u00e9contract\u00e9e \u00e0 la tenue semi-formelle.\r\n\r\nDot\u00e9es d'une bride sur le cou-de-pied, elles assurent un maintien s\u00fbr et confortable tout au long de la journ\u00e9e.","entretien":"1. Enlevez La Poussi\u00e8re Ou La Boue Avec Une Brosse Douce Ou Un Chiffon Sec.\r\n\r\n2. Utilisez Un Chiffon Humide Pour Nettoyer L\u2019ensemble De Votre Produit En Frottant Doucement D\u2019un Geste Circulaire.\r\n\r\n3. Nettoyez R\u00e9guli\u00e8rement Votre Chiffon Pour \u00c9viter De R\u00e9pandre La Salet\u00e9\r\n\r\n4. Pour Les T\u00e2ches Difficiles, Utilisez Une Brosse \u00c0 Poils Doux Et De L\u2019eau En Frottant D\u00e9licatement D\u2019un Geste Circulaire.\r\n\r\n5. Laissez S\u00e9cher \u00c0 L\u2019air Libre Avant D\u2019appliquer Une Cr\u00e8me Nettoyante.\r\n\r\n6. Utilisez Une Cr\u00e8me Nettoyante Pour Donner Plus D\u2019\u00e9clat \u00c0 Votre Produit. Mettez Une Noisette De Produit Sur Une Brosse Ou Un Chiffon Doux Et Sec, Puis Faites P\u00e9n\u00e9trer Compl\u00e8tement Dans Le Tissu En Frottant D\u00e9licatement De Mani\u00e8re Circulaire Jusqu\u2019\u00e0 Totale Absorption.\r\n\r\n7. Enfin, Laissez S\u00e9cher \u00c0 L\u2019air Libre Pendant 24 Heures, \u00c0 L\u2019abri De La Lumi\u00e8re Directe Du Soleil.\r\n\r\n<strong>Attention<\/strong>\u00a0:\r\n\r\n\u2022 Ne Mettez Pas Votre Produit En Machine.\r\n\r\n\u2022 Ne L\u2019immergez Pas Dans L\u2019eau, Cela Pourrait Causer Des Dommages Irr\u00e9versibles.\r\n\r\nLorsque Vos Chaussures V\u00e9ganes Ont Atteint Leur Dur\u00e9e De Vie Ou Que Vous N\u2019en Avez Plus Besoin, Envisagez De Leur Donner Une Seconde Vie.\r\n\r\nDonnez-Leur Un Autre Usage Pour Vous-M\u00eame Ou Offrez-Les \u00c0 Quelqu","marque":""},"taxonomy_info":{"product_cat":[{"value":705,"label":"Chaussures plates"},{"value":46,"label":"Chaussures vegan"}]},"featured_image_src_large":["https:\/\/ekomfort.lu\/wp-content\/uploads\/2024\/05\/Emisa_Black-1.jpg",700,700,false],"author_info":[],"comment_info":0,"_links":{"self":[{"href":"https:\/\/ekomfort.lu\/de\/wp-json\/wp\/v2\/product\/17515","targetHints":{"allow":["GET"]}}],"collection":[{"href":"https:\/\/ekomfort.lu\/de\/wp-json\/wp\/v2\/product"}],"about":[{"href":"https:\/\/ekomfort.lu\/de\/wp-json\/wp\/v2\/types\/product"}],"replies":[{"embeddable":true,"href":"https:\/\/ekomfort.lu\/de\/wp-json\/wp\/v2\/comments?post=17515"}],"wp:featuredmedia":[{"embeddable":true,"href":"https:\/\/ekomfort.lu\/de\/wp-json\/wp\/v2\/media\/17512"}],"wp:attachment":[{"href":"https:\/\/ekomfort.lu\/de\/wp-json\/wp\/v2\/media?parent=17515"}],"wp:term":[{"taxonomy":"product_brand","embeddable":true,"href":"https:\/\/ekomfort.lu\/de\/wp-json\/wp\/v2\/product_brand?post=17515"},{"taxonomy":"product_cat","embeddable":true,"href":"https:\/\/ekomfort.lu\/de\/wp-json\/wp\/v2\/product_cat?post=17515"},{"taxonomy":"product_tag","embeddable":true,"href":"https:\/\/ekomfort.lu\/de\/wp-json\/wp\/v2\/product_tag?post=17515"},{"taxonomy":"product_brands","embeddable":true,"href":"https:\/\/ekomfort.lu\/de\/wp-json\/wp\/v2\/product_brands?post=17515"}],"curies":[{"name":"wp","href":"https:\/\/api.w.org\/{rel}","templated":true}]}}