{"id":17440,"date":"2024-05-29T09:13:17","date_gmt":"2024-05-29T07:13:17","guid":{"rendered":"https:\/\/ekomfort.lu\/?post_type=product&#038;p=17440"},"modified":"2024-07-19T16:08:58","modified_gmt":"2024-07-19T14:08:58","slug":"emil-chaussures-vegan-marron","status":"publish","type":"product","link":"https:\/\/ekomfort.lu\/de\/shop\/emil-chaussures-vegan-marron\/","title":{"rendered":"EMIL Chaussures Vegan Marron"},"content":{"rendered":"\n<p>Voici EMIL Vegan Shoes Brown, o\u00f9 la sophistication classique rencontre l&#8217;artisanat respectueux de l&#8217;environnement. Ces chaussures derby distingu\u00e9es pour homme sont m\u00e9ticuleusement fabriqu\u00e9es \u00e0 la main \u00e0 partir de mat\u00e9riaux en li\u00e8ge r\u00e9sistants, garantissant \u00e0 la fois une \u00e9l\u00e9gance intemporelle et une durabilit\u00e9 \u00e0 chaque \u00e9tape.Les accents de li\u00e8ge naturel et chocolat ajoutent une touche de raffinement \u00e0 ces chaussures, c\u00e9l\u00e9brant la beaut\u00e9 de la nature tout en faisant une d\u00e9claration audacieuse en faveur d&#8217;une mode \u00e9thique. \u00c9levez votre collection de chaussures avec EMIL, o\u00f9 le style, le confort et la responsabilit\u00e9 environnementale convergent de mani\u00e8re transparente.<\/p>\n\n\n<style>.wp-block-kadence-iconlist.kt-svg-icon-list-items17440_5896ca-82:not(.this-stops-third-party-issues){margin-top:0px;margin-bottom:0px;}.wp-block-kadence-iconlist.kt-svg-icon-list-items17440_5896ca-82 ul.kt-svg-icon-list:not(.this-prevents-issues):not(.this-stops-third-party-issues):not(.tijsloc){margin-top:0px;margin-right:0px;margin-bottom:var(--global-kb-spacing-sm, 1.5rem);margin-left:0px;}.wp-block-kadence-iconlist.kt-svg-icon-list-items17440_5896ca-82 ul.kt-svg-icon-list{grid-row-gap:5px;}.wp-block-kadence-iconlist.kt-svg-icon-list-items17440_5896ca-82 .kb-svg-icon-wrap{font-size:18px;color:var(--global-palette1, #3182CE);}.wp-block-kadence-iconlist.kt-svg-icon-list-items17440_5896ca-82 ul.kt-svg-icon-list .kt-svg-icon-list-item-wrap .kt-svg-icon-list-single{margin-right:10px;}.kt-svg-icon-list-items17440_5896ca-82 ul.kt-svg-icon-list .kt-svg-icon-list-level-0 .kt-svg-icon-list-single svg{font-size:20px;}<\/style>\n<div class=\"wp-block-kadence-iconlist kt-svg-icon-list-items kt-svg-icon-list-items17440_5896ca-82 kt-svg-icon-list-columns-1 alignnone\"><ul class=\"kt-svg-icon-list\"><style>.kt-svg-icon-list-item-17440_788d70-e1 .kt-svg-icon-list-text mark.kt-highlight{background-color:unset;font-style:normal;color:#f76a0c;-webkit-box-decoration-break:clone;box-decoration-break:clone;padding-top:0px;padding-right:0px;padding-bottom:0px;padding-left:0px;}<\/style>\n<li class=\"wp-block-kadence-listitem kt-svg-icon-list-item-wrap kt-svg-icon-list-item-17440_788d70-e1\"><span class=\"kb-svg-icon-wrap kb-svg-icon-fe_checkCircle kt-svg-icon-list-single\"><svg viewBox=\"0 0 24 24\"  fill=\"none\" stroke=\"currentColor\" stroke-width=\"3\" stroke-linecap=\"round\" stroke-linejoin=\"round\" xmlns=\"http:\/\/www.w3.org\/2000\/svg\"  aria-hidden=\"true\"><path d=\"M22 11.08V12a10 10 0 1 1-5.93-9.14\"\/><polyline points=\"22 4 12 14.01 9 11.01\"\/><\/svg><\/span><span class=\"kt-svg-icon-list-text\">Enti\u00e8rement fabriqu\u00e9es en li\u00e8ge, ces chaussures offrent une alternative \u00e9cologique au cuir traditionnel, r\u00e9duisant ainsi l&#8217;empreinte \u00e9cologique associ\u00e9e \u00e0 la production de chaussures.<\/span><\/li>\n\n\n<style>.kt-svg-icon-list-item-17440_0eae8c-2d .kt-svg-icon-list-text mark.kt-highlight{background-color:unset;font-style:normal;color:#f76a0c;-webkit-box-decoration-break:clone;box-decoration-break:clone;padding-top:0px;padding-right:0px;padding-bottom:0px;padding-left:0px;}<\/style>\n<li class=\"wp-block-kadence-listitem kt-svg-icon-list-item-wrap kt-svg-icon-list-item-17440_0eae8c-2d\"><span class=\"kb-svg-icon-wrap kb-svg-icon-fe_checkCircle kt-svg-icon-list-single\"><svg viewBox=\"0 0 24 24\"  fill=\"none\" stroke=\"currentColor\" stroke-width=\"3\" stroke-linecap=\"round\" stroke-linejoin=\"round\" xmlns=\"http:\/\/www.w3.org\/2000\/svg\"  aria-hidden=\"true\"><path d=\"M22 11.08V12a10 10 0 1 1-5.93-9.14\"\/><polyline points=\"22 4 12 14.01 9 11.01\"\/><\/svg><\/span><span class=\"kt-svg-icon-list-text\">Fabriqu\u00e9es \u00e0 partir de li\u00e8ge r\u00e9sistant, ces chaussures derby pr\u00e9sentent un design intemporel qui transcende les tendances, garantissant un port durable et une polyvalence pour diverses occasions et tenues.<\/span><\/li>\n\n\n<style>.kt-svg-icon-list-item-17440_b86e04-9c .kt-svg-icon-list-text mark.kt-highlight{background-color:unset;font-style:normal;color:#f76a0c;-webkit-box-decoration-break:clone;box-decoration-break:clone;padding-top:0px;padding-right:0px;padding-bottom:0px;padding-left:0px;}<\/style>\n<li class=\"wp-block-kadence-listitem kt-svg-icon-list-item-wrap kt-svg-icon-list-item-17440_b86e04-9c\"><span class=\"kb-svg-icon-wrap kb-svg-icon-fe_checkCircle kt-svg-icon-list-single\"><svg viewBox=\"0 0 24 24\"  fill=\"none\" stroke=\"currentColor\" stroke-width=\"3\" stroke-linecap=\"round\" stroke-linejoin=\"round\" xmlns=\"http:\/\/www.w3.org\/2000\/svg\"  aria-hidden=\"true\"><path d=\"M22 11.08V12a10 10 0 1 1-5.93-9.14\"\/><polyline points=\"22 4 12 14.01 9 11.01\"\/><\/svg><\/span><span class=\"kt-svg-icon-list-text\">EMIL Vegan Shoes Brown privil\u00e9gie \u00e0 la fois le style et la durabilit\u00e9, offrant aux porteurs le m\u00e9lange parfait de confort, de raffinement et de conscience \u00e9cologique, ce qui en fait un choix sophistiqu\u00e9 pour le gentleman moderne.<\/span><\/li>\n<\/ul><\/div>\n\n\n\n<p>Entrez dans l&#8217;avenir de la chaussure avec les EMIL Vegan Shoes Brown. Faites une d\u00e9claration en faveur de la mode \u00e9thique sans faire de compromis sur le style ou la qualit\u00e9, et marchez en toute confiance en sachant que chaque pas que vous faites est un pas vers un monde plus durable.<\/p>\n","protected":false},"excerpt":{"rendered":"<p>Voici EMIL Vegan Shoes Brown, o\u00f9 la sophistication classique rencontre l&#8217;artisanat respectueux de l&#8217;environnement. Ces chaussures derby distingu\u00e9es pour homme sont m\u00e9ticuleusement fabriqu\u00e9es \u00e0 la main \u00e0 partir de mat\u00e9riaux en li\u00e8ge r\u00e9sistants, garantissant \u00e0 la fois une \u00e9l\u00e9gance intemporelle et une durabilit\u00e9 \u00e0 chaque \u00e9tape.Les accents de li\u00e8ge naturel et chocolat ajoutent une touche&#8230;<\/p>\n","protected":false},"featured_media":17437,"comment_status":"open","ping_status":"closed","template":"","meta":{"_acf_changed":false,"_kad_blocks_custom_css":"","_kad_blocks_head_custom_js":"","_kad_blocks_body_custom_js":"","_kad_blocks_footer_custom_js":"","_kad_post_transparent":"","_kad_post_title":"","_kad_post_layout":"","_kad_post_sidebar_id":"","_kad_post_content_style":"","_kad_post_vertical_padding":"","_kad_post_feature":"","_kad_post_feature_position":"","_kad_post_header":false,"_kad_post_footer":false,"_kad_post_classname":""},"product_brand":[],"product_cat":[705,46],"product_tag":[],"product_brands":[],"class_list":{"0":"post-17440","1":"product","2":"type-product","3":"status-publish","4":"has-post-thumbnail","6":"product_cat-chaussures-plates","7":"product_cat-chaussures-vegan","9":"first","10":"outofstock","11":"taxable","12":"shipping-taxable","13":"purchasable","14":"product-type-variable","15":"entry","16":"content-bg","17":"loop-entry"},"acf":{"avantages":"Enti\u00e8rement fabriqu\u00e9es en li\u00e8ge, ces chaussures offrent une alternative \u00e9cologique au cuir traditionnel, r\u00e9duisant l'empreinte \u00e9cologique associ\u00e9e \u00e0 la production de chaussures tout en conservant style et qualit\u00e9.\r\n\r\nFabriqu\u00e9es en li\u00e8ge durable, ces chaussures derby affichent une \u00e9l\u00e9gance intemporelle qui transcende les tendances, garantissant un port durable et une polyvalence pour diverses occasions et tenues.\r\n\r\nBien qu'elles soient respectueuses de l'environnement, ces chaussures v\u00e9g\u00e9taliennes ne font aucun compromis sur le confort ou le style, offrant aux porteurs une mode \u00e9thique et un go\u00fbt raffin\u00e9, ce qui en fait un ajout sophistiqu\u00e9 \u00e0 toute collection de chaussures.","entretien":"1. Enlevez La Poussi\u00e8re Ou La Boue Avec Une Brosse Douce Ou Un Chiffon Sec.\r\n\r\n2. Utilisez Un Chiffon Humide Pour Nettoyer L\u2019ensemble De Votre Produit En Frottant Doucement D\u2019un Geste Circulaire.\r\n\r\n3. Nettoyez R\u00e9guli\u00e8rement Votre Chiffon Pour \u00c9viter De R\u00e9pandre La Salet\u00e9\r\n\r\n4. Pour Les T\u00e2ches Difficiles, Utilisez Une Brosse \u00c0 Poils Doux Et De L\u2019eau En Frottant D\u00e9licatement D\u2019un Geste Circulaire.\r\n\r\n5. Laissez S\u00e9cher \u00c0 L\u2019air Libre Avant D\u2019appliquer Une Cr\u00e8me Nettoyante.\r\n\r\n6. Utilisez Une Cr\u00e8me Nettoyante Pour Donner Plus D\u2019\u00e9clat \u00c0 Votre Produit. Mettez Une Noisette De Produit Sur Une Brosse Ou Un Chiffon Doux Et Sec, Puis Faites P\u00e9n\u00e9trer Compl\u00e8tement Dans Le Tissu En Frottant D\u00e9licatement De Mani\u00e8re Circulaire Jusqu\u2019\u00e0 Totale Absorption.\r\n\r\n7. Enfin, Laissez S\u00e9cher \u00c0 L\u2019air Libre Pendant 24 Heures, \u00c0 L\u2019abri De La Lumi\u00e8re Directe Du Soleil.\r\n\r\n<strong>Attention<\/strong>\u00a0:\r\n\r\n\u2022 Ne Mettez Pas Votre Produit En Machine.\r\n\r\n\u2022 Ne L\u2019immergez Pas Dans L\u2019eau, Cela Pourrait Causer Des Dommages Irr\u00e9versibles.\r\n\r\nLorsque Vos Chaussures V\u00e9ganes Ont Atteint Leur Dur\u00e9e De Vie Ou Que Vous N\u2019en Avez Plus Besoin, Envisagez De Leur Donner Une Seconde Vie.\r\n\r\nDonnez-Leur Un Autre Usage Pour Vous-M\u00eame Ou Offrez-Les \u00c0 Quelqu","marque":""},"taxonomy_info":{"product_cat":[{"value":705,"label":"Chaussures plates"},{"value":46,"label":"Chaussures vegan"}]},"featured_image_src_large":["https:\/\/ekomfort.lu\/wp-content\/uploads\/2024\/05\/Emil_Brown.jpg",700,700,false],"author_info":[],"comment_info":0,"_links":{"self":[{"href":"https:\/\/ekomfort.lu\/de\/wp-json\/wp\/v2\/product\/17440","targetHints":{"allow":["GET"]}}],"collection":[{"href":"https:\/\/ekomfort.lu\/de\/wp-json\/wp\/v2\/product"}],"about":[{"href":"https:\/\/ekomfort.lu\/de\/wp-json\/wp\/v2\/types\/product"}],"replies":[{"embeddable":true,"href":"https:\/\/ekomfort.lu\/de\/wp-json\/wp\/v2\/comments?post=17440"}],"wp:featuredmedia":[{"embeddable":true,"href":"https:\/\/ekomfort.lu\/de\/wp-json\/wp\/v2\/media\/17437"}],"wp:attachment":[{"href":"https:\/\/ekomfort.lu\/de\/wp-json\/wp\/v2\/media?parent=17440"}],"wp:term":[{"taxonomy":"product_brand","embeddable":true,"href":"https:\/\/ekomfort.lu\/de\/wp-json\/wp\/v2\/product_brand?post=17440"},{"taxonomy":"product_cat","embeddable":true,"href":"https:\/\/ekomfort.lu\/de\/wp-json\/wp\/v2\/product_cat?post=17440"},{"taxonomy":"product_tag","embeddable":true,"href":"https:\/\/ekomfort.lu\/de\/wp-json\/wp\/v2\/product_tag?post=17440"},{"taxonomy":"product_brands","embeddable":true,"href":"https:\/\/ekomfort.lu\/de\/wp-json\/wp\/v2\/product_brands?post=17440"}],"curies":[{"name":"wp","href":"https:\/\/api.w.org\/{rel}","templated":true}]}}