{"id":17427,"date":"2024-05-29T09:13:08","date_gmt":"2024-05-29T07:13:08","guid":{"rendered":"https:\/\/ekomfort.lu\/?post_type=product&#038;p=17427"},"modified":"2024-07-20T10:20:40","modified_gmt":"2024-07-20T08:20:40","slug":"elias-chaussures-vegan-noires","status":"publish","type":"product","link":"https:\/\/ekomfort.lu\/de\/shop\/elias-chaussures-vegan-noires\/","title":{"rendered":"ELIAS Chaussures Vegan Noires"},"content":{"rendered":"\n<p>Voici les chaussures v\u00e9ganes noires ELIAS, o\u00f9 l&#8217;innovation rencontre la conscience dans la chaussure. \u00c9levez votre style avec notre chaussure derby avant-gardiste pour homme, m\u00e9ticuleusement con\u00e7ue avec l&#8217;innovation et la durabilit\u00e9 \u00e0 l&#8217;esprit. Fabriqu\u00e9es en microfibre de ma\u00efs de premi\u00e8re qualit\u00e9, chaque pas que vous faites dans ces chaussures t\u00e9moigne de votre engagement en faveur de la mode \u00e9thique et de la durabilit\u00e9.<\/p>\n\n\n\n<p>Nos chaussures v\u00e9g\u00e9taliennes red\u00e9finissent le luxe, offrant une alternative sans cruaut\u00e9, sans compromis sur le style ou le confort. L&#8217;utilisation de microfibres de ma\u00efs garantit non seulement une sensation de douceur et de souplesse, mais refl\u00e8te \u00e9galement un effort conscient de r\u00e9duction de l&#8217;impact sur l&#8217;environnement. Entrez avec confiance dans l&#8217;avenir de la mode, en sachant que chaque pas que vous faites soutient des pratiques \u00e9thiques et des choix respectueux de l&#8217;environnement.<\/p>\n\n\n<style>.wp-block-kadence-iconlist.kt-svg-icon-list-items17427_eb7c51-a3:not(.this-stops-third-party-issues){margin-top:0px;margin-bottom:0px;}.wp-block-kadence-iconlist.kt-svg-icon-list-items17427_eb7c51-a3 ul.kt-svg-icon-list:not(.this-prevents-issues):not(.this-stops-third-party-issues):not(.tijsloc){margin-top:0px;margin-right:0px;margin-bottom:var(--global-kb-spacing-sm, 1.5rem);margin-left:0px;}.wp-block-kadence-iconlist.kt-svg-icon-list-items17427_eb7c51-a3 ul.kt-svg-icon-list{grid-row-gap:5px;}.wp-block-kadence-iconlist.kt-svg-icon-list-items17427_eb7c51-a3 .kb-svg-icon-wrap{font-size:18px;color:var(--global-palette1, #3182CE);}.wp-block-kadence-iconlist.kt-svg-icon-list-items17427_eb7c51-a3 ul.kt-svg-icon-list .kt-svg-icon-list-item-wrap .kt-svg-icon-list-single{margin-right:10px;}.kt-svg-icon-list-items17427_eb7c51-a3 ul.kt-svg-icon-list .kt-svg-icon-list-level-0 .kt-svg-icon-list-single svg{font-size:20px;}<\/style>\n<div class=\"wp-block-kadence-iconlist kt-svg-icon-list-items kt-svg-icon-list-items17427_eb7c51-a3 kt-svg-icon-list-columns-1 alignnone\"><ul class=\"kt-svg-icon-list\"><style>.kt-svg-icon-list-item-17427_0b0801-c3 .kt-svg-icon-list-text mark.kt-highlight{background-color:unset;font-style:normal;color:#f76a0c;-webkit-box-decoration-break:clone;box-decoration-break:clone;padding-top:0px;padding-right:0px;padding-bottom:0px;padding-left:0px;}<\/style>\n<li class=\"wp-block-kadence-listitem kt-svg-icon-list-item-wrap kt-svg-icon-list-item-17427_0b0801-c3\"><span class=\"kb-svg-icon-wrap kb-svg-icon-fe_checkCircle kt-svg-icon-list-single\"><svg viewBox=\"0 0 24 24\"  fill=\"none\" stroke=\"currentColor\" stroke-width=\"3\" stroke-linecap=\"round\" stroke-linejoin=\"round\" xmlns=\"http:\/\/www.w3.org\/2000\/svg\"  aria-hidden=\"true\"><path d=\"M22 11.08V12a10 10 0 1 1-5.93-9.14\"\/><polyline points=\"22 4 12 14.01 9 11.01\"\/><\/svg><\/span><span class=\"kt-svg-icon-list-text\">Production \u00e9thique : En optant pour nos chaussures v\u00e9g\u00e9taliennes, vous contribuez au mouvement contre la cruaut\u00e9 envers les animaux, tout en profitant de la sophistication du style derby classique.<\/span><\/li>\n\n\n<style>.kt-svg-icon-list-item-17427_ba8262-52 .kt-svg-icon-list-text mark.kt-highlight{background-color:unset;font-style:normal;color:#f76a0c;-webkit-box-decoration-break:clone;box-decoration-break:clone;padding-top:0px;padding-right:0px;padding-bottom:0px;padding-left:0px;}<\/style>\n<li class=\"wp-block-kadence-listitem kt-svg-icon-list-item-wrap kt-svg-icon-list-item-17427_ba8262-52\"><span class=\"kb-svg-icon-wrap kb-svg-icon-fe_checkCircle kt-svg-icon-list-single\"><svg viewBox=\"0 0 24 24\"  fill=\"none\" stroke=\"currentColor\" stroke-width=\"3\" stroke-linecap=\"round\" stroke-linejoin=\"round\" xmlns=\"http:\/\/www.w3.org\/2000\/svg\"  aria-hidden=\"true\"><path d=\"M22 11.08V12a10 10 0 1 1-5.93-9.14\"\/><polyline points=\"22 4 12 14.01 9 11.01\"\/><\/svg><\/span><span class=\"kt-svg-icon-list-text\">Mat\u00e9riaux durables : Fabriqu\u00e9es \u00e0 partir de microfibres de ma\u00efs renouvelables, nos chaussures adoptent des solutions \u00e9cologiques, r\u00e9duisant l&#8217;empreinte carbone sans sacrifier la qualit\u00e9 ou l&#8217;esth\u00e9tique.<\/span><\/li>\n\n\n<style>.kt-svg-icon-list-item-17427_d4e3f0-5c .kt-svg-icon-list-text mark.kt-highlight{background-color:unset;font-style:normal;color:#f76a0c;-webkit-box-decoration-break:clone;box-decoration-break:clone;padding-top:0px;padding-right:0px;padding-bottom:0px;padding-left:0px;}<\/style>\n<li class=\"wp-block-kadence-listitem kt-svg-icon-list-item-wrap kt-svg-icon-list-item-17427_d4e3f0-5c\"><span class=\"kb-svg-icon-wrap kb-svg-icon-fe_checkCircle kt-svg-icon-list-single\"><svg viewBox=\"0 0 24 24\"  fill=\"none\" stroke=\"currentColor\" stroke-width=\"3\" stroke-linecap=\"round\" stroke-linejoin=\"round\" xmlns=\"http:\/\/www.w3.org\/2000\/svg\"  aria-hidden=\"true\"><path d=\"M22 11.08V12a10 10 0 1 1-5.93-9.14\"\/><polyline points=\"22 4 12 14.01 9 11.01\"\/><\/svg><\/span><span class=\"kt-svg-icon-list-text\">Design unique : D\u00e9marquez-vous avec la texture distincte et la silhouette moderne de nos chaussures ELIAS Black Vegan. Chaque paire incarne un m\u00e9lange de style, d&#8217;innovation et de durabilit\u00e9, ce qui en fait une pi\u00e8ce de choix pour le consommateur conscient.<\/span><\/li>\n<\/ul><\/div>\n\n\n\n<p>Rehaussez votre garde-robe avec les chaussures v\u00e9ganes noires ELIAS, o\u00f9 le style, l&#8217;innovation et la durabilit\u00e9 convergent pour red\u00e9finir la chaussure de luxe. Faites un choix conscient pour la plan\u00e8te sans compromettre la sophistication. Faites un pas vers un avenir meilleur \u00e0 chaque fois que vous les portez.<\/p>\n","protected":false},"excerpt":{"rendered":"<p>Voici les chaussures v\u00e9ganes noires ELIAS, o\u00f9 l&#8217;innovation rencontre la conscience dans la chaussure. \u00c9levez votre style avec notre chaussure derby avant-gardiste pour homme, m\u00e9ticuleusement con\u00e7ue avec l&#8217;innovation et la durabilit\u00e9 \u00e0 l&#8217;esprit. Fabriqu\u00e9es en microfibre de ma\u00efs de premi\u00e8re qualit\u00e9, chaque pas que vous faites dans ces chaussures t\u00e9moigne de votre engagement en faveur&#8230;<\/p>\n","protected":false},"featured_media":17424,"comment_status":"open","ping_status":"closed","template":"","meta":{"_acf_changed":false,"_kad_blocks_custom_css":"","_kad_blocks_head_custom_js":"","_kad_blocks_body_custom_js":"","_kad_blocks_footer_custom_js":"","_kad_post_transparent":"","_kad_post_title":"","_kad_post_layout":"","_kad_post_sidebar_id":"","_kad_post_content_style":"","_kad_post_vertical_padding":"","_kad_post_feature":"","_kad_post_feature_position":"","_kad_post_header":false,"_kad_post_footer":false,"_kad_post_classname":""},"product_brand":[],"product_cat":[705,46],"product_tag":[],"product_brands":[],"class_list":{"0":"post-17427","1":"product","2":"type-product","3":"status-publish","4":"has-post-thumbnail","6":"product_cat-chaussures-plates","7":"product_cat-chaussures-vegan","9":"first","10":"instock","11":"taxable","12":"shipping-taxable","13":"purchasable","14":"product-type-variable","15":"entry","16":"content-bg","17":"loop-entry"},"acf":{"avantages":"Fabriqu\u00e9es en microfibre de ma\u00efs, ces chaussures offrent une alternative sans cruaut\u00e9, en conservant le style sans nuire aux animaux.\r\n\r\nFabriqu\u00e9es \u00e0 partir de microfibres de ma\u00efs renouvelables, ces chaussures soutiennent les efforts de d\u00e9veloppement durable en r\u00e9duisant la d\u00e9pendance \u00e0 l'\u00e9gard des ressources non renouvelables.\r\n\r\nGr\u00e2ce \u00e0 leur texture distinctive, ces chaussures pr\u00e9sentent un aspect moderne, ce qui en fait un choix \u00e9l\u00e9gant pour les personnes \u00e0 la pointe de la mode.","entretien":"1. Enlevez La Poussi\u00e8re Ou La Boue Avec Une Brosse Douce Ou Un Chiffon Sec.\r\n\r\n2. Utilisez Un Chiffon Humide Pour Nettoyer L\u2019ensemble De Votre Produit En Frottant Doucement D\u2019un Geste Circulaire.\r\n\r\n3. Nettoyez R\u00e9guli\u00e8rement Votre Chiffon Pour \u00c9viter De R\u00e9pandre La Salet\u00e9\r\n\r\n4. Pour Les T\u00e2ches Difficiles, Utilisez Une Brosse \u00c0 Poils Doux Et De L\u2019eau En Frottant D\u00e9licatement D\u2019un Geste Circulaire.\r\n\r\n5. Laissez S\u00e9cher \u00c0 L\u2019air Libre Avant D\u2019appliquer Une Cr\u00e8me Nettoyante.\r\n\r\n6. Utilisez Une Cr\u00e8me Nettoyante Pour Donner Plus D\u2019\u00e9clat \u00c0 Votre Produit. Mettez Une Noisette De Produit Sur Une Brosse Ou Un Chiffon Doux Et Sec, Puis Faites P\u00e9n\u00e9trer Compl\u00e8tement Dans Le Tissu En Frottant D\u00e9licatement De Mani\u00e8re Circulaire Jusqu\u2019\u00e0 Totale Absorption.\r\n\r\n7. Enfin, Laissez S\u00e9cher \u00c0 L\u2019air Libre Pendant 24 Heures, \u00c0 L\u2019abri De La Lumi\u00e8re Directe Du Soleil.\r\n\r\n<strong>Attention<\/strong>\u00a0:\r\n\r\n\u2022 Ne Mettez Pas Votre Produit En Machine.\r\n\r\n\u2022 Ne L\u2019immergez Pas Dans L\u2019eau, Cela Pourrait Causer Des Dommages Irr\u00e9versibles.\r\n\r\nLorsque Vos Chaussures V\u00e9ganes Ont Atteint Leur Dur\u00e9e De Vie Ou Que Vous N\u2019en Avez Plus Besoin, Envisagez De Leur Donner Une Seconde Vie.\r\n\r\nDonnez-Leur Un Autre Usage Pour Vous-M\u00eame Ou Offrez-Les \u00c0 Quelqu","marque":""},"taxonomy_info":{"product_cat":[{"value":705,"label":"Chaussures plates"},{"value":46,"label":"Chaussures vegan"}]},"featured_image_src_large":["https:\/\/ekomfort.lu\/wp-content\/uploads\/2024\/05\/Elias_Black.jpg",700,700,false],"author_info":[],"comment_info":0,"_links":{"self":[{"href":"https:\/\/ekomfort.lu\/de\/wp-json\/wp\/v2\/product\/17427","targetHints":{"allow":["GET"]}}],"collection":[{"href":"https:\/\/ekomfort.lu\/de\/wp-json\/wp\/v2\/product"}],"about":[{"href":"https:\/\/ekomfort.lu\/de\/wp-json\/wp\/v2\/types\/product"}],"replies":[{"embeddable":true,"href":"https:\/\/ekomfort.lu\/de\/wp-json\/wp\/v2\/comments?post=17427"}],"wp:featuredmedia":[{"embeddable":true,"href":"https:\/\/ekomfort.lu\/de\/wp-json\/wp\/v2\/media\/17424"}],"wp:attachment":[{"href":"https:\/\/ekomfort.lu\/de\/wp-json\/wp\/v2\/media?parent=17427"}],"wp:term":[{"taxonomy":"product_brand","embeddable":true,"href":"https:\/\/ekomfort.lu\/de\/wp-json\/wp\/v2\/product_brand?post=17427"},{"taxonomy":"product_cat","embeddable":true,"href":"https:\/\/ekomfort.lu\/de\/wp-json\/wp\/v2\/product_cat?post=17427"},{"taxonomy":"product_tag","embeddable":true,"href":"https:\/\/ekomfort.lu\/de\/wp-json\/wp\/v2\/product_tag?post=17427"},{"taxonomy":"product_brands","embeddable":true,"href":"https:\/\/ekomfort.lu\/de\/wp-json\/wp\/v2\/product_brands?post=17427"}],"curies":[{"name":"wp","href":"https:\/\/api.w.org\/{rel}","templated":true}]}}