{"id":17414,"date":"2024-05-29T09:12:59","date_gmt":"2024-05-29T07:12:59","guid":{"rendered":"https:\/\/ekomfort.lu\/?post_type=product&#038;p=17414"},"modified":"2024-07-20T10:17:02","modified_gmt":"2024-07-20T08:17:02","slug":"edu-cork-derby-vegan-bout-rond-cap-toe","status":"publish","type":"product","link":"https:\/\/ekomfort.lu\/de\/shop\/edu-cork-derby-vegan-bout-rond-cap-toe\/","title":{"rendered":"Edu Cork derby v\u00e9gan bout rond cap toe"},"content":{"rendered":"\n<p>Voici les Edu Cork Vegan Derby Round Toe Cap Toe, o\u00f9 la durabilit\u00e9 rencontre le style \u00e0 chaque pas. \u00c9levez votre jeu de chaussures avec ces chaussures \u00e9co-responsables, fabriqu\u00e9es \u00e0 partir de li\u00e8ge provenant de for\u00eats durables (FSC). Chaque paire incarne un engagement en faveur d&#8217;une mode \u00e9thique, offrant une alternative sans cruaut\u00e9, sans compromis sur la qualit\u00e9 ou l&#8217;esth\u00e9tique.<\/p>\n\n\n\n<p>Nos chaussures privil\u00e9gient votre confort et votre bien-\u00eatre. La doublure et les semelles int\u00e9rieures en microfibre assurent un ajustement parfait tout en permettant \u00e0 vos pieds de respirer, \u00e9vitant ainsi les odeurs, m\u00eame en cas de port prolong\u00e9. \u00c0 chaque pas, vous appr\u00e9cierez l&#8217;amorti l\u00e9ger de la semelle anti-humidit\u00e9, fabriqu\u00e9e en caoutchouc EVA pour la flexibilit\u00e9 et la protection contre les ampoules.<\/p>\n\n\n<style>.wp-block-kadence-iconlist.kt-svg-icon-list-items17414_6e44df-9f:not(.this-stops-third-party-issues){margin-top:0px;margin-bottom:0px;}.wp-block-kadence-iconlist.kt-svg-icon-list-items17414_6e44df-9f ul.kt-svg-icon-list:not(.this-prevents-issues):not(.this-stops-third-party-issues):not(.tijsloc){margin-top:0px;margin-right:0px;margin-bottom:var(--global-kb-spacing-sm, 1.5rem);margin-left:0px;}.wp-block-kadence-iconlist.kt-svg-icon-list-items17414_6e44df-9f ul.kt-svg-icon-list{grid-row-gap:5px;}.wp-block-kadence-iconlist.kt-svg-icon-list-items17414_6e44df-9f .kb-svg-icon-wrap{font-size:18px;color:var(--global-palette1, #3182CE);}.wp-block-kadence-iconlist.kt-svg-icon-list-items17414_6e44df-9f ul.kt-svg-icon-list .kt-svg-icon-list-item-wrap .kt-svg-icon-list-single{margin-right:10px;}.kt-svg-icon-list-items17414_6e44df-9f ul.kt-svg-icon-list .kt-svg-icon-list-level-0 .kt-svg-icon-list-single svg{font-size:20px;}<\/style>\n<div class=\"wp-block-kadence-iconlist kt-svg-icon-list-items kt-svg-icon-list-items17414_6e44df-9f kt-svg-icon-list-columns-1 alignnone\"><ul class=\"kt-svg-icon-list\"><style>.kt-svg-icon-list-item-17414_ee1e3e-eb .kt-svg-icon-list-text mark.kt-highlight{background-color:unset;font-style:normal;color:#f76a0c;-webkit-box-decoration-break:clone;box-decoration-break:clone;padding-top:0px;padding-right:0px;padding-bottom:0px;padding-left:0px;}<\/style>\n<li class=\"wp-block-kadence-listitem kt-svg-icon-list-item-wrap kt-svg-icon-list-item-17414_ee1e3e-eb\"><span class=\"kb-svg-icon-wrap kb-svg-icon-fe_checkCircle kt-svg-icon-list-single\"><svg viewBox=\"0 0 24 24\"  fill=\"none\" stroke=\"currentColor\" stroke-width=\"3\" stroke-linecap=\"round\" stroke-linejoin=\"round\" xmlns=\"http:\/\/www.w3.org\/2000\/svg\"  aria-hidden=\"true\"><path d=\"M22 11.08V12a10 10 0 1 1-5.93-9.14\"\/><polyline points=\"22 4 12 14.01 9 11.01\"\/><\/svg><\/span><span class=\"kt-svg-icon-list-text\">Mat\u00e9riau \u00e9cologique : Fabriqu\u00e9es en li\u00e8ge (FSC), ces chaussures ne sont pas seulement esth\u00e9tiques, elles contribuent \u00e9galement \u00e0 la pr\u00e9servation de l&#8217;environnement.<\/span><\/li>\n\n\n<style>.kt-svg-icon-list-item-17414_891ac4-e3 .kt-svg-icon-list-text mark.kt-highlight{background-color:unset;font-style:normal;color:#f76a0c;-webkit-box-decoration-break:clone;box-decoration-break:clone;padding-top:0px;padding-right:0px;padding-bottom:0px;padding-left:0px;}<\/style>\n<li class=\"wp-block-kadence-listitem kt-svg-icon-list-item-wrap kt-svg-icon-list-item-17414_891ac4-e3\"><span class=\"kb-svg-icon-wrap kb-svg-icon-fe_checkCircle kt-svg-icon-list-single\"><svg viewBox=\"0 0 24 24\"  fill=\"none\" stroke=\"currentColor\" stroke-width=\"3\" stroke-linecap=\"round\" stroke-linejoin=\"round\" xmlns=\"http:\/\/www.w3.org\/2000\/svg\"  aria-hidden=\"true\"><path d=\"M22 11.08V12a10 10 0 1 1-5.93-9.14\"\/><polyline points=\"22 4 12 14.01 9 11.01\"\/><\/svg><\/span><span class=\"kt-svg-icon-list-text\">Respirantes et sans odeurs : Profitez d&#8217;un confort tout au long de la journ\u00e9e gr\u00e2ce \u00e0 la doublure et \u00e0 la semelle int\u00e9rieure en microfibre qui gardent vos pieds au frais, m\u00eame par temps chaud.<\/span><\/li>\n\n\n<style>.kt-svg-icon-list-item-17414_5f98ff-7f .kt-svg-icon-list-text mark.kt-highlight{background-color:unset;font-style:normal;color:#f76a0c;-webkit-box-decoration-break:clone;box-decoration-break:clone;padding-top:0px;padding-right:0px;padding-bottom:0px;padding-left:0px;}<\/style>\n<li class=\"wp-block-kadence-listitem kt-svg-icon-list-item-wrap kt-svg-icon-list-item-17414_5f98ff-7f\"><span class=\"kb-svg-icon-wrap kb-svg-icon-fe_checkCircle kt-svg-icon-list-single\"><svg viewBox=\"0 0 24 24\"  fill=\"none\" stroke=\"currentColor\" stroke-width=\"3\" stroke-linecap=\"round\" stroke-linejoin=\"round\" xmlns=\"http:\/\/www.w3.org\/2000\/svg\"  aria-hidden=\"true\"><path d=\"M22 11.08V12a10 10 0 1 1-5.93-9.14\"\/><polyline points=\"22 4 12 14.01 9 11.01\"\/><\/svg><\/span><span class=\"kt-svg-icon-list-text\">Style polyvalent : Qu&#8217;il s&#8217;agisse de rencontres formelles ou de sorties d\u00e9contract\u00e9es, ces chaussures s&#8217;accordent sans effort avec n&#8217;importe quelle tenue, vous assurant d&#8217;\u00eatre au mieux de votre forme o\u00f9 que vous alliez.<\/span><\/li>\n<\/ul><\/div>\n\n\n\n<p>Entrez dans un monde de mode durable avec les Edu Cork Vegan Derby Round Toe Cap Toe. Adoptez l&#8217;artisanat \u00e9thique sans sacrifier le style ou le confort. Faites une d\u00e9claration pour la plan\u00e8te \u00e0 chaque pas que vous faites.<\/p>\n","protected":false},"excerpt":{"rendered":"<p>Voici les Edu Cork Vegan Derby Round Toe Cap Toe, o\u00f9 la durabilit\u00e9 rencontre le style \u00e0 chaque pas. \u00c9levez votre jeu de chaussures avec ces chaussures \u00e9co-responsables, fabriqu\u00e9es \u00e0 partir de li\u00e8ge provenant de for\u00eats durables (FSC). Chaque paire incarne un engagement en faveur d&#8217;une mode \u00e9thique, offrant une alternative sans cruaut\u00e9, sans compromis&#8230;<\/p>\n","protected":false},"featured_media":17411,"comment_status":"open","ping_status":"closed","template":"","meta":{"_acf_changed":false,"_kad_blocks_custom_css":"","_kad_blocks_head_custom_js":"","_kad_blocks_body_custom_js":"","_kad_blocks_footer_custom_js":"","_kad_post_transparent":"","_kad_post_title":"","_kad_post_layout":"","_kad_post_sidebar_id":"","_kad_post_content_style":"","_kad_post_vertical_padding":"","_kad_post_feature":"","_kad_post_feature_position":"","_kad_post_header":false,"_kad_post_footer":false,"_kad_post_classname":""},"product_brand":[],"product_cat":[705,46],"product_tag":[],"product_brands":[],"class_list":{"0":"post-17414","1":"product","2":"type-product","3":"status-publish","4":"has-post-thumbnail","6":"product_cat-chaussures-plates","7":"product_cat-chaussures-vegan","9":"first","10":"instock","11":"taxable","12":"shipping-taxable","13":"purchasable","14":"product-type-variable","15":"entry","16":"content-bg","17":"loop-entry"},"acf":{"avantages":"Fabriqu\u00e9es en li\u00e8ge (FSC), ces chaussures offrent une alternative durable et contribuent \u00e0 la pr\u00e9servation de l'environnement.\r\n\r\nLa doublure et la semelle int\u00e9rieure en microfibre garantissent le confort, la respirabilit\u00e9 et la pr\u00e9vention des odeurs pour une utilisation tout au long de la journ\u00e9e.\r\n\r\nAlliant le style derby traditionnel \u00e0 la beaut\u00e9 naturelle du li\u00e8ge, ces chaussures conviennent \u00e0 diverses occasions, offrant flexibilit\u00e9 et confort \u00e0 l'int\u00e9rieur comme \u00e0 l'ext\u00e9rieur.","entretien":"1. Enlevez La Poussi\u00e8re Ou La Boue Avec Une Brosse Douce Ou Un Chiffon Sec.\r\n\r\n2. Utilisez Un Chiffon Humide Pour Nettoyer L\u2019ensemble De Votre Produit En Frottant Doucement D\u2019un Geste Circulaire.\r\n\r\n3. Nettoyez R\u00e9guli\u00e8rement Votre Chiffon Pour \u00c9viter De R\u00e9pandre La Salet\u00e9\r\n\r\n4. Pour Les T\u00e2ches Difficiles, Utilisez Une Brosse \u00c0 Poils Doux Et De L\u2019eau En Frottant D\u00e9licatement D\u2019un Geste Circulaire.\r\n\r\n5. Laissez S\u00e9cher \u00c0 L\u2019air Libre Avant D\u2019appliquer Une Cr\u00e8me Nettoyante.\r\n\r\n6. Utilisez Une Cr\u00e8me Nettoyante Pour Donner Plus D\u2019\u00e9clat \u00c0 Votre Produit. Mettez Une Noisette De Produit Sur Une Brosse Ou Un Chiffon Doux Et Sec, Puis Faites P\u00e9n\u00e9trer Compl\u00e8tement Dans Le Tissu En Frottant D\u00e9licatement De Mani\u00e8re Circulaire Jusqu\u2019\u00e0 Totale Absorption.\r\n\r\n7. Enfin, Laissez S\u00e9cher \u00c0 L\u2019air Libre Pendant 24 Heures, \u00c0 L\u2019abri De La Lumi\u00e8re Directe Du Soleil.\r\n\r\n<strong>Attention<\/strong>\u00a0:\r\n\r\n\u2022 Ne Mettez Pas Votre Produit En Machine.\r\n\r\n\u2022 Ne L\u2019immergez Pas Dans L\u2019eau, Cela Pourrait Causer Des Dommages Irr\u00e9versibles.\r\n\r\nLorsque Vos Chaussures V\u00e9ganes Ont Atteint Leur Dur\u00e9e De Vie Ou Que Vous N\u2019en Avez Plus Besoin, Envisagez De Leur Donner Une Seconde Vie.\r\n\r\nDonnez-Leur Un Autre Usage Pour Vous-M\u00eame Ou Offrez-Les \u00c0 Quelqu","marque":""},"taxonomy_info":{"product_cat":[{"value":705,"label":"Chaussures plates"},{"value":46,"label":"Chaussures vegan"}]},"featured_image_src_large":["https:\/\/ekomfort.lu\/wp-content\/uploads\/2024\/05\/Edu_Brown_Cork.jpg",700,700,false],"author_info":[],"comment_info":0,"_links":{"self":[{"href":"https:\/\/ekomfort.lu\/de\/wp-json\/wp\/v2\/product\/17414","targetHints":{"allow":["GET"]}}],"collection":[{"href":"https:\/\/ekomfort.lu\/de\/wp-json\/wp\/v2\/product"}],"about":[{"href":"https:\/\/ekomfort.lu\/de\/wp-json\/wp\/v2\/types\/product"}],"replies":[{"embeddable":true,"href":"https:\/\/ekomfort.lu\/de\/wp-json\/wp\/v2\/comments?post=17414"}],"wp:featuredmedia":[{"embeddable":true,"href":"https:\/\/ekomfort.lu\/de\/wp-json\/wp\/v2\/media\/17411"}],"wp:attachment":[{"href":"https:\/\/ekomfort.lu\/de\/wp-json\/wp\/v2\/media?parent=17414"}],"wp:term":[{"taxonomy":"product_brand","embeddable":true,"href":"https:\/\/ekomfort.lu\/de\/wp-json\/wp\/v2\/product_brand?post=17414"},{"taxonomy":"product_cat","embeddable":true,"href":"https:\/\/ekomfort.lu\/de\/wp-json\/wp\/v2\/product_cat?post=17414"},{"taxonomy":"product_tag","embeddable":true,"href":"https:\/\/ekomfort.lu\/de\/wp-json\/wp\/v2\/product_tag?post=17414"},{"taxonomy":"product_brands","embeddable":true,"href":"https:\/\/ekomfort.lu\/de\/wp-json\/wp\/v2\/product_brands?post=17414"}],"curies":[{"name":"wp","href":"https:\/\/api.w.org\/{rel}","templated":true}]}}