{"id":17312,"date":"2024-05-29T09:11:19","date_gmt":"2024-05-29T07:11:19","guid":{"rendered":"https:\/\/ekomfort.lu\/?post_type=product&#038;p=17312"},"modified":"2024-07-04T17:09:36","modified_gmt":"2024-07-04T15:09:36","slug":"saldes-black-ceinture-femme-cuir-pinatex","status":"publish","type":"product","link":"https:\/\/ekomfort.lu\/de\/shop\/saldes-black-ceinture-femme-cuir-pinatex\/","title":{"rendered":"Saldes Black Ceinture femme Cuir Pi\u00f1atex"},"content":{"rendered":"\n<p>La ceinture Saldes Black pour femme est un symbole d&#8217;\u00e9l\u00e9gance et de conscience \u00e9cologique dans la mode moderne. Cette ceinture \u00e9l\u00e9gante, dot\u00e9e d&#8217;une fermeture \u00e0 boucle et d&#8217;un bout carr\u00e9, rehausse votre ensemble et s&#8217;adapte sans effort \u00e0 toutes les tenues. Cet accessoire se distingue par son utilisation innovante du Pi\u00f1atex, un mat\u00e9riau d\u00e9riv\u00e9 des fibres de feuilles d&#8217;ananas, qui offre une alternative durable et sans cruaut\u00e9 au cuir traditionnel. Embrassez le luxe durable avec la ceinture Saldes Black, o\u00f9 le style rencontre la conscience en toute transparence.<\/p>\n\n\n<style>.wp-block-kadence-iconlist.kt-svg-icon-list-items17312_685919-21:not(.this-stops-third-party-issues){margin-top:0px;margin-bottom:0px;}.wp-block-kadence-iconlist.kt-svg-icon-list-items17312_685919-21 ul.kt-svg-icon-list:not(.this-prevents-issues):not(.this-stops-third-party-issues):not(.tijsloc){margin-top:0px;margin-right:0px;margin-bottom:var(--global-kb-spacing-sm, 1.5rem);margin-left:0px;}.wp-block-kadence-iconlist.kt-svg-icon-list-items17312_685919-21 ul.kt-svg-icon-list{grid-row-gap:5px;}.wp-block-kadence-iconlist.kt-svg-icon-list-items17312_685919-21 .kb-svg-icon-wrap{font-size:18px;color:var(--global-palette1, #3182CE);}.wp-block-kadence-iconlist.kt-svg-icon-list-items17312_685919-21 ul.kt-svg-icon-list .kt-svg-icon-list-item-wrap .kt-svg-icon-list-single{margin-right:10px;}.kt-svg-icon-list-items17312_685919-21 ul.kt-svg-icon-list .kt-svg-icon-list-level-0 .kt-svg-icon-list-single svg{font-size:20px;}<\/style>\n<div class=\"wp-block-kadence-iconlist kt-svg-icon-list-items kt-svg-icon-list-items17312_685919-21 kt-svg-icon-list-columns-1 alignnone\"><ul class=\"kt-svg-icon-list\"><style>.kt-svg-icon-list-item-17312_1a9fc0-86 .kt-svg-icon-list-text mark.kt-highlight{background-color:unset;font-style:normal;color:#f76a0c;-webkit-box-decoration-break:clone;box-decoration-break:clone;padding-top:0px;padding-right:0px;padding-bottom:0px;padding-left:0px;}<\/style>\n<li class=\"wp-block-kadence-listitem kt-svg-icon-list-item-wrap kt-svg-icon-list-item-17312_1a9fc0-86\"><span class=\"kb-svg-icon-wrap kb-svg-icon-fe_checkCircle kt-svg-icon-list-single\"><svg viewBox=\"0 0 24 24\"  fill=\"none\" stroke=\"currentColor\" stroke-width=\"3\" stroke-linecap=\"round\" stroke-linejoin=\"round\" xmlns=\"http:\/\/www.w3.org\/2000\/svg\"  aria-hidden=\"true\"><path d=\"M22 11.08V12a10 10 0 1 1-5.93-9.14\"\/><polyline points=\"22 4 12 14.01 9 11.01\"\/><\/svg><\/span><span class=\"kt-svg-icon-list-text\"><strong>Durabilit\u00e9 innovante<\/strong> : Fabriqu\u00e9e en Pi\u00f1atex, cette ceinture incarne l&#8217;innovation et la durabilit\u00e9, offrant une alternative chic aux accessoires en cuir traditionnels tout en r\u00e9duisant l&#8217;impact sur l&#8217;environnement.<\/span><\/li>\n\n\n<style>.kt-svg-icon-list-item-17312_83f1a7-51 .kt-svg-icon-list-text mark.kt-highlight{background-color:unset;font-style:normal;color:#f76a0c;-webkit-box-decoration-break:clone;box-decoration-break:clone;padding-top:0px;padding-right:0px;padding-bottom:0px;padding-left:0px;}<\/style>\n<li class=\"wp-block-kadence-listitem kt-svg-icon-list-item-wrap kt-svg-icon-list-item-17312_83f1a7-51\"><span class=\"kb-svg-icon-wrap kb-svg-icon-fe_checkCircle kt-svg-icon-list-single\"><svg viewBox=\"0 0 24 24\"  fill=\"none\" stroke=\"currentColor\" stroke-width=\"3\" stroke-linecap=\"round\" stroke-linejoin=\"round\" xmlns=\"http:\/\/www.w3.org\/2000\/svg\"  aria-hidden=\"true\"><path d=\"M22 11.08V12a10 10 0 1 1-5.93-9.14\"\/><polyline points=\"22 4 12 14.01 9 11.01\"\/><\/svg><\/span><span class=\"kt-svg-icon-list-text\"><strong>Responsabilit\u00e9 environnementale<\/strong> : Le Pi\u00f1atex est biod\u00e9gradable et provient de d\u00e9chets de feuilles d&#8217;ananas, ce qui en fait une option \u00e9cologique et renouvelable pour les accessoires de mode. En choisissant cette ceinture, vous contribuez \u00e0 la r\u00e9duction des d\u00e9chets et soutenez les pratiques durables dans l&#8217;industrie de la mode.<\/span><\/li>\n\n\n<style>.kt-svg-icon-list-item-17312_f2c250-18 .kt-svg-icon-list-text mark.kt-highlight{background-color:unset;font-style:normal;color:#f76a0c;-webkit-box-decoration-break:clone;box-decoration-break:clone;padding-top:0px;padding-right:0px;padding-bottom:0px;padding-left:0px;}<\/style>\n<li class=\"wp-block-kadence-listitem kt-svg-icon-list-item-wrap kt-svg-icon-list-item-17312_f2c250-18\"><span class=\"kb-svg-icon-wrap kb-svg-icon-fe_checkCircle kt-svg-icon-list-single\"><svg viewBox=\"0 0 24 24\"  fill=\"none\" stroke=\"currentColor\" stroke-width=\"3\" stroke-linecap=\"round\" stroke-linejoin=\"round\" xmlns=\"http:\/\/www.w3.org\/2000\/svg\"  aria-hidden=\"true\"><path d=\"M22 11.08V12a10 10 0 1 1-5.93-9.14\"\/><polyline points=\"22 4 12 14.01 9 11.01\"\/><\/svg><\/span><span class=\"kt-svg-icon-list-text\"><strong>Choix de mode \u00e9thique<\/strong> : En tant que mat\u00e9riau sans cruaut\u00e9, le Pi\u00f1atex s&#8217;aligne sur les principes de la mode \u00e9thique, vous permettant d&#8217;affirmer votre style tout en soutenant le bien-\u00eatre des animaux et les pratiques d&#8217;approvisionnement durable.<\/span><\/li>\n<\/ul><\/div>\n\n\n\n<p>Compl\u00e9tez votre look avec la ceinture Saldes Black pour femme en Pi\u00f1atex, et faites une d\u00e9claration \u00e0 la fois de mode et de conscience. Entrez dans un monde o\u00f9 l&#8217;\u00e9l\u00e9gance rencontre la durabilit\u00e9, et accessoirisez en toute confiance, en sachant que votre choix est le reflet d&#8217;une \u00e9thique de la mode.<\/p>\n","protected":false},"excerpt":{"rendered":"<p>La ceinture Saldes Black pour femme est un symbole d&#8217;\u00e9l\u00e9gance et de conscience \u00e9cologique dans la mode moderne. Cette ceinture \u00e9l\u00e9gante, dot\u00e9e d&#8217;une fermeture \u00e0 boucle et d&#8217;un bout carr\u00e9, rehausse votre ensemble et s&#8217;adapte sans effort \u00e0 toutes les tenues. Cet accessoire se distingue par son utilisation innovante du Pi\u00f1atex, un mat\u00e9riau d\u00e9riv\u00e9 des&#8230;<\/p>\n","protected":false},"featured_media":17309,"comment_status":"open","ping_status":"closed","template":"","meta":{"_acf_changed":false,"_kad_blocks_custom_css":"","_kad_blocks_head_custom_js":"","_kad_blocks_body_custom_js":"","_kad_blocks_footer_custom_js":"","_kad_post_transparent":"","_kad_post_title":"","_kad_post_layout":"","_kad_post_sidebar_id":"","_kad_post_content_style":"","_kad_post_vertical_padding":"","_kad_post_feature":"","_kad_post_feature_position":"","_kad_post_header":false,"_kad_post_footer":false,"_kad_post_classname":""},"product_brand":[],"product_cat":[48,129],"product_tag":[],"product_brands":[],"class_list":{"0":"post-17312","1":"product","2":"type-product","3":"status-publish","4":"has-post-thumbnail","6":"product_cat-sac-vegan","7":"product_cat-ceintures-vegan","9":"first","10":"outofstock","11":"taxable","12":"shipping-taxable","13":"purchasable","14":"product-type-variable","15":"entry","16":"content-bg","17":"loop-entry"},"acf":{"avantages":"Fabriqu\u00e9e en Pi\u00f1atex, un mat\u00e9riau d\u00e9riv\u00e9 de fibres de feuilles d'ananas, la ceinture offre une alternative durable au cuir traditionnel, r\u00e9duisant l'impact sur l'environnement et soutenant la mode \u00e9co-consciente.\r\n\r\nLe Pi\u00f1atex est biod\u00e9gradable et provient de d\u00e9chets de feuilles d'ananas, ce qui en fait une option \u00e9cologique et renouvelable pour les accessoires de mode. En utilisant ce mat\u00e9riau, la ceinture contribue \u00e0 la r\u00e9duction des d\u00e9chets et encourage les pratiques durables dans l'industrie de la mode.\r\n\r\nLe Pi\u00f1atex \u00e9tant d'origine v\u00e9g\u00e9tale, la ceinture est exempte de cruaut\u00e9, ce qui est conforme aux principes de la mode \u00e9thique et constitue un accessoire d\u00e9culpabilisant pour les consommateurs conscients qui accordent la priorit\u00e9 au bien-\u00eatre des animaux.","entretien":"1. Enlevez La Poussi\u00e8re Ou La Boue Avec Une Brosse Douce Ou Un Chiffon Sec.\r\n\r\n2. Utilisez Un Chiffon Humide Pour Nettoyer L\u2019ensemble De Votre Produit En Frottant Doucement D\u2019un Geste Circulaire.\r\n\r\n3. Nettoyez R\u00e9guli\u00e8rement Votre Chiffon Pour \u00c9viter De R\u00e9pandre La Salet\u00e9\r\n\r\n4. Pour Les T\u00e2ches Difficiles, Utilisez Une Brosse \u00c0 Poils Doux Et De L\u2019eau En Frottant D\u00e9licatement D\u2019un Geste Circulaire.\r\n\r\n5. Laissez S\u00e9cher \u00c0 L\u2019air Libre Avant D\u2019appliquer Une Cr\u00e8me Nettoyante.\r\n\r\n6. Utilisez Une Cr\u00e8me Nettoyante Pour Donner Plus D\u2019\u00e9clat \u00c0 Votre Produit. Mettez Une Noisette De Produit Sur Une Brosse Ou Un Chiffon Doux Et Sec, Puis Faites P\u00e9n\u00e9trer Compl\u00e8tement Dans Le Tissu En Frottant D\u00e9licatement De Mani\u00e8re Circulaire Jusqu\u2019\u00e0 Totale Absorption.\r\n\r\n7. Enfin, Laissez S\u00e9cher \u00c0 L\u2019air Libre Pendant 24 Heures, \u00c0 L\u2019abri De La Lumi\u00e8re Directe Du Soleil.\r\n\r\n<strong>Attention<\/strong>\u00a0:\r\n\r\n\u2022 Ne Mettez Pas Votre Produit En Machine.\r\n\r\n\u2022 Ne L\u2019immergez Pas Dans L\u2019eau, Cela Pourrait Causer Des Dommages Irr\u00e9versibles.\r\n\r\nLorsque Vos Chaussures V\u00e9ganes Ont Atteint Leur Dur\u00e9e De Vie Ou Que Vous N\u2019en Avez Plus Besoin, Envisagez De Leur Donner Une Seconde Vie.\r\n\r\nDonnez-Leur Un Autre Usage Pour Vous-M\u00eame Ou Offrez-Les \u00c0 Quelqu","marque":""},"taxonomy_info":{"product_cat":[{"value":48,"label":"Sacs vegan"},{"value":129,"label":"Ceintures vegan"}]},"featured_image_src_large":["https:\/\/ekomfort.lu\/wp-content\/uploads\/2024\/05\/BeltSaldes_Black.jpg",700,700,false],"author_info":[],"comment_info":0,"_links":{"self":[{"href":"https:\/\/ekomfort.lu\/de\/wp-json\/wp\/v2\/product\/17312","targetHints":{"allow":["GET"]}}],"collection":[{"href":"https:\/\/ekomfort.lu\/de\/wp-json\/wp\/v2\/product"}],"about":[{"href":"https:\/\/ekomfort.lu\/de\/wp-json\/wp\/v2\/types\/product"}],"replies":[{"embeddable":true,"href":"https:\/\/ekomfort.lu\/de\/wp-json\/wp\/v2\/comments?post=17312"}],"wp:featuredmedia":[{"embeddable":true,"href":"https:\/\/ekomfort.lu\/de\/wp-json\/wp\/v2\/media\/17309"}],"wp:attachment":[{"href":"https:\/\/ekomfort.lu\/de\/wp-json\/wp\/v2\/media?parent=17312"}],"wp:term":[{"taxonomy":"product_brand","embeddable":true,"href":"https:\/\/ekomfort.lu\/de\/wp-json\/wp\/v2\/product_brand?post=17312"},{"taxonomy":"product_cat","embeddable":true,"href":"https:\/\/ekomfort.lu\/de\/wp-json\/wp\/v2\/product_cat?post=17312"},{"taxonomy":"product_tag","embeddable":true,"href":"https:\/\/ekomfort.lu\/de\/wp-json\/wp\/v2\/product_tag?post=17312"},{"taxonomy":"product_brands","embeddable":true,"href":"https:\/\/ekomfort.lu\/de\/wp-json\/wp\/v2\/product_brands?post=17312"}],"curies":[{"name":"wp","href":"https:\/\/api.w.org\/{rel}","templated":true}]}}