{"id":17291,"date":"2024-05-29T09:11:04","date_gmt":"2024-05-29T07:11:04","guid":{"rendered":"https:\/\/ekomfort.lu\/?post_type=product&#038;p=17291"},"modified":"2024-07-04T17:09:32","modified_gmt":"2024-07-04T15:09:32","slug":"osona-bordeaux-ceinture-femme-cuir-apple-skin","status":"publish","type":"product","link":"https:\/\/ekomfort.lu\/de\/shop\/osona-bordeaux-ceinture-femme-cuir-apple-skin\/","title":{"rendered":"Osona Bordeaux Ceinture femme cuir apple skin"},"content":{"rendered":"\n<p>La ceinture en cuir de pomme Osona Bordeaux pour femme est le point de rencontre de l&#8217;innovation et de l&#8217;\u00e9l\u00e9gance dans le domaine de la mode. Cette ceinture moderne et sophistiqu\u00e9e est dot\u00e9e d&#8217;une boucle ovale, d&#8217;une fine sangle, de coutures de contour et d&#8217;un bout carr\u00e9 qui d\u00e9gage un charme intemporel. Cet accessoire se distingue par sa composition unique en cuir de peau de pomme, une alternative r\u00e9volutionnaire au cuir traditionnel. D\u00e9riv\u00e9e de fibres provenant de la production industrielle de jus de pomme, cette ceinture repr\u00e9sente un engagement en faveur de la durabilit\u00e9 et de l&#8217;\u00e9co-responsabilit\u00e9 tout en offrant une option sans cruaut\u00e9 pour les personnes \u00e0 la pointe de la mode.<\/p>\n\n\n<style>.wp-block-kadence-iconlist.kt-svg-icon-list-items17291_0b6829-02:not(.this-stops-third-party-issues){margin-top:0px;margin-bottom:0px;}.wp-block-kadence-iconlist.kt-svg-icon-list-items17291_0b6829-02 ul.kt-svg-icon-list:not(.this-prevents-issues):not(.this-stops-third-party-issues):not(.tijsloc){margin-top:0px;margin-right:0px;margin-bottom:var(--global-kb-spacing-sm, 1.5rem);margin-left:0px;}.wp-block-kadence-iconlist.kt-svg-icon-list-items17291_0b6829-02 ul.kt-svg-icon-list{grid-row-gap:5px;}.wp-block-kadence-iconlist.kt-svg-icon-list-items17291_0b6829-02 .kb-svg-icon-wrap{font-size:18px;color:var(--global-palette1, #3182CE);}.wp-block-kadence-iconlist.kt-svg-icon-list-items17291_0b6829-02 ul.kt-svg-icon-list .kt-svg-icon-list-item-wrap .kt-svg-icon-list-single{margin-right:10px;}.kt-svg-icon-list-items17291_0b6829-02 ul.kt-svg-icon-list .kt-svg-icon-list-level-0 .kt-svg-icon-list-single svg{font-size:20px;}<\/style>\n<div class=\"wp-block-kadence-iconlist kt-svg-icon-list-items kt-svg-icon-list-items17291_0b6829-02 kt-svg-icon-list-columns-1 alignnone\"><ul class=\"kt-svg-icon-list\"><style>.kt-svg-icon-list-item-17291_9c7cf8-ae .kt-svg-icon-list-text mark.kt-highlight{background-color:unset;font-style:normal;color:#f76a0c;-webkit-box-decoration-break:clone;box-decoration-break:clone;padding-top:0px;padding-right:0px;padding-bottom:0px;padding-left:0px;}<\/style>\n<li class=\"wp-block-kadence-listitem kt-svg-icon-list-item-wrap kt-svg-icon-list-item-17291_9c7cf8-ae\"><span class=\"kb-svg-icon-wrap kb-svg-icon-fe_checkCircle kt-svg-icon-list-single\"><svg viewBox=\"0 0 24 24\"  fill=\"none\" stroke=\"currentColor\" stroke-width=\"3\" stroke-linecap=\"round\" stroke-linejoin=\"round\" xmlns=\"http:\/\/www.w3.org\/2000\/svg\"  aria-hidden=\"true\"><path d=\"M22 11.08V12a10 10 0 1 1-5.93-9.14\"\/><polyline points=\"22 4 12 14.01 9 11.01\"\/><\/svg><\/span><span class=\"kt-svg-icon-list-text\">Fabriqu\u00e9e \u00e0 partir de cuir de peau de pomme, cette ceinture offre une alternative r\u00e9volutionnaire au cuir conventionnel et t\u00e9moigne d&#8217;un engagement en faveur de l&#8217;innovation et de la durabilit\u00e9 dans le domaine de la mode.<\/span><\/li>\n\n\n<style>.kt-svg-icon-list-item-17291_7b5ee0-69 .kt-svg-icon-list-text mark.kt-highlight{background-color:unset;font-style:normal;color:#f76a0c;-webkit-box-decoration-break:clone;box-decoration-break:clone;padding-top:0px;padding-right:0px;padding-bottom:0px;padding-left:0px;}<\/style>\n<li class=\"wp-block-kadence-listitem kt-svg-icon-list-item-wrap kt-svg-icon-list-item-17291_7b5ee0-69\"><span class=\"kb-svg-icon-wrap kb-svg-icon-fe_checkCircle kt-svg-icon-list-single\"><svg viewBox=\"0 0 24 24\"  fill=\"none\" stroke=\"currentColor\" stroke-width=\"3\" stroke-linecap=\"round\" stroke-linejoin=\"round\" xmlns=\"http:\/\/www.w3.org\/2000\/svg\"  aria-hidden=\"true\"><path d=\"M22 11.08V12a10 10 0 1 1-5.93-9.14\"\/><polyline points=\"22 4 12 14.01 9 11.01\"\/><\/svg><\/span><span class=\"kt-svg-icon-list-text\">En utilisant des fibres provenant de l&#8217;industrie du jus de pomme, cette ceinture r\u00e9duit les d\u00e9chets et encourage l&#8217;utilisation de mat\u00e9riaux durables, contribuant ainsi \u00e0 la pr\u00e9servation de l&#8217;environnement et \u00e0 des pratiques de mode responsables.<\/span><\/li>\n\n\n<style>.kt-svg-icon-list-item-17291_df8079-88 .kt-svg-icon-list-text mark.kt-highlight{background-color:unset;font-style:normal;color:#f76a0c;-webkit-box-decoration-break:clone;box-decoration-break:clone;padding-top:0px;padding-right:0px;padding-bottom:0px;padding-left:0px;}<\/style>\n<li class=\"wp-block-kadence-listitem kt-svg-icon-list-item-wrap kt-svg-icon-list-item-17291_df8079-88\"><span class=\"kb-svg-icon-wrap kb-svg-icon-fe_checkCircle kt-svg-icon-list-single\"><svg viewBox=\"0 0 24 24\"  fill=\"none\" stroke=\"currentColor\" stroke-width=\"3\" stroke-linecap=\"round\" stroke-linejoin=\"round\" xmlns=\"http:\/\/www.w3.org\/2000\/svg\"  aria-hidden=\"true\"><path d=\"M22 11.08V12a10 10 0 1 1-5.93-9.14\"\/><polyline points=\"22 4 12 14.01 9 11.01\"\/><\/svg><\/span><span class=\"kt-svg-icon-list-text\">D\u00e9riv\u00e9 de fibres v\u00e9g\u00e9tales, le cuir de peau de pomme est une option sans cruaut\u00e9 pour les passionn\u00e9s de mode qui privil\u00e9gient l&#8217;approvisionnement \u00e9thique et le bien-\u00eatre des animaux, ce qui permet aux porteurs de faire une d\u00e9claration de style compatissante.<\/span><\/li>\n<\/ul><\/div>\n\n\n\n<p>Compl\u00e9tez votre look avec la ceinture en cuir de peau de pomme Osona Bordeaux pour femmes et faites une d\u00e9claration audacieuse de style et de conscience. Entrez dans un monde o\u00f9 la durabilit\u00e9 rencontre la sophistication, et accessoirisez en toute confiance, en sachant que votre choix refl\u00e8te un engagement \u00e0 la fois pour un design \u00e0 la pointe de la mode et pour des principes \u00e9thiques.<\/p>\n","protected":false},"excerpt":{"rendered":"<p>La ceinture en cuir de pomme Osona Bordeaux pour femme est le point de rencontre de l&#8217;innovation et de l&#8217;\u00e9l\u00e9gance dans le domaine de la mode. Cette ceinture moderne et sophistiqu\u00e9e est dot\u00e9e d&#8217;une boucle ovale, d&#8217;une fine sangle, de coutures de contour et d&#8217;un bout carr\u00e9 qui d\u00e9gage un charme intemporel. Cet accessoire se&#8230;<\/p>\n","protected":false},"featured_media":17288,"comment_status":"open","ping_status":"closed","template":"","meta":{"_acf_changed":false,"_kad_blocks_custom_css":"","_kad_blocks_head_custom_js":"","_kad_blocks_body_custom_js":"","_kad_blocks_footer_custom_js":"","_kad_post_transparent":"","_kad_post_title":"","_kad_post_layout":"","_kad_post_sidebar_id":"","_kad_post_content_style":"","_kad_post_vertical_padding":"","_kad_post_feature":"","_kad_post_feature_position":"","_kad_post_header":false,"_kad_post_footer":false},"product_brand":[],"product_cat":[48,129],"product_tag":[],"product_brands":[],"class_list":{"0":"post-17291","1":"product","2":"type-product","3":"status-publish","4":"has-post-thumbnail","6":"product_cat-accessoires","7":"product_cat-ceintures","9":"first","10":"outofstock","11":"taxable","12":"shipping-taxable","13":"purchasable","14":"product-type-variable","15":"entry","16":"content-bg","17":"loop-entry"},"acf":{"avantages":"Fabriqu\u00e9e en cuir de peau de pomme, cette ceinture offre une alternative innovante au cuir traditionnel. Fabriqu\u00e9e \u00e0 partir de fibres issues de la production industrielle de jus de pomme, elle repr\u00e9sente une approche cr\u00e9ative et durable de la mode.\r\n\r\nL'utilisation du cuir de peau de pomme fait de cette ceinture un choix \u00e9co-responsable. En r\u00e9utilisant les d\u00e9chets de l'industrie de la pomme, elle r\u00e9duit l'impact sur l'environnement et encourage l'utilisation de mat\u00e9riaux durables dans la mode.\r\n\r\nLe cuir de pomme \u00e9tant d\u00e9riv\u00e9 de fibres v\u00e9g\u00e9tales, la ceinture est sans cruaut\u00e9. Elle s'aligne sur les principes de la mode \u00e9thique et offre une option compatissante aux personnes qui accordent une grande importance au bien-\u00eatre des animaux.","entretien":"1. Enlevez La Poussi\u00e8re Ou La Boue Avec Une Brosse Douce Ou Un Chiffon Sec.\r\n\r\n2. Utilisez Un Chiffon Humide Pour Nettoyer L\u2019ensemble De Votre Produit En Frottant Doucement D\u2019un Geste Circulaire.\r\n\r\n3. Nettoyez R\u00e9guli\u00e8rement Votre Chiffon Pour \u00c9viter De R\u00e9pandre La Salet\u00e9\r\n\r\n4. Pour Les T\u00e2ches Difficiles, Utilisez Une Brosse \u00c0 Poils Doux Et De L\u2019eau En Frottant D\u00e9licatement D\u2019un Geste Circulaire.\r\n\r\n5. Laissez S\u00e9cher \u00c0 L\u2019air Libre Avant D\u2019appliquer Une Cr\u00e8me Nettoyante.\r\n\r\n6. Utilisez Une Cr\u00e8me Nettoyante Pour Donner Plus D\u2019\u00e9clat \u00c0 Votre Produit. Mettez Une Noisette De Produit Sur Une Brosse Ou Un Chiffon Doux Et Sec, Puis Faites P\u00e9n\u00e9trer Compl\u00e8tement Dans Le Tissu En Frottant D\u00e9licatement De Mani\u00e8re Circulaire Jusqu\u2019\u00e0 Totale Absorption.\r\n\r\n7. Enfin, Laissez S\u00e9cher \u00c0 L\u2019air Libre Pendant 24 Heures, \u00c0 L\u2019abri De La Lumi\u00e8re Directe Du Soleil.\r\n\r\n<strong>Attention<\/strong>\u00a0:\r\n\r\n\u2022 Ne Mettez Pas Votre Produit En Machine.\r\n\r\n\u2022 Ne L\u2019immergez Pas Dans L\u2019eau, Cela Pourrait Causer Des Dommages Irr\u00e9versibles.\r\n\r\nLorsque Vos Chaussures V\u00e9ganes Ont Atteint Leur Dur\u00e9e De Vie Ou Que Vous N\u2019en Avez Plus Besoin, Envisagez De Leur Donner Une Seconde Vie.\r\n\r\nDonnez-Leur Un Autre Usage Pour Vous-M\u00eame Ou Offrez-Les \u00c0 Quelqu\r\n","marque":""},"_wp_attached_file":null,"_wp_attachment_image_alt":null,"rank_math_facebook_image":null,"rank_math_facebook_image_id":null,"wpml_language":null,"_wp_attachment_metadata":null,"rank_math_focus_keyword":null,"rank_math_title":null,"rank_math_description":null,"taxonomy_info":{"product_cat":[{"value":48,"label":"Accessoires"},{"value":129,"label":"Ceintures"}]},"featured_image_src_large":["https:\/\/ekomfort.lu\/wp-content\/uploads\/2024\/05\/BeltOsona_Red.jpg",700,700,false],"author_info":[],"comment_info":0,"_links":{"self":[{"href":"https:\/\/ekomfort.lu\/de\/wp-json\/wp\/v2\/product\/17291","targetHints":{"allow":["GET"]}}],"collection":[{"href":"https:\/\/ekomfort.lu\/de\/wp-json\/wp\/v2\/product"}],"about":[{"href":"https:\/\/ekomfort.lu\/de\/wp-json\/wp\/v2\/types\/product"}],"replies":[{"embeddable":true,"href":"https:\/\/ekomfort.lu\/de\/wp-json\/wp\/v2\/comments?post=17291"}],"wp:featuredmedia":[{"embeddable":true,"href":"https:\/\/ekomfort.lu\/de\/wp-json\/wp\/v2\/media\/17288"}],"wp:attachment":[{"href":"https:\/\/ekomfort.lu\/de\/wp-json\/wp\/v2\/media?parent=17291"}],"wp:term":[{"taxonomy":"product_brand","embeddable":true,"href":"https:\/\/ekomfort.lu\/de\/wp-json\/wp\/v2\/product_brand?post=17291"},{"taxonomy":"product_cat","embeddable":true,"href":"https:\/\/ekomfort.lu\/de\/wp-json\/wp\/v2\/product_cat?post=17291"},{"taxonomy":"product_tag","embeddable":true,"href":"https:\/\/ekomfort.lu\/de\/wp-json\/wp\/v2\/product_tag?post=17291"},{"taxonomy":"product_brands","embeddable":true,"href":"https:\/\/ekomfort.lu\/de\/wp-json\/wp\/v2\/product_brands?post=17291"}],"curies":[{"name":"wp","href":"https:\/\/api.w.org\/{rel}","templated":true}]}}