{"id":17270,"date":"2024-05-29T09:10:49","date_gmt":"2024-05-29T07:10:49","guid":{"rendered":"https:\/\/ekomfort.lu\/?post_type=product&#038;p=17270"},"modified":"2024-07-05T09:15:37","modified_gmt":"2024-07-05T07:15:37","slug":"ordis-ceinture-femme-rouge","status":"publish","type":"product","link":"https:\/\/ekomfort.lu\/de\/shop\/ordis-ceinture-femme-rouge\/","title":{"rendered":"Ordis Bordeaux Ceinture femme Cuir Pi\u00f1atex"},"content":{"rendered":"<h1>Ordis Bordeaux: Ceinture Femme Rouge par Nae &#8211; Vegan, Durable, Innovante<\/h1>\n<p>Avez-vous d\u00e9j\u00e0 r\u00eav\u00e9 d&#8217;une <strong>ceinture \u00e9l\u00e9gante<\/strong> et \u00e9coresponsable ?<\/p>\n<p>D\u00e9couvrez l&#8216;<strong>Ordis Bordeaux<\/strong>: <em>Ceinture Femme Rouge par Nae<\/em>. V\u00e9gan, durable, innovante elle pr\u00e9sente une boucle quadrill\u00e9e et un bout carr\u00e9.<br \/> Con\u00e7ue en <span style=\"font-style: italic\">Pi\u00f1atex<\/span>, un <strong>mat\u00e9riau biod\u00e9gradable<\/strong> fait de fibres de feuilles d&#8217;ananas, elle ajoute sophistication et respect de la nature.<\/p>\n<p><\/p>\n<p>Voici ce qui la distingue:\n<\/p>\n<p><\/p>\n<ul>\n<li><strong>Couleur :<\/strong> Rouge vif<\/li>\n<li><strong>Mat\u00e9riau :<\/strong> Pi\u00f1atex respectueux de l&#8217;environnement<\/li>\n<li><strong>Design :<\/strong> Fermeture par boucle quadrill\u00e9e et bout carr\u00e9<\/li>\n<li><strong>Prix :<\/strong> 59\u20ac<\/li>\n<\/ul>\n<p>Ajoutez l&#8217;Ordis Red \u00e0 votre garde-robe d\u00e8s aujourd&#8217;hui! Faites briller votre \u00e9l\u00e9gance tout en honorant vos valeurs \u00e9thiques. <a href=\"#\">Achetez ici et maintenant!<\/a><\/p>\n","protected":false},"excerpt":{"rendered":"<p>Ordis Bordeaux: Ceinture Femme Rouge par Nae &#8211; Vegan, Durable, Innovante Avez-vous d\u00e9j\u00e0 r\u00eav\u00e9 d&#8217;une ceinture \u00e9l\u00e9gante et \u00e9coresponsable ? D\u00e9couvrez l&#8216;Ordis Bordeaux: Ceinture Femme Rouge par Nae. V\u00e9gan, durable, innovante elle pr\u00e9sente une boucle quadrill\u00e9e et un bout carr\u00e9. Con\u00e7ue en Pi\u00f1atex, un mat\u00e9riau biod\u00e9gradable fait de fibres de feuilles d&#8217;ananas, elle ajoute sophistication&#8230;<\/p>\n","protected":false},"featured_media":17267,"comment_status":"open","ping_status":"closed","template":"","meta":{"_acf_changed":false,"_kad_blocks_custom_css":"","_kad_blocks_head_custom_js":"","_kad_blocks_body_custom_js":"","_kad_blocks_footer_custom_js":"","_kad_post_transparent":"","_kad_post_title":"","_kad_post_layout":"","_kad_post_sidebar_id":"","_kad_post_content_style":"","_kad_post_vertical_padding":"","_kad_post_feature":"","_kad_post_feature_position":"","_kad_post_header":false,"_kad_post_footer":false,"_kad_post_classname":""},"product_brand":[],"product_cat":[129,48],"product_tag":[228],"product_brands":[],"class_list":{"0":"post-17270","1":"product","2":"type-product","3":"status-publish","4":"has-post-thumbnail","6":"product_cat-ceintures-vegan","7":"product_cat-sac-vegan","8":"product_tag-femme","10":"first","11":"outofstock","12":"taxable","13":"shipping-taxable","14":"purchasable","15":"product-type-variable","16":"entry","17":"content-bg","18":"loop-entry"},"acf":{"avantages":"La ceinture est fabriqu\u00e9e en Pi\u00f1atex, un mat\u00e9riau innovant d\u00e9riv\u00e9 de fibres de feuilles d'ananas, ce qui en fait un choix \u00e9cologique. L'utilisation d'un sous-produit de l'industrie de l'ananas favorise le d\u00e9veloppement durable et r\u00e9duit les d\u00e9chets.\r\n\r\nLe Pi\u00f1atex est un mat\u00e9riau biod\u00e9gradable, ce qui signifie qu'il peut se d\u00e9composer naturellement au fil du temps, r\u00e9duisant ainsi l'impact sur l'environnement. En outre, comme il est d\u00e9riv\u00e9 de fibres de feuilles d'ananas, il s'agit d'une ressource renouvelable qui contribue \u00e0 la durabilit\u00e9 environnementale \u00e0 long terme.\r\n\r\nLe Pi\u00f1atex \u00e9tant fabriqu\u00e9 \u00e0 partir de fibres v\u00e9g\u00e9tales, la production de cette ceinture n'implique pas de cruaut\u00e9 envers les animaux, ce qui constitue une option sans culpabilit\u00e9 pour ceux qui privil\u00e9gient les choix \u00e9thiques en mati\u00e8re de mode.","entretien":"1. Enlevez La Poussi\u00e8re Ou La Boue Avec Une Brosse Douce Ou Un Chiffon Sec.\r\n\r\n2. Utilisez Un Chiffon Humide Pour Nettoyer L\u2019ensemble De Votre Produit En Frottant Doucement D\u2019un Geste Circulaire.\r\n\r\n3. Nettoyez R\u00e9guli\u00e8rement Votre Chiffon Pour \u00c9viter De R\u00e9pandre La Salet\u00e9\r\n\r\n4. Pour Les T\u00e2ches Difficiles, Utilisez Une Brosse \u00c0 Poils Doux Et De L\u2019eau En Frottant D\u00e9licatement D\u2019un Geste Circulaire.\r\n\r\n5. Laissez S\u00e9cher \u00c0 L\u2019air Libre Avant D\u2019appliquer Une Cr\u00e8me Nettoyante.\r\n\r\n6. Utilisez Une Cr\u00e8me Nettoyante Pour Donner Plus D\u2019\u00e9clat \u00c0 Votre Produit. Mettez Une Noisette De Produit Sur Une Brosse Ou Un Chiffon Doux Et Sec, Puis Faites P\u00e9n\u00e9trer Compl\u00e8tement Dans Le Tissu En Frottant D\u00e9licatement De Mani\u00e8re Circulaire Jusqu\u2019\u00e0 Totale Absorption.\r\n\r\n7. Enfin, Laissez S\u00e9cher \u00c0 L\u2019air Libre Pendant 24 Heures, \u00c0 L\u2019abri De La Lumi\u00e8re Directe Du Soleil.\r\n\r\n<strong>Attention<\/strong>\u00a0:\r\n\r\n\u2022 Ne Mettez Pas Votre Produit En Machine.\r\n\r\n\u2022 Ne L\u2019immergez Pas Dans L\u2019eau, Cela Pourrait Causer Des Dommages Irr\u00e9versibles.\r\n\r\nLorsque Vos Chaussures V\u00e9ganes Ont Atteint Leur Dur\u00e9e De Vie Ou Que Vous N\u2019en Avez Plus Besoin, Envisagez De Leur Donner Une Seconde Vie.\r\n\r\nDonnez-Leur Un Autre Usage Pour Vous-M\u00eame Ou Offrez-Les \u00c0 Quelqu\r\n","marque":""},"taxonomy_info":{"product_cat":[{"value":129,"label":"Ceintures vegan"},{"value":48,"label":"Sacs vegan"}],"product_tag":[{"value":228,"label":"Boutique femme"}]},"featured_image_src_large":["https:\/\/ekomfort.lu\/wp-content\/uploads\/2024\/05\/BeltOrdis_Red-2.jpg",700,700,false],"author_info":[],"comment_info":0,"_links":{"self":[{"href":"https:\/\/ekomfort.lu\/de\/wp-json\/wp\/v2\/product\/17270","targetHints":{"allow":["GET"]}}],"collection":[{"href":"https:\/\/ekomfort.lu\/de\/wp-json\/wp\/v2\/product"}],"about":[{"href":"https:\/\/ekomfort.lu\/de\/wp-json\/wp\/v2\/types\/product"}],"replies":[{"embeddable":true,"href":"https:\/\/ekomfort.lu\/de\/wp-json\/wp\/v2\/comments?post=17270"}],"wp:featuredmedia":[{"embeddable":true,"href":"https:\/\/ekomfort.lu\/de\/wp-json\/wp\/v2\/media\/17267"}],"wp:attachment":[{"href":"https:\/\/ekomfort.lu\/de\/wp-json\/wp\/v2\/media?parent=17270"}],"wp:term":[{"taxonomy":"product_brand","embeddable":true,"href":"https:\/\/ekomfort.lu\/de\/wp-json\/wp\/v2\/product_brand?post=17270"},{"taxonomy":"product_cat","embeddable":true,"href":"https:\/\/ekomfort.lu\/de\/wp-json\/wp\/v2\/product_cat?post=17270"},{"taxonomy":"product_tag","embeddable":true,"href":"https:\/\/ekomfort.lu\/de\/wp-json\/wp\/v2\/product_tag?post=17270"},{"taxonomy":"product_brands","embeddable":true,"href":"https:\/\/ekomfort.lu\/de\/wp-json\/wp\/v2\/product_brands?post=17270"}],"curies":[{"name":"wp","href":"https:\/\/api.w.org\/{rel}","templated":true}]}}