{"id":17128,"date":"2024-05-29T08:38:23","date_gmt":"2024-05-29T06:38:23","guid":{"rendered":"https:\/\/ekomfort.lu\/?post_type=product&#038;p=17128"},"modified":"2024-08-06T08:07:26","modified_gmt":"2024-08-06T06:07:26","slug":"pax-beige-vegan-sandals","status":"publish","type":"product","link":"https:\/\/ekomfort.lu\/de\/shop\/pax-beige-vegan-sandals\/","title":{"rendered":"PAX Beige Vegan Sandals"},"content":{"rendered":"\n<p>Entrez dans l&#8217;\u00e9l\u00e9gance avec la sandale v\u00e9g\u00e9talienne <strong>PAX Beige<\/strong>, le m\u00e9lange parfait de style et de durabilit\u00e9. Ces exquises <strong>sandales plates<\/strong> sont fabriqu\u00e9es \u00e0 partir de cuir de pomme luxueux, offrant une teinte nude sophistiqu\u00e9e qui s&#8217;adapte \u00e0 toutes les garde-robes. Con\u00e7ues pour les journ\u00e9es chaudes, elles sont dot\u00e9es de deux fines lani\u00e8res parall\u00e8les \u00e0 l&#8217;avant pour un look minimaliste mais chic, et d&#8217;une seule lani\u00e8re \u00e0 l&#8217;arri\u00e8re pour une touche d&#8217;\u00e9l\u00e9gance raffin\u00e9e. M\u00e9ticuleusement con\u00e7ues et fabriqu\u00e9es, ces sandales incarnent l&#8217;harmonie parfaite entre la mode et l&#8217;artisanat \u00e9thique.<\/p>\n\n\n<style>.wp-block-kadence-iconlist.kt-svg-icon-list-items17128_13e078-f0:not(.this-stops-third-party-issues){margin-top:0px;margin-bottom:0px;}.wp-block-kadence-iconlist.kt-svg-icon-list-items17128_13e078-f0 ul.kt-svg-icon-list:not(.this-prevents-issues):not(.this-stops-third-party-issues):not(.tijsloc){margin-top:0px;margin-right:0px;margin-bottom:var(--global-kb-spacing-sm, 1.5rem);margin-left:0px;}.wp-block-kadence-iconlist.kt-svg-icon-list-items17128_13e078-f0 ul.kt-svg-icon-list{grid-row-gap:5px;}.wp-block-kadence-iconlist.kt-svg-icon-list-items17128_13e078-f0 .kb-svg-icon-wrap{font-size:18px;color:var(--global-palette1, #3182CE);}.wp-block-kadence-iconlist.kt-svg-icon-list-items17128_13e078-f0 ul.kt-svg-icon-list .kt-svg-icon-list-item-wrap .kt-svg-icon-list-single{margin-right:10px;}.kt-svg-icon-list-items17128_13e078-f0 ul.kt-svg-icon-list .kt-svg-icon-list-level-0 .kt-svg-icon-list-single svg{font-size:20px;}<\/style>\n<div class=\"wp-block-kadence-iconlist kt-svg-icon-list-items kt-svg-icon-list-items17128_13e078-f0 kt-svg-icon-list-columns-1 alignnone\"><ul class=\"kt-svg-icon-list\"><style>.kt-svg-icon-list-item-17128_796286-3c .kt-svg-icon-list-text mark.kt-highlight{background-color:unset;font-style:normal;color:#f76a0c;-webkit-box-decoration-break:clone;box-decoration-break:clone;padding-top:0px;padding-right:0px;padding-bottom:0px;padding-left:0px;}<\/style>\n<li class=\"wp-block-kadence-listitem kt-svg-icon-list-item-wrap kt-svg-icon-list-item-17128_796286-3c\"><span class=\"kb-svg-icon-wrap kb-svg-icon-fe_checkCircle kt-svg-icon-list-single\"><svg viewBox=\"0 0 24 24\"  fill=\"none\" stroke=\"currentColor\" stroke-width=\"3\" stroke-linecap=\"round\" stroke-linejoin=\"round\" xmlns=\"http:\/\/www.w3.org\/2000\/svg\"  aria-hidden=\"true\"><path d=\"M22 11.08V12a10 10 0 1 1-5.93-9.14\"\/><polyline points=\"22 4 12 14.01 9 11.01\"\/><\/svg><\/span><span class=\"kt-svg-icon-list-text\">Fabriqu\u00e9es en cuir de pomme respectueux de l&#8217;environnement, elles favorisent une mode \u00e9thique et durable.<\/span><\/li>\n\n\n<style>.kt-svg-icon-list-item-17128_92d70f-eb .kt-svg-icon-list-text mark.kt-highlight{background-color:unset;font-style:normal;color:#f76a0c;-webkit-box-decoration-break:clone;box-decoration-break:clone;padding-top:0px;padding-right:0px;padding-bottom:0px;padding-left:0px;}<\/style>\n<li class=\"wp-block-kadence-listitem kt-svg-icon-list-item-wrap kt-svg-icon-list-item-17128_92d70f-eb\"><span class=\"kb-svg-icon-wrap kb-svg-icon-fe_checkCircle kt-svg-icon-list-single\"><svg viewBox=\"0 0 24 24\"  fill=\"none\" stroke=\"currentColor\" stroke-width=\"3\" stroke-linecap=\"round\" stroke-linejoin=\"round\" xmlns=\"http:\/\/www.w3.org\/2000\/svg\"  aria-hidden=\"true\"><path d=\"M22 11.08V12a10 10 0 1 1-5.93-9.14\"\/><polyline points=\"22 4 12 14.01 9 11.01\"\/><\/svg><\/span><span class=\"kt-svg-icon-list-text\">Les fines lani\u00e8res parall\u00e8les \u00e0 l&#8217;avant et une seule lani\u00e8re au dos cr\u00e9ent un look minimaliste et sophistiqu\u00e9.<\/span><\/li>\n\n\n<style>.kt-svg-icon-list-item-17128_84f58c-ff .kt-svg-icon-list-text mark.kt-highlight{background-color:unset;font-style:normal;color:#f76a0c;-webkit-box-decoration-break:clone;box-decoration-break:clone;padding-top:0px;padding-right:0px;padding-bottom:0px;padding-left:0px;}<\/style>\n<li class=\"wp-block-kadence-listitem kt-svg-icon-list-item-wrap kt-svg-icon-list-item-17128_84f58c-ff\"><span class=\"kb-svg-icon-wrap kb-svg-icon-fe_checkCircle kt-svg-icon-list-single\"><svg viewBox=\"0 0 24 24\"  fill=\"none\" stroke=\"currentColor\" stroke-width=\"3\" stroke-linecap=\"round\" stroke-linejoin=\"round\" xmlns=\"http:\/\/www.w3.org\/2000\/svg\"  aria-hidden=\"true\"><path d=\"M22 11.08V12a10 10 0 1 1-5.93-9.14\"\/><polyline points=\"22 4 12 14.01 9 11.01\"\/><\/svg><\/span><span class=\"kt-svg-icon-list-text\">Le mod\u00e8le \u00e0 bout ouvert est parfait pour les journ\u00e9es chaudes, offrant \u00e0 la fois style et praticit\u00e9.<\/span><\/li>\n<\/ul><\/div>\n\n\n\n<p>Adoptez la mode \u00e9thique avec confiance et gr\u00e2ce gr\u00e2ce \u00e0 nos sandales v\u00e9ganes PAX Beige. Parfaites pour toutes les occasions, ces sandales sont un ajout \u00e9l\u00e9gant et consciencieux \u00e0 votre collection de chaussures.<\/p>\n","protected":false},"excerpt":{"rendered":"<p>Entrez dans l&#8217;\u00e9l\u00e9gance avec la sandale v\u00e9g\u00e9talienne PAX Beige, le m\u00e9lange parfait de style et de durabilit\u00e9. Ces exquises sandales plates sont fabriqu\u00e9es \u00e0 partir de cuir de pomme luxueux, offrant une teinte nude sophistiqu\u00e9e qui s&#8217;adapte \u00e0 toutes les garde-robes. Con\u00e7ues pour les journ\u00e9es chaudes, elles sont dot\u00e9es de deux fines lani\u00e8res parall\u00e8les \u00e0&#8230;<\/p>\n","protected":false},"featured_media":17125,"comment_status":"open","ping_status":"closed","template":"","meta":{"_acf_changed":false,"_kad_blocks_custom_css":"","_kad_blocks_head_custom_js":"","_kad_blocks_body_custom_js":"","_kad_blocks_footer_custom_js":"","_kad_post_transparent":"","_kad_post_title":"","_kad_post_layout":"","_kad_post_sidebar_id":"","_kad_post_content_style":"","_kad_post_vertical_padding":"","_kad_post_feature":"","_kad_post_feature_position":"","_kad_post_header":false,"_kad_post_footer":false,"_kad_post_classname":""},"product_brand":[],"product_cat":[72,46],"product_tag":[],"product_brands":[],"class_list":{"0":"post-17128","1":"product","2":"type-product","3":"status-publish","4":"has-post-thumbnail","6":"product_cat-sandales","7":"product_cat-chaussures-vegan","9":"first","10":"outofstock","11":"taxable","12":"shipping-taxable","13":"purchasable","14":"product-type-variable","15":"entry","16":"content-bg","17":"loop-entry"},"acf":{"avantages":"Fabriqu\u00e9 en cuir de pomme luxueux, il favorise une mode respectueuse de l'environnement.\r\n\r\nIl est dot\u00e9 de fines lani\u00e8res parall\u00e8les \u00e0 l'avant et d'une seule lani\u00e8re au dos pour un look minimaliste et sophistiqu\u00e9.\r\n\r\nMod\u00e8le \u00e0 bout ouvert id\u00e9al pour les journ\u00e9es chaudes, alliant style et praticit\u00e9.","entretien":"1. Enlevez La Poussi\u00e8re Ou La Boue Avec Une Brosse Douce Ou Un Chiffon Sec.\r\n\r\n2. Utilisez Un Chiffon Humide Pour Nettoyer L\u2019ensemble De Votre Produit En Frottant Doucement D\u2019un Geste Circulaire.\r\n\r\n3. Nettoyez R\u00e9guli\u00e8rement Votre Chiffon Pour \u00c9viter De R\u00e9pandre La Salet\u00e9\r\n\r\n4. Pour Les T\u00e2ches Difficiles, Utilisez Une Brosse \u00c0 Poils Doux Et De L\u2019eau En Frottant D\u00e9licatement D\u2019un Geste Circulaire.\r\n\r\n5. Laissez S\u00e9cher \u00c0 L\u2019air Libre Avant D\u2019appliquer Une Cr\u00e8me Nettoyante.\r\n\r\n6. Utilisez Une Cr\u00e8me Nettoyante Pour Donner Plus D\u2019\u00e9clat \u00c0 Votre Produit. Mettez Une Noisette De Produit Sur Une Brosse Ou Un Chiffon Doux Et Sec, Puis Faites P\u00e9n\u00e9trer Compl\u00e8tement Dans Le Tissu En Frottant D\u00e9licatement De Mani\u00e8re Circulaire Jusqu\u2019\u00e0 Totale Absorption.\r\n\r\n7. Enfin, Laissez S\u00e9cher \u00c0 L\u2019air Libre Pendant 24 Heures, \u00c0 L\u2019abri De La Lumi\u00e8re Directe Du Soleil.\r\n\r\n&lt;strong&gt;Attention&lt;\/strong&gt;\u00a0:\r\n\r\n\u2022 Ne Mettez Pas Votre Produit En Machine.\r\n\r\n\u2022 Ne L\u2019immergez Pas Dans L\u2019eau, Cela Pourrait Causer Des Dommages Irr\u00e9versibles.\r\n\r\nLorsque Vos Chaussures V\u00e9ganes Ont Atteint Leur Dur\u00e9e De Vie Ou Que Vous N\u2019en Avez Plus Besoin, Envisagez De Leur Donner Une Seconde Vie.\r\n\r\nDonnez-Leur Un Autre Usage Pour Vous-M\u00eame Ou Offrez-Les \u00c0 Quelqu\r\n\r\n&nbsp;\r\n\r\n\u201cNettoyez Vos Chaussures \u00c0 L\u2019aide D\u2019un Chiffon Imbib\u00e9 D\u2019eau Et De Savon.\r\n\r\nLaissez-Les S\u00e9cher Avant Toute Application.\r\n\r\nLorsque Vous Estimez Que Votre Article A Fait Son Temps Ou Bien Que Vous N\u2019en Avez Plus L\u2019utilit\u00e9, Pensez \u00c0 Lui Offrir Une Seconde Vie.\r\n\r\nVous Pouvez \u00c9galement Vous Procurer Un Nouvel Article Pour Vous-M\u00eame Ou Bien Le Donner.\u201d","marque":""},"taxonomy_info":{"product_cat":[{"value":72,"label":"Sandales"},{"value":46,"label":"Chaussures vegan"}]},"featured_image_src_large":["https:\/\/ekomfort.lu\/wp-content\/uploads\/2024\/05\/Pax_Beige.jpg",700,700,false],"author_info":[],"comment_info":0,"_links":{"self":[{"href":"https:\/\/ekomfort.lu\/de\/wp-json\/wp\/v2\/product\/17128","targetHints":{"allow":["GET"]}}],"collection":[{"href":"https:\/\/ekomfort.lu\/de\/wp-json\/wp\/v2\/product"}],"about":[{"href":"https:\/\/ekomfort.lu\/de\/wp-json\/wp\/v2\/types\/product"}],"replies":[{"embeddable":true,"href":"https:\/\/ekomfort.lu\/de\/wp-json\/wp\/v2\/comments?post=17128"}],"wp:featuredmedia":[{"embeddable":true,"href":"https:\/\/ekomfort.lu\/de\/wp-json\/wp\/v2\/media\/17125"}],"wp:attachment":[{"href":"https:\/\/ekomfort.lu\/de\/wp-json\/wp\/v2\/media?parent=17128"}],"wp:term":[{"taxonomy":"product_brand","embeddable":true,"href":"https:\/\/ekomfort.lu\/de\/wp-json\/wp\/v2\/product_brand?post=17128"},{"taxonomy":"product_cat","embeddable":true,"href":"https:\/\/ekomfort.lu\/de\/wp-json\/wp\/v2\/product_cat?post=17128"},{"taxonomy":"product_tag","embeddable":true,"href":"https:\/\/ekomfort.lu\/de\/wp-json\/wp\/v2\/product_tag?post=17128"},{"taxonomy":"product_brands","embeddable":true,"href":"https:\/\/ekomfort.lu\/de\/wp-json\/wp\/v2\/product_brands?post=17128"}],"curies":[{"name":"wp","href":"https:\/\/api.w.org\/{rel}","templated":true}]}}