{"id":17102,"date":"2024-05-29T08:38:03","date_gmt":"2024-05-29T06:38:03","guid":{"rendered":"https:\/\/ekomfort.lu\/?post_type=product&#038;p=17102"},"modified":"2024-07-20T10:20:17","modified_gmt":"2024-07-20T08:20:17","slug":"olga-black-vegan-sandals","status":"publish","type":"product","link":"https:\/\/ekomfort.lu\/de\/shop\/olga-black-vegan-sandals\/","title":{"rendered":"OLGA Black Vegan Sandals"},"content":{"rendered":"\n<p>D\u00e9couvrez nos sandales v\u00e9ganes plates, chics et sophistiqu\u00e9es, un m\u00e9lange parfait d&#8217;\u00e9l\u00e9gance moderne et de mode respectueuse de l&#8217;environnement. Ces sandales sont m\u00e9ticuleusement fabriqu\u00e9es en cuir de pomme luxueux, offrant une alternative unique et durable aux mat\u00e9riaux traditionnels. Elles sont dot\u00e9es de deux fines lani\u00e8res parall\u00e8les dans des tons noirs et nude intemporels, cr\u00e9ant un look raffin\u00e9 et polyvalent. En outre, deux lani\u00e8res \u00e9pousent gracieusement le pied, se croisant \u00e0 l&#8217;avant et se resserrant \u00e0 l&#8217;arri\u00e8re pour assurer un maintien s\u00fbr et confortable. Entrez dans la mode durable avec nos sandales v\u00e9g\u00e9taliennes, id\u00e9ales pour rehausser n&#8217;importe quelle tenue d&#8217;une touche de sophistication.<\/p>\n\n\n<style>.wp-block-kadence-iconlist.kt-svg-icon-list-items17102_282013-60:not(.this-stops-third-party-issues){margin-top:0px;margin-bottom:0px;}.wp-block-kadence-iconlist.kt-svg-icon-list-items17102_282013-60 ul.kt-svg-icon-list:not(.this-prevents-issues):not(.this-stops-third-party-issues):not(.tijsloc){margin-top:0px;margin-right:0px;margin-bottom:var(--global-kb-spacing-sm, 1.5rem);margin-left:0px;}.wp-block-kadence-iconlist.kt-svg-icon-list-items17102_282013-60 ul.kt-svg-icon-list{grid-row-gap:5px;}.wp-block-kadence-iconlist.kt-svg-icon-list-items17102_282013-60 .kb-svg-icon-wrap{font-size:18px;color:var(--global-palette1, #3182CE);}.wp-block-kadence-iconlist.kt-svg-icon-list-items17102_282013-60 ul.kt-svg-icon-list .kt-svg-icon-list-item-wrap .kt-svg-icon-list-single{margin-right:10px;}.kt-svg-icon-list-items17102_282013-60 ul.kt-svg-icon-list .kt-svg-icon-list-level-0 .kt-svg-icon-list-single svg{font-size:20px;}<\/style>\n<div class=\"wp-block-kadence-iconlist kt-svg-icon-list-items kt-svg-icon-list-items17102_282013-60 kt-svg-icon-list-columns-1 alignnone\"><ul class=\"kt-svg-icon-list\"><style>.kt-svg-icon-list-item-17102_508a5d-7c .kt-svg-icon-list-text mark.kt-highlight{background-color:unset;font-style:normal;color:#f76a0c;-webkit-box-decoration-break:clone;box-decoration-break:clone;padding-top:0px;padding-right:0px;padding-bottom:0px;padding-left:0px;}<\/style>\n<li class=\"wp-block-kadence-listitem kt-svg-icon-list-item-wrap kt-svg-icon-list-item-17102_508a5d-7c\"><span class=\"kb-svg-icon-wrap kb-svg-icon-fe_checkCircle kt-svg-icon-list-single\"><svg viewBox=\"0 0 24 24\"  fill=\"none\" stroke=\"currentColor\" stroke-width=\"3\" stroke-linecap=\"round\" stroke-linejoin=\"round\" xmlns=\"http:\/\/www.w3.org\/2000\/svg\"  aria-hidden=\"true\"><path d=\"M22 11.08V12a10 10 0 1 1-5.93-9.14\"\/><polyline points=\"22 4 12 14.01 9 11.01\"\/><\/svg><\/span><span class=\"kt-svg-icon-list-text\">Fabriqu\u00e9es en cuir de pomme innovant, elles favorisent le d\u00e9veloppement durable sans compromettre le style.<\/span><\/li>\n\n\n<style>.kt-svg-icon-list-item-17102_ffb4a7-b8 .kt-svg-icon-list-text mark.kt-highlight{background-color:unset;font-style:normal;color:#f76a0c;-webkit-box-decoration-break:clone;box-decoration-break:clone;padding-top:0px;padding-right:0px;padding-bottom:0px;padding-left:0px;}<\/style>\n<li class=\"wp-block-kadence-listitem kt-svg-icon-list-item-wrap kt-svg-icon-list-item-17102_ffb4a7-b8\"><span class=\"kb-svg-icon-wrap kb-svg-icon-fe_checkCircle kt-svg-icon-list-single\"><svg viewBox=\"0 0 24 24\"  fill=\"none\" stroke=\"currentColor\" stroke-width=\"3\" stroke-linecap=\"round\" stroke-linejoin=\"round\" xmlns=\"http:\/\/www.w3.org\/2000\/svg\"  aria-hidden=\"true\"><path d=\"M22 11.08V12a10 10 0 1 1-5.93-9.14\"\/><polyline points=\"22 4 12 14.01 9 11.01\"\/><\/svg><\/span><span class=\"kt-svg-icon-list-text\">Les fines lani\u00e8res parall\u00e8les dans les tons classiques noir et nude offrent une esth\u00e9tique \u00e9l\u00e9gante et moderne.<\/span><\/li>\n\n\n<style>.kt-svg-icon-list-item-17102_5ed3c4-76 .kt-svg-icon-list-text mark.kt-highlight{background-color:unset;font-style:normal;color:#f76a0c;-webkit-box-decoration-break:clone;box-decoration-break:clone;padding-top:0px;padding-right:0px;padding-bottom:0px;padding-left:0px;}<\/style>\n<li class=\"wp-block-kadence-listitem kt-svg-icon-list-item-wrap kt-svg-icon-list-item-17102_5ed3c4-76\"><span class=\"kb-svg-icon-wrap kb-svg-icon-fe_checkCircle kt-svg-icon-list-single\"><svg viewBox=\"0 0 24 24\"  fill=\"none\" stroke=\"currentColor\" stroke-width=\"3\" stroke-linecap=\"round\" stroke-linejoin=\"round\" xmlns=\"http:\/\/www.w3.org\/2000\/svg\"  aria-hidden=\"true\"><path d=\"M22 11.08V12a10 10 0 1 1-5.93-9.14\"\/><polyline points=\"22 4 12 14.01 9 11.01\"\/><\/svg><\/span><span class=\"kt-svg-icon-list-text\">Les bretelles crois\u00e9es \u00e0 l&#8217;avant et le serrage r\u00e9glable \u00e0 l&#8217;arri\u00e8re assurent un maintien s\u00fbr pour un confort tout au long de la journ\u00e9e.<\/span><\/li>\n<\/ul><\/div>\n\n\n\n<p>Embrassez l&#8217;avenir de la mode avec nos sandales v\u00e9ganes noires OLGA. Parfaites pour toutes les occasions, ces sandales allient style, confort et durabilit\u00e9, ce qui en fait un ajout essentiel \u00e0 votre garde-robe.<\/p>\n","protected":false},"excerpt":{"rendered":"<p>D\u00e9couvrez nos sandales v\u00e9ganes plates, chics et sophistiqu\u00e9es, un m\u00e9lange parfait d&#8217;\u00e9l\u00e9gance moderne et de mode respectueuse de l&#8217;environnement. Ces sandales sont m\u00e9ticuleusement fabriqu\u00e9es en cuir de pomme luxueux, offrant une alternative unique et durable aux mat\u00e9riaux traditionnels. Elles sont dot\u00e9es de deux fines lani\u00e8res parall\u00e8les dans des tons noirs et nude intemporels, cr\u00e9ant un&#8230;<\/p>\n","protected":false},"featured_media":17099,"comment_status":"open","ping_status":"closed","template":"","meta":{"_acf_changed":false,"_kad_blocks_custom_css":"","_kad_blocks_head_custom_js":"","_kad_blocks_body_custom_js":"","_kad_blocks_footer_custom_js":"","_kad_post_transparent":"","_kad_post_title":"","_kad_post_layout":"","_kad_post_sidebar_id":"","_kad_post_content_style":"","_kad_post_vertical_padding":"","_kad_post_feature":"","_kad_post_feature_position":"","_kad_post_header":false,"_kad_post_footer":false,"_kad_post_classname":""},"product_brand":[],"product_cat":[72,46],"product_tag":[],"product_brands":[],"class_list":{"0":"post-17102","1":"product","2":"type-product","3":"status-publish","4":"has-post-thumbnail","6":"product_cat-sandales","7":"product_cat-chaussures-vegan","9":"first","10":"instock","11":"taxable","12":"shipping-taxable","13":"purchasable","14":"product-type-variable","15":"entry","16":"content-bg","17":"loop-entry"},"acf":{"avantages":"Fabriqu\u00e9es en cuir de pomme luxueux, ces sandales sont une alternative \u00e9l\u00e9gante et \u00e9cologique au cuir traditionnel.\r\n\r\nLe design chic avec de fines lani\u00e8res parall\u00e8les dans les tons classiques noir et nude offre un look sophistiqu\u00e9 et moderne.\r\n\r\nLes deux lani\u00e8res qui se croisent \u00e0 l'avant et se resserrent \u00e0 l'arri\u00e8re assurent un maintien s\u00fbr et confortable.","entretien":"1. Enlevez La Poussi\u00e8re Ou La Boue Avec Une Brosse Douce Ou Un Chiffon Sec.\r\n\r\n2. Utilisez Un Chiffon Humide Pour Nettoyer L\u2019ensemble De Votre Produit En Frottant Doucement D\u2019un Geste Circulaire.\r\n\r\n3. Nettoyez R\u00e9guli\u00e8rement Votre Chiffon Pour \u00c9viter De R\u00e9pandre La Salet\u00e9\r\n\r\n4. Pour Les T\u00e2ches Difficiles, Utilisez Une Brosse \u00c0 Poils Doux Et De L\u2019eau En Frottant D\u00e9licatement D\u2019un Geste Circulaire.\r\n\r\n5. Laissez S\u00e9cher \u00c0 L\u2019air Libre Avant D\u2019appliquer Une Cr\u00e8me Nettoyante.\r\n\r\n6. Utilisez Une Cr\u00e8me Nettoyante Pour Donner Plus D\u2019\u00e9clat \u00c0 Votre Produit. Mettez Une Noisette De Produit Sur Une Brosse Ou Un Chiffon Doux Et Sec, Puis Faites P\u00e9n\u00e9trer Compl\u00e8tement Dans Le Tissu En Frottant D\u00e9licatement De Mani\u00e8re Circulaire Jusqu\u2019\u00e0 Totale Absorption.\r\n\r\n7. Enfin, Laissez S\u00e9cher \u00c0 L\u2019air Libre Pendant 24 Heures, \u00c0 L\u2019abri De La Lumi\u00e8re Directe Du Soleil.\r\n\r\n<strong>Attention<\/strong>\u00a0:\r\n\r\n\u2022 Ne Mettez Pas Votre Produit En Machine.\r\n\r\n\u2022 Ne L\u2019immergez Pas Dans L\u2019eau, Cela Pourrait Causer Des Dommages Irr\u00e9versibles.\r\n\r\nLorsque Vos Chaussures V\u00e9ganes Ont Atteint Leur Dur\u00e9e De Vie Ou Que Vous N\u2019en Avez Plus Besoin, Envisagez De Leur Donner Une Seconde Vie.\r\n\r\nDonnez-Leur Un Autre Usage Pour Vous-M\u00eame Ou Offrez-Les \u00c0 Quelqu\r\n\r\n\r\n\r\n\r\n\u201cNettoyez Vos Chaussures \u00c0 L\u2019aide D\u2019un Chiffon Imbib\u00e9 D\u2019eau Et De Savon.\r\n \r\nLaissez-Les S\u00e9cher Avant Toute Application.\r\n \r\nLorsque Vous Estimez Que Votre Article A Fait Son Temps Ou Bien Que Vous N\u2019en Avez Plus L\u2019utilit\u00e9, Pensez \u00c0 Lui Offrir Une Seconde Vie.\r\n \r\nVous Pouvez \u00c9galement Vous Procurer Un Nouvel Article Pour Vous-M\u00eame Ou Bien Le Donner.\u201d","marque":""},"taxonomy_info":{"product_cat":[{"value":72,"label":"Sandales"},{"value":46,"label":"Chaussures vegan"}]},"featured_image_src_large":["https:\/\/ekomfort.lu\/wp-content\/uploads\/2024\/05\/Olga_Black.jpg",700,700,false],"author_info":[],"comment_info":0,"_links":{"self":[{"href":"https:\/\/ekomfort.lu\/de\/wp-json\/wp\/v2\/product\/17102","targetHints":{"allow":["GET"]}}],"collection":[{"href":"https:\/\/ekomfort.lu\/de\/wp-json\/wp\/v2\/product"}],"about":[{"href":"https:\/\/ekomfort.lu\/de\/wp-json\/wp\/v2\/types\/product"}],"replies":[{"embeddable":true,"href":"https:\/\/ekomfort.lu\/de\/wp-json\/wp\/v2\/comments?post=17102"}],"wp:featuredmedia":[{"embeddable":true,"href":"https:\/\/ekomfort.lu\/de\/wp-json\/wp\/v2\/media\/17099"}],"wp:attachment":[{"href":"https:\/\/ekomfort.lu\/de\/wp-json\/wp\/v2\/media?parent=17102"}],"wp:term":[{"taxonomy":"product_brand","embeddable":true,"href":"https:\/\/ekomfort.lu\/de\/wp-json\/wp\/v2\/product_brand?post=17102"},{"taxonomy":"product_cat","embeddable":true,"href":"https:\/\/ekomfort.lu\/de\/wp-json\/wp\/v2\/product_cat?post=17102"},{"taxonomy":"product_tag","embeddable":true,"href":"https:\/\/ekomfort.lu\/de\/wp-json\/wp\/v2\/product_tag?post=17102"},{"taxonomy":"product_brands","embeddable":true,"href":"https:\/\/ekomfort.lu\/de\/wp-json\/wp\/v2\/product_brands?post=17102"}],"curies":[{"name":"wp","href":"https:\/\/api.w.org\/{rel}","templated":true}]}}