{"id":17089,"date":"2024-05-29T08:36:32","date_gmt":"2024-05-29T06:36:32","guid":{"rendered":"https:\/\/ekomfort.lu\/?post_type=product&#038;p=17089"},"modified":"2024-07-04T17:34:44","modified_gmt":"2024-07-04T15:34:44","slug":"margot-sandale-en-pinatex","status":"publish","type":"product","link":"https:\/\/ekomfort.lu\/de\/shop\/margot-sandale-en-pinatex\/","title":{"rendered":"Margot &#8211; Sandale en pinatex"},"content":{"rendered":"\n<p>Voici Margot &#8211; Sandale en Pi\u00f1atex, un symbole d&#8217;\u00e9l\u00e9gance et de confort durables. Ces sandales \u00e0 talon moyen pour femmes red\u00e9finissent la mode de la chaussure gr\u00e2ce \u00e0 l&#8217;utilisation innovante du Pi\u00f1atex, un mat\u00e9riau r\u00e9volutionnaire d\u00e9riv\u00e9 de fibres de feuilles d&#8217;ananas. Dot\u00e9es de fermetures en li\u00e8ge naturel \u00e0 la cheville et sur le dessus des orteils, ces sandales offrent un m\u00e9lange parfait de style et de conscience \u00e9cologique. La doublure hypoallerg\u00e9nique et antimicrobienne assure un confort et une hygi\u00e8ne optimaux, tandis que la boucle en or sans nickel ajoute une touche de sophistication au design. Magnifiquement finies \u00e0 la main dans un environnement de travail \u00e9quitable au Portugal, ces sandales ne sont pas seulement une d\u00e9claration de mode, mais un engagement en faveur d&#8217;un artisanat \u00e9thique.<\/p>\n\n\n<style>.wp-block-kadence-iconlist.kt-svg-icon-list-items17089_6b4de4-14:not(.this-stops-third-party-issues){margin-top:0px;margin-bottom:0px;}.wp-block-kadence-iconlist.kt-svg-icon-list-items17089_6b4de4-14 ul.kt-svg-icon-list:not(.this-prevents-issues):not(.this-stops-third-party-issues):not(.tijsloc){margin-top:0px;margin-right:0px;margin-bottom:var(--global-kb-spacing-sm, 1.5rem);margin-left:0px;}.wp-block-kadence-iconlist.kt-svg-icon-list-items17089_6b4de4-14 ul.kt-svg-icon-list{grid-row-gap:5px;}.wp-block-kadence-iconlist.kt-svg-icon-list-items17089_6b4de4-14 .kb-svg-icon-wrap{font-size:18px;color:var(--global-palette1, #3182CE);}.wp-block-kadence-iconlist.kt-svg-icon-list-items17089_6b4de4-14 ul.kt-svg-icon-list .kt-svg-icon-list-item-wrap .kt-svg-icon-list-single{margin-right:10px;}.kt-svg-icon-list-items17089_6b4de4-14 ul.kt-svg-icon-list .kt-svg-icon-list-level-0 .kt-svg-icon-list-single svg{font-size:20px;}<\/style>\n<div class=\"wp-block-kadence-iconlist kt-svg-icon-list-items kt-svg-icon-list-items17089_6b4de4-14 kt-svg-icon-list-columns-1 alignnone\"><ul class=\"kt-svg-icon-list\"><style>.kt-svg-icon-list-item-17089_12c76d-b7 .kt-svg-icon-list-text mark.kt-highlight{background-color:unset;font-style:normal;color:#f76a0c;-webkit-box-decoration-break:clone;box-decoration-break:clone;padding-top:0px;padding-right:0px;padding-bottom:0px;padding-left:0px;}<\/style>\n<li class=\"wp-block-kadence-listitem kt-svg-icon-list-item-wrap kt-svg-icon-list-item-17089_12c76d-b7\"><span class=\"kb-svg-icon-wrap kb-svg-icon-fe_checkCircle kt-svg-icon-list-single\"><svg viewBox=\"0 0 24 24\"  fill=\"none\" stroke=\"currentColor\" stroke-width=\"3\" stroke-linecap=\"round\" stroke-linejoin=\"round\" xmlns=\"http:\/\/www.w3.org\/2000\/svg\"  aria-hidden=\"true\"><path d=\"M22 11.08V12a10 10 0 1 1-5.93-9.14\"\/><polyline points=\"22 4 12 14.01 9 11.01\"\/><\/svg><\/span><span class=\"kt-svg-icon-list-text\">Fabriqu\u00e9 \u00e0 partir de fibres de feuilles d&#8217;ananas, le Pi\u00f1atex offre une alternative \u00e9cologique au cuir traditionnel et soutient les pratiques de la mode durable.<\/span><\/li>\n\n\n<style>.kt-svg-icon-list-item-17089_ecad6c-77 .kt-svg-icon-list-text mark.kt-highlight{background-color:unset;font-style:normal;color:#f76a0c;-webkit-box-decoration-break:clone;box-decoration-break:clone;padding-top:0px;padding-right:0px;padding-bottom:0px;padding-left:0px;}<\/style>\n<li class=\"wp-block-kadence-listitem kt-svg-icon-list-item-wrap kt-svg-icon-list-item-17089_ecad6c-77\"><span class=\"kb-svg-icon-wrap kb-svg-icon-fe_checkCircle kt-svg-icon-list-single\"><svg viewBox=\"0 0 24 24\"  fill=\"none\" stroke=\"currentColor\" stroke-width=\"3\" stroke-linecap=\"round\" stroke-linejoin=\"round\" xmlns=\"http:\/\/www.w3.org\/2000\/svg\"  aria-hidden=\"true\"><path d=\"M22 11.08V12a10 10 0 1 1-5.93-9.14\"\/><polyline points=\"22 4 12 14.01 9 11.01\"\/><\/svg><\/span><span class=\"kt-svg-icon-list-text\">Doubl\u00e9es de microfibres certifi\u00e9es OEKO-TEX STANDARD 100, ces sandales pr\u00e9sentent des propri\u00e9t\u00e9s hypoallerg\u00e9niques et antimicrobiennes, garantissant confort et hygi\u00e8ne au porteur.<\/span><\/li>\n\n\n<style>.kt-svg-icon-list-item-17089_b86d34-0e .kt-svg-icon-list-text mark.kt-highlight{background-color:unset;font-style:normal;color:#f76a0c;-webkit-box-decoration-break:clone;box-decoration-break:clone;padding-top:0px;padding-right:0px;padding-bottom:0px;padding-left:0px;}<\/style>\n<li class=\"wp-block-kadence-listitem kt-svg-icon-list-item-wrap kt-svg-icon-list-item-17089_b86d34-0e\"><span class=\"kb-svg-icon-wrap kb-svg-icon-fe_checkCircle kt-svg-icon-list-single\"><svg viewBox=\"0 0 24 24\"  fill=\"none\" stroke=\"currentColor\" stroke-width=\"3\" stroke-linecap=\"round\" stroke-linejoin=\"round\" xmlns=\"http:\/\/www.w3.org\/2000\/svg\"  aria-hidden=\"true\"><path d=\"M22 11.08V12a10 10 0 1 1-5.93-9.14\"\/><polyline points=\"22 4 12 14.01 9 11.01\"\/><\/svg><\/span><span class=\"kt-svg-icon-list-text\">L&#8217;inclusion d&#8217;une boucle en or sans nickel pour la fermeture ajoute une touche d&#8217;\u00e9l\u00e9gance tout en r\u00e9pondant aux besoins des personnes allergiques au nickel.<\/span><\/li>\n<\/ul><\/div>\n\n\n\n<p>Entrez dans le monde de la mode \u00e9thique avec Margot &#8211; Sandale en Pi\u00f1atex, o\u00f9 le style, la durabilit\u00e9 et le confort s&#8217;entrem\u00ealent harmonieusement. Rehaussez votre collection de chaussures avec ces sandales m\u00e9ticuleusement fabriqu\u00e9es, en sachant que chaque pas que vous faites contribue \u00e0 un avenir plus \u00e9thique et plus respectueux de l&#8217;environnement.<\/p>\n","protected":false},"excerpt":{"rendered":"<p>Voici Margot &#8211; Sandale en Pi\u00f1atex, un symbole d&#8217;\u00e9l\u00e9gance et de confort durables. Ces sandales \u00e0 talon moyen pour femmes red\u00e9finissent la mode de la chaussure gr\u00e2ce \u00e0 l&#8217;utilisation innovante du Pi\u00f1atex, un mat\u00e9riau r\u00e9volutionnaire d\u00e9riv\u00e9 de fibres de feuilles d&#8217;ananas. Dot\u00e9es de fermetures en li\u00e8ge naturel \u00e0 la cheville et sur le dessus des&#8230;<\/p>\n","protected":false},"featured_media":17086,"comment_status":"open","ping_status":"closed","template":"","meta":{"_acf_changed":false,"_kad_blocks_custom_css":"","_kad_blocks_head_custom_js":"","_kad_blocks_body_custom_js":"","_kad_blocks_footer_custom_js":"","_kad_post_transparent":"","_kad_post_title":"","_kad_post_layout":"","_kad_post_sidebar_id":"","_kad_post_content_style":"","_kad_post_vertical_padding":"","_kad_post_feature":"","_kad_post_feature_position":"","_kad_post_header":false,"_kad_post_footer":false,"_kad_post_classname":""},"product_brand":[],"product_cat":[72,46],"product_tag":[],"product_brands":[],"class_list":{"0":"post-17089","1":"product","2":"type-product","3":"status-publish","4":"has-post-thumbnail","6":"product_cat-sandales","7":"product_cat-chaussures-vegan","9":"first","10":"outofstock","11":"taxable","12":"shipping-taxable","13":"purchasable","14":"product-type-variable","15":"entry","16":"content-bg","17":"loop-entry"},"acf":{"avantages":"Fabriqu\u00e9es en Pi\u00f1atex, un mat\u00e9riau innovant fabriqu\u00e9 \u00e0 partir de fibres de feuilles d'ananas, ces sandales offrent une alternative durable et \u00e9cologique au cuir traditionnel.\r\n\r\nDoubl\u00e9es de microfibres certifi\u00e9es OEKO-TEX STANDARD 100, ces sandales sont hypoallerg\u00e9niques, antibact\u00e9riennes et antimicrobiennes, garantissant confort et hygi\u00e8ne.\r\n\r\nDot\u00e9es d'une boucle en or sans nickel, ces sandales privil\u00e9gient \u00e0 la fois le style et la sensibilit\u00e9 de la peau, ce qui permet de r\u00e9pondre aux besoins des personnes allergiques au nickel.","entretien":"1. Enlevez La Poussi\u00e8re Ou La Boue Avec Une Brosse Douce Ou Un Chiffon Sec.\r\n\r\n2. Utilisez Un Chiffon Humide Pour Nettoyer L\u2019ensemble De Votre Produit En Frottant Doucement D\u2019un Geste Circulaire.\r\n\r\n3. Nettoyez R\u00e9guli\u00e8rement Votre Chiffon Pour \u00c9viter De R\u00e9pandre La Salet\u00e9\r\n\r\n4. Pour Les T\u00e2ches Difficiles, Utilisez Une Brosse \u00c0 Poils Doux Et De L\u2019eau En Frottant D\u00e9licatement D\u2019un Geste Circulaire.\r\n\r\n5. Laissez S\u00e9cher \u00c0 L\u2019air Libre Avant D\u2019appliquer Une Cr\u00e8me Nettoyante.\r\n\r\n6. Utilisez Une Cr\u00e8me Nettoyante Pour Donner Plus D\u2019\u00e9clat \u00c0 Votre Produit. Mettez Une Noisette De Produit Sur Une Brosse Ou Un Chiffon Doux Et Sec, Puis Faites P\u00e9n\u00e9trer Compl\u00e8tement Dans Le Tissu En Frottant D\u00e9licatement De Mani\u00e8re Circulaire Jusqu\u2019\u00e0 Totale Absorption.\r\n\r\n7. Enfin, Laissez S\u00e9cher \u00c0 L\u2019air Libre Pendant 24 Heures, \u00c0 L\u2019abri De La Lumi\u00e8re Directe Du Soleil.\r\n\r\n<strong>Attention<\/strong>\u00a0:\r\n\r\n\u2022 Ne Mettez Pas Votre Produit En Machine.\r\n\r\n\u2022 Ne L\u2019immergez Pas Dans L\u2019eau, Cela Pourrait Causer Des Dommages Irr\u00e9versibles.\r\n\r\nLorsque Vos Chaussures V\u00e9ganes Ont Atteint Leur Dur\u00e9e De Vie Ou Que Vous N\u2019en Avez Plus Besoin, Envisagez De Leur Donner Une Seconde Vie.\r\n\r\nDonnez-Leur Un Autre Usage Pour Vous-M\u00eame Ou Offrez-Les \u00c0 Quelqu\r\n","marque":""},"taxonomy_info":{"product_cat":[{"value":72,"label":"Sandales"},{"value":46,"label":"Chaussures vegan"}]},"featured_image_src_large":["https:\/\/ekomfort.lu\/wp-content\/uploads\/2024\/05\/Margot_Brown.jpg",700,700,false],"author_info":[],"comment_info":0,"_links":{"self":[{"href":"https:\/\/ekomfort.lu\/de\/wp-json\/wp\/v2\/product\/17089","targetHints":{"allow":["GET"]}}],"collection":[{"href":"https:\/\/ekomfort.lu\/de\/wp-json\/wp\/v2\/product"}],"about":[{"href":"https:\/\/ekomfort.lu\/de\/wp-json\/wp\/v2\/types\/product"}],"replies":[{"embeddable":true,"href":"https:\/\/ekomfort.lu\/de\/wp-json\/wp\/v2\/comments?post=17089"}],"wp:featuredmedia":[{"embeddable":true,"href":"https:\/\/ekomfort.lu\/de\/wp-json\/wp\/v2\/media\/17086"}],"wp:attachment":[{"href":"https:\/\/ekomfort.lu\/de\/wp-json\/wp\/v2\/media?parent=17089"}],"wp:term":[{"taxonomy":"product_brand","embeddable":true,"href":"https:\/\/ekomfort.lu\/de\/wp-json\/wp\/v2\/product_brand?post=17089"},{"taxonomy":"product_cat","embeddable":true,"href":"https:\/\/ekomfort.lu\/de\/wp-json\/wp\/v2\/product_cat?post=17089"},{"taxonomy":"product_tag","embeddable":true,"href":"https:\/\/ekomfort.lu\/de\/wp-json\/wp\/v2\/product_tag?post=17089"},{"taxonomy":"product_brands","embeddable":true,"href":"https:\/\/ekomfort.lu\/de\/wp-json\/wp\/v2\/product_brands?post=17089"}],"curies":[{"name":"wp","href":"https:\/\/api.w.org\/{rel}","templated":true}]}}