{"id":17007,"date":"2024-05-29T07:11:00","date_gmt":"2024-05-29T05:11:00","guid":{"rendered":"https:\/\/ekomfort.lu\/?post_type=product&#038;p=17007"},"modified":"2024-07-04T17:19:33","modified_gmt":"2024-07-04T15:19:33","slug":"deme-ballerines-noires-vegan","status":"publish","type":"product","link":"https:\/\/ekomfort.lu\/de\/shop\/deme-ballerines-noires-vegan\/","title":{"rendered":"DEME  Ballerines Noires Vegan"},"content":{"rendered":"\n<p>Voici les ballerines v\u00e9g\u00e9taliennes noires DEME &#8211; un m\u00e9lange d&#8217;\u00e9l\u00e9gance, de confort et de mode \u00e9thique. Ces ballerines plates exquises red\u00e9finissent la sophistication gr\u00e2ce \u00e0 leur design unique, m\u00e9ticuleusement fabriqu\u00e9 \u00e0 partir de cuir de pomme noir et nude sophistiqu\u00e9. Au-del\u00e0 de leur apparence \u00e9blouissante, ces ballerines privil\u00e9gient \u00e0 la fois le style et le confort, ce qui en fait un compl\u00e9ment essentiel \u00e0 toute collection de chaussures. Con\u00e7ues dans un souci de durabilit\u00e9, elles incarnent un engagement en faveur d&#8217;une mode \u00e9thique, vous permettant d&#8217;entrer en toute confiance dans le monde du luxe sans cruaut\u00e9.<\/p>\n\n\n<style>.wp-block-kadence-iconlist.kt-svg-icon-list-items17007_0afada-86:not(.this-stops-third-party-issues){margin-top:0px;margin-bottom:0px;}.wp-block-kadence-iconlist.kt-svg-icon-list-items17007_0afada-86 ul.kt-svg-icon-list:not(.this-prevents-issues):not(.this-stops-third-party-issues):not(.tijsloc){margin-top:0px;margin-right:0px;margin-bottom:var(--global-kb-spacing-sm, 1.5rem);margin-left:0px;}.wp-block-kadence-iconlist.kt-svg-icon-list-items17007_0afada-86 ul.kt-svg-icon-list{grid-row-gap:5px;}.wp-block-kadence-iconlist.kt-svg-icon-list-items17007_0afada-86 .kb-svg-icon-wrap{font-size:18px;color:var(--global-palette1, #3182CE);}.wp-block-kadence-iconlist.kt-svg-icon-list-items17007_0afada-86 ul.kt-svg-icon-list .kt-svg-icon-list-item-wrap .kt-svg-icon-list-single{margin-right:10px;}.kt-svg-icon-list-items17007_0afada-86 ul.kt-svg-icon-list .kt-svg-icon-list-level-0 .kt-svg-icon-list-single svg{font-size:20px;}<\/style>\n<div class=\"wp-block-kadence-iconlist kt-svg-icon-list-items kt-svg-icon-list-items17007_0afada-86 kt-svg-icon-list-columns-1 alignnone\"><ul class=\"kt-svg-icon-list\"><style>.kt-svg-icon-list-item-17007_0f483b-fa .kt-svg-icon-list-text mark.kt-highlight{background-color:unset;font-style:normal;color:#f76a0c;-webkit-box-decoration-break:clone;box-decoration-break:clone;padding-top:0px;padding-right:0px;padding-bottom:0px;padding-left:0px;}<\/style>\n<li class=\"wp-block-kadence-listitem kt-svg-icon-list-item-wrap kt-svg-icon-list-item-17007_0f483b-fa\"><span class=\"kb-svg-icon-wrap kb-svg-icon-fe_checkCircle kt-svg-icon-list-single\"><svg viewBox=\"0 0 24 24\"  fill=\"none\" stroke=\"currentColor\" stroke-width=\"3\" stroke-linecap=\"round\" stroke-linejoin=\"round\" xmlns=\"http:\/\/www.w3.org\/2000\/svg\"  aria-hidden=\"true\"><path d=\"M22 11.08V12a10 10 0 1 1-5.93-9.14\"\/><polyline points=\"22 4 12 14.01 9 11.01\"\/><\/svg><\/span><span class=\"kt-svg-icon-list-text\">Fabriqu\u00e9es en cuir de pomme, ces ballerines offrent une sensation de luxe sans compromettre les valeurs \u00e9thiques, offrant une alternative sans cruaut\u00e9 au cuir traditionnel.<\/span><\/li>\n\n\n<style>.kt-svg-icon-list-item-17007_24fc24-09 .kt-svg-icon-list-text mark.kt-highlight{background-color:unset;font-style:normal;color:#f76a0c;-webkit-box-decoration-break:clone;box-decoration-break:clone;padding-top:0px;padding-right:0px;padding-bottom:0px;padding-left:0px;}<\/style>\n<li class=\"wp-block-kadence-listitem kt-svg-icon-list-item-wrap kt-svg-icon-list-item-17007_24fc24-09\"><span class=\"kb-svg-icon-wrap kb-svg-icon-fe_checkCircle kt-svg-icon-list-single\"><svg viewBox=\"0 0 24 24\"  fill=\"none\" stroke=\"currentColor\" stroke-width=\"3\" stroke-linecap=\"round\" stroke-linejoin=\"round\" xmlns=\"http:\/\/www.w3.org\/2000\/svg\"  aria-hidden=\"true\"><path d=\"M22 11.08V12a10 10 0 1 1-5.93-9.14\"\/><polyline points=\"22 4 12 14.01 9 11.01\"\/><\/svg><\/span><span class=\"kt-svg-icon-list-text\">Avec une ouverture en forme d&#8217;amande sur le devant, ces ballerines respirent l&#8217;\u00e9l\u00e9gance et l&#8217;originalit\u00e9, ce qui les distingue des chaussures ordinaires.<\/span><\/li>\n\n\n<style>.kt-svg-icon-list-item-17007_cc7c62-d8 .kt-svg-icon-list-text mark.kt-highlight{background-color:unset;font-style:normal;color:#f76a0c;-webkit-box-decoration-break:clone;box-decoration-break:clone;padding-top:0px;padding-right:0px;padding-bottom:0px;padding-left:0px;}<\/style>\n<li class=\"wp-block-kadence-listitem kt-svg-icon-list-item-wrap kt-svg-icon-list-item-17007_cc7c62-d8\"><span class=\"kb-svg-icon-wrap kb-svg-icon-fe_checkCircle kt-svg-icon-list-single\"><svg viewBox=\"0 0 24 24\"  fill=\"none\" stroke=\"currentColor\" stroke-width=\"3\" stroke-linecap=\"round\" stroke-linejoin=\"round\" xmlns=\"http:\/\/www.w3.org\/2000\/svg\"  aria-hidden=\"true\"><path d=\"M22 11.08V12a10 10 0 1 1-5.93-9.14\"\/><polyline points=\"22 4 12 14.01 9 11.01\"\/><\/svg><\/span><span class=\"kt-svg-icon-list-text\">Con\u00e7ues \u00e0 la fois pour le style et le confort, ces sandales donnent la priorit\u00e9 \u00e0 votre bien-\u00eatre, vous assurant de pouvoir naviguer en toute confiance dans votre journ\u00e9e avec gr\u00e2ce et confort.<\/span><\/li>\n<\/ul><\/div>\n\n\n\n<p>\u00c9levez votre jeu de chaussures avec les ballerines DEME Black Vegan, o\u00f9 le style rencontre la durabilit\u00e9 \u00e0 chaque pas. Faites-vous remarquer avec des chaussures qui ne se contentent pas d&#8217;\u00eatre belles, mais qui contribuent \u00e9galement \u00e0 une industrie de la mode plus compatissante et plus \u00e9thique.<\/p>\n","protected":false},"excerpt":{"rendered":"<p>Voici les ballerines v\u00e9g\u00e9taliennes noires DEME &#8211; un m\u00e9lange d&#8217;\u00e9l\u00e9gance, de confort et de mode \u00e9thique. Ces ballerines plates exquises red\u00e9finissent la sophistication gr\u00e2ce \u00e0 leur design unique, m\u00e9ticuleusement fabriqu\u00e9 \u00e0 partir de cuir de pomme noir et nude sophistiqu\u00e9. Au-del\u00e0 de leur apparence \u00e9blouissante, ces ballerines privil\u00e9gient \u00e0 la fois le style et le&#8230;<\/p>\n","protected":false},"featured_media":17004,"comment_status":"open","ping_status":"closed","template":"","meta":{"_acf_changed":false,"_kad_blocks_custom_css":"","_kad_blocks_head_custom_js":"","_kad_blocks_body_custom_js":"","_kad_blocks_footer_custom_js":"","_kad_post_transparent":"","_kad_post_title":"","_kad_post_layout":"","_kad_post_sidebar_id":"","_kad_post_content_style":"","_kad_post_vertical_padding":"","_kad_post_feature":"","_kad_post_feature_position":"","_kad_post_header":false,"_kad_post_footer":false,"_kad_post_classname":""},"product_brand":[],"product_cat":[705,46],"product_tag":[],"product_brands":[],"class_list":{"0":"post-17007","1":"product","2":"type-product","3":"status-publish","4":"has-post-thumbnail","6":"product_cat-chaussures-plates","7":"product_cat-chaussures-vegan","9":"first","10":"outofstock","11":"taxable","12":"shipping-taxable","13":"purchasable","14":"product-type-variable","15":"entry","16":"content-bg","17":"loop-entry"},"acf":{"avantages":"Fabriqu\u00e9es en cuir de pomme noir et nude sophistiqu\u00e9, ces ballerines offrent une sensation de luxe sans nuire aux animaux, ce qui en fait un choix sans cruaut\u00e9.\r\n\r\nDot\u00e9es d'une ouverture en forme d'amande sur le devant, ces ballerines se distinguent par leur design distinctif et sophistiqu\u00e9, ajoutant une touche d'originalit\u00e9 \u00e0 n'importe quelle tenue.\r\n\r\nCon\u00e7ues pour \u00eatre \u00e0 la fois confortables et \u00e9l\u00e9gantes, ces sandales mettent l'accent sur votre confort tout en vous garantissant confiance et \u00e9l\u00e9gance, ce qui les rend id\u00e9ales \u00e0 porter tout au long de la journ\u00e9e.","entretien":"1. Enlevez La Poussi\u00e8re Ou La Boue Avec Une Brosse Douce Ou Un Chiffon Sec.\r\n\r\n2. Utilisez Un Chiffon Humide Pour Nettoyer L\u2019ensemble De Votre Produit En Frottant Doucement D\u2019un Geste Circulaire.\r\n\r\n3. Nettoyez R\u00e9guli\u00e8rement Votre Chiffon Pour \u00c9viter De R\u00e9pandre La Salet\u00e9\r\n\r\n4. Pour Les T\u00e2ches Difficiles, Utilisez Une Brosse \u00c0 Poils Doux Et De L\u2019eau En Frottant D\u00e9licatement D\u2019un Geste Circulaire.\r\n\r\n5. Laissez S\u00e9cher \u00c0 L\u2019air Libre Avant D\u2019appliquer Une Cr\u00e8me Nettoyante.\r\n\r\n6. Utilisez Une Cr\u00e8me Nettoyante Pour Donner Plus D\u2019\u00e9clat \u00c0 Votre Produit. Mettez Une Noisette De Produit Sur Une Brosse Ou Un Chiffon Doux Et Sec, Puis Faites P\u00e9n\u00e9trer Compl\u00e8tement Dans Le Tissu En Frottant D\u00e9licatement De Mani\u00e8re Circulaire Jusqu\u2019\u00e0 Totale Absorption.\r\n\r\n7. Enfin, Laissez S\u00e9cher \u00c0 L\u2019air Libre Pendant 24 Heures, \u00c0 L\u2019abri De La Lumi\u00e8re Directe Du Soleil.\r\n\r\n<strong>Attention<\/strong>\u00a0:\r\n\r\n\u2022 Ne Mettez Pas Votre Produit En Machine.\r\n\r\n\u2022 Ne L\u2019immergez Pas Dans L\u2019eau, Cela Pourrait Causer Des Dommages Irr\u00e9versibles.\r\n\r\nLorsque Vos Chaussures V\u00e9ganes Ont Atteint Leur Dur\u00e9e De Vie Ou Que Vous N\u2019en Avez Plus Besoin, Envisagez De Leur Donner Une Seconde Vie.\r\n\r\nDonnez-Leur Un Autre Usage Pour Vous-M\u00eame Ou Offrez-Les \u00c0 Quelqu\r\n","marque":""},"taxonomy_info":{"product_cat":[{"value":705,"label":"Chaussures plates"},{"value":46,"label":"Chaussures vegan"}]},"featured_image_src_large":["https:\/\/ekomfort.lu\/wp-content\/uploads\/2024\/05\/Deme_Black.jpg",700,700,false],"author_info":[],"comment_info":0,"_links":{"self":[{"href":"https:\/\/ekomfort.lu\/de\/wp-json\/wp\/v2\/product\/17007","targetHints":{"allow":["GET"]}}],"collection":[{"href":"https:\/\/ekomfort.lu\/de\/wp-json\/wp\/v2\/product"}],"about":[{"href":"https:\/\/ekomfort.lu\/de\/wp-json\/wp\/v2\/types\/product"}],"replies":[{"embeddable":true,"href":"https:\/\/ekomfort.lu\/de\/wp-json\/wp\/v2\/comments?post=17007"}],"wp:featuredmedia":[{"embeddable":true,"href":"https:\/\/ekomfort.lu\/de\/wp-json\/wp\/v2\/media\/17004"}],"wp:attachment":[{"href":"https:\/\/ekomfort.lu\/de\/wp-json\/wp\/v2\/media?parent=17007"}],"wp:term":[{"taxonomy":"product_brand","embeddable":true,"href":"https:\/\/ekomfort.lu\/de\/wp-json\/wp\/v2\/product_brand?post=17007"},{"taxonomy":"product_cat","embeddable":true,"href":"https:\/\/ekomfort.lu\/de\/wp-json\/wp\/v2\/product_cat?post=17007"},{"taxonomy":"product_tag","embeddable":true,"href":"https:\/\/ekomfort.lu\/de\/wp-json\/wp\/v2\/product_tag?post=17007"},{"taxonomy":"product_brands","embeddable":true,"href":"https:\/\/ekomfort.lu\/de\/wp-json\/wp\/v2\/product_brands?post=17007"}],"curies":[{"name":"wp","href":"https:\/\/api.w.org\/{rel}","templated":true}]}}