{"id":16764,"date":"2024-05-25T08:20:06","date_gmt":"2024-05-25T06:20:06","guid":{"rendered":"https:\/\/ekomfort.lu\/?post_type=product&#038;p=16764"},"modified":"2025-03-05T23:09:20","modified_gmt":"2025-03-05T22:09:20","slug":"amer-beige-ceinture-homme-homme-nae","status":"publish","type":"product","link":"https:\/\/ekomfort.lu\/de\/shop\/amer-beige-ceinture-homme-homme-nae\/","title":{"rendered":"Amer Beige: Ceinture homme Beige par Nae &#8211; \u00c9co-responsable, Innovatrice, R\u00e9sistante \u00e0 l&#8217;eau"},"content":{"rendered":"\n<p>D\u00e9couvrez l&#8217;\u00e9l\u00e9gance discr\u00e8te avec <em>Amer Beige<\/em>, une <strong>ceinture \u00e9l\u00e9gante pour homme<\/strong> par Nae. Confectionn\u00e9e en <strong>cuir v\u00e9gan<\/strong>, cette ceinture \u00e9co-responsable et innovante offre non seulement une esth\u00e9tique sophistiqu\u00e9e mais aussi une durabilit\u00e9 remarquable.<br><br>R\u00e9sistante \u00e0 l&#8217;eau et l\u00e9g\u00e8re, elle arbore des <strong>coutures crois\u00e9es en losanges<\/strong>, une boucle carr\u00e9e et un bout en trap\u00e8ze. \u00c9levez votre style avec cette <strong>ceinture beige<\/strong> \u00e0 44,99\u20ac, un choix sans cruaut\u00e9 pour l&#8217;homme moderne.<br><br>Saisissez cette opportunit\u00e9 de mode responsable et ajoutez cette <strong>ceinture \u00e9thique pour hommes<\/strong> \u00e0 votre garde-robe d\u00e8s aujourd&#8217;hui!<\/p>\n","protected":false},"excerpt":{"rendered":"<p>D\u00e9couvrez l&#8217;\u00e9l\u00e9gance discr\u00e8te avec Amer Beige, une ceinture \u00e9l\u00e9gante pour homme par Nae. Confectionn\u00e9e en cuir v\u00e9gan, cette ceinture \u00e9co-responsable et innovante offre non seulement une esth\u00e9tique sophistiqu\u00e9e mais aussi une durabilit\u00e9 remarquable. R\u00e9sistante \u00e0 l&#8217;eau et l\u00e9g\u00e8re, elle arbore des coutures crois\u00e9es en losanges, une boucle carr\u00e9e et un bout en trap\u00e8ze. \u00c9levez votre&#8230;<\/p>\n","protected":false},"featured_media":19056,"comment_status":"open","ping_status":"closed","template":"","meta":{"_acf_changed":false,"_kad_blocks_custom_css":"","_kad_blocks_head_custom_js":"","_kad_blocks_body_custom_js":"","_kad_blocks_footer_custom_js":"","_kad_post_transparent":"","_kad_post_title":"","_kad_post_layout":"","_kad_post_sidebar_id":"","_kad_post_content_style":"","_kad_post_vertical_padding":"","_kad_post_feature":"","_kad_post_feature_position":"","_kad_post_header":false,"_kad_post_footer":false},"product_brand":[],"product_cat":[129,48],"product_tag":[242],"product_brands":[28],"class_list":{"0":"post-16764","1":"product","2":"type-product","3":"status-publish","4":"has-post-thumbnail","6":"product_cat-ceintures","7":"product_cat-accessoires","8":"product_tag-homme","9":"product_brands-nae-vegan-shoes","11":"first","12":"instock","13":"taxable","14":"shipping-taxable","15":"purchasable","16":"product-type-variable","17":"has-default-attributes","18":"entry","19":"content-bg","20":"loop-entry"},"acf":{"avantages":"\ud83e\uddf5 Fabriqu\u00e9 \u00e0 partir de microfibres durables, elle garantit une utilisation durable et un impact minimal sur l'environnement.\r\n\r\n\ud83c\udf3f Fabriqu\u00e9 sans nuire aux animaux et con\u00e7u pour r\u00e9sister \u00e0 diverses conditions m\u00e9t\u00e9orologiques.\r\n\r\n\ud83d\udd17 Offre un confort et une facilit\u00e9 d'utilisation tout en ajoutant une touche sophistiqu\u00e9e \u00e0 n'importe quelle tenue.","entretien":"<ul>\r\n \t<li>Nettoyez votre ceinture avec un chiffon imbib\u00e9 d'eau savonneuse.<\/li>\r\n \t<li>Pour les t\u00e2ches plus tenaces, utilisez une brosse douce et frottez d\u00e9licatement en effectuant des mouvements circulaires.<\/li>\r\n \t<li>Retirez ensuite le savon avec un chiffon humide.<\/li>\r\n \t<li>Enfin, laissez s\u00e9cher \u00e0 l'air libre pendant 24 heures, en \u00e9vitant l'exposition directe au soleil.<\/li>\r\n<\/ul>","marque":"NAE Vegan Shoes propose des chaussures \u00e9l\u00e9gantes et durables, fabriqu\u00e9es sans produits d'origine animale, alliant \u00e9thique et style pour un mode de vie conscient."},"_wp_attached_file":null,"_wp_attachment_image_alt":null,"rank_math_facebook_image":null,"rank_math_facebook_image_id":null,"wpml_language":null,"_wp_attachment_metadata":null,"rank_math_focus_keyword":"Amer Beige, ceinture homme beige","rank_math_title":"Amer Beige: Ceinture Beige Homme Nae - Vegan, R\u00e9sistante","rank_math_description":"Ceinture \u00e9l\u00e9gante Amer Beige en cuir v\u00e9gan, \u00e9cologique et r\u00e9sistante. Achetez maintenant ce mod\u00e8le chic et durable pour homme, parfait pour un look raffin\u00e9!","taxonomy_info":{"product_cat":[{"value":129,"label":"Ceintures"},{"value":48,"label":"Accessoires"}],"product_tag":[{"value":242,"label":"Boutique homme"}],"product_brands":[{"value":28,"label":"NAE Vegan Shoes"}]},"featured_image_src_large":["https:\/\/ekomfort.lu\/wp-content\/uploads\/2024\/07\/BeltAmer_Beige.jpg",700,700,false],"author_info":[],"comment_info":0,"_links":{"self":[{"href":"https:\/\/ekomfort.lu\/de\/wp-json\/wp\/v2\/product\/16764","targetHints":{"allow":["GET"]}}],"collection":[{"href":"https:\/\/ekomfort.lu\/de\/wp-json\/wp\/v2\/product"}],"about":[{"href":"https:\/\/ekomfort.lu\/de\/wp-json\/wp\/v2\/types\/product"}],"replies":[{"embeddable":true,"href":"https:\/\/ekomfort.lu\/de\/wp-json\/wp\/v2\/comments?post=16764"}],"wp:featuredmedia":[{"embeddable":true,"href":"https:\/\/ekomfort.lu\/de\/wp-json\/wp\/v2\/media\/19056"}],"wp:attachment":[{"href":"https:\/\/ekomfort.lu\/de\/wp-json\/wp\/v2\/media?parent=16764"}],"wp:term":[{"taxonomy":"product_brand","embeddable":true,"href":"https:\/\/ekomfort.lu\/de\/wp-json\/wp\/v2\/product_brand?post=16764"},{"taxonomy":"product_cat","embeddable":true,"href":"https:\/\/ekomfort.lu\/de\/wp-json\/wp\/v2\/product_cat?post=16764"},{"taxonomy":"product_tag","embeddable":true,"href":"https:\/\/ekomfort.lu\/de\/wp-json\/wp\/v2\/product_tag?post=16764"},{"taxonomy":"product_brands","embeddable":true,"href":"https:\/\/ekomfort.lu\/de\/wp-json\/wp\/v2\/product_brands?post=16764"}],"curies":[{"name":"wp","href":"https:\/\/api.w.org\/{rel}","templated":true}]}}