{"id":16725,"date":"2024-05-24T14:07:03","date_gmt":"2024-05-24T12:07:03","guid":{"rendered":"https:\/\/ekomfort.lu\/?post_type=product&#038;p=16725"},"modified":"2024-07-01T12:07:46","modified_gmt":"2024-07-01T10:07:46","slug":"aure-vegan-schuhe","status":"publish","type":"product","link":"https:\/\/ekomfort.lu\/de\/shop\/aure-vegan-schuhe\/","title":{"rendered":"Aure Vegan Schuhe"},"content":{"rendered":"\n<p>Sind Sie auf der Suche nach einer einzigartigen Sommerfrische mit einer ausgepr\u00e4gten Anziehungskraft f\u00fcr Ihre sonnigen Tage? M\u00f6chten Sie Schuhe, die Stil, Komfort und Respekt f\u00fcr Ihre Werte vereinen?<\/p>\n\n\n\n<p>Entdecken Sie Holly Black, flache Damenschuhe aus AppleSkin, mit zarten Schn\u00fcrsenkeln und feinem, geschmeidigem Pflanzenleder. Eine perfekte Kombination aus Eleganz, Komfort und Langlebigkeit.<\/p>\n\n\n\n<p>W\u00e4hlen Sie Holly Black flache Schuhe:<\/p>\n\n\n<style>.wp-block-kadence-iconlist.kt-svg-icon-list-items16725_ad7e13-a8:not(.this-stops-third-party-issues){margin-top:0px;margin-bottom:0px;}.wp-block-kadence-iconlist.kt-svg-icon-list-items16725_ad7e13-a8 ul.kt-svg-icon-list:not(.this-prevents-issues):not(.this-stops-third-party-issues):not(.tijsloc){margin-top:0px;margin-right:0px;margin-bottom:var(--global-kb-spacing-sm, 1.5rem);margin-left:0px;}.wp-block-kadence-iconlist.kt-svg-icon-list-items16725_ad7e13-a8 ul.kt-svg-icon-list{grid-row-gap:5px;}.wp-block-kadence-iconlist.kt-svg-icon-list-items16725_ad7e13-a8 ul.kt-svg-icon-list .kt-svg-icon-list-item-wrap .kt-svg-icon-list-single{margin-right:10px;}.kt-svg-icon-list-items16725_ad7e13-a8 ul.kt-svg-icon-list .kt-svg-icon-list-level-0 .kt-svg-icon-list-single svg{font-size:20px;}<\/style>\n<div class=\"wp-block-kadence-iconlist kt-svg-icon-list-items kt-svg-icon-list-items16725_ad7e13-a8 kt-svg-icon-list-columns-1 alignnone\"><ul class=\"kt-svg-icon-list\"><style>.kt-svg-icon-list-item-16725_687009-a8 .kt-svg-icon-list-single{font-size:18px !important;color:var(--global-palette1, #3182CE) !important;}.kt-svg-icon-list-item-16725_687009-a8 .kt-svg-icon-list-text mark.kt-highlight{background-color:unset;font-style:normal;color:#f76a0c;-webkit-box-decoration-break:clone;box-decoration-break:clone;padding-top:0px;padding-right:0px;padding-bottom:0px;padding-left:0px;}<\/style>\n<li class=\"wp-block-kadence-listitem kt-svg-icon-list-item-wrap kt-svg-icon-list-item-16725_687009-a8\"><span class=\"kb-svg-icon-wrap kb-svg-icon-fe_checkCircle kt-svg-icon-list-single\"><svg viewBox=\"0 0 24 24\"  fill=\"none\" stroke=\"currentColor\" stroke-width=\"2\" stroke-linecap=\"round\" stroke-linejoin=\"round\" xmlns=\"http:\/\/www.w3.org\/2000\/svg\"  aria-hidden=\"true\"><path d=\"M22 11.08V12a10 10 0 1 1-5.93-9.14\"\/><polyline points=\"22 4 12 14.01 9 11.01\"\/><\/svg><\/span><span class=\"kt-svg-icon-list-text\">Hergestellt aus AppleSkin, einer nachhaltigen, grausamkeitsfreien Alternative zu herk\u00f6mmlichem Leder.<\/span><\/li>\n\n\n<style>.kt-svg-icon-list-item-16725_79b883-86 .kt-svg-icon-list-single{font-size:18px !important;color:var(--global-palette1, #3182CE) !important;}.kt-svg-icon-list-item-16725_79b883-86 .kt-svg-icon-list-text mark.kt-highlight{background-color:unset;font-style:normal;color:#f76a0c;-webkit-box-decoration-break:clone;box-decoration-break:clone;padding-top:0px;padding-right:0px;padding-bottom:0px;padding-left:0px;}<\/style>\n<li class=\"wp-block-kadence-listitem kt-svg-icon-list-item-wrap kt-svg-icon-list-item-16725_79b883-86\"><span class=\"kb-svg-icon-wrap kb-svg-icon-fe_checkCircle kt-svg-icon-list-single\"><svg viewBox=\"0 0 24 24\"  fill=\"none\" stroke=\"currentColor\" stroke-width=\"2\" stroke-linecap=\"round\" stroke-linejoin=\"round\" xmlns=\"http:\/\/www.w3.org\/2000\/svg\"  aria-hidden=\"true\"><path d=\"M22 11.08V12a10 10 0 1 1-5.93-9.14\"\/><polyline points=\"22 4 12 14.01 9 11.01\"\/><\/svg><\/span><span class=\"kt-svg-icon-list-text\">F\u00fcr optimalen Halt und Stabilit\u00e4t konzipiert, garantieren sie ganzt\u00e4gigen Komfort.<\/span><\/li>\n\n\n<style>.kt-svg-icon-list-item-16725_eb3bb6-02 .kt-svg-icon-list-single{font-size:18px !important;color:var(--global-palette1, #3182CE) !important;}.kt-svg-icon-list-item-16725_eb3bb6-02 .kt-svg-icon-list-text mark.kt-highlight{background-color:unset;font-style:normal;color:#f76a0c;-webkit-box-decoration-break:clone;box-decoration-break:clone;padding-top:0px;padding-right:0px;padding-bottom:0px;padding-left:0px;}<\/style>\n<li class=\"wp-block-kadence-listitem kt-svg-icon-list-item-wrap kt-svg-icon-list-item-16725_eb3bb6-02\"><span class=\"kb-svg-icon-wrap kb-svg-icon-fe_checkCircle kt-svg-icon-list-single\"><svg viewBox=\"0 0 24 24\"  fill=\"none\" stroke=\"currentColor\" stroke-width=\"2\" stroke-linecap=\"round\" stroke-linejoin=\"round\" xmlns=\"http:\/\/www.w3.org\/2000\/svg\"  aria-hidden=\"true\"><path d=\"M22 11.08V12a10 10 0 1 1-5.93-9.14\"\/><polyline points=\"22 4 12 14.01 9 11.01\"\/><\/svg><\/span><span class=\"kt-svg-icon-list-text\">Ein offenes, luftiges Design, das sich harmonisch in formelle und legere Outfits einf\u00fcgt.<\/span><\/li>\n\n\n<style>.kt-svg-icon-list-item-16725_d6d3ba-64 .kt-svg-icon-list-single{font-size:18px !important;color:var(--global-palette1, #3182CE) !important;}.kt-svg-icon-list-item-16725_d6d3ba-64 .kt-svg-icon-list-text mark.kt-highlight{background-color:unset;font-style:normal;color:#f76a0c;-webkit-box-decoration-break:clone;box-decoration-break:clone;padding-top:0px;padding-right:0px;padding-bottom:0px;padding-left:0px;}<\/style>\n<li class=\"wp-block-kadence-listitem kt-svg-icon-list-item-wrap kt-svg-icon-list-item-16725_d6d3ba-64\"><span class=\"kb-svg-icon-wrap kb-svg-icon-fe_checkCircle kt-svg-icon-list-single\"><svg viewBox=\"0 0 24 24\"  fill=\"none\" stroke=\"currentColor\" stroke-width=\"2\" stroke-linecap=\"round\" stroke-linejoin=\"round\" xmlns=\"http:\/\/www.w3.org\/2000\/svg\"  aria-hidden=\"true\"><path d=\"M22 11.08V12a10 10 0 1 1-5.93-9.14\"\/><polyline points=\"22 4 12 14.01 9 11.01\"\/><\/svg><\/span><span class=\"kt-svg-icon-list-text\">Zwei elastische Riemen mit dem NAE-Logo verleihen einen Hauch von Raffinesse und symbolisieren die tierleidfreie Ausbeutung.<\/span><\/li>\n<\/ul><\/div>\n\n\n\n<p>F\u00fcr den Preis eines einfachen Paars Schuhe entscheiden Sie sich f\u00fcr umweltfreundliche Flats, die Sie treu durch die Jahreszeiten begleiten werden.<\/p>\n\n\n\n<p>Sind Sie also bereit, stolz in eine respektvollere und stilvollere Zukunft zu gehen? Holly Black-Schuhe sind sehr gefragt, und die Best\u00e4nde gehen schnell zur Neige. Lassen Sie sie sich nicht durch die Lappen gehen!<\/p>\n","protected":false},"excerpt":{"rendered":"<p>Sind Sie auf der Suche nach einer einzigartigen Sommerfrische mit einer ausgepr\u00e4gten Anziehungskraft f\u00fcr Ihre sonnigen Tage? M\u00f6chten Sie Schuhe, die Stil, Komfort und Respekt f\u00fcr Ihre Werte vereinen? Entdecken Sie Holly Black, flache Damenschuhe aus AppleSkin, mit zarten Schn\u00fcrsenkeln und feinem, geschmeidigem Pflanzenleder. Eine perfekte Kombination aus Eleganz, Komfort und Langlebigkeit. W\u00e4hlen Sie Holly&#8230;<\/p>\n","protected":false},"featured_media":19054,"comment_status":"open","ping_status":"closed","template":"","meta":{"_acf_changed":false,"_kad_blocks_custom_css":"","_kad_blocks_head_custom_js":"","_kad_blocks_body_custom_js":"","_kad_blocks_footer_custom_js":"","_kad_post_transparent":"","_kad_post_title":"","_kad_post_layout":"","_kad_post_sidebar_id":"","_kad_post_content_style":"","_kad_post_vertical_padding":"","_kad_post_feature":"","_kad_post_feature_position":"","_kad_post_header":false,"_kad_post_footer":false},"product_brand":[],"product_cat":[413,459],"product_tag":[447],"product_brands":[685],"class_list":{"0":"post-16725","1":"product","2":"type-product","3":"status-publish","4":"has-post-thumbnail","6":"product_cat-schuhe-fuer-maenner-und-frauen","7":"product_cat-sandalen","8":"product_tag-frau","9":"product_brands-nae-vegan-shoes-de","11":"first","12":"instock","13":"taxable","14":"shipping-taxable","15":"purchasable","16":"product-type-variable","17":"has-default-attributes","18":"entry","19":"content-bg","20":"loop-entry"},"acf":{"avantages":"\ud83d\udda4 Hergestellt aus AppleSkin, einer nachhaltigen, grausamkeitsfreien Alternative zu herk\u00f6mmlichem Leder.\r\n\r\n\ud83c\udf1f Entwickelt f\u00fcr optimalen Halt und Stabilit\u00e4t, garantieren sie ganzt\u00e4gigen Komfort.\r\n\r\n\ud83c\udf0d Ein offenes, luftiges Design, das sich harmonisch in formelle und legere Outfits einf\u00fcgt.","entretien":"1. Reinigen Sie die veganen Schuhe mit einem in Seifenwasser getr\u00e4nkten Tuch.\r\n\r\n2. Lassen Sie sie an der Luft trocknen, bevor Sie eine Reinigungscreme auftragen.\r\n\r\n3. Verwenden Sie eine Reinigungscreme, um Ihren Schuhen mehr Glanz zu verleihen. Geben Sie eine kleine Menge des Produkts auf eine weiche, trockene B\u00fcrste oder ein Tuch und reiben Sie es sanft in kreisenden Bewegungen ein, bis es vollst\u00e4ndig vom Material aufgenommen wurde.\r\n\r\n4. Lassen Sie die Schuhe schlie\u00dflich 24 Stunden lang an der Luft trocknen, fern von direktem Sonnenlicht.Achtung:\r\n\r\n- Geben Sie Ihre Schuhe nicht in die Waschmaschine.\r\n\r\n- Tauchen Sie sie nicht in Wasser ein, da sie irreparable Sch\u00e4den erleiden k\u00f6nnten.Wenn Ihre veganen Schuhe das Ende ihrer Lebensdauer erreicht haben oder Sie sie nicht mehr ben\u00f6tigen, erw\u00e4gen Sie, ihnen ein zweites Leben zu geben. Verwenden Sie sie auf eine andere Weise selbst oder geben Sie sie jemand anderem.","marque":""},"_wp_attached_file":null,"_wp_attachment_image_alt":null,"rank_math_facebook_image":null,"rank_math_facebook_image_id":null,"wpml_language":null,"_wp_attachment_metadata":null,"rank_math_focus_keyword":null,"rank_math_title":null,"rank_math_description":null,"taxonomy_info":{"product_cat":[{"value":413,"label":"Schuhe"},{"value":459,"label":"Sandalen"}],"product_tag":[{"value":447,"label":"Damenboutique"}],"product_brands":[{"value":685,"label":"NAE Vegan Shoes"}]},"featured_image_src_large":["https:\/\/ekomfort.lu\/wp-content\/uploads\/2024\/07\/Aure_Black.jpg",700,700,false],"author_info":[],"comment_info":0,"_links":{"self":[{"href":"https:\/\/ekomfort.lu\/de\/wp-json\/wp\/v2\/product\/16725","targetHints":{"allow":["GET"]}}],"collection":[{"href":"https:\/\/ekomfort.lu\/de\/wp-json\/wp\/v2\/product"}],"about":[{"href":"https:\/\/ekomfort.lu\/de\/wp-json\/wp\/v2\/types\/product"}],"replies":[{"embeddable":true,"href":"https:\/\/ekomfort.lu\/de\/wp-json\/wp\/v2\/comments?post=16725"}],"wp:featuredmedia":[{"embeddable":true,"href":"https:\/\/ekomfort.lu\/de\/wp-json\/wp\/v2\/media\/19054"}],"wp:attachment":[{"href":"https:\/\/ekomfort.lu\/de\/wp-json\/wp\/v2\/media?parent=16725"}],"wp:term":[{"taxonomy":"product_brand","embeddable":true,"href":"https:\/\/ekomfort.lu\/de\/wp-json\/wp\/v2\/product_brand?post=16725"},{"taxonomy":"product_cat","embeddable":true,"href":"https:\/\/ekomfort.lu\/de\/wp-json\/wp\/v2\/product_cat?post=16725"},{"taxonomy":"product_tag","embeddable":true,"href":"https:\/\/ekomfort.lu\/de\/wp-json\/wp\/v2\/product_tag?post=16725"},{"taxonomy":"product_brands","embeddable":true,"href":"https:\/\/ekomfort.lu\/de\/wp-json\/wp\/v2\/product_brands?post=16725"}],"curies":[{"name":"wp","href":"https:\/\/api.w.org\/{rel}","templated":true}]}}