{"id":12174,"date":"2023-05-24T12:10:05","date_gmt":"2023-05-24T10:10:05","guid":{"rendered":"https:\/\/ekomfort.lu\/shop\/umweltfreundliche-sport-sneaker-pole-white-von-nae-stil-und-komfort-fuer-alle-zugaenglich"},"modified":"2024-03-02T12:46:20","modified_gmt":"2024-03-02T11:46:20","slug":"umweltfreundliche-sport-sneaker-pole-white-von-nae-stil-und-komfort-fuer-alle-zugaenglich","status":"publish","type":"product","link":"https:\/\/ekomfort.lu\/de\/shop\/umweltfreundliche-sport-sneaker-pole-white-von-nae-stil-und-komfort-fuer-alle-zugaenglich\/","title":{"rendered":"Umweltfreundliche Sport-Sneaker Pole White von Nae: Stil und Komfort f\u00fcr alle zug\u00e4nglich"},"content":{"rendered":"\n<p>Sie suchen nach <strong>Basketballschuhe<\/strong>, die modernstes Design, tadellosen Komfort und Haltbarkeit vereinen? Sind Sie es leid, sich zwischen \u00c4sthetik und Umweltbewusstsein entscheiden zu m\u00fcssen?<\/p>\n\n<p>Entdecken Sie die <strong>Pole White<\/strong>, des <strong>umweltfreundliche Sport-Sneakers<\/strong> Sie sind aus vollst\u00e4ndig recyceltem veganem Leder hergestellt. Modernit\u00e4t und Respekt vor der Natur sind in greifbarer N\u00e4he.<\/p>\n\n<p>Durch das Anziehen der <strong>Pole White<\/strong>:<\/p>\n<style>.wp-block-kadence-iconlist.kt-svg-icon-list-items1283_e5c06b-80:not(.this-stops-third-party-issues){margin-top:0px;margin-bottom:0px;}.wp-block-kadence-iconlist.kt-svg-icon-list-items1283_e5c06b-80 ul.kt-svg-icon-list:not(.this-prevents-issues):not(.this-stops-third-party-issues):not(.tijsloc){margin-top:0px;margin-right:0px;margin-bottom:var(--global-kb-spacing-sm, 1.5rem);margin-left:0px;}.wp-block-kadence-iconlist.kt-svg-icon-list-items1283_e5c06b-80 ul.kt-svg-icon-list{grid-row-gap:5px;}.wp-block-kadence-iconlist.kt-svg-icon-list-items1283_e5c06b-80 .kb-svg-icon-wrap{font-size:18px;color:var(--global-palette1, #3182CE);}.wp-block-kadence-iconlist.kt-svg-icon-list-items1283_e5c06b-80 ul.kt-svg-icon-list .kt-svg-icon-list-item-wrap .kt-svg-icon-list-single{margin-right:10px;}.kt-svg-icon-list-items1283_e5c06b-80 ul.kt-svg-icon-list .kt-svg-icon-list-level-0 .kt-svg-icon-list-single svg{font-size:20px;}<\/style>\n<div class=\"wp-block-kadence-iconlist kt-svg-icon-list-items kt-svg-icon-list-items1283_e5c06b-80 kt-svg-icon-list-columns-1 alignnone\"><ul class=\"kt-svg-icon-list\"><style>.kt-svg-icon-list-item-1283_ce5c3b-e0 .kt-svg-icon-list-text mark.kt-highlight{background-color:unset;font-style:normal;color:#f76a0c;-webkit-box-decoration-break:clone;box-decoration-break:clone;padding-top:0px;padding-right:0px;padding-bottom:0px;padding-left:0px;}<\/style>\n<li class=\"wp-block-kadence-listitem kt-svg-icon-list-item-wrap kt-svg-icon-list-item-1283_ce5c3b-e0\"><span class=\"kb-svg-icon-wrap kb-svg-icon-fe_checkCircle kt-svg-icon-list-single\"><svg viewBox=\"0 0 24 24\"  fill=\"none\" stroke=\"currentColor\" stroke-width=\"3\" stroke-linecap=\"round\" stroke-linejoin=\"round\" xmlns=\"http:\/\/www.w3.org\/2000\/svg\"  aria-hidden=\"true\"><path d=\"M22 11.08V12a10 10 0 1 1-5.93-9.14\"\/><polyline points=\"22 4 12 14.01 9 11.01\"\/><\/svg><\/span><span class=\"kt-svg-icon-list-text\">Genie\u00dfen Sie den unvergleichlichen Komfort dieser <strong>wei\u00dfe Low-Top-Sneaker<\/strong> dank verst\u00e4rkter N\u00e4hte und einer EVA-Gummisohle, die gro\u00dfe Flexibilit\u00e4t bei Ihren Bewegungen bietet.<\/span><\/li>\n\n\n<style>.kt-svg-icon-list-item-1283_85fd14-aa .kt-svg-icon-list-text mark.kt-highlight{background-color:unset;font-style:normal;color:#f76a0c;-webkit-box-decoration-break:clone;box-decoration-break:clone;padding-top:0px;padding-right:0px;padding-bottom:0px;padding-left:0px;}<\/style>\n<li class=\"wp-block-kadence-listitem kt-svg-icon-list-item-wrap kt-svg-icon-list-item-1283_85fd14-aa\"><span class=\"kb-svg-icon-wrap kb-svg-icon-fe_checkCircle kt-svg-icon-list-single\"><svg viewBox=\"0 0 24 24\"  fill=\"none\" stroke=\"currentColor\" stroke-width=\"3\" stroke-linecap=\"round\" stroke-linejoin=\"round\" xmlns=\"http:\/\/www.w3.org\/2000\/svg\"  aria-hidden=\"true\"><path d=\"M22 11.08V12a10 10 0 1 1-5.93-9.14\"\/><polyline points=\"22 4 12 14.01 9 11.01\"\/><\/svg><\/span><span class=\"kt-svg-icon-list-text\">Pr\u00e4sentieren Sie einen zeitlos sportlichen Look dank eines minimalistischen, ganz in Wei\u00df gehaltenen Designs, das zu jedem Outfit passt.<\/span><\/li>\n\n\n<style>.kt-svg-icon-list-item-1283_058733-05 .kt-svg-icon-list-text mark.kt-highlight{background-color:unset;font-style:normal;color:#f76a0c;-webkit-box-decoration-break:clone;box-decoration-break:clone;padding-top:0px;padding-right:0px;padding-bottom:0px;padding-left:0px;}<\/style>\n<li class=\"wp-block-kadence-listitem kt-svg-icon-list-item-wrap kt-svg-icon-list-item-1283_058733-05\"><span class=\"kb-svg-icon-wrap kb-svg-icon-fe_checkCircle kt-svg-icon-list-single\"><svg viewBox=\"0 0 24 24\"  fill=\"none\" stroke=\"currentColor\" stroke-width=\"3\" stroke-linecap=\"round\" stroke-linejoin=\"round\" xmlns=\"http:\/\/www.w3.org\/2000\/svg\"  aria-hidden=\"true\"><path d=\"M22 11.08V12a10 10 0 1 1-5.93-9.14\"\/><polyline points=\"22 4 12 14.01 9 11.01\"\/><\/svg><\/span><span class=\"kt-svg-icon-list-text\">Erleben Sie unvergleichliche Frische dank atmungsaktiver und antibakterieller Mikrofasern, die Schwei\u00dfbildung und schlechte Ger\u00fcche minimieren.<\/span><\/li>\n<\/ul><\/div>\n\n<p> frei von Tierversuchen, frei von Giftstoffen, ohne Kompromisse bei Komfort oder Stil &#8230;<\/p>\n\n<p>Um die Anforderungen eines Standard-Sneaker-Paares zu erf\u00fcllen, \u00fcbernehmen Sie die exzellente Ethik von <strong>Pole White<\/strong>.<\/p>\n\n<p>Sind Sie also bereit, mit Stil und Leichtigkeit den Weg in eine bewusstere Zukunft zu gehen? Die Aktien von <strong>Pole White<\/strong> ist eine mehrfarbige und seltenere Schriftart. Sei nicht zu lange!<\/p>\n","protected":false},"excerpt":{"rendered":"<p>Minimalistische vegane Sport-Sneaker aus recycelter Pole White-Mikrofaser. Nehmen Sie einen \u00f6kologischen urbanen Stil an und genie\u00dfen Sie absoluten Komfort und unvergleichliche Bewegungsfreiheit. Entscheiden Sie sich f\u00fcr verantwortungsvolle Mode mit Eleganz!<\/p>\n","protected":false},"featured_media":7564,"comment_status":"open","ping_status":"closed","template":"","meta":{"_acf_changed":false,"_kad_blocks_custom_css":"","_kad_blocks_head_custom_js":"","_kad_blocks_body_custom_js":"","_kad_blocks_footer_custom_js":"","_kad_post_transparent":"","_kad_post_title":"","_kad_post_layout":"","_kad_post_sidebar_id":"","_kad_post_content_style":"","_kad_post_vertical_padding":"","_kad_post_feature":"","_kad_post_feature_position":"","_kad_post_header":false,"_kad_post_footer":false,"_kad_post_classname":""},"product_brand":[],"product_cat":[413,477,476],"product_tag":[449,445],"product_brands":[685],"class_list":{"0":"post-12174","1":"product","2":"type-product","3":"status-publish","4":"has-post-thumbnail","6":"product_cat-schuhe-fuer-maenner-und-frauen","7":"product_cat-sneakers-de","8":"product_cat-turnschuhe","9":"product_tag-hergestellt-in-spanien","10":"product_tag-unisex-de","11":"product_brands-nae-vegan-shoes-de","13":"first","14":"outofstock","15":"taxable","16":"shipping-taxable","17":"purchasable","18":"product-type-variable","19":"has-default-attributes","20":"entry","21":"content-bg","22":"loop-entry"},"acf":{"avantages":"\ud83d\udca6 Wasserfest: Sch\u00fctzen die F\u00fc\u00dfe vor Feuchtigkeit f\u00fcr den ganzj\u00e4hrigen Einsatz.\r\n\r\n\ud83c\udf2c\ufe0f Atmungsaktiv: F\u00f6rdern eine gute Luftzirkulation, um die F\u00fc\u00dfe frisch und trocken zu halten.\r\n\r\n\ud83d\udd2c Antimikrobiell und hypoallergen: Gew\u00e4hrleisten optimale Hygiene und minimieren allergische Reaktionen f\u00fcr perfekte Gesundheit.\r\n\r\n\ud83c\udf31 Umweltfreundliche Materialien: Schaft aus recyceltem veganem Leder, Schn\u00fcrsenkel aus recycelter Baumwolle und Polyester, umweltfreundliche Mikrofaser-Futter.\r\n\r\n\ud83c\udfed Hergestellt in Portugal: Verwendung nachhaltiger Materialien und Herstellungsprozesse, faire Arbeitsbedingungen.","entretien":"1. Entfernen Sie den Staub oder Schlamm von den Schuhen mit einer weichen B\u00fcrste oder einem trockenen Tuch.\r\n\r\n2. Verwenden Sie ein feuchtes Tuch und reiben Sie sanft in kreisenden Bewegungen, um den gesamten Schuh zu reinigen. Reinigen Sie das Tuch regelm\u00e4\u00dfig, um eine Verschmutzung zu vermeiden.\r\n\r\n3. Verwenden Sie f\u00fcr hartn\u00e4ckige Flecken eine weiche B\u00fcrste und Wasser, und reiben Sie sanft in kreisenden Bewegungen.\r\n\r\n4. Lassen Sie die Schuhe vor dem Auftragen einer Reinigungscreme an der Luft trocknen.\r\n\r\n5. Tragen Sie eine kleine Menge Reinigungscreme auf eine weiche, trockene B\u00fcrste oder ein Tuch auf und reiben Sie sanft in kreisenden Bewegungen, bis sie vollst\u00e4ndig eingezogen ist.\r\n\r\n6. Lassen Sie die Schuhe 24 Stunden lang an der Luft trocknen, fernab von direktem Sonnenlicht.Achtung:\r\n\r\n- Geben Sie Ihre Schuhe nicht in die Waschmaschine.\r\n\r\n- Tauchen Sie sie nicht in Wasser ein, da dies zu irreparablen Sch\u00e4den f\u00fchren k\u00f6nnte.Produktlebensdauer:Wenn Ihre veganen Schuhe das Ende ihrer Lebensdauer erreicht haben oder Sie sie nicht mehr ben\u00f6tigen, erw\u00e4gen Sie, ihnen ein zweites Leben zu geben. Verwenden Sie sie auf eine andere Weise selbst oder machen Sie jemand anderen damit gl\u00fccklich.","marque":""},"taxonomy_info":{"product_cat":[{"value":413,"label":"Schuhe"},{"value":477,"label":"Sneakers"},{"value":476,"label":"Turnschuhe"}],"product_tag":[{"value":449,"label":"Hergestellt in Spanien"},{"value":445,"label":"Unisex"}],"product_brands":[{"value":685,"label":"NAE Vegan Shoes"}]},"featured_image_src_large":["https:\/\/ekomfort.lu\/wp-content\/uploads\/2023\/05\/chaussures-de-sport-veganes-pole-white-ekomfort.png",700,700,false],"author_info":[],"comment_info":0,"_links":{"self":[{"href":"https:\/\/ekomfort.lu\/de\/wp-json\/wp\/v2\/product\/12174","targetHints":{"allow":["GET"]}}],"collection":[{"href":"https:\/\/ekomfort.lu\/de\/wp-json\/wp\/v2\/product"}],"about":[{"href":"https:\/\/ekomfort.lu\/de\/wp-json\/wp\/v2\/types\/product"}],"replies":[{"embeddable":true,"href":"https:\/\/ekomfort.lu\/de\/wp-json\/wp\/v2\/comments?post=12174"}],"wp:featuredmedia":[{"embeddable":true,"href":"https:\/\/ekomfort.lu\/de\/wp-json\/wp\/v2\/media\/7564"}],"wp:attachment":[{"href":"https:\/\/ekomfort.lu\/de\/wp-json\/wp\/v2\/media?parent=12174"}],"wp:term":[{"taxonomy":"product_brand","embeddable":true,"href":"https:\/\/ekomfort.lu\/de\/wp-json\/wp\/v2\/product_brand?post=12174"},{"taxonomy":"product_cat","embeddable":true,"href":"https:\/\/ekomfort.lu\/de\/wp-json\/wp\/v2\/product_cat?post=12174"},{"taxonomy":"product_tag","embeddable":true,"href":"https:\/\/ekomfort.lu\/de\/wp-json\/wp\/v2\/product_tag?post=12174"},{"taxonomy":"product_brands","embeddable":true,"href":"https:\/\/ekomfort.lu\/de\/wp-json\/wp\/v2\/product_brands?post=12174"}],"curies":[{"name":"wp","href":"https:\/\/api.w.org\/{rel}","templated":true}]}}