{"id":12152,"date":"2023-05-28T09:48:01","date_gmt":"2023-05-28T07:48:01","guid":{"rendered":"https:\/\/ekomfort.lu\/shop\/dara-pink-minimalistischer-goldener-sport-sneaker-von-nae-beleben-sie-ihren-alltag-mit-weichheit-und-farbe"},"modified":"2024-07-01T12:10:24","modified_gmt":"2024-07-01T10:10:24","slug":"dara-pink-minimalistischer-goldener-sport-sneaker-von-nae-beleben-sie-ihren-alltag-mit-weichheit-und-farbe","status":"publish","type":"product","link":"https:\/\/ekomfort.lu\/de\/shop\/dara-pink-minimalistischer-goldener-sport-sneaker-von-nae-beleben-sie-ihren-alltag-mit-weichheit-und-farbe\/","title":{"rendered":"Dara Pink minimalistischer goldener Sport-Sneaker von Nae: Beleben Sie Ihren Alltag mit Weichheit und Farbe"},"content":{"rendered":"\n<p>M\u00f6chten Sie Modernit\u00e4t, Aktivit\u00e4t und Umweltschutz in Ihren Schuhen vereinen? Sie suchen nach <strong>minimalistischer Laufsportschuh<\/strong>, der Ihre Verpflichtungen unterstreicht, ohne auf Komfort und Stil zu verzichten?<\/p>\n\n\n\n<p>Entdecken Sie <strong>Dara Pink<\/strong>, des <strong>Damenk\u00f6rbe im Modestil, hergestellt aus recycelten Mikrofasern.<\/strong> In perfekter Harmonie mit Ihrem dynamischen Lebensrhythmus verk\u00f6rpern diese Sneaker die perfekte Mischung aus modernem Design, unvergleichlichem Komfort und Haltbarkeit.<\/p>\n\n\n\n<p>Bringen Sie es auf die n\u00e4chste Stufe mit dem goldenen, minimalistischen Sport-Sneaker <strong>Dara Pink<\/strong>:<\/p>\n\n\n<style>.wp-block-kadence-iconlist.kt-svg-icon-list-items12152_3c65c7-43:not(.this-stops-third-party-issues){margin-top:0px;margin-bottom:0px;}.wp-block-kadence-iconlist.kt-svg-icon-list-items12152_3c65c7-43 ul.kt-svg-icon-list:not(.this-prevents-issues):not(.this-stops-third-party-issues):not(.tijsloc){margin-top:0px;margin-right:0px;margin-bottom:var(--global-kb-spacing-sm, 1.5rem);margin-left:0px;}.wp-block-kadence-iconlist.kt-svg-icon-list-items12152_3c65c7-43 ul.kt-svg-icon-list{grid-row-gap:5px;}.wp-block-kadence-iconlist.kt-svg-icon-list-items12152_3c65c7-43 .kb-svg-icon-wrap{font-size:18px;color:var(--global-palette1, #3182CE);}.wp-block-kadence-iconlist.kt-svg-icon-list-items12152_3c65c7-43 ul.kt-svg-icon-list .kt-svg-icon-list-item-wrap .kt-svg-icon-list-single{margin-right:10px;}.kt-svg-icon-list-items12152_3c65c7-43 ul.kt-svg-icon-list .kt-svg-icon-list-level-0 .kt-svg-icon-list-single svg{font-size:20px;}<\/style>\n<div class=\"wp-block-kadence-iconlist kt-svg-icon-list-items kt-svg-icon-list-items12152_3c65c7-43 kt-svg-icon-list-columns-1 alignnone\"><ul class=\"kt-svg-icon-list\"><style>.kt-svg-icon-list-item-1478_82742d-48 .kt-svg-icon-list-text mark.kt-highlight{background-color:unset;font-style:normal;color:#f76a0c;-webkit-box-decoration-break:clone;box-decoration-break:clone;padding-top:0px;padding-right:0px;padding-bottom:0px;padding-left:0px;}<\/style>\n<li class=\"wp-block-kadence-listitem kt-svg-icon-list-item-wrap kt-svg-icon-list-item-1478_82742d-48\"><span class=\"kb-svg-icon-wrap kb-svg-icon-fe_checkCircle kt-svg-icon-list-single\"><svg viewBox=\"0 0 24 24\"  fill=\"none\" stroke=\"currentColor\" stroke-width=\"3\" stroke-linecap=\"round\" stroke-linejoin=\"round\" xmlns=\"http:\/\/www.w3.org\/2000\/svg\"  aria-hidden=\"true\"><path d=\"M22 11.08V12a10 10 0 1 1-5.93-9.14\"\/><polyline points=\"22 4 12 14.01 9 11.01\"\/><\/svg><\/span><span class=\"kt-svg-icon-list-text\">Setzen Sie ein Statement mit einem schlichten, sportlichen Design in einer sanften Farbpalette aus Rosa und Flieder, die wunderbar mit einem wei\u00dfen Hintergrund harmoniert und alle Ihre Outfits erg\u00e4nzt.<\/span><\/li>\n\n\n<style>.kt-svg-icon-list-item-1478_432071-1e .kt-svg-icon-list-text mark.kt-highlight{background-color:unset;font-style:normal;color:#f76a0c;-webkit-box-decoration-break:clone;box-decoration-break:clone;padding-top:0px;padding-right:0px;padding-bottom:0px;padding-left:0px;}<\/style>\n<li class=\"wp-block-kadence-listitem kt-svg-icon-list-item-wrap kt-svg-icon-list-item-1478_432071-1e\"><span class=\"kb-svg-icon-wrap kb-svg-icon-fe_checkCircle kt-svg-icon-list-single\"><svg viewBox=\"0 0 24 24\"  fill=\"none\" stroke=\"currentColor\" stroke-width=\"3\" stroke-linecap=\"round\" stroke-linejoin=\"round\" xmlns=\"http:\/\/www.w3.org\/2000\/svg\"  aria-hidden=\"true\"><path d=\"M22 11.08V12a10 10 0 1 1-5.93-9.14\"\/><polyline points=\"22 4 12 14.01 9 11.01\"\/><\/svg><\/span><span class=\"kt-svg-icon-list-text\">Sp\u00fcren Sie beispiellosen Komfort dank einer gepolsterten, feuchtigkeitsableitenden EVA-Gummisohle und hypoallergenem, atmungsaktivem und antibakteriellem Material, das Ihre F\u00fc\u00dfe den ganzen Tag \u00fcber sch\u00fctzt.<\/span><\/li>\n\n\n<style>.kt-svg-icon-list-item-1478_b19439-1b .kt-svg-icon-list-text mark.kt-highlight{background-color:unset;font-style:normal;color:#f76a0c;-webkit-box-decoration-break:clone;box-decoration-break:clone;padding-top:0px;padding-right:0px;padding-bottom:0px;padding-left:0px;}<\/style>\n<li class=\"wp-block-kadence-listitem kt-svg-icon-list-item-wrap kt-svg-icon-list-item-1478_b19439-1b\"><span class=\"kb-svg-icon-wrap kb-svg-icon-fe_checkCircle kt-svg-icon-list-single\"><svg viewBox=\"0 0 24 24\"  fill=\"none\" stroke=\"currentColor\" stroke-width=\"3\" stroke-linecap=\"round\" stroke-linejoin=\"round\" xmlns=\"http:\/\/www.w3.org\/2000\/svg\"  aria-hidden=\"true\"><path d=\"M22 11.08V12a10 10 0 1 1-5.93-9.14\"\/><polyline points=\"22 4 12 14.01 9 11.01\"\/><\/svg><\/span><span class=\"kt-svg-icon-list-text\">Tragen Sie zu einer nachhaltigeren Welt bei mit diesen Sneakern aus vollst\u00e4ndig recycelten Mikrofasern, frei von Umweltgiften und Tierqu\u00e4lerei.<\/span><\/li>\n<\/ul><\/div>\n\n\n\n<p>ohne Gl\u00fchbirnen, ohne st\u00f6rende Ger\u00fcche, ohne Kompromisse bei Ihren Werten &#8230;<\/p>\n\n\n\n<p>Und das alles zum Preis eines normalen Paars Turnschuhe, das Sie wahrscheinlich innerhalb weniger Monate ausgetauscht h\u00e4tten.<\/p>\n\n\n\n<p>Sind Sie bereit f\u00fcr minimalistische Sportschuhe, die Eleganz, \u00d6kologie und au\u00dfergew\u00f6hnlichen Komfort vereinen? Unsere Best\u00e4nde des minimalistischen Sport-Sneakers <strong>Dara Pink<\/strong> schrumpfen schnell und dieses Modell ist sehr gefragt. Warten Sie nicht l\u00e4nger!<\/p>\n","protected":false},"excerpt":{"rendered":"<p>Dara Pink minimalistischer Sportschuh zum Schn\u00fcren, umweltfreundlich und trendig. Recycelte Materialien, optimaler Komfort, zeitloser urbaner Stil. Die perfekte Wahl, um bewusste Mode und Bewegungsfreiheit zu kombinieren<\/p>\n","protected":false},"featured_media":7576,"comment_status":"open","ping_status":"closed","template":"","meta":{"_acf_changed":false,"_kad_blocks_custom_css":"","_kad_blocks_head_custom_js":"","_kad_blocks_body_custom_js":"","_kad_blocks_footer_custom_js":"","_kad_post_transparent":"","_kad_post_title":"","_kad_post_layout":"","_kad_post_sidebar_id":"","_kad_post_content_style":"","_kad_post_vertical_padding":"","_kad_post_feature":"","_kad_post_feature_position":"","_kad_post_header":false,"_kad_post_footer":false,"_kad_post_classname":""},"product_brand":[],"product_cat":[413,476],"product_tag":[447,451],"product_brands":[685],"class_list":{"0":"post-12152","1":"product","2":"type-product","3":"status-publish","4":"has-post-thumbnail","6":"product_cat-schuhe-fuer-maenner-und-frauen","7":"product_cat-turnschuhe","8":"product_tag-frau","9":"product_tag-hergestellt-in-portugal","10":"product_brands-nae-vegan-shoes-de","12":"first","13":"instock","14":"taxable","15":"shipping-taxable","16":"purchasable","17":"product-type-variable","18":"has-default-attributes","19":"entry","20":"content-bg","21":"loop-entry"},"acf":{"avantages":"\ud83d\udca7 Wasserfest: Zum Schutz deiner F\u00fc\u00dfe vor Feuchtigkeit.\r\n\r\n\ud83c\udf2c\ufe0f Atmungsaktiv: F\u00f6rdern die Luftzirkulation, um deine F\u00fc\u00dfe frisch und trocken zu halten.\r\n\r\n\ud83d\udc8a Antimikrobiell und hypoallergen: Sch\u00fctzen deine Gesundheit und gew\u00e4hrleisten optimale Hygiene.\r\n\r\n\ud83c\udf0d Recycelte Materialien: Schaft und Schn\u00fcrsenkel aus recycelten Mikrofasern und Polyester, um unseren \u00f6kologischen Fu\u00dfabdruck zu reduzieren.\r\n\r\n\ud83c\udf31 Umweltfreundliches Innenfutter: 90% Mikrofasern und 10% PU, hergestellt auf umweltfreundliche Weise.\r\n\r\n\ud83d\udee1\ufe0f Gepolsterte Einlegesohle: Komfort und Feuchtigkeitsschutz dank EVA-Gummisohle.\r\n\r\n\ud83d\udd1d Rutschfeste Laufsohle: Optimale Haftung und Langlebigkeit dank langlebigem Gummi.\r\n\r\n\ud83c\uddf5\ud83c\uddf9 Hergestellt in Portugal: Mit Sorgfalt in Portugal unter Verwendung von umweltfreundlichen Materialien und Verfahren.\r\n\r\n\u270a Faire Arbeitsbedingungen: Gew\u00e4hrleisten eine faire Arbeitsumgebung f\u00fcr unsere Mitarbeiter.","entretien":"1. Reinigen Sie die Schuhe mit einem in Seifenwasser getr\u00e4nkten Tuch.\r\n\r\n2. Verwenden Sie f\u00fcr hartn\u00e4ckige Flecken eine weiche Schuhb\u00fcrste, ebenfalls in Seifenwasser getr\u00e4nkt, und reiben Sie sanft in kreisenden Bewegungen.\r\n\r\n3. Entfernen Sie die Seife mit einem feuchten Tuch.\r\n\r\n4. Lassen Sie die Schuhe 24 Stunden lang an der Luft trocknen, ohne sie direkter Sonneneinstrahlung auszusetzen.Achtung:\r\n\r\n\u2022 Verwenden Sie keine Reinigungscreme.\r\n\r\n\u2022 Geben Sie Ihre Schuhe nicht in die Waschmaschine.\r\n\r\n\u2022 Tauchen Sie sie nicht in Wasser ein, da sie irreparable Sch\u00e4den erleiden k\u00f6nnten.Wenn Sie der Meinung sind, dass Ihre veganen Schuhe das Ende ihrer Lebensdauer erreicht haben oder Sie sie nicht mehr ben\u00f6tigen, \u00fcberlegen Sie, ihnen ein zweites Leben zu geben. Verwenden Sie sie auf eine andere Weise selbst oder geben Sie sie jemand anderem.","marque":""},"taxonomy_info":{"product_cat":[{"value":413,"label":"Schuhe"},{"value":476,"label":"Turnschuhe"}],"product_tag":[{"value":447,"label":"Damenboutique"},{"value":451,"label":"Hergestellt in Portugal"}],"product_brands":[{"value":685,"label":"NAE Vegan Shoes"}]},"featured_image_src_large":["https:\/\/ekomfort.lu\/wp-content\/uploads\/2023\/05\/dara-pink-chaussures-urbaines-eco-responsables-ekomfort.jpg",700,700,false],"author_info":[],"comment_info":0,"_links":{"self":[{"href":"https:\/\/ekomfort.lu\/de\/wp-json\/wp\/v2\/product\/12152","targetHints":{"allow":["GET"]}}],"collection":[{"href":"https:\/\/ekomfort.lu\/de\/wp-json\/wp\/v2\/product"}],"about":[{"href":"https:\/\/ekomfort.lu\/de\/wp-json\/wp\/v2\/types\/product"}],"replies":[{"embeddable":true,"href":"https:\/\/ekomfort.lu\/de\/wp-json\/wp\/v2\/comments?post=12152"}],"wp:featuredmedia":[{"embeddable":true,"href":"https:\/\/ekomfort.lu\/de\/wp-json\/wp\/v2\/media\/7576"}],"wp:attachment":[{"href":"https:\/\/ekomfort.lu\/de\/wp-json\/wp\/v2\/media?parent=12152"}],"wp:term":[{"taxonomy":"product_brand","embeddable":true,"href":"https:\/\/ekomfort.lu\/de\/wp-json\/wp\/v2\/product_brand?post=12152"},{"taxonomy":"product_cat","embeddable":true,"href":"https:\/\/ekomfort.lu\/de\/wp-json\/wp\/v2\/product_cat?post=12152"},{"taxonomy":"product_tag","embeddable":true,"href":"https:\/\/ekomfort.lu\/de\/wp-json\/wp\/v2\/product_tag?post=12152"},{"taxonomy":"product_brands","embeddable":true,"href":"https:\/\/ekomfort.lu\/de\/wp-json\/wp\/v2\/product_brands?post=12152"}],"curies":[{"name":"wp","href":"https:\/\/api.w.org\/{rel}","templated":true}]}}