{"id":12130,"date":"2023-06-17T11:40:34","date_gmt":"2023-06-17T09:40:34","guid":{"rendered":"https:\/\/ekomfort.lu\/shop\/thyme-white-vegane-sportkoerbe-aus-pinatex-fuer-maenner-und-frauen-weisse-chunky-schuhe-fuer-eine-stilvolle-und-langlebige-zukunft"},"modified":"2024-07-01T12:10:40","modified_gmt":"2024-07-01T10:10:40","slug":"thyme-white-vegane-sportkoerbe-aus-pinatex-fuer-maenner-und-frauen-weisse-chunky-schuhe-fuer-eine-stilvolle-und-langlebige-zukunft","status":"publish","type":"product","link":"https:\/\/ekomfort.lu\/de\/shop\/thyme-white-vegane-sportkoerbe-aus-pinatex-fuer-maenner-und-frauen-weisse-chunky-schuhe-fuer-eine-stilvolle-und-langlebige-zukunft\/","title":{"rendered":"Thyme White: Vegane Sportk\u00f6rbe aus Pinatex f\u00fcr M\u00e4nner und Frauen: Wei\u00dfe Chunky-Schuhe f\u00fcr eine stilvolle und langlebige Zukunft."},"content":{"rendered":"\n<p>Bist du ein Anh\u00e4nger von Trends, der bereit ist, etablierte Normen herauszufordern? Suchen Sie einen <strong>umweltfreundlichen Sportschuh<\/strong>, der sowohl Ihre Modernit\u00e4t als auch Ihr Umweltengagement widerspiegelt?<\/p>\n\n\n\n<p>F\u00fchren Sie Komfort mit <strong>Thyme White<\/strong> ein, dem l\u00e4ssigen veganen Sneaker, hergestellt aus Pinatex, einer innovativen Faser, die aus Ananasbl\u00e4ttern gewonnen wird.<\/p>\n\n\n\n<p>Adoptieren Sie jetzt die <strong>l\u00e4ssigen veganen Thyme White Sneakers<\/strong> und:<\/p>\n\n\n<style>.wp-block-kadence-iconlist.kt-svg-icon-list-items12130_aaf065-fc:not(.this-stops-third-party-issues){margin-top:0px;margin-bottom:0px;}.wp-block-kadence-iconlist.kt-svg-icon-list-items12130_aaf065-fc ul.kt-svg-icon-list:not(.this-prevents-issues):not(.this-stops-third-party-issues):not(.tijsloc){margin-top:0px;margin-right:0px;margin-bottom:var(--global-kb-spacing-sm, 1.5rem);margin-left:0px;}.wp-block-kadence-iconlist.kt-svg-icon-list-items12130_aaf065-fc ul.kt-svg-icon-list{grid-row-gap:5px;}.wp-block-kadence-iconlist.kt-svg-icon-list-items12130_aaf065-fc .kb-svg-icon-wrap{font-size:18px;color:var(--global-palette1, #3182CE);}.wp-block-kadence-iconlist.kt-svg-icon-list-items12130_aaf065-fc ul.kt-svg-icon-list .kt-svg-icon-list-item-wrap .kt-svg-icon-list-single{margin-right:10px;}.kt-svg-icon-list-items12130_aaf065-fc ul.kt-svg-icon-list .kt-svg-icon-list-level-0 .kt-svg-icon-list-single svg{font-size:20px;}<\/style>\n<div class=\"wp-block-kadence-iconlist kt-svg-icon-list-items kt-svg-icon-list-items12130_aaf065-fc kt-svg-icon-list-columns-1 alignnone\"><ul class=\"kt-svg-icon-list\"><style>.kt-svg-icon-list-item-2064_c0a548-39 .kt-svg-icon-list-text mark.kt-highlight{background-color:unset;font-style:normal;color:#f76a0c;-webkit-box-decoration-break:clone;box-decoration-break:clone;padding-top:0px;padding-right:0px;padding-bottom:0px;padding-left:0px;}<\/style>\n<li class=\"wp-block-kadence-listitem kt-svg-icon-list-item-wrap kt-svg-icon-list-item-2064_c0a548-39\"><span class=\"kb-svg-icon-wrap kb-svg-icon-fe_checkCircle kt-svg-icon-list-single\"><svg viewBox=\"0 0 24 24\"  fill=\"none\" stroke=\"currentColor\" stroke-width=\"3\" stroke-linecap=\"round\" stroke-linejoin=\"round\" xmlns=\"http:\/\/www.w3.org\/2000\/svg\"  aria-hidden=\"true\"><path d=\"M22 11.08V12a10 10 0 1 1-5.93-9.14\"\/><polyline points=\"22 4 12 14.01 9 11.01\"\/><\/svg><\/span><span class=\"kt-svg-icon-list-text\">Erleben Sie den Komfort in seiner reinsten Form mit einer gepolsterten EVA-Gummisohle und atmungsaktivem Textil, das \u00fcberm\u00e4\u00dfiges Schwitzen und unerw\u00fcnschte Ger\u00fcche verhindert.<\/span><\/li>\n\n\n<style>.kt-svg-icon-list-item-2064_a460aa-0e .kt-svg-icon-list-text mark.kt-highlight{background-color:unset;font-style:normal;color:#f76a0c;-webkit-box-decoration-break:clone;box-decoration-break:clone;padding-top:0px;padding-right:0px;padding-bottom:0px;padding-left:0px;}<\/style>\n<li class=\"wp-block-kadence-listitem kt-svg-icon-list-item-wrap kt-svg-icon-list-item-2064_a460aa-0e\"><span class=\"kb-svg-icon-wrap kb-svg-icon-fe_checkCircle kt-svg-icon-list-single\"><svg viewBox=\"0 0 24 24\"  fill=\"none\" stroke=\"currentColor\" stroke-width=\"3\" stroke-linecap=\"round\" stroke-linejoin=\"round\" xmlns=\"http:\/\/www.w3.org\/2000\/svg\"  aria-hidden=\"true\"><path d=\"M22 11.08V12a10 10 0 1 1-5.93-9.14\"\/><polyline points=\"22 4 12 14.01 9 11.01\"\/><\/svg><\/span><span class=\"kt-svg-icon-list-text\">Sei das Aush\u00e4ngeschild der Mode mit einem mutigen und einzigartigen Design: eine dicke, chunky Sohle und ein grobes Textilobermaterial f\u00fcr einen entspannten und zeitgen\u00f6ssischen Look.<\/span><\/li>\n\n\n<style>.kt-svg-icon-list-item-2064_53354c-b1 .kt-svg-icon-list-text mark.kt-highlight{background-color:unset;font-style:normal;color:#f76a0c;-webkit-box-decoration-break:clone;box-decoration-break:clone;padding-top:0px;padding-right:0px;padding-bottom:0px;padding-left:0px;}<\/style>\n<li class=\"wp-block-kadence-listitem kt-svg-icon-list-item-wrap kt-svg-icon-list-item-2064_53354c-b1\"><span class=\"kb-svg-icon-wrap kb-svg-icon-fe_checkCircle kt-svg-icon-list-single\"><svg viewBox=\"0 0 24 24\"  fill=\"none\" stroke=\"currentColor\" stroke-width=\"3\" stroke-linecap=\"round\" stroke-linejoin=\"round\" xmlns=\"http:\/\/www.w3.org\/2000\/svg\"  aria-hidden=\"true\"><path d=\"M22 11.08V12a10 10 0 1 1-5.93-9.14\"\/><polyline points=\"22 4 12 14.01 9 11.01\"\/><\/svg><\/span><span class=\"kt-svg-icon-list-text\">Engagieren Sie sich in einem umweltbewussten Ansatz mit diesen Schuhen, die aus Pinatex hergestellt sind, einem erneuerbaren, biologisch abbaubaren und tierfreundlichen Material.<\/span><\/li>\n<\/ul><\/div>\n\n\n\n<p>ohne Grausamkeit, ohne Toxine, nur Stil und Komfort&#8230;<\/p>\n\n\n\n<p>F\u00fcr den Preis eines traditionellen Sportschuhs k\u00f6nnen Sie mutig die Entscheidung treffen, den Planeten zu sch\u00fctzen und gleichzeitig Ihre Einzigartigkeit auszudr\u00fccken.<\/p>\n\n\n\n<p>Bereit, mit einer Prise Entspannung und Ethik in die Zukunft zu starten? Die Best\u00e4nde von <strong>Thyme White<\/strong> verringern sich rasch aufgrund einer hohen Nachfrage. Warten Sie nicht zu lange, um Ihre Bestellung aufzugeben!<\/p>\n","protected":false},"excerpt":{"rendered":"<p>Wie ein Morgenlichtblitz bringen die veganen und sportlichen Thyme White Schuhe Hoffnung auf eine nachhaltige Welt im Voranschreiten tugendhafter Schritte. Joyaux der Ethik, k\u00fchner Schritt.<\/p>\n","protected":false},"featured_media":7650,"comment_status":"open","ping_status":"closed","template":"","meta":{"_acf_changed":false,"_kad_blocks_custom_css":"","_kad_blocks_head_custom_js":"","_kad_blocks_body_custom_js":"","_kad_blocks_footer_custom_js":"","_kad_post_transparent":"","_kad_post_title":"","_kad_post_layout":"","_kad_post_sidebar_id":"","_kad_post_content_style":"","_kad_post_vertical_padding":"","_kad_post_feature":"","_kad_post_feature_position":"","_kad_post_header":false,"_kad_post_footer":false,"_kad_post_classname":""},"product_brand":[],"product_cat":[425,413],"product_tag":[451,445],"product_brands":[685],"class_list":{"0":"post-12130","1":"product","2":"type-product","3":"status-publish","4":"has-post-thumbnail","6":"product_cat-flache-schuhe","7":"product_cat-schuhe-fuer-maenner-und-frauen","8":"product_tag-hergestellt-in-portugal","9":"product_tag-unisex-de","10":"product_brands-nae-vegan-shoes-de","12":"first","13":"outofstock","14":"taxable","15":"shipping-taxable","16":"purchasable","17":"product-type-variable","18":"has-default-attributes","19":"entry","20":"content-bg","21":"loop-entry"},"acf":{"avantages":"\ud83d\udca6 Wasserdicht: Sch\u00fctzen Ihre F\u00fc\u00dfe vor Feuchtigkeit, um auch bei regnerischem Wetter trocken zu bleiben.\r\n\r\n\ud83c\udf2c\ufe0f Atmungsaktiv: F\u00f6rdern eine optimale Luftzirkulation, um Ihre F\u00fc\u00dfe frisch und trocken zu halten.\r\n\r\n\ud83c\udf31 Antimikrobiell und hypoallergen: Gew\u00e4hrleisten eine einwandfreie Hygiene und minimieren das Risiko von Allergien.\r\n\r\n\u2695\ufe0f Gesundheitlich unbedenklich: Verwendung von gesundheitlich unbedenklichen Materialien f\u00fcr absolute Sicherheit.\r\n\r\n\ud83c\udf4d Pi\u00f1atex-Obermaterial: Hergestellt aus Ananasblattfasern und PLA f\u00fcr eine umweltfreundliche und nachhaltige Alternative.\r\n\r\n\ud83d\udc5f Baumwoll-Schn\u00fcrsenkel: Nat\u00fcrliches und atmungsaktives Material f\u00fcr eine perfekte Passform.\r\n\r\n\ud83d\udc86 Bequemes Innenfutter: 90% Mikrofasern und 10% PU f\u00fcr Komfort und Langlebigkeit.\r\n\r\n\ud83c\udfde\ufe0f Gepolsterte Einlegesohle: Aus feuchtigkeitsabweisendem EVA-Gummi f\u00fcr optimale D\u00e4mpfung und Schutz vor Feuchtigkeit.\r\n\r\n\ud83d\udc63 Langlebige Laufsohle: Aus TR-Gummi mit rutschfestem Profil f\u00fcr maximale Haftung und Haltbarkeit.\ud83c\uddf5\ud83c\uddf9 Hergestellt in Portugal: Mit Sorgfalt unter Verwendung von umweltfreundlichen Materialien und Herstellungsverfahren sowie","entretien":"1. Reinigen Sie die Schuhe mit einem in Seifenwasser getr\u00e4nkten Tuch.\r\n\r\n2. Verwenden Sie f\u00fcr hartn\u00e4ckige Flecken eine weiche Schuhb\u00fcrste, ebenfalls in Seifenwasser getr\u00e4nkt, und reiben Sie sanft in kreisenden Bewegungen.\r\n\r\n3. Entfernen Sie die Seife mit einem feuchten Tuch.\r\n\r\n4. Lassen Sie die Schuhe vor dem Auftragen einer Reinigungscreme an der Luft trocknen.\r\n\r\n5. Verwenden Sie eine Reinigungscreme, um Ihren Schuhen mehr Glanz zu verleihen. Geben Sie eine kleine Menge des Produkts auf eine weiche, trockene B\u00fcrste oder ein Tuch und reiben Sie es sanft in kreisenden Bewegungen ein, bis es vollst\u00e4ndig eingezogen ist.\r\n\r\n6. Lassen Sie die Schuhe 24 Stunden lang an der Luft trocknen, ohne sie direkter Sonneneinstrahlung auszusetzen.Achtung:\r\n\r\n- Geben Sie Ihre Schuhe nicht in die Waschmaschine.\r\n\r\n- Tauchen Sie sie nicht in Wasser ein, da sie irreparable Sch\u00e4den erleiden k\u00f6nnten.Wenn Sie der Meinung sind, dass Ihre veganen Schuhe das Ende ihrer Lebensdauer erreicht haben oder Sie sie nicht mehr ben\u00f6tigen, erw\u00e4gen Sie, ihnen ein zweites Leben zu geben. Verwenden Sie sie auf eine andere Weise selbst oder geben Sie sie jemand anderem.","marque":""},"taxonomy_info":{"product_cat":[{"value":425,"label":"Flache Schuhe"},{"value":413,"label":"Schuhe"}],"product_tag":[{"value":451,"label":"Hergestellt in Portugal"},{"value":445,"label":"Unisex"}],"product_brands":[{"value":685,"label":"NAE Vegan Shoes"}]},"featured_image_src_large":["https:\/\/ekomfort.lu\/wp-content\/uploads\/2023\/06\/chaussures-veganes-sportives-lacets-thyme-white-ekomfort.jpg",700,700,false],"author_info":[],"comment_info":0,"_links":{"self":[{"href":"https:\/\/ekomfort.lu\/de\/wp-json\/wp\/v2\/product\/12130","targetHints":{"allow":["GET"]}}],"collection":[{"href":"https:\/\/ekomfort.lu\/de\/wp-json\/wp\/v2\/product"}],"about":[{"href":"https:\/\/ekomfort.lu\/de\/wp-json\/wp\/v2\/types\/product"}],"replies":[{"embeddable":true,"href":"https:\/\/ekomfort.lu\/de\/wp-json\/wp\/v2\/comments?post=12130"}],"wp:featuredmedia":[{"embeddable":true,"href":"https:\/\/ekomfort.lu\/de\/wp-json\/wp\/v2\/media\/7650"}],"wp:attachment":[{"href":"https:\/\/ekomfort.lu\/de\/wp-json\/wp\/v2\/media?parent=12130"}],"wp:term":[{"taxonomy":"product_brand","embeddable":true,"href":"https:\/\/ekomfort.lu\/de\/wp-json\/wp\/v2\/product_brand?post=12130"},{"taxonomy":"product_cat","embeddable":true,"href":"https:\/\/ekomfort.lu\/de\/wp-json\/wp\/v2\/product_cat?post=12130"},{"taxonomy":"product_tag","embeddable":true,"href":"https:\/\/ekomfort.lu\/de\/wp-json\/wp\/v2\/product_tag?post=12130"},{"taxonomy":"product_brands","embeddable":true,"href":"https:\/\/ekomfort.lu\/de\/wp-json\/wp\/v2\/product_brands?post=12130"}],"curies":[{"name":"wp","href":"https:\/\/api.w.org\/{rel}","templated":true}]}}