{"id":12122,"date":"2023-06-08T10:57:18","date_gmt":"2023-06-08T08:57:18","guid":{"rendered":"https:\/\/ekomfort.lu\/shop\/hazel-black-vegane-sandale-mit-offenem-absatz-von-nae-schicker-komfort-fuer-ihre-fuesse"},"modified":"2024-07-01T12:10:27","modified_gmt":"2024-07-01T10:10:27","slug":"hazel-black-vegane-sandale-mit-offenem-absatz-von-nae-schicker-komfort-fuer-ihre-fuesse","status":"publish","type":"product","link":"https:\/\/ekomfort.lu\/de\/shop\/hazel-black-vegane-sandale-mit-offenem-absatz-von-nae-schicker-komfort-fuer-ihre-fuesse\/","title":{"rendered":"Hazel Black vegane Sandale mit offenem Absatz von Nae: Schicker Komfort f\u00fcr Ihre F\u00fc\u00dfe"},"content":{"rendered":"\n<p>Sie streben eine <strong>vegane Sandale mit offenem Absatz<\/strong> elegant, die Ihren Komfort nicht beeintr\u00e4chtigt? Planen Sie, Ihre Sommerkollektion um ein verantwortungsbewusstes und langlebiges Paar zu bereichern?<\/p>\n\n\n\n<p>Lesen Sie <strong>Hazel Black<\/strong> : les<strong> Sandaletten<\/strong> in unserem neuen veganen Stil, f\u00fcr einen entspannten und anspruchsvollen Look f\u00fcr alle auf unserem Planeten.<\/p>\n\n\n\n<p>W\u00e4hlen Sie <strong>Hazel Black<\/strong>, die <strong>Sandalen, umweltfreundlich aus Mikrofaser<\/strong> und:<\/p>\n\n\n<style>.wp-block-kadence-iconlist.kt-svg-icon-list-items12122_b68129-e0:not(.this-stops-third-party-issues){margin-top:0px;margin-bottom:0px;}.wp-block-kadence-iconlist.kt-svg-icon-list-items12122_b68129-e0 ul.kt-svg-icon-list:not(.this-prevents-issues):not(.this-stops-third-party-issues):not(.tijsloc){margin-top:0px;margin-right:0px;margin-bottom:var(--global-kb-spacing-sm, 1.5rem);margin-left:0px;}.wp-block-kadence-iconlist.kt-svg-icon-list-items12122_b68129-e0 ul.kt-svg-icon-list{grid-row-gap:5px;}.wp-block-kadence-iconlist.kt-svg-icon-list-items12122_b68129-e0 .kb-svg-icon-wrap{font-size:18px;color:var(--global-palette1, #3182CE);}.wp-block-kadence-iconlist.kt-svg-icon-list-items12122_b68129-e0 ul.kt-svg-icon-list .kt-svg-icon-list-item-wrap .kt-svg-icon-list-single{margin-right:10px;}.kt-svg-icon-list-items12122_b68129-e0 ul.kt-svg-icon-list .kt-svg-icon-list-level-0 .kt-svg-icon-list-single svg{font-size:20px;}<\/style>\n<div class=\"wp-block-kadence-iconlist kt-svg-icon-list-items kt-svg-icon-list-items12122_b68129-e0 kt-svg-icon-list-columns-1 alignnone\"><ul class=\"kt-svg-icon-list\"><style>.kt-svg-icon-list-item-1742_92b223-b7 .kt-svg-icon-list-text mark.kt-highlight{background-color:unset;font-style:normal;color:#f76a0c;-webkit-box-decoration-break:clone;box-decoration-break:clone;padding-top:0px;padding-right:0px;padding-bottom:0px;padding-left:0px;}<\/style>\n<li class=\"wp-block-kadence-listitem kt-svg-icon-list-item-wrap kt-svg-icon-list-item-1742_92b223-b7\"><span class=\"kb-svg-icon-wrap kb-svg-icon-fe_checkCircle kt-svg-icon-list-single\"><svg viewBox=\"0 0 24 24\"  fill=\"none\" stroke=\"currentColor\" stroke-width=\"3\" stroke-linecap=\"round\" stroke-linejoin=\"round\" xmlns=\"http:\/\/www.w3.org\/2000\/svg\"  aria-hidden=\"true\"><path d=\"M22 11.08V12a10 10 0 1 1-5.93-9.14\"\/><polyline points=\"22 4 12 14.01 9 11.01\"\/><\/svg><\/span><span class=\"kt-svg-icon-list-text\"> <p>Genie\u00dfen Sie den ultimativen Komfort der warmen Jahreszeit dank der gepolsterten Sohle und dem offenen Fersendesign, das f\u00fcr Entspannung an Ihren F\u00fc\u00dfen sorgt.<\/p> <\/span><\/li>\n\n\n<style>.kt-svg-icon-list-item-1742_91fe56-0b .kt-svg-icon-list-text mark.kt-highlight{background-color:unset;font-style:normal;color:#f76a0c;-webkit-box-decoration-break:clone;box-decoration-break:clone;padding-top:0px;padding-right:0px;padding-bottom:0px;padding-left:0px;}<\/style>\n<li class=\"wp-block-kadence-listitem kt-svg-icon-list-item-wrap kt-svg-icon-list-item-1742_91fe56-0b\"><span class=\"kb-svg-icon-wrap kb-svg-icon-fe_checkCircle kt-svg-icon-list-single\"><svg viewBox=\"0 0 24 24\"  fill=\"none\" stroke=\"currentColor\" stroke-width=\"3\" stroke-linecap=\"round\" stroke-linejoin=\"round\" xmlns=\"http:\/\/www.w3.org\/2000\/svg\"  aria-hidden=\"true\"><path d=\"M22 11.08V12a10 10 0 1 1-5.93-9.14\"\/><polyline points=\"22 4 12 14.01 9 11.01\"\/><\/svg><\/span><span class=\"kt-svg-icon-list-text\">\n<p>Geben Sie eine Erkl\u00e4rung mit diesen<strong>Schwarze Sandalen<\/strong> mit gekreuztem Riemendesign, die wunderbar zu jedem Outfit in Ihrer Garderobe passen.<\/p>\n<\/span><\/li>\n\n\n<style>.kt-svg-icon-list-item-1742_d97972-f2 .kt-svg-icon-list-text mark.kt-highlight{background-color:unset;font-style:normal;color:#f76a0c;-webkit-box-decoration-break:clone;box-decoration-break:clone;padding-top:0px;padding-right:0px;padding-bottom:0px;padding-left:0px;}<\/style>\n<li class=\"wp-block-kadence-listitem kt-svg-icon-list-item-wrap kt-svg-icon-list-item-1742_d97972-f2\"><span class=\"kb-svg-icon-wrap kb-svg-icon-fe_checkCircle kt-svg-icon-list-single\"><svg viewBox=\"0 0 24 24\"  fill=\"none\" stroke=\"currentColor\" stroke-width=\"3\" stroke-linecap=\"round\" stroke-linejoin=\"round\" xmlns=\"http:\/\/www.w3.org\/2000\/svg\"  aria-hidden=\"true\"><path d=\"M22 11.08V12a10 10 0 1 1-5.93-9.14\"\/><polyline points=\"22 4 12 14.01 9 11.01\"\/><\/svg><\/span><span class=\"kt-svg-icon-list-text\">\n<p>Seien Sie ein engagierter Akteur f\u00fcr nachhaltigere Mode mit diesen veganen Nobuk-Sandalen: einem innovativen, widerstandsf\u00e4higen und umweltfreundlichen Material.<\/p>\n<\/span><\/li>\n<\/ul><\/div>\n\n\n\n<p>Verabschieden Sie sich von Unbehagen, schlechten Ger\u00fcchen, Tierqu\u00e4lerei &#8230;<\/p>\n\n\n\n<p>Stellen Sie sich alle Vorteile vor, die Sie f\u00fcr nur die Kosten eines Restaurantbesuchs erhalten k\u00f6nnten, wenn Sie sich f\u00fcr ein Paar <strong>feuchtigkeitsableitende Sandalen<\/strong>, die Stil, Komfort und Ethik perfekt vereinen.<\/p>\n\n\n\n<p>Sind Sie bereit, in das Wohlergehen Ihrer F\u00fc\u00dfe und das Wohl unseres Planeten zu investieren? Vegane Sandale mit offenem Absatz <strong>Hazel Black<\/strong> liegt voll im Trend und k\u00f6nnte schnell ausverkauft sein. Lass es dir nicht entgehen!<\/p>\n","protected":false},"excerpt":{"rendered":"<p>Entdecken Sie die gesteppten Sandalen Hazel Black, die perfekte Kombination aus weichem Komfort und elegantem Stil f\u00fcr Ihre F\u00fc\u00dfe<\/p>\n","protected":false},"featured_media":7582,"comment_status":"open","ping_status":"closed","template":"","meta":{"_acf_changed":false,"_kad_blocks_custom_css":"","_kad_blocks_head_custom_js":"","_kad_blocks_body_custom_js":"","_kad_blocks_footer_custom_js":"","_kad_post_transparent":"","_kad_post_title":"","_kad_post_layout":"","_kad_post_sidebar_id":"","_kad_post_content_style":"","_kad_post_vertical_padding":"","_kad_post_feature":"","_kad_post_feature_position":"","_kad_post_header":false,"_kad_post_footer":false,"_kad_post_classname":""},"product_brand":[],"product_cat":[459,413],"product_tag":[447,451],"product_brands":[685],"class_list":{"0":"post-12122","1":"product","2":"type-product","3":"status-publish","4":"has-post-thumbnail","6":"product_cat-sandalen","7":"product_cat-schuhe-fuer-maenner-und-frauen","8":"product_tag-frau","9":"product_tag-hergestellt-in-portugal","10":"product_brands-nae-vegan-shoes-de","12":"first","13":"outofstock","14":"taxable","15":"shipping-taxable","16":"purchasable","17":"product-type-variable","18":"has-default-attributes","19":"entry","20":"content-bg","21":"loop-entry"},"acf":{"avantages":"\ud83c\udf4d Zusammensetzung des Obermaterials: 80% Ananasblattfasern und 20% atmungsaktives PLA, mit nickelfreien Bronzeschnallen.\r\n\r\n\ud83e\uddfc Zusammensetzung des Futters: 90% Mikrofaser und 10% PU, zertifiziert nach OEKO-TEX Standard 100.\r\n\r\n\ud83d\udca7 Antibakterielles, antimikrobielles und hypoallergenes Futter und Einlegesohle. F\u00fcr optimale Hygiene.\r\n\r\n\ud83c\udf3f Sohle aus nat\u00fcrlichem Kork und Latex, hergestellt aus recycelten Reifen. Engagiert sich f\u00fcr Nachhaltigkeit.\r\n\r\n\ud83c\uddf5\ud83c\uddf9 Handgefertigt in Portugal. Betont traditionelles Handwerk und Qualit\u00e4t in der Herstellung.","entretien":"Reinigen Sie Ihre Schuhe mit einem Tuch, das mit Wasser und Seife getr\u00e4nkt ist. Tauchen Sie das Produkt niemals vollst\u00e4ndig ein, da dies zu irreparablen Sch\u00e4den f\u00fchren k\u00f6nnte. Stellen Sie sicher, dass Ihre Schuhe trocken sind, bevor Sie eine Politur auftragen. Das Auftragen einer Politur wird dringend empfohlen. Tragen Sie eine kleine Menge mit einem trockenen und weichen Tuch auf und reiben Sie sie sparsam mit kreisenden Bewegungen auf das Material, bis das Wachs vollst\u00e4ndig absorbiert ist. Lassen Sie es nach dem Auftragen 24 Stunden lang nat\u00fcrlich trocknen.Produktlebensdauer:Wenn Sie der Meinung sind, dass Ihr Artikel seine Zeit erreicht hat oder Sie ihn nicht mehr ben\u00f6tigen, denken Sie daran, ihm ein zweites Leben zu schenken. Sie k\u00f6nnen auch einen neuen Artikel f\u00fcr sich selbst besorgen oder ihn verschenken.","marque":""},"taxonomy_info":{"product_cat":[{"value":459,"label":"Sandalen"},{"value":413,"label":"Schuhe"}],"product_tag":[{"value":447,"label":"Damenboutique"},{"value":451,"label":"Hergestellt in Portugal"}],"product_brands":[{"value":685,"label":"NAE Vegan Shoes"}]},"featured_image_src_large":["https:\/\/ekomfort.lu\/wp-content\/uploads\/2023\/06\/sandales-matelassees-chic-ekomfort-hazel-black.jpg",700,700,false],"author_info":[],"comment_info":0,"_links":{"self":[{"href":"https:\/\/ekomfort.lu\/de\/wp-json\/wp\/v2\/product\/12122","targetHints":{"allow":["GET"]}}],"collection":[{"href":"https:\/\/ekomfort.lu\/de\/wp-json\/wp\/v2\/product"}],"about":[{"href":"https:\/\/ekomfort.lu\/de\/wp-json\/wp\/v2\/types\/product"}],"replies":[{"embeddable":true,"href":"https:\/\/ekomfort.lu\/de\/wp-json\/wp\/v2\/comments?post=12122"}],"wp:featuredmedia":[{"embeddable":true,"href":"https:\/\/ekomfort.lu\/de\/wp-json\/wp\/v2\/media\/7582"}],"wp:attachment":[{"href":"https:\/\/ekomfort.lu\/de\/wp-json\/wp\/v2\/media?parent=12122"}],"wp:term":[{"taxonomy":"product_brand","embeddable":true,"href":"https:\/\/ekomfort.lu\/de\/wp-json\/wp\/v2\/product_brand?post=12122"},{"taxonomy":"product_cat","embeddable":true,"href":"https:\/\/ekomfort.lu\/de\/wp-json\/wp\/v2\/product_cat?post=12122"},{"taxonomy":"product_tag","embeddable":true,"href":"https:\/\/ekomfort.lu\/de\/wp-json\/wp\/v2\/product_tag?post=12122"},{"taxonomy":"product_brands","embeddable":true,"href":"https:\/\/ekomfort.lu\/de\/wp-json\/wp\/v2\/product_brands?post=12122"}],"curies":[{"name":"wp","href":"https:\/\/api.w.org\/{rel}","templated":true}]}}