{"id":12076,"date":"2023-06-17T21:16:18","date_gmt":"2023-06-17T19:16:18","guid":{"rendered":"https:\/\/ekomfort.lu\/shop\/eco-verantwortliche-unisex-sandalen-loto-grey-von-nae-raffinierte-eleganz-optimaler-komfort-und-gesicherte-ethik"},"modified":"2024-07-01T12:10:43","modified_gmt":"2024-07-01T10:10:43","slug":"eco-verantwortliche-unisex-sandalen-loto-grey-von-nae-raffinierte-eleganz-optimaler-komfort-und-gesicherte-ethik","status":"publish","type":"product","link":"https:\/\/ekomfort.lu\/de\/shop\/eco-verantwortliche-unisex-sandalen-loto-grey-von-nae-raffinierte-eleganz-optimaler-komfort-und-gesicherte-ethik\/","title":{"rendered":"Eco-verantwortliche Unisex-Sandalen Loto Grey von Nae: Raffinierte Eleganz optimaler Komfort und gesicherte Ethik"},"content":{"rendered":"\n<p>Sie sehnen sich nach flachen Sandalen mit offener Ferse, die Komfort, Langlebigkeit und minimalistisches Design vereinen? <strong><\/strong> Suchst du <strong>umweltfreundliche flache Schuhe<!-- span-->, die zu all deinen Outfits und Anl\u00e4ssen passen w\u00fcrden?<\/strong><\/p>\n\n\n\n<p>Lassen Sie sich von den <strong>Loto Grey<\/strong> verf\u00fchren, veganen Unisex-Sandalen mit zwei verstellbaren Riemen, die eine optimale Passform und eine \u00e4sthetische Perfektion versprechen.<\/p>\n\n\n\n<p>Indem Sie die <strong>flachen Sandalen mit offenem Absatz<\/strong> <strong>Loto Grey<\/strong>:<\/p>\n\n\n<style>.wp-block-kadence-iconlist.kt-svg-icon-list-items12076_739915-df:not(.this-stops-third-party-issues){margin-top:0px;margin-bottom:0px;}.wp-block-kadence-iconlist.kt-svg-icon-list-items12076_739915-df ul.kt-svg-icon-list:not(.this-prevents-issues):not(.this-stops-third-party-issues):not(.tijsloc){margin-top:0px;margin-right:0px;margin-bottom:var(--global-kb-spacing-sm, 1.5rem);margin-left:0px;}.wp-block-kadence-iconlist.kt-svg-icon-list-items12076_739915-df ul.kt-svg-icon-list{grid-row-gap:5px;}.wp-block-kadence-iconlist.kt-svg-icon-list-items12076_739915-df .kb-svg-icon-wrap{font-size:18px;color:var(--global-palette1, #3182CE);}.wp-block-kadence-iconlist.kt-svg-icon-list-items12076_739915-df ul.kt-svg-icon-list .kt-svg-icon-list-item-wrap .kt-svg-icon-list-single{margin-right:10px;}.kt-svg-icon-list-items12076_739915-df ul.kt-svg-icon-list .kt-svg-icon-list-level-0 .kt-svg-icon-list-single svg{font-size:20px;}<\/style>\n<div class=\"wp-block-kadence-iconlist kt-svg-icon-list-items kt-svg-icon-list-items12076_739915-df kt-svg-icon-list-columns-1 alignnone\"><ul class=\"kt-svg-icon-list\"><style>.kt-svg-icon-list-item-2101_9d12ac-3d .kt-svg-icon-list-text mark.kt-highlight{background-color:unset;font-style:normal;color:#f76a0c;-webkit-box-decoration-break:clone;box-decoration-break:clone;padding-top:0px;padding-right:0px;padding-bottom:0px;padding-left:0px;}<\/style>\n<li class=\"wp-block-kadence-listitem kt-svg-icon-list-item-wrap kt-svg-icon-list-item-2101_9d12ac-3d\"><span class=\"kb-svg-icon-wrap kb-svg-icon-fe_checkCircle kt-svg-icon-list-single\"><svg viewBox=\"0 0 24 24\"  fill=\"none\" stroke=\"currentColor\" stroke-width=\"3\" stroke-linecap=\"round\" stroke-linejoin=\"round\" xmlns=\"http:\/\/www.w3.org\/2000\/svg\"  aria-hidden=\"true\"><path d=\"M22 11.08V12a10 10 0 1 1-5.93-9.14\"\/><polyline points=\"22 4 12 14.01 9 11.01\"\/><\/svg><\/span><span class=\"kt-svg-icon-list-text\">Heiraten Sie die zeitlose Eleganz mit diesen grauen veganen Nubukledersandalen, perfekt zum Aufwerten jedes l\u00e4ssigen oder formellen Outfits.<\/span><\/li>\n\n\n<style>.kt-svg-icon-list-item-2101_13c038-cd .kt-svg-icon-list-text mark.kt-highlight{background-color:unset;font-style:normal;color:#f76a0c;-webkit-box-decoration-break:clone;box-decoration-break:clone;padding-top:0px;padding-right:0px;padding-bottom:0px;padding-left:0px;}<\/style>\n<li class=\"wp-block-kadence-listitem kt-svg-icon-list-item-wrap kt-svg-icon-list-item-2101_13c038-cd\"><span class=\"kb-svg-icon-wrap kb-svg-icon-fe_checkCircle kt-svg-icon-list-single\"><svg viewBox=\"0 0 24 24\"  fill=\"none\" stroke=\"currentColor\" stroke-width=\"3\" stroke-linecap=\"round\" stroke-linejoin=\"round\" xmlns=\"http:\/\/www.w3.org\/2000\/svg\"  aria-hidden=\"true\"><path d=\"M22 11.08V12a10 10 0 1 1-5.93-9.14\"\/><polyline points=\"22 4 12 14.01 9 11.01\"\/><\/svg><\/span><span class=\"kt-svg-icon-list-text\">G\u00f6nnen Sie sich einen unvergleichlichen Komfort dank einer ergonomischen Sohle, die aus einer umweltfreundlichen Mischung aus Gummi und Kork hergestellt ist. Stellen Sie sich einen Tag ohne \u00fcberm\u00e4\u00dfiges Schwitzen, Reibungen oder Blasen vor&#8230; Ein un\u00fcbertroffener Gehkomfort!<\/span><\/li>\n\n\n<style>.kt-svg-icon-list-item-2101_0b6596-0d .kt-svg-icon-list-text mark.kt-highlight{background-color:unset;font-style:normal;color:#f76a0c;-webkit-box-decoration-break:clone;box-decoration-break:clone;padding-top:0px;padding-right:0px;padding-bottom:0px;padding-left:0px;}<\/style>\n<li class=\"wp-block-kadence-listitem kt-svg-icon-list-item-wrap kt-svg-icon-list-item-2101_0b6596-0d\"><span class=\"kb-svg-icon-wrap kb-svg-icon-fe_checkCircle kt-svg-icon-list-single\"><svg viewBox=\"0 0 24 24\"  fill=\"none\" stroke=\"currentColor\" stroke-width=\"3\" stroke-linecap=\"round\" stroke-linejoin=\"round\" xmlns=\"http:\/\/www.w3.org\/2000\/svg\"  aria-hidden=\"true\"><path d=\"M22 11.08V12a10 10 0 1 1-5.93-9.14\"\/><polyline points=\"22 4 12 14.01 9 11.01\"\/><\/svg><\/span><span class=\"kt-svg-icon-list-text\">Machen Sie einen Schritt in eine gr\u00fcnere Zukunft mit diesen umweltfreundlichen <strong>\u00f6ko-verantwortlichen Sandalen<\/strong> aus umweltfreundlicher Mikrofaser, frei von giftigen Substanzen und deren Sohle aus recycelten Reifen hergestellt wird.<\/span><\/li>\n<\/ul><\/div>\n\n\n\n<p>Ohne Tierqu\u00e4lerei, ohne Kompromisse beim Komfort und mit einer einwandfreien Stil&#8230;<\/p>\n\n\n\n<p>F\u00fcr den Preis eines standardm\u00e4\u00dfigen Paar Sandalen g\u00f6nnen Sie sich nicht nur Komfort und Stil, sondern auch die Gewissheit einer ethischen Entscheidung.<\/p>\n\n\n\n<p>Tja, sind Sie bereit, eine schlichte, schicke und verantwortungsbewusste Bequemlichkeit mit den <strong>Loto Grey<\/strong> anzunehmen? Dieses Modell ist eines unserer Bestseller und der Vorrat nimmt schnell ab. Warten Sie nicht!<\/p>\n","protected":false},"excerpt":{"rendered":"<p>Wie ein g\u00f6ttlicher Himmelsk\u00f6rper erhellen die Loto Grey Sandalen m\u00fcde F\u00fc\u00dfe mit ihrem Glanz. Brautkleider kreuzen sich und streicheln die Haut und bieten Komfort und Stil f\u00fcr abenteuerliche Schritte. Talon offen, Freiheit wiedergefunden.<\/p>\n","protected":false},"featured_media":7674,"comment_status":"open","ping_status":"closed","template":"","meta":{"_acf_changed":false,"_kad_blocks_custom_css":"","_kad_blocks_head_custom_js":"","_kad_blocks_body_custom_js":"","_kad_blocks_footer_custom_js":"","_kad_post_transparent":"","_kad_post_title":"","_kad_post_layout":"","_kad_post_sidebar_id":"","_kad_post_content_style":"","_kad_post_vertical_padding":"","_kad_post_feature":"","_kad_post_feature_position":"","_kad_post_header":false,"_kad_post_footer":false,"_kad_post_classname":""},"product_brand":[],"product_cat":[459,413],"product_tag":[451,445],"product_brands":[685],"class_list":{"0":"post-12076","1":"product","2":"type-product","3":"status-publish","4":"has-post-thumbnail","6":"product_cat-sandalen","7":"product_cat-schuhe-fuer-maenner-und-frauen","8":"product_tag-hergestellt-in-portugal","9":"product_tag-unisex-de","10":"product_brands-nae-vegan-shoes-de","12":"first","13":"outofstock","14":"taxable","15":"shipping-taxable","16":"purchasable","17":"product-type-variable","18":"has-default-attributes","19":"entry","20":"content-bg","21":"loop-entry"},"acf":{"avantages":"\ud83d\udca8 Atmungsaktiv, antimikrobiell und hypoallergen f\u00fcr eine makellose Hygiene und minimierte allergische Reaktionen.\r\n\r\n\ud83d\udee1\ufe0f Gesundheitlich unbedenkliche Materialien f\u00fcr eine risikofreie Nutzung.\r\n\r\n\ud83c\udf31 Riemen aus umweltfreundlichen Mikrofaser-Nobuk-Veganleder f\u00fcr ein leder\u00e4hnliches Aussehen und Textur ohne Tierleid.\r\n\r\n\ud83d\udd17 Nickelfreie Metallschnallen, um Allergien zu vermeiden.\r\n\r\n\ud83d\udc63 Ergonomische Einlegesohle aus organischem Kork und Gummi, laminiert mit Mikrofaser f\u00fcr Komfort und Feuchtigkeitsschutz.\r\n\r\n\ud83d\ude80 Laufsohle aus recyceltem Reifengummi f\u00fcr eine l\u00e4ngere Lebensdauer und optimale Haftung.\r\n\r\n\ud83c\uddf5\ud83c\uddf9 Mit Sorgfalt in Portugal hergestellt, mit Fokus auf umweltfreundlichen Materialien und Herstellungsverfahren sowie fairen Arbeitsbedingungen.","entretien":"1. Reinigen Sie die Schuhe mit einem in Seifenwasser getr\u00e4nkten Tuch.\r\n\r\n2. Verwenden Sie f\u00fcr hartn\u00e4ckige Flecken eine weiche Schuhb\u00fcrste, ebenfalls in Seifenwasser getr\u00e4nkt, und reiben Sie sanft in kreisenden Bewegungen.\r\n\r\n3. Entfernen Sie die Seife mit einem feuchten Tuch.\r\n\r\n4. Lassen Sie die Schuhe 24 Stunden lang an der Luft trocknen, ohne sie direkter Sonneneinstrahlung auszusetzen.Achtung:\r\n\r\n- Verwenden Sie keine Reinigungscreme.\r\n\r\n- Geben Sie Ihre Schuhe nicht in die Waschmaschine.\r\n\r\n- Tauchen Sie sie nicht in Wasser ein, da dies zu irreparablen Sch\u00e4den f\u00fchren k\u00f6nnte.Produktlebensdauer:Wenn Ihre veganen Schuhe das Ende ihrer Lebensdauer erreicht haben oder Sie sie nicht mehr ben\u00f6tigen, erw\u00e4gen Sie, ihnen ein zweites Leben zu geben. Verwenden Sie sie auf eine andere Weise selbst oder geben Sie sie jemand anderem.","marque":""},"taxonomy_info":{"product_cat":[{"value":459,"label":"Sandalen"},{"value":413,"label":"Schuhe"}],"product_tag":[{"value":451,"label":"Hergestellt in Portugal"},{"value":445,"label":"Unisex"}],"product_brands":[{"value":685,"label":"NAE Vegan Shoes"}]},"featured_image_src_large":["https:\/\/ekomfort.lu\/wp-content\/uploads\/2023\/06\/sandales-plates-talon-ouvert-brides-croisees-loto-grey-ekomfort.png",700,700,false],"author_info":[],"comment_info":0,"_links":{"self":[{"href":"https:\/\/ekomfort.lu\/de\/wp-json\/wp\/v2\/product\/12076","targetHints":{"allow":["GET"]}}],"collection":[{"href":"https:\/\/ekomfort.lu\/de\/wp-json\/wp\/v2\/product"}],"about":[{"href":"https:\/\/ekomfort.lu\/de\/wp-json\/wp\/v2\/types\/product"}],"replies":[{"embeddable":true,"href":"https:\/\/ekomfort.lu\/de\/wp-json\/wp\/v2\/comments?post=12076"}],"wp:featuredmedia":[{"embeddable":true,"href":"https:\/\/ekomfort.lu\/de\/wp-json\/wp\/v2\/media\/7674"}],"wp:attachment":[{"href":"https:\/\/ekomfort.lu\/de\/wp-json\/wp\/v2\/media?parent=12076"}],"wp:term":[{"taxonomy":"product_brand","embeddable":true,"href":"https:\/\/ekomfort.lu\/de\/wp-json\/wp\/v2\/product_brand?post=12076"},{"taxonomy":"product_cat","embeddable":true,"href":"https:\/\/ekomfort.lu\/de\/wp-json\/wp\/v2\/product_cat?post=12076"},{"taxonomy":"product_tag","embeddable":true,"href":"https:\/\/ekomfort.lu\/de\/wp-json\/wp\/v2\/product_tag?post=12076"},{"taxonomy":"product_brands","embeddable":true,"href":"https:\/\/ekomfort.lu\/de\/wp-json\/wp\/v2\/product_brands?post=12076"}],"curies":[{"name":"wp","href":"https:\/\/api.w.org\/{rel}","templated":true}]}}