{"id":12040,"date":"2023-06-18T17:09:54","date_gmt":"2023-06-18T15:09:54","guid":{"rendered":"https:\/\/ekomfort.lu\/shop\/roter-rucksack-fuer-laptop-oslo-red-aus-recyceltem-pet-komfort-stil-und-ethisch-verantwortliche-oeko-ethik"},"modified":"2024-01-25T09:34:07","modified_gmt":"2024-01-25T08:34:07","slug":"roter-rucksack-fuer-laptop-oslo-red-aus-recyceltem-pet-komfort-stil-und-ethisch-verantwortliche-oeko-ethik","status":"publish","type":"product","link":"https:\/\/ekomfort.lu\/de\/shop\/roter-rucksack-fuer-laptop-oslo-red-aus-recyceltem-pet-komfort-stil-und-ethisch-verantwortliche-oeko-ethik\/","title":{"rendered":"Roter Rucksack f\u00fcr Laptop Oslo Red aus recyceltem PET: Komfort, Stil und ethisch verantwortliche \u00d6ko-Ethik"},"content":{"rendered":"\n<p>Sie sind st\u00e4ndig in Bewegung und auf der Suche nach einem <strong>umweltfreundlichen Rucksack<\/strong>, der Ihrem hektischen Tempo folgen kann und gleichzeitig Ihre Verpflichtung gegen\u00fcber der Umwelt respektiert? Sie m\u00f6chten eine robuste, komfortable Tasche, die Ihrem Alltag gerecht wird?<\/p>\n\n\n\n<p>W\u00e4hlen Sie <strong>Oslo Red<\/strong>: der <strong>vegane Rucksack<\/strong> aus recyceltem PET, eine elegante und vielseitige L\u00f6sung, um Ihre Arbeitsger\u00e4te \u00fcberallhin mitzunehmen und gleichzeitig unseren wundersch\u00f6nen Planeten zu respektieren.<\/p>\n\n\n\n<p>Hier ist, was <strong>Oslo Red<\/strong> zu bieten hat:<\/p>\n\n\n<style>.wp-block-kadence-iconlist.kt-svg-icon-list-items12040_d77349-3e:not(.this-stops-third-party-issues){margin-top:0px;margin-bottom:0px;}.wp-block-kadence-iconlist.kt-svg-icon-list-items12040_d77349-3e ul.kt-svg-icon-list:not(.this-prevents-issues):not(.this-stops-third-party-issues):not(.tijsloc){margin-top:0px;margin-right:0px;margin-bottom:var(--global-kb-spacing-sm, 1.5rem);margin-left:0px;}.wp-block-kadence-iconlist.kt-svg-icon-list-items12040_d77349-3e ul.kt-svg-icon-list{grid-row-gap:5px;}.wp-block-kadence-iconlist.kt-svg-icon-list-items12040_d77349-3e .kb-svg-icon-wrap{font-size:18px;color:var(--global-palette1, #3182CE);}.wp-block-kadence-iconlist.kt-svg-icon-list-items12040_d77349-3e ul.kt-svg-icon-list .kt-svg-icon-list-item-wrap .kt-svg-icon-list-single{margin-right:10px;}.kt-svg-icon-list-items12040_d77349-3e ul.kt-svg-icon-list .kt-svg-icon-list-level-0 .kt-svg-icon-list-single svg{font-size:20px;}<\/style>\n<div class=\"wp-block-kadence-iconlist kt-svg-icon-list-items kt-svg-icon-list-items12040_d77349-3e kt-svg-icon-list-columns-1 alignnone\"><ul class=\"kt-svg-icon-list\"><style>.kt-svg-icon-list-item-2177_a6d911-2c .kt-svg-icon-list-text mark.kt-highlight{background-color:unset;font-style:normal;color:#f76a0c;-webkit-box-decoration-break:clone;box-decoration-break:clone;padding-top:0px;padding-right:0px;padding-bottom:0px;padding-left:0px;}<\/style>\n<li class=\"wp-block-kadence-listitem kt-svg-icon-list-item-wrap kt-svg-icon-list-item-2177_a6d911-2c\"><span class=\"kb-svg-icon-wrap kb-svg-icon-fe_checkCircle kt-svg-icon-list-single\"><svg viewBox=\"0 0 24 24\"  fill=\"none\" stroke=\"currentColor\" stroke-width=\"3\" stroke-linecap=\"round\" stroke-linejoin=\"round\" xmlns=\"http:\/\/www.w3.org\/2000\/svg\"  aria-hidden=\"true\"><path d=\"M22 11.08V12a10 10 0 1 1-5.93-9.14\"\/><polyline points=\"22 4 12 14.01 9 11.01\"\/><\/svg><\/span><span class=\"kt-svg-icon-list-text\">\n<p>Erleben Sie den Komfort eines ergonomisch gestalteten Rucksacks, der perfekt zu Ihrem sprudelnden Lebensstil passt, mit gepolsterten Schultergurten und einer gepolsterten R\u00fcckseite, um den Transport Ihres Laptops zu erleichtern.<\/p>\n<\/span><\/li>\n\n\n<style>.kt-svg-icon-list-item-2177_d00fda-4b .kt-svg-icon-list-text mark.kt-highlight{background-color:unset;font-style:normal;color:#f76a0c;-webkit-box-decoration-break:clone;box-decoration-break:clone;padding-top:0px;padding-right:0px;padding-bottom:0px;padding-left:0px;}<\/style>\n<li class=\"wp-block-kadence-listitem kt-svg-icon-list-item-wrap kt-svg-icon-list-item-2177_d00fda-4b\"><span class=\"kb-svg-icon-wrap kb-svg-icon-fe_checkCircle kt-svg-icon-list-single\"><svg viewBox=\"0 0 24 24\"  fill=\"none\" stroke=\"currentColor\" stroke-width=\"3\" stroke-linecap=\"round\" stroke-linejoin=\"round\" xmlns=\"http:\/\/www.w3.org\/2000\/svg\"  aria-hidden=\"true\"><path d=\"M22 11.08V12a10 10 0 1 1-5.93-9.14\"\/><polyline points=\"22 4 12 14.01 9 11.01\"\/><\/svg><\/span><span class=\"kt-svg-icon-list-text\">\n<p>Genie\u00dfen Sie die Zeitersparnis durch interne und externe F\u00e4cher, die f\u00fcr eine optimale Organisation all Ihrer unverzichtbaren Gegenst\u00e4nde wie Smartphone, Geldb\u00f6rse, Schl\u00fcssel usw. konzipiert wurden.<\/p>\n<\/span><\/li>\n\n\n<style>.kt-svg-icon-list-item-2177_5f3a51-aa .kt-svg-icon-list-text mark.kt-highlight{background-color:unset;font-style:normal;color:#f76a0c;-webkit-box-decoration-break:clone;box-decoration-break:clone;padding-top:0px;padding-right:0px;padding-bottom:0px;padding-left:0px;}<\/style>\n<li class=\"wp-block-kadence-listitem kt-svg-icon-list-item-wrap kt-svg-icon-list-item-2177_5f3a51-aa\"><span class=\"kb-svg-icon-wrap kb-svg-icon-fe_checkCircle kt-svg-icon-list-single\"><svg viewBox=\"0 0 24 24\"  fill=\"none\" stroke=\"currentColor\" stroke-width=\"3\" stroke-linecap=\"round\" stroke-linejoin=\"round\" xmlns=\"http:\/\/www.w3.org\/2000\/svg\"  aria-hidden=\"true\"><path d=\"M22 11.08V12a10 10 0 1 1-5.93-9.14\"\/><polyline points=\"22 4 12 14.01 9 11.01\"\/><\/svg><\/span><span class=\"kt-svg-icon-list-text\">\n<p>Seien Sie stolz auf Ihren umweltfreundlichen Ansatz mit hochwertigem recyceltem PET, zertifiziert nach GRS, einem wasserabweisenden und langlebigen Material.<\/p>\n<\/span><\/li>\n<\/ul><\/div>\n\n\n\n<p>Bewaffnen Sie sich mit dem <strong>Oslo Red<\/strong> und zeigen Sie der Welt, dass es m\u00f6glich ist, Technologie, Mode und Umweltverantwortung in Einklang zu bringen.<\/p>\n\n\n\n<p>F\u00fcr einen erschwinglichen Preis investieren Sie in einen langlebigen Rucksack, der die Umwelt sch\u00fctzt.<\/p>\n\n\n\n<p>Sind Sie bereit, Stil, Komfort und Umweltethik zu vereinen? Beeilen Sie sich, die <strong>Oslo Red<\/strong> ist sehr gefragt und k\u00f6nnte schnell ausverkauft sein!<\/p>\n","protected":false},"excerpt":{"rendered":"<p>Oh ihr, die ihr einen treuen Begleiter f\u00fcr eure st\u00e4dtischen Abenteuer sucht, h\u00f6rt auf den Lobgesang auf den roten veganen Rucksack OSLO! Wie ein scharlachroter Stern, der dich durch belebte Stra\u00dfen f\u00fchrt, verk\u00f6rpert er sowohl Stil als auch Langlebigkeit in vollkommener Harmonie. Unter dem scheinbar w\u00fcrdevollen Erscheinungsbild der gr\u00f6\u00dften Flaneure verbirgt sich ein \u00f6kologisches Bewusstsein, das mit modernen Zeiten im Einklang steht. Hergestellt mit Sorgfalt, ohne jegliche Spuren von Tierausbeutung, ist er das Symbol f\u00fcr nachhaltige Mode, in der Sch\u00f6nheit mit Ethik vereint wird. Wie eine leichte Feder, die vom Wind getragen wird, passt er sich allen Ihren Abenteuern an, ohne jemals seinen Glanz zu verlieren. Wie ein Gedicht mit leuchtenden T\u00f6nen vereint dieser vegane Rucksack OSLO Eleganz und N\u00fctzlichkeit. Mit seinen schlanken Linien und seinem leuchtenden Rot wird es die Blicke faszinieren, w\u00e4hrend sein ger\u00e4umiger und durchdachter Raum es Ihnen erm\u00f6glicht, all Ihre st\u00e4dtischen Sch\u00e4tze mitzunehmen. B\u00fccher, Notizb\u00fccher oder Tablets, er wird sie in seinem sch\u00fctzenden Inneren willkommen hei\u00dfen. Ist das nicht ein aufstrebender Stern im Universum des verantwortungsvollen Stils? Sie werden von seinen feinen, zarten Verzierungen bezaubert sein, wie kunstvoll gemei\u00dfelte Verse mit Leidenschaft. Ihre Robustheit ist un\u00fcbertroffen, wie die Kraft der Worte von Victor Hugo, die durch die Zeitalter hindurch hallen. Dank seines hochwertigen veganen Stoffs wird er den Launen der Zeit widerstehen und Sie treu durch die Tage begleiten. Lassen Sie sich also vom veganen roten OSLO Rucksack verf\u00fchren, dieses edle Accessoire, das die Verbindung von Raffinesse und umweltbewusster Engagements unterst\u00fctzt. Von Ihrem R\u00fccken aus wird es wie ein n\u00e4chtlicher Stern funkeln, Respekt und Bewunderung bei allen hervorrufen, die Ihren Weg kreuzen. Indem Sie diesen Rucksack tragen, werden Sie zum Botschafter eines ethischen und respektvollen Modestils und gleichzeitig betonen Sie Ihre Leidenschaft f\u00fcr das Stadtleben. OSLO, der strahlende Stern f\u00fcr Mode- und Umweltliebhaber!<\/p>\n","protected":false},"featured_media":7708,"comment_status":"open","ping_status":"closed","template":"","meta":{"_acf_changed":false,"_kad_blocks_custom_css":"","_kad_blocks_head_custom_js":"","_kad_blocks_body_custom_js":"","_kad_blocks_footer_custom_js":"","_kad_post_transparent":"","_kad_post_title":"","_kad_post_layout":"","_kad_post_sidebar_id":"","_kad_post_content_style":"","_kad_post_vertical_padding":"","_kad_post_feature":"","_kad_post_feature_position":"","_kad_post_header":false,"_kad_post_footer":false,"_kad_post_classname":""},"product_brand":[],"product_cat":[495,454],"product_tag":[451,445],"product_brands":[685],"class_list":{"0":"post-12040","1":"product","2":"type-product","3":"status-publish","4":"has-post-thumbnail","6":"product_cat-vegane-luxus-tasche","7":"product_cat-accessoires-de","8":"product_tag-hergestellt-in-portugal","9":"product_tag-unisex-de","10":"product_brands-nae-vegan-shoes-de","12":"first","13":"instock","14":"taxable","15":"shipping-taxable","16":"purchasable","17":"product-type-simple","18":"entry","19":"content-bg","20":"loop-entry"},"acf":{"avantages":"\u267b\ufe0f Hergestellt aus recyceltem PET aus Plastikflaschen zur Reduzierung von Abfall und zum Schutz der Umwelt.\r\n\r\n\ud83c\udf3f GRS-zertifiziertes Material (100% PET) f\u00fcr eine verantwortungsvolle und umweltfreundliche Herstellung.\r\n\r\n\ud83c\udf92 Ma\u00dfe: 46 cm x 28 cm x 14 cm mit einem Fassungsverm\u00f6gen von 18 Litern, um alle Ihre Essentials zu verstauen.\r\n\r\n\ud83d\udcbb Gepolstertes Laptopfach f\u00fcr 15-Zoll-Laptops f\u00fcr optimalen Schutz.\r\n\r\n\ud83d\udce6 Zweites Innenfach mit einer Gr\u00f6\u00dfe von 23 cm x 21 cm f\u00fcr einfache Organisation.\r\n\r\n\ud83d\udcf1 Seitliche Au\u00dfentaschen von 18 cm x 13 cm f\u00fcr bequemen Zugriff auf kleine Gegenst\u00e4nde.\r\n\r\n\ud83d\udd12 Zentrale Au\u00dfentasche mit Rei\u00dfverschluss von 19 cm x 27 cm, um Ihre Gegenst\u00e4nde sicher zu verstauen.\r\n\r\n\u2728 Dieser Rucksack vereint Langlebigkeit, praktische Aufbewahrung und einfachen Zugriff dank seines GRS-zertifizierten recycelten Materials. Mit seinem gepolsterten Laptopfach, den vielen Taschen und einem Fassungsverm\u00f6gen von 18 Litern ist er die ideale L\u00f6sung, um Ihre Sachen im Alltag zu transportieren.","entretien":"Waschen Sie Ihren Rucksack von Hand mit einer weichen B\u00fcrste, die mit kaltem Seifenwasser getr\u00e4nkt ist. Wenn Sie lieber die Waschmaschine verwenden m\u00f6chten, legen Sie Ihren Rucksack in einen daf\u00fcr vorgesehenen Beutel und verwenden Sie einen schonenden Waschgang mit kaltem Wasser und mildem Seifenwasser.Produktnutzungsdauer:Wenn Ihr veganer Rucksack das Ende seiner Nutzungsdauer erreicht hat, abgenutzt oder veraltet ist oder wenn Sie ihn einfach nicht mehr ben\u00f6tigen oder m\u00f6chten, denken Sie daran, ihm ein neues Leben, eine neue Verwendung zu geben. Oder geben Sie ihn weiter.","marque":""},"taxonomy_info":{"product_cat":[{"value":495,"label":"Taschen"},{"value":454,"label":"Accessoires"}],"product_tag":[{"value":451,"label":"Hergestellt in Portugal"},{"value":445,"label":"Unisex"}],"product_brands":[{"value":685,"label":"NAE Vegan Shoes"}]},"featured_image_src_large":["https:\/\/ekomfort.lu\/wp-content\/uploads\/2023\/06\/sac-a-dos-vegan-rouge-oslo-ekomfort-1024x1024.jpg",1024,1024,true],"author_info":[],"comment_info":0,"_links":{"self":[{"href":"https:\/\/ekomfort.lu\/de\/wp-json\/wp\/v2\/product\/12040","targetHints":{"allow":["GET"]}}],"collection":[{"href":"https:\/\/ekomfort.lu\/de\/wp-json\/wp\/v2\/product"}],"about":[{"href":"https:\/\/ekomfort.lu\/de\/wp-json\/wp\/v2\/types\/product"}],"replies":[{"embeddable":true,"href":"https:\/\/ekomfort.lu\/de\/wp-json\/wp\/v2\/comments?post=12040"}],"wp:featuredmedia":[{"embeddable":true,"href":"https:\/\/ekomfort.lu\/de\/wp-json\/wp\/v2\/media\/7708"}],"wp:attachment":[{"href":"https:\/\/ekomfort.lu\/de\/wp-json\/wp\/v2\/media?parent=12040"}],"wp:term":[{"taxonomy":"product_brand","embeddable":true,"href":"https:\/\/ekomfort.lu\/de\/wp-json\/wp\/v2\/product_brand?post=12040"},{"taxonomy":"product_cat","embeddable":true,"href":"https:\/\/ekomfort.lu\/de\/wp-json\/wp\/v2\/product_cat?post=12040"},{"taxonomy":"product_tag","embeddable":true,"href":"https:\/\/ekomfort.lu\/de\/wp-json\/wp\/v2\/product_tag?post=12040"},{"taxonomy":"product_brands","embeddable":true,"href":"https:\/\/ekomfort.lu\/de\/wp-json\/wp\/v2\/product_brands?post=12040"}],"curies":[{"name":"wp","href":"https:\/\/api.w.org\/{rel}","templated":true}]}}