{"id":12017,"date":"2023-06-18T18:28:36","date_gmt":"2023-06-18T16:28:36","guid":{"rendered":"https:\/\/ekomfort.lu\/shop\/bagnori-schwarz-die-schwarze-umhaengetasche-aus-biologischer-baumwolle-vereint-klassizismus-und-ethik"},"modified":"2024-01-25T09:29:54","modified_gmt":"2024-01-25T08:29:54","slug":"bagnori-schwarz-die-schwarze-umhaengetasche-aus-biologischer-baumwolle-vereint-klassizismus-und-ethik","status":"publish","type":"product","link":"https:\/\/ekomfort.lu\/de\/shop\/bagnori-schwarz-die-schwarze-umhaengetasche-aus-biologischer-baumwolle-vereint-klassizismus-und-ethik\/","title":{"rendered":"BagNori Schwarz: Die schwarze Umh\u00e4ngetasche aus biologischer Baumwolle vereint Klassizismus und Ethik"},"content":{"rendered":"\n<p>Suchen Sie eine <strong>Damentasche mit Schulterriemen<\/strong>, die sowohl der ideale Begleiter f\u00fcr Ihre t\u00e4glichen Abenteuer als auch ein starkes Symbol f\u00fcr Ihr Engagement f\u00fcr Nachhaltigkeit und Umweltschutz ist? Sie streben nach einem Accessoire, das perfekt Ihre Werte illustriert?<\/p>\n\n\n\n<p>Entdecken Sie die <strong>BagNori Black<\/strong>, eine Umh\u00e4ngetasche aus Apfelleder, die die perfekte Harmonie zwischen Raffinesse und Umweltverantwortung verk\u00f6rpert.<\/p>\n\n\n\n<p>W\u00e4hlen Sie <strong>BagNori Schwarz<\/strong> und:<\/p>\n\n\n<style>.wp-block-kadence-iconlist.kt-svg-icon-list-items12017_d1c3d2-7a:not(.this-stops-third-party-issues){margin-top:0px;margin-bottom:0px;}.wp-block-kadence-iconlist.kt-svg-icon-list-items12017_d1c3d2-7a ul.kt-svg-icon-list:not(.this-prevents-issues):not(.this-stops-third-party-issues):not(.tijsloc){margin-top:0px;margin-right:0px;margin-bottom:var(--global-kb-spacing-sm, 1.5rem);margin-left:0px;}.wp-block-kadence-iconlist.kt-svg-icon-list-items12017_d1c3d2-7a ul.kt-svg-icon-list{grid-row-gap:5px;}.wp-block-kadence-iconlist.kt-svg-icon-list-items12017_d1c3d2-7a .kb-svg-icon-wrap{font-size:18px;color:var(--global-palette1, #3182CE);}.wp-block-kadence-iconlist.kt-svg-icon-list-items12017_d1c3d2-7a ul.kt-svg-icon-list .kt-svg-icon-list-item-wrap .kt-svg-icon-list-single{margin-right:10px;}.kt-svg-icon-list-items12017_d1c3d2-7a ul.kt-svg-icon-list .kt-svg-icon-list-level-0 .kt-svg-icon-list-single svg{font-size:20px;}<\/style>\n<div class=\"wp-block-kadence-iconlist kt-svg-icon-list-items kt-svg-icon-list-items12017_d1c3d2-7a kt-svg-icon-list-columns-1 alignnone\"><ul class=\"kt-svg-icon-list\"><style>.kt-svg-icon-list-item-2183_2ab22c-eb .kt-svg-icon-list-text mark.kt-highlight{background-color:unset;font-style:normal;color:#f76a0c;-webkit-box-decoration-break:clone;box-decoration-break:clone;padding-top:0px;padding-right:0px;padding-bottom:0px;padding-left:0px;}<\/style>\n<li class=\"wp-block-kadence-listitem kt-svg-icon-list-item-wrap kt-svg-icon-list-item-2183_2ab22c-eb\"><span class=\"kb-svg-icon-wrap kb-svg-icon-fe_checkCircle kt-svg-icon-list-single\"><svg viewBox=\"0 0 24 24\"  fill=\"none\" stroke=\"currentColor\" stroke-width=\"3\" stroke-linecap=\"round\" stroke-linejoin=\"round\" xmlns=\"http:\/\/www.w3.org\/2000\/svg\"  aria-hidden=\"true\"><path d=\"M22 11.08V12a10 10 0 1 1-5.93-9.14\"\/><polyline points=\"22 4 12 14.01 9 11.01\"\/><\/svg><\/span><span class=\"kt-svg-icon-list-text\">\n<p>Nutzen Sie seine gro\u00dfz\u00fcgige Kapazit\u00e4t, um Ihre unverzichtbaren Dinge sicher aufzubewahren, erg\u00e4nzt durch eine interne Rei\u00dfverschlusstasche f\u00fcr zus\u00e4tzliche Sorglosigkeit.<\/p>\n<\/span><\/li>\n\n\n<style>.kt-svg-icon-list-item-2183_bb3003-6a .kt-svg-icon-list-text mark.kt-highlight{background-color:unset;font-style:normal;color:#f76a0c;-webkit-box-decoration-break:clone;box-decoration-break:clone;padding-top:0px;padding-right:0px;padding-bottom:0px;padding-left:0px;}<\/style>\n<li class=\"wp-block-kadence-listitem kt-svg-icon-list-item-wrap kt-svg-icon-list-item-2183_bb3003-6a\"><span class=\"kb-svg-icon-wrap kb-svg-icon-fe_checkCircle kt-svg-icon-list-single\"><svg viewBox=\"0 0 24 24\"  fill=\"none\" stroke=\"currentColor\" stroke-width=\"3\" stroke-linecap=\"round\" stroke-linejoin=\"round\" xmlns=\"http:\/\/www.w3.org\/2000\/svg\"  aria-hidden=\"true\"><path d=\"M22 11.08V12a10 10 0 1 1-5.93-9.14\"\/><polyline points=\"22 4 12 14.01 9 11.01\"\/><\/svg><\/span><span class=\"kt-svg-icon-list-text\">\n<p>Durchstreifen Sie die Stadt mit einer gewissen Eleganz dank ihres verstellbaren Schultergurts, den Sie nach Belieben anpassen oder abnehmen k\u00f6nnen.<\/p>\n<\/span><\/li>\n\n\n<style>.kt-svg-icon-list-item-2183_068169-54 .kt-svg-icon-list-text mark.kt-highlight{background-color:unset;font-style:normal;color:#f76a0c;-webkit-box-decoration-break:clone;box-decoration-break:clone;padding-top:0px;padding-right:0px;padding-bottom:0px;padding-left:0px;}<\/style>\n<li class=\"wp-block-kadence-listitem kt-svg-icon-list-item-wrap kt-svg-icon-list-item-2183_068169-54\"><span class=\"kb-svg-icon-wrap kb-svg-icon-fe_checkCircle kt-svg-icon-list-single\"><svg viewBox=\"0 0 24 24\"  fill=\"none\" stroke=\"currentColor\" stroke-width=\"3\" stroke-linecap=\"round\" stroke-linejoin=\"round\" xmlns=\"http:\/\/www.w3.org\/2000\/svg\"  aria-hidden=\"true\"><path d=\"M22 11.08V12a10 10 0 1 1-5.93-9.14\"\/><polyline points=\"22 4 12 14.01 9 11.01\"\/><\/svg><\/span><span class=\"kt-svg-icon-list-text\">\n<p>Inkarnieren Sie \u00f6kologische Innovation, indem Sie sich f\u00fcr das Apple Leather entscheiden, eine Alternative zu Leder, die aus den R\u00fcckst\u00e4nden der Apfelsaftproduktion hergestellt wird.<\/p>\n<\/span><\/li>\n<\/ul><\/div>\n\n\n\n<p>Ohne Toxine, ohne Tierversuche und mit einem Stil, der niemals unbemerkt bleibt&#8230;<\/p>\n\n\n\n<p>Und das alles zu einem viel niedrigeren Preis als die traditionellen Luxusmarken von <strong>Trend-Handtaschen<\/strong>.<\/p>\n\n\n\n<p>Also, sind Sie bereit, sich das Nonplusultra in Bezug auf Stil, Langlebigkeit und Umweltschutz zu g\u00f6nnen? Der <strong>BagNori Black<\/strong> ist ein sehr gefragtes St\u00fcck und unsere Best\u00e4nde gehen schnell zur Neige. Nehmen Sie diese Gelegenheit ohne zu z\u00f6gern wahr!<\/p>\n","protected":false},"excerpt":{"rendered":"<p>Wie ein veganer Lederstern vereint die mittelgro\u00dfe Handtasche Nori Black Stil und Ethik. Ein exquisites St\u00fcck, wie eine Sternschnuppe am Himmel der Mode.<\/p>\n","protected":false},"featured_media":7716,"comment_status":"open","ping_status":"closed","template":"","meta":{"_acf_changed":false,"_kad_blocks_custom_css":"","_kad_blocks_head_custom_js":"","_kad_blocks_body_custom_js":"","_kad_blocks_footer_custom_js":"","_kad_post_transparent":"","_kad_post_title":"","_kad_post_layout":"","_kad_post_sidebar_id":"","_kad_post_content_style":"","_kad_post_vertical_padding":"","_kad_post_feature":"","_kad_post_feature_position":"","_kad_post_header":false,"_kad_post_footer":false},"product_brand":[812],"product_cat":[454,495],"product_tag":[447,449],"product_brands":[685],"class_list":{"0":"post-12017","1":"product","2":"type-product","3":"status-publish","4":"has-post-thumbnail","6":"product_brand-nae-vegan-shoes","7":"product_cat-accessoires-de","8":"product_cat-taschen","9":"product_tag-frau","10":"product_tag-hergestellt-in-spanien","11":"product_brands-nae-vegan-shoes-de","13":"first","14":"outofstock","15":"taxable","16":"shipping-taxable","17":"purchasable","18":"product-type-simple","19":"entry","20":"content-bg","21":"loop-entry"},"acf":{"avantages":"\ud83d\udca7 Wasserdicht: Sch\u00fctzt Ihre Gegenst\u00e4nde vor unerw\u00fcnschter Feuchtigkeit.\r\n\r\n\ud83c\udf2c\ufe0f Atmungsaktiv: F\u00f6rdert die Luftzirkulation und beseitigt schlechte Ger\u00fcche.\r\n\r\n\ud83c\udf31 Umweltfreundlich: Reduziert die Auswirkungen auf die Umwelt und f\u00f6rdert Nachhaltigkeit.\r\n\r\n\ud83e\udda0 Antimikrobiell: Verhindert das Wachstum von Bakterien und Mikroben.\r\n\r\n\ud83c\udf3f Sicher und hypoallergen: Verwendung von materialsicher f\u00fcr die Gesundheit, minimiert das Risiko von Allergien und Hautreizungen.\r\n\r\n\ud83c\udf4f Eco-Vegan-Materialien: Hergestellt aus Abf\u00e4llen der Apfelsaftproduktion (AppleSkin) und zertifizierter GOTS-Bio-Baumwolle.\r\n\r\n\ud83d\udd12 Nickel-freie Rei\u00dfverschl\u00fcsse: Vermeidet Hautreizungen.\r\n\r\n\ud83d\udc5c Praktische Abmessungen: Einheitsgr\u00f6\u00dfe mittel f\u00fcr bequeme Nutzung.\r\n\r\n\ud83c\uddea\ud83c\uddf8 Sorgf\u00e4ltig in Spanien hergestellt: Verwendet umweltfreundliche Materialien und Herstellungsverfahren in einer fairen Arbeitsumgebung.","entretien":"1. Reinigen Sie das Produkt mit einem in Seifenwasser getr\u00e4nkten Tuch.\r\n\r\n2. Lassen Sie es an der Luft trocknen, bevor Sie eine Reinigungscreme auftragen.\r\n\r\n3. Verwenden Sie eine Reinigungscreme, um mehr Glanz zu verleihen. Geben Sie eine kleine Menge des Produkts auf eine weiche, trockene B\u00fcrste oder ein Tuch und reiben Sie es sanft in kreisenden Bewegungen ein, bis es vollst\u00e4ndig vom Gewebe aufgenommen ist.\r\n\r\n4. Lassen Sie es 24 Stunden lang an der Luft trocknen, fernab direkter Sonneneinstrahlung.ORGANISCHE BAUMWOLLE5. Entfernen Sie Staub und Schmutz vorsichtig mit einem trockenen Tuch.\r\n\r\n6. Reinigen Sie das Produkt mit einem in Seifenwasser getr\u00e4nkten Tuch.\r\n\r\n7. Lassen Sie es 24 Stunden lang an der Luft trocknen, ohne es direkter Sonneneinstrahlung auszusetzen.Achtung:\r\n\r\n- Geben Sie die Produkte nicht in die Waschmaschine.\r\n\r\n- Tauchen Sie sie nicht in Wasser ein, da dies zu irreparablen Sch\u00e4den f\u00fchren k\u00f6nnte.Wenn Ihre veganen Schuhe das Ende ihrer Lebensdauer erreicht haben oder Sie sie nicht mehr ben\u00f6tigen, erw\u00e4gen Sie, ihnen ein zweites Leben zu geben. Verwenden Sie sie auf eine andere Weise selbst oder lassen Sie jemand anderen davon profitieren.","marque":""},"_wp_attached_file":null,"_wp_attachment_image_alt":null,"rank_math_facebook_image":null,"rank_math_facebook_image_id":null,"wpml_language":null,"_wp_attachment_metadata":null,"rank_math_focus_keyword":"Nori Black, Umh\u00e4ngetasche","rank_math_title":"Mittlere Gr\u00f6\u00dfe vegane Ledertasche Nori Black%sep% %sitename%","rank_math_description":"Entdecken Sie Ihre mittelgro\u00dfe Nori Black vegane Ledertasche. W\u00e4hlen Sie einen trendigen und verantwortungsvollen Stil, ohne Kompromisse bei der Ethik einzugehen.","taxonomy_info":{"product_brand":[{"value":812,"label":"Nae Vegan Shoes"}],"product_cat":[{"value":454,"label":"Accessoires"},{"value":495,"label":"Taschen"}],"product_tag":[{"value":447,"label":"Damenboutique"},{"value":449,"label":"Hergestellt in Spanien"}],"product_brands":[{"value":685,"label":"NAE Vegan Shoes"}]},"featured_image_src_large":["https:\/\/ekomfort.lu\/wp-content\/uploads\/2023\/06\/sac-main-taille-moyenne-cuir-vegan-nori-black-ekomfort-1024x1024.jpg",1024,1024,true],"author_info":[],"comment_info":0,"_links":{"self":[{"href":"https:\/\/ekomfort.lu\/de\/wp-json\/wp\/v2\/product\/12017","targetHints":{"allow":["GET"]}}],"collection":[{"href":"https:\/\/ekomfort.lu\/de\/wp-json\/wp\/v2\/product"}],"about":[{"href":"https:\/\/ekomfort.lu\/de\/wp-json\/wp\/v2\/types\/product"}],"replies":[{"embeddable":true,"href":"https:\/\/ekomfort.lu\/de\/wp-json\/wp\/v2\/comments?post=12017"}],"wp:featuredmedia":[{"embeddable":true,"href":"https:\/\/ekomfort.lu\/de\/wp-json\/wp\/v2\/media\/7716"}],"wp:attachment":[{"href":"https:\/\/ekomfort.lu\/de\/wp-json\/wp\/v2\/media?parent=12017"}],"wp:term":[{"taxonomy":"product_brand","embeddable":true,"href":"https:\/\/ekomfort.lu\/de\/wp-json\/wp\/v2\/product_brand?post=12017"},{"taxonomy":"product_cat","embeddable":true,"href":"https:\/\/ekomfort.lu\/de\/wp-json\/wp\/v2\/product_cat?post=12017"},{"taxonomy":"product_tag","embeddable":true,"href":"https:\/\/ekomfort.lu\/de\/wp-json\/wp\/v2\/product_tag?post=12017"},{"taxonomy":"product_brands","embeddable":true,"href":"https:\/\/ekomfort.lu\/de\/wp-json\/wp\/v2\/product_brands?post=12017"}],"curies":[{"name":"wp","href":"https:\/\/api.w.org\/{rel}","templated":true}]}}