{"id":12004,"date":"2023-06-13T22:10:27","date_gmt":"2023-06-13T20:10:27","guid":{"rendered":"https:\/\/ekomfort.lu\/shop\/nae-bali-green-flache-sandalen-aus-recyceltem-pet-neu-erfundener-komfort-mit-einem-hauch-von-umweltverantwortung"},"modified":"2024-07-01T12:10:34","modified_gmt":"2024-07-01T10:10:34","slug":"nae-bali-green-flache-sandalen-aus-recyceltem-pet-neu-erfundener-komfort-mit-einem-hauch-von-umweltverantwortung","status":"publish","type":"product","link":"https:\/\/ekomfort.lu\/de\/shop\/nae-bali-green-flache-sandalen-aus-recyceltem-pet-neu-erfundener-komfort-mit-einem-hauch-von-umweltverantwortung\/","title":{"rendered":"Nae Bali Green flache Sandalen aus recyceltem PET: neu erfundener Komfort mit einem Hauch von Umweltverantwortung"},"content":{"rendered":"\n<p>Sie suchen nach <strong>bequeme flache Sandalen<\/strong>, die Nachhaltigkeit und Ethik vereinen und Ihnen das Gef\u00fchl geben, auf einem weichen Kissen zu laufen? M\u00f6chten Sie jeden Ihrer Schritte zu einem Akt des Respekts gegen\u00fcber unserem Planeten machen?<\/p>\n\n\n\n<p>Lesen Sie <strong>Bali Green<\/strong>, ein Paar von <strong>sch\u00f6ne Sandalenplatten aus PET-Recycling<\/strong> mit offenen Zehen und doppelten Br\u00e4uten, hergestellt aus PET-Recycling.<\/p>\n\n\n\n<p>Auf den Spuren der <strong>Bali Gr\u00fcn<\/strong> :<\/p>\n\n\n<style>.wp-block-kadence-iconlist.kt-svg-icon-list-items12004_b190a2-ba:not(.this-stops-third-party-issues){margin-top:0px;margin-bottom:0px;}.wp-block-kadence-iconlist.kt-svg-icon-list-items12004_b190a2-ba ul.kt-svg-icon-list:not(.this-prevents-issues):not(.this-stops-third-party-issues):not(.tijsloc){margin-top:0px;margin-right:0px;margin-bottom:var(--global-kb-spacing-sm, 1.5rem);margin-left:0px;}.wp-block-kadence-iconlist.kt-svg-icon-list-items12004_b190a2-ba ul.kt-svg-icon-list{grid-row-gap:5px;}.wp-block-kadence-iconlist.kt-svg-icon-list-items12004_b190a2-ba .kb-svg-icon-wrap{font-size:18px;color:var(--global-palette1, #3182CE);}.wp-block-kadence-iconlist.kt-svg-icon-list-items12004_b190a2-ba ul.kt-svg-icon-list .kt-svg-icon-list-item-wrap .kt-svg-icon-list-single{margin-right:10px;}.kt-svg-icon-list-items12004_b190a2-ba ul.kt-svg-icon-list .kt-svg-icon-list-level-0 .kt-svg-icon-list-single svg{font-size:20px;}<\/style>\n<div class=\"wp-block-kadence-iconlist kt-svg-icon-list-items kt-svg-icon-list-items12004_b190a2-ba kt-svg-icon-list-columns-1 alignnone\"><ul class=\"kt-svg-icon-list\"><style>.kt-svg-icon-list-item-1926_1b789b-cc .kt-svg-icon-list-text mark.kt-highlight{background-color:unset;font-style:normal;color:#f76a0c;-webkit-box-decoration-break:clone;box-decoration-break:clone;padding-top:0px;padding-right:0px;padding-bottom:0px;padding-left:0px;}<\/style>\n<li class=\"wp-block-kadence-listitem kt-svg-icon-list-item-wrap kt-svg-icon-list-item-1926_1b789b-cc\"><span class=\"kb-svg-icon-wrap kb-svg-icon-fe_checkCircle kt-svg-icon-list-single\"><svg viewBox=\"0 0 24 24\"  fill=\"none\" stroke=\"currentColor\" stroke-width=\"3\" stroke-linecap=\"round\" stroke-linejoin=\"round\" xmlns=\"http:\/\/www.w3.org\/2000\/svg\"  aria-hidden=\"true\"><path d=\"M22 11.08V12a10 10 0 1 1-5.93-9.14\"\/><polyline points=\"22 4 12 14.01 9 11.01\"\/><\/svg><\/span><span class=\"kt-svg-icon-list-text\">Dank der leichten, robusten und rutschfesten Au\u00dfensohle aus recycelten Reifen k\u00f6nnen Sie beruhigt auf Landwegen oder in der Stadt laufen.<\/span><\/li>\n\n\n<style>.kt-svg-icon-list-item-1926_63df47-af .kt-svg-icon-list-text mark.kt-highlight{background-color:unset;font-style:normal;color:#f76a0c;-webkit-box-decoration-break:clone;box-decoration-break:clone;padding-top:0px;padding-right:0px;padding-bottom:0px;padding-left:0px;}<\/style>\n<li class=\"wp-block-kadence-listitem kt-svg-icon-list-item-wrap kt-svg-icon-list-item-1926_63df47-af\"><span class=\"kb-svg-icon-wrap kb-svg-icon-fe_checkCircle kt-svg-icon-list-single\"><svg viewBox=\"0 0 24 24\"  fill=\"none\" stroke=\"currentColor\" stroke-width=\"3\" stroke-linecap=\"round\" stroke-linejoin=\"round\" xmlns=\"http:\/\/www.w3.org\/2000\/svg\"  aria-hidden=\"true\"><path d=\"M22 11.08V12a10 10 0 1 1-5.93-9.14\"\/><polyline points=\"22 4 12 14.01 9 11.01\"\/><\/svg><\/span><span class=\"kt-svg-icon-list-text\">F\u00fchlen Sie sich bei jedem Schritt wohl mit einer ergonomischen, weichen, atmungsaktiven und feuchtigkeitsableitenden Innensohle, die Ihre Schwei\u00dfbildung reguliert und Ihr Fu\u00dfgew\u00f6lbe perfekt unterst\u00fctzt.<\/span><\/li>\n\n\n<style>.kt-svg-icon-list-item-1926_e6c8bb-88 .kt-svg-icon-list-text mark.kt-highlight{background-color:unset;font-style:normal;color:#f76a0c;-webkit-box-decoration-break:clone;box-decoration-break:clone;padding-top:0px;padding-right:0px;padding-bottom:0px;padding-left:0px;}<\/style>\n<li class=\"wp-block-kadence-listitem kt-svg-icon-list-item-wrap kt-svg-icon-list-item-1926_e6c8bb-88\"><span class=\"kb-svg-icon-wrap kb-svg-icon-fe_checkCircle kt-svg-icon-list-single\"><svg viewBox=\"0 0 24 24\"  fill=\"none\" stroke=\"currentColor\" stroke-width=\"3\" stroke-linecap=\"round\" stroke-linejoin=\"round\" xmlns=\"http:\/\/www.w3.org\/2000\/svg\"  aria-hidden=\"true\"><path d=\"M22 11.08V12a10 10 0 1 1-5.93-9.14\"\/><polyline points=\"22 4 12 14.01 9 11.01\"\/><\/svg><\/span><span class=\"kt-svg-icon-list-text\">Zeigen Sie einen frischen und zeitlosen Stil mit den beiden gekreuzten Tr\u00e4gern in klarem Design, die all Ihren Outfits einen Hauch von Eleganz verleihen.<\/span><\/li>\n<\/ul><\/div>\n\n\n\n<p>Keine Grausamkeit, keine Giftstoffe, nur Trost und Zufriedenheit &#8230;<\/p>\n\n\n\n<p>Stellen Sie sich die langfristigen Einsparungen durch die Investition in <strong>flache Sandalen aus recyceltem PET<\/strong>, die den Jahren standhalten und gleichzeitig die Erde respektieren, die uns willkommen hei\u00dft.<\/p>\n\n\n\n<p>Sind Sie also bereit, ein revolution\u00e4res Wandererlebnis mit dem <strong>Bali Green<\/strong>? Dieses Modell ist sehr gefragt und die Best\u00e4nde gehen schnell zur Neige. Lassen Sie sich diese tolle Gelegenheit nicht entgehen!<\/p>\n","protected":false},"excerpt":{"rendered":"<p>An Damenf\u00fc\u00dfen offenbaren die offenen flachen Sandalen \u201eBali Green\u201c die Eleganz der gesch\u00fctzten Natur. Bequem und umweltbewusst zelebrieren sie die harmonische Verbindung zwischen Stil und Umweltbewusstsein.<\/p>\n","protected":false},"featured_media":7618,"comment_status":"open","ping_status":"closed","template":"","meta":{"_acf_changed":false,"_kad_blocks_custom_css":"","_kad_blocks_head_custom_js":"","_kad_blocks_body_custom_js":"","_kad_blocks_footer_custom_js":"","_kad_post_transparent":"","_kad_post_title":"","_kad_post_layout":"","_kad_post_sidebar_id":"","_kad_post_content_style":"","_kad_post_vertical_padding":"","_kad_post_feature":"","_kad_post_feature_position":"","_kad_post_header":false,"_kad_post_footer":false,"_kad_post_classname":""},"product_brand":[],"product_cat":[459,413],"product_tag":[451,445],"product_brands":[685],"class_list":{"0":"post-12004","1":"product","2":"type-product","3":"status-publish","4":"has-post-thumbnail","6":"product_cat-sandalen","7":"product_cat-schuhe-fuer-maenner-und-frauen","8":"product_tag-hergestellt-in-portugal","9":"product_tag-unisex-de","10":"product_brands-nae-vegan-shoes-de","12":"first","13":"outofstock","14":"taxable","15":"shipping-taxable","16":"purchasable","17":"product-type-variable","18":"has-default-attributes","19":"entry","20":"content-bg","21":"loop-entry"},"acf":{"avantages":"\ud83c\udf2c\ufe0f Atmungsaktiv: F\u00f6rdern eine gute Luftzirkulation und verhindern \u00fcberm\u00e4\u00dfiges Schwitzen.\r\n\r\n\ud83c\udf31 Antimikrobiell und hypoallergen: Gew\u00e4hrleisten optimale Hygiene und minimieren Allergierisiken.\r\n\r\n\ud83d\udc4c Gesundheitlich unbedenkliche Materialien: Verwendung von risikofreien Materialien f\u00fcr Verbraucher.\r\n\r\n\ud83c\udf0d Umweltfreundlich: Riemen oder \u00e4u\u00dfere Schicht aus recyceltem PET zur Reduzierung von Plastikabf\u00e4llen.\r\n\r\n\ud83d\udc5f Optimaler Komfort: Ergonomische Einlegesohle aus organischen Kork- und Gummimaterialien, laminiert mit Mikrofaser.\r\n\r\n\ud83d\udd1d Maximale Haltbarkeit: Langlebige und rutschfeste Laufsohle aus recycelten Reifen f\u00fcr optimale Haftung und Haltbarkeit.\r\n\r\n\ud83c\uddf5\ud83c\uddf9 Hergestellt in Portugal: Mit Sorgfalt in Portugal hergestellt, unter Verwendung von umweltfreundlichen Materialien und nachhaltigen Herstellungsverfahren.","entretien":"1. Reinigen Sie die Sandalen mit einem in Seifenwasser getr\u00e4nkten Tuch.\r\n\r\n2. Verwenden Sie f\u00fcr hartn\u00e4ckige Flecken eine weiche Schuhb\u00fcrste, ebenfalls in Seifenwasser getr\u00e4nkt, und reiben Sie in kreisenden Bewegungen.\r\n\r\n3. Entfernen Sie die Seife mit einem feuchten Tuch.\r\n\r\n4. Lassen Sie die Schuhe vor dem erneuten Tragen an der Luft trocknen, ohne sie direkter Sonneneinstrahlung auszusetzen.Achtung:\r\n\r\n-Verwenden Sie keine Reinigungscreme.\r\n\r\n- Geben Sie Ihre Schuhe nicht in die Waschmaschine.\r\n\r\n- Tauchen Sie sie nicht in Wasser ein, da sie irreparable Sch\u00e4den erleiden k\u00f6nnten.Wenn Sie der Meinung sind, dass Ihre veganen Schuhe das Ende ihrer Lebensdauer erreicht haben oder Sie sie nicht mehr ben\u00f6tigen, erw\u00e4gen Sie, ihnen ein zweites Leben zu schenken. Verwenden Sie sie auf eine andere Weise selbst oder geben Sie sie jemand anderem.","marque":""},"taxonomy_info":{"product_cat":[{"value":459,"label":"Sandalen"},{"value":413,"label":"Schuhe"}],"product_tag":[{"value":451,"label":"Hergestellt in Portugal"},{"value":445,"label":"Unisex"}],"product_brands":[{"value":685,"label":"NAE Vegan Shoes"}]},"featured_image_src_large":["https:\/\/ekomfort.lu\/wp-content\/uploads\/2023\/06\/sandales-vegan-bali-green-cuir-naturel-ekomfort-1024x1024.jpg",1024,1024,true],"author_info":[],"comment_info":0,"_links":{"self":[{"href":"https:\/\/ekomfort.lu\/de\/wp-json\/wp\/v2\/product\/12004","targetHints":{"allow":["GET"]}}],"collection":[{"href":"https:\/\/ekomfort.lu\/de\/wp-json\/wp\/v2\/product"}],"about":[{"href":"https:\/\/ekomfort.lu\/de\/wp-json\/wp\/v2\/types\/product"}],"replies":[{"embeddable":true,"href":"https:\/\/ekomfort.lu\/de\/wp-json\/wp\/v2\/comments?post=12004"}],"wp:featuredmedia":[{"embeddable":true,"href":"https:\/\/ekomfort.lu\/de\/wp-json\/wp\/v2\/media\/7618"}],"wp:attachment":[{"href":"https:\/\/ekomfort.lu\/de\/wp-json\/wp\/v2\/media?parent=12004"}],"wp:term":[{"taxonomy":"product_brand","embeddable":true,"href":"https:\/\/ekomfort.lu\/de\/wp-json\/wp\/v2\/product_brand?post=12004"},{"taxonomy":"product_cat","embeddable":true,"href":"https:\/\/ekomfort.lu\/de\/wp-json\/wp\/v2\/product_cat?post=12004"},{"taxonomy":"product_tag","embeddable":true,"href":"https:\/\/ekomfort.lu\/de\/wp-json\/wp\/v2\/product_tag?post=12004"},{"taxonomy":"product_brands","embeddable":true,"href":"https:\/\/ekomfort.lu\/de\/wp-json\/wp\/v2\/product_brands?post=12004"}],"curies":[{"name":"wp","href":"https:\/\/api.w.org\/{rel}","templated":true}]}}