{"id":11991,"date":"2023-06-14T18:41:29","date_gmt":"2023-06-14T16:41:29","guid":{"rendered":"https:\/\/ekomfort.lu\/shop\/lila-schwarze-flache-sandalen-aus-veganem-leder-von-nae-optimaler-komfort-und-schlichte-eleganz-fuer-einen-verantwortungsvollen-sommer"},"modified":"2024-07-01T12:10:35","modified_gmt":"2024-07-01T10:10:35","slug":"lila-schwarze-flache-sandalen-aus-veganem-leder-von-nae-optimaler-komfort-und-schlichte-eleganz-fuer-einen-verantwortungsvollen-sommer","status":"publish","type":"product","link":"https:\/\/ekomfort.lu\/de\/shop\/lila-schwarze-flache-sandalen-aus-veganem-leder-von-nae-optimaler-komfort-und-schlichte-eleganz-fuer-einen-verantwortungsvollen-sommer\/","title":{"rendered":"Lila-schwarze flache Sandalen aus veganem Leder von Nae: Optimaler Komfort und schlichte Eleganz f\u00fcr einen verantwortungsvollen Sommer"},"content":{"rendered":"\n<p>Tr\u00e4umen Sie von Sommersandalen, die Eleganz, Komfort und Umweltaspekte in perfekter Harmonie vereinen? Suchen Sie einen modernen, minimalistischen Stil, der Ihr Engagement f\u00fcr den Planeten nicht beeintr\u00e4chtigt?<\/p>\n\n\n\n<p>Entdecken Sie <strong>Lilac Black<\/strong> : die <strong>Sandale f\u00fcr Damen und Herren mit kleinem Absatz<\/strong>, die in einem zeitlosen Design zeitgen\u00f6ssischen Charme, nat\u00fcrlichen Komfort und Langlebigkeit verbindet.<\/p>\n\n\n\n<p>Hier finden Sie <strong>Lilac Black<\/strong> Inhalt und:<\/p>\n\n\n<style>.wp-block-kadence-iconlist.kt-svg-icon-list-items11991_e5973b-e8:not(.this-stops-third-party-issues){margin-top:0px;margin-bottom:0px;}.wp-block-kadence-iconlist.kt-svg-icon-list-items11991_e5973b-e8 ul.kt-svg-icon-list:not(.this-prevents-issues):not(.this-stops-third-party-issues):not(.tijsloc){margin-top:0px;margin-right:0px;margin-bottom:var(--global-kb-spacing-sm, 1.5rem);margin-left:0px;}.wp-block-kadence-iconlist.kt-svg-icon-list-items11991_e5973b-e8 ul.kt-svg-icon-list{grid-row-gap:5px;}.wp-block-kadence-iconlist.kt-svg-icon-list-items11991_e5973b-e8 .kb-svg-icon-wrap{font-size:18px;color:var(--global-palette1, #3182CE);}.wp-block-kadence-iconlist.kt-svg-icon-list-items11991_e5973b-e8 ul.kt-svg-icon-list .kt-svg-icon-list-item-wrap .kt-svg-icon-list-single{margin-right:10px;}.kt-svg-icon-list-items11991_e5973b-e8 ul.kt-svg-icon-list .kt-svg-icon-list-level-0 .kt-svg-icon-list-single svg{font-size:20px;}<\/style>\n<div class=\"wp-block-kadence-iconlist kt-svg-icon-list-items kt-svg-icon-list-items11991_e5973b-e8 kt-svg-icon-list-columns-1 alignnone\"><ul class=\"kt-svg-icon-list\"><style>.kt-svg-icon-list-item-1943_74834e-94 .kt-svg-icon-list-text mark.kt-highlight{background-color:unset;font-style:normal;color:#f76a0c;-webkit-box-decoration-break:clone;box-decoration-break:clone;padding-top:0px;padding-right:0px;padding-bottom:0px;padding-left:0px;}<\/style>\n<li class=\"wp-block-kadence-listitem kt-svg-icon-list-item-wrap kt-svg-icon-list-item-1943_74834e-94\"><span class=\"kb-svg-icon-wrap kb-svg-icon-fe_checkCircle kt-svg-icon-list-single\"><svg viewBox=\"0 0 24 24\"  fill=\"none\" stroke=\"currentColor\" stroke-width=\"3\" stroke-linecap=\"round\" stroke-linejoin=\"round\" xmlns=\"http:\/\/www.w3.org\/2000\/svg\"  aria-hidden=\"true\"><path d=\"M22 11.08V12a10 10 0 1 1-5.93-9.14\"\/><polyline points=\"22 4 12 14.01 9 11.01\"\/><\/svg><\/span><span class=\"kt-svg-icon-list-text\">Erleben Sie ultimativen Komfort dank einer ergonomischen Sohle aus Kork und Bio-Gummi, die das Fu\u00dfgew\u00f6lbe sanft st\u00fctzt und m\u00f6gliches \u00fcberm\u00e4\u00dfiges Schwitzen verhindert.<\/span><\/li>\n\n\n<style>.kt-svg-icon-list-item-1943_c30f83-d6 .kt-svg-icon-list-text mark.kt-highlight{background-color:unset;font-style:normal;color:#f76a0c;-webkit-box-decoration-break:clone;box-decoration-break:clone;padding-top:0px;padding-right:0px;padding-bottom:0px;padding-left:0px;}<\/style>\n<li class=\"wp-block-kadence-listitem kt-svg-icon-list-item-wrap kt-svg-icon-list-item-1943_c30f83-d6\"><span class=\"kb-svg-icon-wrap kb-svg-icon-fe_checkCircle kt-svg-icon-list-single\"><svg viewBox=\"0 0 24 24\"  fill=\"none\" stroke=\"currentColor\" stroke-width=\"3\" stroke-linecap=\"round\" stroke-linejoin=\"round\" xmlns=\"http:\/\/www.w3.org\/2000\/svg\"  aria-hidden=\"true\"><path d=\"M22 11.08V12a10 10 0 1 1-5.93-9.14\"\/><polyline points=\"22 4 12 14.01 9 11.01\"\/><\/svg><\/span><span class=\"kt-svg-icon-list-text\">Machen Sie sich bereit, den s\u00fc\u00dfen Sommer zu begr\u00fc\u00dfen, dank dieser <strong>Umweltfreundliche Cross-Riemen-Schuhe f\u00fcr den Sommer<\/strong>, die Ihre F\u00fc\u00dfe k\u00fchl halten und gleichzeitig Ihren Sinn f\u00fcr Stil unterstreichen.<\/span><\/li>\n\n\n<style>.kt-svg-icon-list-item-1943_cd5aa3-eb .kt-svg-icon-list-text mark.kt-highlight{background-color:unset;font-style:normal;color:#f76a0c;-webkit-box-decoration-break:clone;box-decoration-break:clone;padding-top:0px;padding-right:0px;padding-bottom:0px;padding-left:0px;}<\/style>\n<li class=\"wp-block-kadence-listitem kt-svg-icon-list-item-wrap kt-svg-icon-list-item-1943_cd5aa3-eb\"><span class=\"kb-svg-icon-wrap kb-svg-icon-fe_checkCircle kt-svg-icon-list-single\"><svg viewBox=\"0 0 24 24\"  fill=\"none\" stroke=\"currentColor\" stroke-width=\"3\" stroke-linecap=\"round\" stroke-linejoin=\"round\" xmlns=\"http:\/\/www.w3.org\/2000\/svg\"  aria-hidden=\"true\"><path d=\"M22 11.08V12a10 10 0 1 1-5.93-9.14\"\/><polyline points=\"22 4 12 14.01 9 11.01\"\/><\/svg><\/span><span class=\"kt-svg-icon-list-text\">Treffen Sie eine fundierte Wahl mit langlebigen, hypoallergenen und innovativen Materialien, die Ihre Gesundheit und die Umwelt respektieren.<\/span><\/li>\n<\/ul><\/div>\n\n\n\n<p>Tierversuchsfrei, keine sch\u00e4dlichen Produkte, nur authentischer Stil &#8230;<\/p>\n\n\n\n<p>Diese Sandalen sind eine sinnvolle Investition f\u00fcr Ihr Wohlbefinden, Ihr Gewissen und Ihre Garderobe.<\/p>\n\n\n\n<p>Sind Sie also bereit, den Sommer mit den perfekten Damen- und Herren-Sandalen mit niedrigem Absatz zu begr\u00fc\u00dfen? Les <strong>Lilac Black<\/strong> ist eine bevorzugte Wahl, und die Aktien sind schnell verf\u00fcgbar. Agiere schnell!<\/p>\n","protected":false},"excerpt":{"rendered":"<p>Oh lila schwarze Sandalen, vegan und umweltfreundlich! Ihre Eleganz, ihr au\u00dfergew\u00f6hnlicher Komfort umarmen die Seele und laden Sie zu einem kompromisslosen Sommer ein, auf ethische und edle Weise.<\/p>\n","protected":false},"featured_media":7666,"comment_status":"open","ping_status":"closed","template":"","meta":{"_acf_changed":false,"_kad_blocks_custom_css":"","_kad_blocks_head_custom_js":"","_kad_blocks_body_custom_js":"","_kad_blocks_footer_custom_js":"","_kad_post_transparent":"","_kad_post_title":"","_kad_post_layout":"","_kad_post_sidebar_id":"","_kad_post_content_style":"","_kad_post_vertical_padding":"","_kad_post_feature":"","_kad_post_feature_position":"","_kad_post_header":false,"_kad_post_footer":false,"_kad_post_classname":""},"product_brand":[],"product_cat":[459,413],"product_tag":[451,445],"product_brands":[685],"class_list":{"0":"post-11991","1":"product","2":"type-product","3":"status-publish","4":"has-post-thumbnail","6":"product_cat-sandalen","7":"product_cat-schuhe-fuer-maenner-und-frauen","8":"product_tag-hergestellt-in-portugal","9":"product_tag-unisex-de","10":"product_brands-nae-vegan-shoes-de","12":"first","13":"outofstock","14":"taxable","15":"shipping-taxable","16":"purchasable","17":"product-type-variable","18":"has-default-attributes","19":"entry","20":"content-bg","21":"loop-entry"},"acf":{"avantages":"\ud83c\udf2c\ufe0f Atmungsaktiv: F\u00f6rdern eine gute Luftzirkulation, um die F\u00fc\u00dfe frisch und trocken zu halten.\r\n\r\n\ud83c\udf0d Umweltfreundlich: Verwendung umweltfreundlicher Materialien zur Reduzierung des \u00f6kologischen Fu\u00dfabdrucks.\r\n\r\n\ud83c\udf21\ufe0f Antimikrobiell: Behandlung zur Hemmung des Wachstums von Bakterien und Mikroben f\u00fcr eine bessere Hygiene.\r\n\r\n\ud83e\udd27 Hypoallergen: Materialien so konzipiert, um allergische Reaktionen und Hautirritationen zu minimieren.\r\n\r\n\ud83d\udc60 Riemen aus umweltfreundlichen Mikrofaser-Veganleder: Riemen aus veganem Leder, einem umweltfreundlichen synthetischen Material.\r\n\r\n\ud83d\udc63 Ergonomische Innensohle aus Kork und organischem Gummi mit Mikrofaser-Laminierung, gepolstert und feuchtigkeitsabweisend: Bietet optimalen Komfort und Schutz vor Feuchtigkeit.\r\n\r\n\ud83d\udc5f Laufsohle aus recyceltem Reifenkautschuk, langlebig und rutschfest: Hergestellt aus recycelten Reifen f\u00fcr maximale Haftung und Langlebigkeit.","entretien":"1. Entfernen Sie Staub oder Schlamm mit einer weichen B\u00fcrste oder einem trockenen Tuch.\r\n\r\n2. Verwenden Sie ein feuchtes Tuch und reinigen Sie die gesamte Schuhoberfl\u00e4che sanft mit kreisenden Bewegungen. Reinigen Sie Ihr Tuch regelm\u00e4\u00dfig, um Schmutz zu vermeiden.\r\n\r\n3. F\u00fcr hartn\u00e4ckige Flecken verwenden Sie eine weiche B\u00fcrste und Wasser, und reiben Sie sanft mit kreisenden Bewegungen.\r\n\r\n4. Lassen Sie die Schuhe an der Luft trocknen, bevor Sie eine Reinigungscreme auftragen.\r\n\r\n5. Geben Sie eine kleine Menge Reinigungscreme auf eine weiche, trockene B\u00fcrste oder ein Tuch und reiben Sie sie sanft und kreisf\u00f6rmig ein, bis sie vollst\u00e4ndig vom Material aufgenommen wurde, um Ihren Schuhen mehr Glanz zu verleihen.\r\n\r\n6. Lassen Sie die Schuhe 24 Stunden lang an der Luft trocknen, fern von direktem Sonnenlicht.Achtung:\r\n\r\n- Geben Sie Ihre Schuhe nicht in die Waschmaschine.\r\n\r\n- Tauchen Sie sie nicht in Wasser ein, da dies zu irreparablen Sch\u00e4den f\u00fchren k\u00f6nnte.","marque":""},"taxonomy_info":{"product_cat":[{"value":459,"label":"Sandalen"},{"value":413,"label":"Schuhe"}],"product_tag":[{"value":451,"label":"Hergestellt in Portugal"},{"value":445,"label":"Unisex"}],"product_brands":[{"value":685,"label":"NAE Vegan Shoes"}]},"featured_image_src_large":["https:\/\/ekomfort.lu\/wp-content\/uploads\/2023\/06\/lilac-black-sandales-vegan-hypoallergeniques-ekomfort-1024x1024.jpg",1024,1024,true],"author_info":[],"comment_info":0,"_links":{"self":[{"href":"https:\/\/ekomfort.lu\/de\/wp-json\/wp\/v2\/product\/11991","targetHints":{"allow":["GET"]}}],"collection":[{"href":"https:\/\/ekomfort.lu\/de\/wp-json\/wp\/v2\/product"}],"about":[{"href":"https:\/\/ekomfort.lu\/de\/wp-json\/wp\/v2\/types\/product"}],"replies":[{"embeddable":true,"href":"https:\/\/ekomfort.lu\/de\/wp-json\/wp\/v2\/comments?post=11991"}],"wp:featuredmedia":[{"embeddable":true,"href":"https:\/\/ekomfort.lu\/de\/wp-json\/wp\/v2\/media\/7666"}],"wp:attachment":[{"href":"https:\/\/ekomfort.lu\/de\/wp-json\/wp\/v2\/media?parent=11991"}],"wp:term":[{"taxonomy":"product_brand","embeddable":true,"href":"https:\/\/ekomfort.lu\/de\/wp-json\/wp\/v2\/product_brand?post=11991"},{"taxonomy":"product_cat","embeddable":true,"href":"https:\/\/ekomfort.lu\/de\/wp-json\/wp\/v2\/product_cat?post=11991"},{"taxonomy":"product_tag","embeddable":true,"href":"https:\/\/ekomfort.lu\/de\/wp-json\/wp\/v2\/product_tag?post=11991"},{"taxonomy":"product_brands","embeddable":true,"href":"https:\/\/ekomfort.lu\/de\/wp-json\/wp\/v2\/product_brands?post=11991"}],"curies":[{"name":"wp","href":"https:\/\/api.w.org\/{rel}","templated":true}]}}