{"id":11978,"date":"2023-06-18T21:15:50","date_gmt":"2023-06-18T19:15:50","guid":{"rendered":"https:\/\/ekomfort.lu\/shop\/sportschuhe-thyme-black-ethischer-komfort-im-herzen-der-staedtischen-mode"},"modified":"2024-07-01T12:10:47","modified_gmt":"2024-07-01T10:10:47","slug":"sportschuhe-thyme-black-ethischer-komfort-im-herzen-der-staedtischen-mode","status":"publish","type":"product","link":"https:\/\/ekomfort.lu\/de\/shop\/sportschuhe-thyme-black-ethischer-komfort-im-herzen-der-staedtischen-mode\/","title":{"rendered":"Sportschuhe Thyme Black: Ethischer Komfort im Herzen der st\u00e4dtischen Mode"},"content":{"rendered":"\n<p>Sind Sie ein Anh\u00e4nger des urbanen Stils und legen gleichzeitig Wert auf Komfort? Suchen Sie nach Sneakers, die Ihre umweltbewussten Prinzipien verk\u00f6rpern?<\/p>\n\n\n\n<p>Entdecken Sie die <strong>Thyme Black<\/strong>: vegane <strong>Chunky-Schuhe in Schwarz<\/strong>, hergestellt aus Pi\u00f1atex, einem innovativen Material, das aus Ananasblattfasern gewonnen wird.<\/p>\n\n\n\n<p>Mit den <strong>nachhaltigen Thyme Black Schn\u00fcrschuhen von Nae<\/strong> k\u00f6nnen Sie:<\/p>\n\n\n<style>.wp-block-kadence-iconlist.kt-svg-icon-list-items11978_216530-5d:not(.this-stops-third-party-issues){margin-top:0px;margin-bottom:0px;}.wp-block-kadence-iconlist.kt-svg-icon-list-items11978_216530-5d ul.kt-svg-icon-list:not(.this-prevents-issues):not(.this-stops-third-party-issues):not(.tijsloc){margin-top:0px;margin-right:0px;margin-bottom:var(--global-kb-spacing-sm, 1.5rem);margin-left:0px;}.wp-block-kadence-iconlist.kt-svg-icon-list-items11978_216530-5d ul.kt-svg-icon-list{grid-row-gap:5px;}.wp-block-kadence-iconlist.kt-svg-icon-list-items11978_216530-5d .kb-svg-icon-wrap{font-size:18px;color:var(--global-palette1, #3182CE);}.wp-block-kadence-iconlist.kt-svg-icon-list-items11978_216530-5d ul.kt-svg-icon-list .kt-svg-icon-list-item-wrap .kt-svg-icon-list-single{margin-right:10px;}.kt-svg-icon-list-items11978_216530-5d ul.kt-svg-icon-list .kt-svg-icon-list-level-0 .kt-svg-icon-list-single svg{font-size:20px;}<\/style>\n<div class=\"wp-block-kadence-iconlist kt-svg-icon-list-items kt-svg-icon-list-items11978_216530-5d kt-svg-icon-list-columns-1 alignnone\"><ul class=\"kt-svg-icon-list\"><style>.kt-svg-icon-list-item-2194_b015bf-ea .kt-svg-icon-list-text mark.kt-highlight{background-color:unset;font-style:normal;color:#f76a0c;-webkit-box-decoration-break:clone;box-decoration-break:clone;padding-top:0px;padding-right:0px;padding-bottom:0px;padding-left:0px;}<\/style>\n<li class=\"wp-block-kadence-listitem kt-svg-icon-list-item-wrap kt-svg-icon-list-item-2194_b015bf-ea\"><span class=\"kb-svg-icon-wrap kb-svg-icon-fe_checkCircle kt-svg-icon-list-single\"><svg viewBox=\"0 0 24 24\"  fill=\"none\" stroke=\"currentColor\" stroke-width=\"3\" stroke-linecap=\"round\" stroke-linejoin=\"round\" xmlns=\"http:\/\/www.w3.org\/2000\/svg\"  aria-hidden=\"true\"><path d=\"M22 11.08V12a10 10 0 1 1-5.93-9.14\"\/><polyline points=\"22 4 12 14.01 9 11.01\"\/><\/svg><\/span><span class=\"kt-svg-icon-list-text\">Sp\u00fcren Sie Leichtigkeit und Flexibilit\u00e4t bei jedem Schritt dank der gepolsterten, feuchtigkeitsabweisenden EVA-Gummisohle, die sich um Ihren Komfort k\u00fcmmert.<\/span><\/li>\n\n\n<style>.kt-svg-icon-list-item-2194_bdfaba-e9 .kt-svg-icon-list-text mark.kt-highlight{background-color:unset;font-style:normal;color:#f76a0c;-webkit-box-decoration-break:clone;box-decoration-break:clone;padding-top:0px;padding-right:0px;padding-bottom:0px;padding-left:0px;}<\/style>\n<li class=\"wp-block-kadence-listitem kt-svg-icon-list-item-wrap kt-svg-icon-list-item-2194_bdfaba-e9\"><span class=\"kb-svg-icon-wrap kb-svg-icon-fe_checkCircle kt-svg-icon-list-single\"><svg viewBox=\"0 0 24 24\"  fill=\"none\" stroke=\"currentColor\" stroke-width=\"3\" stroke-linecap=\"round\" stroke-linejoin=\"round\" xmlns=\"http:\/\/www.w3.org\/2000\/svg\"  aria-hidden=\"true\"><path d=\"M22 11.08V12a10 10 0 1 1-5.93-9.14\"\/><polyline points=\"22 4 12 14.01 9 11.01\"\/><\/svg><\/span><span class=\"kt-svg-icon-list-text\">Zeigen Sie einen zeitgen\u00f6ssischen urbanen Stil mit flachen Turnschuhen, der Dicke der Sohle und der Robustheit des Schafts, Elemente, die Ihrem Look eine moderne Note verleihen.<\/span><\/li>\n\n\n<style>.kt-svg-icon-list-item-2194_d86ab6-23 .kt-svg-icon-list-text mark.kt-highlight{background-color:unset;font-style:normal;color:#f76a0c;-webkit-box-decoration-break:clone;box-decoration-break:clone;padding-top:0px;padding-right:0px;padding-bottom:0px;padding-left:0px;}<\/style>\n<li class=\"wp-block-kadence-listitem kt-svg-icon-list-item-wrap kt-svg-icon-list-item-2194_d86ab6-23\"><span class=\"kb-svg-icon-wrap kb-svg-icon-fe_checkCircle kt-svg-icon-list-single\"><svg viewBox=\"0 0 24 24\"  fill=\"none\" stroke=\"currentColor\" stroke-width=\"3\" stroke-linecap=\"round\" stroke-linejoin=\"round\" xmlns=\"http:\/\/www.w3.org\/2000\/svg\"  aria-hidden=\"true\"><path d=\"M22 11.08V12a10 10 0 1 1-5.93-9.14\"\/><polyline points=\"22 4 12 14.01 9 11.01\"\/><\/svg><\/span><span class=\"kt-svg-icon-list-text\">Entwickeln Sie sich in einen respektvolleren Alltag weiter, indem Sie Sneaker aus Pi\u00f1atex w\u00e4hlen, einem biologisch abbaubaren, erneuerbaren und v\u00f6llig frei von Tierqu\u00e4lerei hergestellten Material.<\/span><\/li>\n<\/ul><\/div>\n\n\n\n<p>ohne \u00fcberm\u00e4\u00dfiges Schwitzen, ohne unangenehme Ger\u00fcche, ohne Tierqu\u00e4lerei&#8230;<\/p>\n\n\n\n<p>Zum Preis eines normalen Paar Sneakers erhalten Sie Sportschuhe, die Komfort, Stil und ein st\u00e4rkeres \u00f6kologisches Bewusstsein vereinen. <strong>chaussures sportives<\/strong><\/p>\n\n\n\n<p>Sind Sie bereit, Entspannung und \u00d6kologie zu vereinen? Die <strong>Thyme Black Sportschuhe<\/strong> sind sehr gefragt, z\u00f6gern Sie nicht, sich dieses perfekte Modell f\u00fcr Ihren Alltag zu g\u00f6nnen!<\/p>\n","protected":false},"excerpt":{"rendered":"<p>Aufbl\u00fchend wie eine sportliche Bl\u00fcte, beeindrucken die Thyme Black Sportschuhe aus Pinatex mit ihrem Aussehen und beleben den sportlichen Geist in der Seele.<\/p>\n","protected":false},"featured_media":7724,"comment_status":"open","ping_status":"closed","template":"","meta":{"_acf_changed":false,"_kad_blocks_custom_css":"","_kad_blocks_head_custom_js":"","_kad_blocks_body_custom_js":"","_kad_blocks_footer_custom_js":"","_kad_post_transparent":"","_kad_post_title":"","_kad_post_layout":"","_kad_post_sidebar_id":"","_kad_post_content_style":"","_kad_post_vertical_padding":"","_kad_post_feature":"","_kad_post_feature_position":"","_kad_post_header":false,"_kad_post_footer":false,"_kad_post_classname":""},"product_brand":[],"product_cat":[425,413],"product_tag":[451,445],"product_brands":[685],"class_list":{"0":"post-11978","1":"product","2":"type-product","3":"status-publish","4":"has-post-thumbnail","6":"product_cat-flache-schuhe","7":"product_cat-schuhe-fuer-maenner-und-frauen","8":"product_tag-hergestellt-in-portugal","9":"product_tag-unisex-de","10":"product_brands-nae-vegan-shoes-de","12":"first","13":"outofstock","14":"taxable","15":"shipping-taxable","16":"purchasable","17":"product-type-variable","18":"has-default-attributes","19":"entry","20":"content-bg","21":"loop-entry"},"acf":{"avantages":"\ud83d\udca6 Wasserfest: Sch\u00fctzen Ihre F\u00fc\u00dfe vor unerw\u00fcnschter Feuchtigkeit.\r\n\r\n\ud83c\udf2c Atmungsaktiv: F\u00f6rdern eine optimale Luftzirkulation, um Ihre F\u00fc\u00dfe frisch und trocken zu halten.\r\n\r\n\ud83c\udf31 Antimikrobiell und hypoallergen: Gew\u00e4hrleisten optimale Hygiene und minimieren allergische Reaktionen.\r\n\r\n\ud83c\udf0d Sicher und gesund: Materialien ohne Risiken f\u00fcr Ihre Gesundheit und Ihr Wohlbefinden.\r\n\r\n\ud83c\udf4d Pi\u00f1atex-Obermaterial: Verwendet Ananasblattfasern und PLA f\u00fcr eine umweltfreundliche und nachhaltige Option.\r\n\r\n\ud83c\udfbd Baumwollschn\u00fcrsenkel: Nat\u00fcrliches und atmungsaktives Material f\u00fcr eine perfekte Passform.\r\n\r\n\ud83d\udc5f Futter aus Mikrofasern: 90% Mikrofasern und 10% PU f\u00fcr Komfort und Langlebigkeit.\r\n\r\n\u26a1\ufe0f Gepolsterte Einlegesohle: Feuchtigkeitsabweisende EVA-Gummisohle f\u00fcr optimale D\u00e4mpfung und Feuchtigkeitsschutz.\r\n\r\n\ud83d\udd1d Langlebige Laufsohle: Aus TR-Gummi mit rutschfestem Profil f\u00fcr optimale Haftung und Haltbarkeit.\r\n\r\n\ud83d\udee0 Hergestellt in Portugal: Mit umweltfreundlichen Materialien und fairen Herstellungsprozessen.","entretien":"1. Reinigen Sie die Schuhe mit einem in Seifenwasser getr\u00e4nkten Tuch.\r\n\r\n2. Verwenden Sie f\u00fcr hartn\u00e4ckige Flecken eine weiche Schuhb\u00fcrste, ebenfalls in Seifenwasser getr\u00e4nkt, und reiben Sie sanft in kreisenden Bewegungen.\r\n\r\n3. Entfernen Sie die Seife mit einem feuchten Tuch\r\n\r\n.4. Lassen Sie die Schuhe an der Luft trocknen, bevor Sie eine Reinigungscreme auftragen.\r\n\r\n5. Verwenden Sie eine Reinigungscreme, um Ihren Schuhen mehr Glanz zu verleihen. Geben Sie eine kleine Menge des Produkts auf eine weiche, trockene B\u00fcrste oder ein Tuch und reiben Sie es sanft in kreisenden Bewegungen ein, bis es vollst\u00e4ndig eingezogen ist.\r\n\r\n6. Lassen Sie die Schuhe 24 Stunden lang an der Luft trocknen, fern von direktem Sonnenlicht.Achtung:\r\n\r\n- Geben Sie Ihre Schuhe nicht in die Waschmaschine.\r\n\r\n- Tauchen Sie sie nicht in Wasser ein, da sie irreparable Sch\u00e4den erleiden k\u00f6nnten.Wenn Ihre veganen Schuhe das Ende ihrer Lebensdauer erreicht haben oder Sie sie nicht mehr ben\u00f6tigen, \u00fcberlegen Sie, ihnen ein zweites Leben zu geben. Verwenden Sie sie auf eine andere Weise selbst oder geben Sie sie jemand anderem.","marque":""},"taxonomy_info":{"product_cat":[{"value":425,"label":"Flache Schuhe"},{"value":413,"label":"Schuhe"}],"product_tag":[{"value":451,"label":"Hergestellt in Portugal"},{"value":445,"label":"Unisex"}],"product_brands":[{"value":685,"label":"NAE Vegan Shoes"}]},"featured_image_src_large":["https:\/\/ekomfort.lu\/wp-content\/uploads\/2023\/06\/chaussures-look-sportif-pinatex-thyme-black-ekomfort.jpg",700,700,false],"author_info":[],"comment_info":0,"_links":{"self":[{"href":"https:\/\/ekomfort.lu\/de\/wp-json\/wp\/v2\/product\/11978","targetHints":{"allow":["GET"]}}],"collection":[{"href":"https:\/\/ekomfort.lu\/de\/wp-json\/wp\/v2\/product"}],"about":[{"href":"https:\/\/ekomfort.lu\/de\/wp-json\/wp\/v2\/types\/product"}],"replies":[{"embeddable":true,"href":"https:\/\/ekomfort.lu\/de\/wp-json\/wp\/v2\/comments?post=11978"}],"wp:featuredmedia":[{"embeddable":true,"href":"https:\/\/ekomfort.lu\/de\/wp-json\/wp\/v2\/media\/7724"}],"wp:attachment":[{"href":"https:\/\/ekomfort.lu\/de\/wp-json\/wp\/v2\/media?parent=11978"}],"wp:term":[{"taxonomy":"product_brand","embeddable":true,"href":"https:\/\/ekomfort.lu\/de\/wp-json\/wp\/v2\/product_brand?post=11978"},{"taxonomy":"product_cat","embeddable":true,"href":"https:\/\/ekomfort.lu\/de\/wp-json\/wp\/v2\/product_cat?post=11978"},{"taxonomy":"product_tag","embeddable":true,"href":"https:\/\/ekomfort.lu\/de\/wp-json\/wp\/v2\/product_tag?post=11978"},{"taxonomy":"product_brands","embeddable":true,"href":"https:\/\/ekomfort.lu\/de\/wp-json\/wp\/v2\/product_brands?post=11978"}],"curies":[{"name":"wp","href":"https:\/\/api.w.org\/{rel}","templated":true}]}}