{"id":11970,"date":"2023-06-16T20:42:24","date_gmt":"2023-06-16T18:42:24","guid":{"rendered":"https:\/\/ekomfort.lu\/shop\/beigefarbener-jaque-damenschuh-aus-veganem-leder-ein-eleganter-schritt-in-richtung-eines-nachhaltigen-lebensstils"},"modified":"2024-07-01T12:10:37","modified_gmt":"2024-07-01T10:10:37","slug":"beigefarbener-jaque-damenschuh-aus-veganem-leder-ein-eleganter-schritt-in-richtung-eines-nachhaltigen-lebensstils","status":"publish","type":"product","link":"https:\/\/ekomfort.lu\/de\/shop\/beigefarbener-jaque-damenschuh-aus-veganem-leder-ein-eleganter-schritt-in-richtung-eines-nachhaltigen-lebensstils\/","title":{"rendered":"Beigefarbener Jaque-Damenschuh aus veganem Leder: Ein eleganter Schritt in Richtung eines nachhaltigen Lebensstils"},"content":{"rendered":"\n<p>Sie sind ein Fan von <strong>Damenschuhe<\/strong>, die Stil und Komfort vereinen und gleichzeitig Ihre Ethik respektieren? Sie suchen nach <strong>vegane Damenschuhe<\/strong>, die Ihr Engagement f\u00fcr die Umwelt widerspiegeln?<\/p>\n\n\n\n<p>Wir stellen vor: <strong>Jaque<\/strong>, Damenschuhe aus veganem Leder, eine Mischung aus Eleganz, Komfort und Umweltbewusstsein.<\/p>\n\n\n\n<p>Erleben Sie ultimativen Komfort mit den Schuhen <strong>Jaque Beige<\/strong>:<\/p>\n\n\n<style>.wp-block-kadence-iconlist.kt-svg-icon-list-items11970_da701e-0e:not(.this-stops-third-party-issues){margin-top:0px;margin-bottom:0px;}.wp-block-kadence-iconlist.kt-svg-icon-list-items11970_da701e-0e ul.kt-svg-icon-list:not(.this-prevents-issues):not(.this-stops-third-party-issues):not(.tijsloc){margin-top:0px;margin-right:0px;margin-bottom:var(--global-kb-spacing-sm, 1.5rem);margin-left:0px;}.wp-block-kadence-iconlist.kt-svg-icon-list-items11970_da701e-0e ul.kt-svg-icon-list{grid-row-gap:5px;}.wp-block-kadence-iconlist.kt-svg-icon-list-items11970_da701e-0e .kb-svg-icon-wrap{font-size:18px;color:var(--global-palette1, #3182CE);}.wp-block-kadence-iconlist.kt-svg-icon-list-items11970_da701e-0e ul.kt-svg-icon-list .kt-svg-icon-list-item-wrap .kt-svg-icon-list-single{margin-right:10px;}.kt-svg-icon-list-items11970_da701e-0e ul.kt-svg-icon-list .kt-svg-icon-list-level-0 .kt-svg-icon-list-single svg{font-size:20px;}<\/style>\n<div class=\"wp-block-kadence-iconlist kt-svg-icon-list-items kt-svg-icon-list-items11970_da701e-0e kt-svg-icon-list-columns-1 alignnone\"><ul class=\"kt-svg-icon-list\"><style>.kt-svg-icon-list-item-1984_7feda5-c4 .kt-svg-icon-list-text mark.kt-highlight{background-color:unset;font-style:normal;color:#f76a0c;-webkit-box-decoration-break:clone;box-decoration-break:clone;padding-top:0px;padding-right:0px;padding-bottom:0px;padding-left:0px;}<\/style>\n<li class=\"wp-block-kadence-listitem kt-svg-icon-list-item-wrap kt-svg-icon-list-item-1984_7feda5-c4\"><span class=\"kb-svg-icon-wrap kb-svg-icon-fe_checkCircle kt-svg-icon-list-single\"><svg viewBox=\"0 0 24 24\"  fill=\"none\" stroke=\"currentColor\" stroke-width=\"3\" stroke-linecap=\"round\" stroke-linejoin=\"round\" xmlns=\"http:\/\/www.w3.org\/2000\/svg\"  aria-hidden=\"true\"><path d=\"M22 11.08V12a10 10 0 1 1-5.93-9.14\"\/><polyline points=\"22 4 12 14.01 9 11.01\"\/><\/svg><\/span><span class=\"kt-svg-icon-list-text\">Genie\u00dfen Sie die Weichheit eines Schuhs, der dank hypoallergener, antibakterieller und antimikrobieller Mikrofasern doppelt bequem ist und Ihre F\u00fc\u00dfe frisch und geruchsfrei h\u00e4lt.<\/span><\/li>\n\n\n<style>.kt-svg-icon-list-item-1984_c4d30a-e4 .kt-svg-icon-list-text mark.kt-highlight{background-color:unset;font-style:normal;color:#f76a0c;-webkit-box-decoration-break:clone;box-decoration-break:clone;padding-top:0px;padding-right:0px;padding-bottom:0px;padding-left:0px;}<\/style>\n<li class=\"wp-block-kadence-listitem kt-svg-icon-list-item-wrap kt-svg-icon-list-item-1984_c4d30a-e4\"><span class=\"kb-svg-icon-wrap kb-svg-icon-fe_checkCircle kt-svg-icon-list-single\"><svg viewBox=\"0 0 24 24\"  fill=\"none\" stroke=\"currentColor\" stroke-width=\"3\" stroke-linecap=\"round\" stroke-linejoin=\"round\" xmlns=\"http:\/\/www.w3.org\/2000\/svg\"  aria-hidden=\"true\"><path d=\"M22 11.08V12a10 10 0 1 1-5.93-9.14\"\/><polyline points=\"22 4 12 14.01 9 11.01\"\/><\/svg><\/span><span class=\"kt-svg-icon-list-text\">Dr\u00fccken Sie Ihren Stil mit einer kontrastierenden Spitze und einem eleganten Mittelabsatz aus, der jedem Outfit tags\u00fcber und abends den letzten Schliff verleiht.<\/span><\/li>\n\n\n<style>.kt-svg-icon-list-item-1984_9958f8-00 .kt-svg-icon-list-text mark.kt-highlight{background-color:unset;font-style:normal;color:#f76a0c;-webkit-box-decoration-break:clone;box-decoration-break:clone;padding-top:0px;padding-right:0px;padding-bottom:0px;padding-left:0px;}<\/style>\n<li class=\"wp-block-kadence-listitem kt-svg-icon-list-item-wrap kt-svg-icon-list-item-1984_9958f8-00\"><span class=\"kb-svg-icon-wrap kb-svg-icon-fe_checkCircle kt-svg-icon-list-single\"><svg viewBox=\"0 0 24 24\"  fill=\"none\" stroke=\"currentColor\" stroke-width=\"3\" stroke-linecap=\"round\" stroke-linejoin=\"round\" xmlns=\"http:\/\/www.w3.org\/2000\/svg\"  aria-hidden=\"true\"><path d=\"M22 11.08V12a10 10 0 1 1-5.93-9.14\"\/><polyline points=\"22 4 12 14.01 9 11.01\"\/><\/svg><\/span><span class=\"kt-svg-icon-list-text\">Gehen Sie in eine nachhaltige Zukunft mit Schuhen, die in einem Prozess ohne CO2-Emissionen entwickelt wurden.<\/span><\/li>\n<\/ul><\/div>\n\n\n\n<p>Ohne Kompromisse beim Komfort, ohne CO2-Emissionen, ohne Grausamkeit &#8230;<\/p>\n\n\n\n<p>W\u00e4hlen Sie f\u00fcr den Preis von Markenschuhen einen schicken, langlebigen Schuh, der Ihre Werte widerspiegelt.<\/p>\n\n\n\n<p>Also, bereit f\u00fcr den Schritt in eine schicke, komfortable und respektvolle Zukunft mit dem <strong>Jaque Beige<\/strong>? Der Lagerbestand dieses Modells nimmt schnell ab, also verpassen Sie diese Gelegenheit nicht!<\/p>\n","protected":false},"excerpt":{"rendered":"<p>Wie ein literarischer Hauch zeigen die Damenschuhe von Jaque aus veganem Leder ihre spitzen Zehen mit Eleganz und Modernit\u00e4t, f\u00fcr einen Look voller Umweltbewusstsein.<\/p>\n","protected":false},"featured_media":7634,"comment_status":"open","ping_status":"closed","template":"","meta":{"_acf_changed":false,"_kad_blocks_custom_css":"","_kad_blocks_head_custom_js":"","_kad_blocks_body_custom_js":"","_kad_blocks_footer_custom_js":"","_kad_post_transparent":"","_kad_post_title":"","_kad_post_layout":"","_kad_post_sidebar_id":"","_kad_post_content_style":"","_kad_post_vertical_padding":"","_kad_post_feature":"","_kad_post_feature_position":"","_kad_post_header":false,"_kad_post_footer":false,"_kad_post_classname":""},"product_brand":[],"product_cat":[425,413],"product_tag":[447,451],"product_brands":[],"class_list":{"0":"post-11970","1":"product","2":"type-product","3":"status-publish","4":"has-post-thumbnail","6":"product_cat-flache-schuhe","7":"product_cat-schuhe-fuer-maenner-und-frauen","8":"product_tag-frau","9":"product_tag-hergestellt-in-portugal","11":"first","12":"outofstock","13":"taxable","14":"shipping-taxable","15":"purchasable","16":"product-type-variable","17":"has-default-attributes","18":"entry","19":"content-bg","20":"loop-entry"},"acf":{"avantages":"\ud83d\udc5f Obermaterial: Besteht zu 69% aus PU (Polyurethan) und zu 31% aus Baumwolle auf der R\u00fcckseite.\r\n\r\n\ud83c\udf1f Futter und Befestigungen: Besteht zu 90% aus Mikrofaser und zu 10% aus PU.\r\n\r\n\ud83c\udf08 Futter und Innensohle: Antibakteriell, antimikrobiell und hypoallergen f\u00fcr optimale Hygiene.\r\n\r\n\ud83c\udfaf Sohle: Aus Neolite (synthetischer Gummi) f\u00fcr \u00fcberlegene Haftung und erh\u00f6hte Haltbarkeit.\r\n\r\n\ud83c\uddf5\ud83c\uddf9 Portugiesisches Handwerk: Mit Fachkenntnis in Portugal hergestellt, um traditionelles Handwerk und Qualit\u00e4t zu betonen.","entretien":"Reinigen Sie Ihre Schuhe mit einem Tuch, das mit Wasser und Seife getr\u00e4nkt ist. Lassen Sie sie trocknen, bevor Sie eine Politur auftragen. Die Verwendung einer Poliercreme wird empfohlen. Tragen Sie eine kleine Menge mit einem trockenen und weichen Tuch auf und reiben Sie sie sparsam mit kreisenden Bewegungen auf das Material. Lassen Sie sie nach dem Auftragen 24 Stunden lang nat\u00fcrlich trocknen.Produktnutzungsdauer:Wenn Sie der Meinung sind, dass Ihr Artikel seine Zeit hinter sich hat oder Sie ihn nicht mehr ben\u00f6tigen, \u00fcberlegen Sie, ihm ein zweites Leben zu schenken. Sie k\u00f6nnen auch einen neuen Artikel f\u00fcr sich selbst besorgen oder ihn verschenken.","marque":""},"taxonomy_info":{"product_cat":[{"value":425,"label":"Flache Schuhe"},{"value":413,"label":"Schuhe"}],"product_tag":[{"value":447,"label":"Damenboutique"},{"value":451,"label":"Hergestellt in Portugal"}]},"featured_image_src_large":["https:\/\/ekomfort.lu\/wp-content\/uploads\/2023\/06\/chaussures-femmes-cuir-vegan-bouts-pointus-jaque-ekomfort.jpg",700,700,false],"author_info":[],"comment_info":0,"_links":{"self":[{"href":"https:\/\/ekomfort.lu\/de\/wp-json\/wp\/v2\/product\/11970","targetHints":{"allow":["GET"]}}],"collection":[{"href":"https:\/\/ekomfort.lu\/de\/wp-json\/wp\/v2\/product"}],"about":[{"href":"https:\/\/ekomfort.lu\/de\/wp-json\/wp\/v2\/types\/product"}],"replies":[{"embeddable":true,"href":"https:\/\/ekomfort.lu\/de\/wp-json\/wp\/v2\/comments?post=11970"}],"wp:featuredmedia":[{"embeddable":true,"href":"https:\/\/ekomfort.lu\/de\/wp-json\/wp\/v2\/media\/7634"}],"wp:attachment":[{"href":"https:\/\/ekomfort.lu\/de\/wp-json\/wp\/v2\/media?parent=11970"}],"wp:term":[{"taxonomy":"product_brand","embeddable":true,"href":"https:\/\/ekomfort.lu\/de\/wp-json\/wp\/v2\/product_brand?post=11970"},{"taxonomy":"product_cat","embeddable":true,"href":"https:\/\/ekomfort.lu\/de\/wp-json\/wp\/v2\/product_cat?post=11970"},{"taxonomy":"product_tag","embeddable":true,"href":"https:\/\/ekomfort.lu\/de\/wp-json\/wp\/v2\/product_tag?post=11970"},{"taxonomy":"product_brands","embeddable":true,"href":"https:\/\/ekomfort.lu\/de\/wp-json\/wp\/v2\/product_brands?post=11970"}],"curies":[{"name":"wp","href":"https:\/\/api.w.org\/{rel}","templated":true}]}}