{"id":11962,"date":"2023-06-17T10:35:00","date_gmt":"2023-06-17T08:35:00","guid":{"rendered":"https:\/\/ekomfort.lu\/shop\/cora-black-damen-sandalen-mit-keilabsatz-aus-veganem-leder-nae-kombinieren-sie-weiblichkeit-amp-oekologisches-engagement-ohne-zugestaendnisse"},"modified":"2024-07-01T12:10:38","modified_gmt":"2024-07-01T10:10:38","slug":"sandalen-keilabsatz-damen-cora-schwarz-nae","status":"publish","type":"product","link":"https:\/\/ekomfort.lu\/de\/shop\/sandalen-keilabsatz-damen-cora-schwarz-nae\/","title":{"rendered":"Cora Black: Damen-Sandalen mit Keilabsatz aus veganem Leder Nae: Kombinieren Sie Weiblichkeit &amp;amp; \u00d6kologisches Engagement ohne Zugest\u00e4ndnisse"},"content":{"rendered":"\n<p>Sie streben nach <strong>Damenschuhe aus veganem Wildleder<\/strong>, die Komfort, Raffinesse und ethisches Engagement vereinen? M\u00f6chten Sie sich nicht l\u00e4nger zwischen dem Glamour von High Heels und Ihren Umweltvorstellungen entscheiden m\u00fcssen?<\/p>\n\n<p>Lernen Sie den <strong>Cora Black<\/strong>, <strong>bequeme High-Heel-Sandalen f\u00fcr Damen<\/strong>, komplett vegan, die Ihre Weiblichkeit unterstreichen, ohne Ihr Engagement f\u00fcr den Planeten zu beeintr\u00e4chtigen.<\/p>\n\n<p>W\u00e4hlen Sie <strong>Cora Black<\/strong> vor Kurzem und :<\/p>\n<style>.wp-block-kadence-iconlist.kt-svg-icon-list-items2048_c12857-b2:not(.this-stops-third-party-issues){margin-top:0px;margin-bottom:0px;}.wp-block-kadence-iconlist.kt-svg-icon-list-items2048_c12857-b2 ul.kt-svg-icon-list:not(.this-prevents-issues):not(.this-stops-third-party-issues):not(.tijsloc){margin-top:0px;margin-right:0px;margin-bottom:var(--global-kb-spacing-sm, 1.5rem);margin-left:0px;}.wp-block-kadence-iconlist.kt-svg-icon-list-items2048_c12857-b2 ul.kt-svg-icon-list{grid-row-gap:5px;}.wp-block-kadence-iconlist.kt-svg-icon-list-items2048_c12857-b2 .kb-svg-icon-wrap{font-size:18px;color:var(--global-palette1, #3182CE);}.wp-block-kadence-iconlist.kt-svg-icon-list-items2048_c12857-b2 ul.kt-svg-icon-list .kt-svg-icon-list-item-wrap .kt-svg-icon-list-single{margin-right:10px;}.kt-svg-icon-list-items2048_c12857-b2 ul.kt-svg-icon-list .kt-svg-icon-list-level-0 .kt-svg-icon-list-single svg{font-size:20px;}<\/style>\n<div class=\"wp-block-kadence-iconlist kt-svg-icon-list-items kt-svg-icon-list-items2048_c12857-b2 kt-svg-icon-list-columns-1 alignnone\"><ul class=\"kt-svg-icon-list\"><style>.kt-svg-icon-list-item-2048_f4d409-3d .kt-svg-icon-list-text mark.kt-highlight{background-color:unset;font-style:normal;color:#f76a0c;-webkit-box-decoration-break:clone;box-decoration-break:clone;padding-top:0px;padding-right:0px;padding-bottom:0px;padding-left:0px;}<\/style>\n<li class=\"wp-block-kadence-listitem kt-svg-icon-list-item-wrap kt-svg-icon-list-item-2048_f4d409-3d\"><span class=\"kb-svg-icon-wrap kb-svg-icon-fe_checkCircle kt-svg-icon-list-single\"><svg viewBox=\"0 0 24 24\"  fill=\"none\" stroke=\"currentColor\" stroke-width=\"3\" stroke-linecap=\"round\" stroke-linejoin=\"round\" xmlns=\"http:\/\/www.w3.org\/2000\/svg\"  aria-hidden=\"true\"><path d=\"M22 11.08V12a10 10 0 1 1-5.93-9.14\"\/><polyline points=\"22 4 12 14.01 9 11.01\"\/><\/svg><\/span><span class=\"kt-svg-icon-list-text\">Genie\u00dfen Sie den komfortablen Luxus dieser Sandalen, die mit hypoallergenen und antibakteriellen Mikrofasern gef\u00fcttert sind, die unangenehme Ger\u00fcche verhindern.<\/span><\/li>\n\n\n<style>.kt-svg-icon-list-item-2048_16b787-a8 .kt-svg-icon-list-text mark.kt-highlight{background-color:unset;font-style:normal;color:#f76a0c;-webkit-box-decoration-break:clone;box-decoration-break:clone;padding-top:0px;padding-right:0px;padding-bottom:0px;padding-left:0px;}<\/style>\n<li class=\"wp-block-kadence-listitem kt-svg-icon-list-item-wrap kt-svg-icon-list-item-2048_16b787-a8\"><span class=\"kb-svg-icon-wrap kb-svg-icon-fe_checkCircle kt-svg-icon-list-single\"><svg viewBox=\"0 0 24 24\"  fill=\"none\" stroke=\"currentColor\" stroke-width=\"3\" stroke-linecap=\"round\" stroke-linejoin=\"round\" xmlns=\"http:\/\/www.w3.org\/2000\/svg\"  aria-hidden=\"true\"><path d=\"M22 11.08V12a10 10 0 1 1-5.93-9.14\"\/><polyline points=\"22 4 12 14.01 9 11.01\"\/><\/svg><\/span><span class=\"kt-svg-icon-list-text\">Erleben Sie ultimativen High-Heel-Komfort mit 5 cm hohen Keilabs\u00e4tzen aus Neolite f\u00fcr ein leichtes Tragegef\u00fchl bei jedem Schritt.<\/span><\/li>\n\n\n<style>.kt-svg-icon-list-item-2048_0b1026-5d .kt-svg-icon-list-text mark.kt-highlight{background-color:unset;font-style:normal;color:#f76a0c;-webkit-box-decoration-break:clone;box-decoration-break:clone;padding-top:0px;padding-right:0px;padding-bottom:0px;padding-left:0px;}<\/style>\n<li class=\"wp-block-kadence-listitem kt-svg-icon-list-item-wrap kt-svg-icon-list-item-2048_0b1026-5d\"><span class=\"kb-svg-icon-wrap kb-svg-icon-fe_checkCircle kt-svg-icon-list-single\"><svg viewBox=\"0 0 24 24\"  fill=\"none\" stroke=\"currentColor\" stroke-width=\"3\" stroke-linecap=\"round\" stroke-linejoin=\"round\" xmlns=\"http:\/\/www.w3.org\/2000\/svg\"  aria-hidden=\"true\"><path d=\"M22 11.08V12a10 10 0 1 1-5.93-9.14\"\/><polyline points=\"22 4 12 14.01 9 11.01\"\/><\/svg><\/span><span class=\"kt-svg-icon-list-text\">Bekr\u00e4ftigen Sie Ihr Engagement f\u00fcr eine gr\u00fcnere Welt mit vollst\u00e4ndig veganen Schuhen, die ohne CO2-Emissionen entworfen wurden.<\/span><\/li>\n<\/ul><\/div>\n\n<p>Ohne jegliche Tierqu\u00e4lerei, ohne CO2-Emissionen und ohne Kompromisse bei Stil und Komfort &#8230;<\/p>\n\n<p>W\u00e4hlen Sie f\u00fcr den Preis eines Ausflugs in die Stadt Schuhe, die Ihren Look aufwerten und gleichzeitig nachhaltige und ethische Mode unterst\u00fctzen.<\/p>\n\n<p>Sind Sie also bereit, mit Eleganz und Bewusstsein in die H\u00f6he zu klettern? Les <strong>Cora Black<\/strong> ist sehr gefragt, und unsere Aktien werden immer schneller. Lassen Sie sich diese Chance nicht entgehen!<\/p>\n","protected":false},"excerpt":{"rendered":"<p>Wie ein Schaufenster von Eleganz und Komfort unterstreichen die Keilsandaletten von Cora Black f\u00fcr Damen Ihren Auftritt auf kunstvolle Weise. Eine harmonische Verbindung von Stil und Wohlbefinden.<\/p>\n","protected":false},"featured_media":7642,"comment_status":"open","ping_status":"closed","template":"","meta":{"_acf_changed":false,"_kad_blocks_custom_css":"","_kad_blocks_head_custom_js":"","_kad_blocks_body_custom_js":"","_kad_blocks_footer_custom_js":"","_kad_post_transparent":"","_kad_post_title":"","_kad_post_layout":"","_kad_post_sidebar_id":"","_kad_post_content_style":"","_kad_post_vertical_padding":"","_kad_post_feature":"","_kad_post_feature_position":"","_kad_post_header":false,"_kad_post_footer":false,"_kad_post_classname":""},"product_brand":[],"product_cat":[459,413],"product_tag":[447,451],"product_brands":[685],"class_list":{"0":"post-11962","1":"product","2":"type-product","3":"status-publish","4":"has-post-thumbnail","6":"product_cat-sandalen","7":"product_cat-schuhe-fuer-maenner-und-frauen","8":"product_tag-frau","9":"product_tag-hergestellt-in-portugal","10":"product_brands-nae-vegan-shoes-de","12":"first","13":"outofstock","14":"taxable","15":"shipping-taxable","16":"purchasable","17":"product-type-variable","18":"has-default-attributes","19":"entry","20":"content-bg","21":"loop-entry"},"acf":{"avantages":"<ul>\n \t<li>\n<h6><strong>Der obere Teil des Schuhs<\/strong> besteht aus <strong>52 % Baumwolle<\/strong>, <strong>40 % Polyester<\/strong> und <strong>8 % PU<\/strong> und bietet eine Mischung aus Komfort und Haltbarkeit.<\/h6>\n<\/li>\n<\/ul>\n\u00a0\n\n\u00a0\n<ul>\n \t<li>\n<h6><strong>Futter<\/strong> aus <strong>90 % Mikrofasern<\/strong> und <strong>10 % PU<\/strong> f\u00fcr mehr Weichheit und Widerstandsf\u00e4higkeit.<\/h6>\n<\/li>\n<\/ul>\n\u00a0\n\n\u00a0\n<ul>\n \t<li>\n<h6><strong>Antibakterielles<\/strong>, <strong>antimikrobielles<\/strong> und <strong>hypoallergenes<\/strong> <strong>Futter und Innensohle<\/strong> garantieren optimale Hygiene und minimieren das Allergierisiko.<\/h6>\n<\/li>\n<\/ul>\n\u00a0\n\n\u00a0\n<ul>\n \t<li>\n<h6><strong>Neolite-Sohle (Synthetikkautschuk)<\/strong> f\u00fcr guten Halt und hervorragende Haltbarkeit.<\/h6>\n<\/li>\n<\/ul>\n\u00a0\n\n\u00a0\n<ul>\n \t<li>\n<h6><strong>Silberne Schnalle ohne Nickel<\/strong>, wodurch das Risiko von Allergien und Hautreaktionen verringert wird.<\/h6>\n<\/li>\n<\/ul>","entretien":"Reinigen Sie Ihre Schuhe mit einem in Wasser und Seife getr\u00e4nkten Tuch.\r\n\r\nWenn Flecken hartn\u00e4ckig sind, reiben Sie mit einer weichen B\u00fcrste in kreisenden Bewegungen.\r\n\r\nVerwenden Sie dann ein feuchtes Tuch, um die Seife zu entfernen, und lassen Sie die Schuhe vor dem erneuten Tragen an der Luft trocknen.\r\n\r\nVerwenden Sie keine Poliercreme.Produktnutzungsdauer:Wenn Sie der Meinung sind, dass Ihr Artikel seine Zeit erreicht hat oder Sie ihn nicht mehr ben\u00f6tigen, denken Sie daran, ihm ein zweites Leben zu schenken.\r\n\r\nSie k\u00f6nnen auch einen neuen Artikel f\u00fcr sich selbst besorgen oder ihn verschenken.","marque":""},"taxonomy_info":{"product_cat":[{"value":459,"label":"Sandalen"},{"value":413,"label":"Schuhe"}],"product_tag":[{"value":447,"label":"Damenboutique"},{"value":451,"label":"Hergestellt in Portugal"}],"product_brands":[{"value":685,"label":"NAE Vegan Shoes"}]},"featured_image_src_large":["https:\/\/ekomfort.lu\/wp-content\/uploads\/2023\/06\/sandales-a-talons-compenses-pour-femmes-cora-black-ekomfort.jpg",700,700,false],"author_info":[],"comment_info":0,"_links":{"self":[{"href":"https:\/\/ekomfort.lu\/de\/wp-json\/wp\/v2\/product\/11962","targetHints":{"allow":["GET"]}}],"collection":[{"href":"https:\/\/ekomfort.lu\/de\/wp-json\/wp\/v2\/product"}],"about":[{"href":"https:\/\/ekomfort.lu\/de\/wp-json\/wp\/v2\/types\/product"}],"replies":[{"embeddable":true,"href":"https:\/\/ekomfort.lu\/de\/wp-json\/wp\/v2\/comments?post=11962"}],"wp:featuredmedia":[{"embeddable":true,"href":"https:\/\/ekomfort.lu\/de\/wp-json\/wp\/v2\/media\/7642"}],"wp:attachment":[{"href":"https:\/\/ekomfort.lu\/de\/wp-json\/wp\/v2\/media?parent=11962"}],"wp:term":[{"taxonomy":"product_brand","embeddable":true,"href":"https:\/\/ekomfort.lu\/de\/wp-json\/wp\/v2\/product_brand?post=11962"},{"taxonomy":"product_cat","embeddable":true,"href":"https:\/\/ekomfort.lu\/de\/wp-json\/wp\/v2\/product_cat?post=11962"},{"taxonomy":"product_tag","embeddable":true,"href":"https:\/\/ekomfort.lu\/de\/wp-json\/wp\/v2\/product_tag?post=11962"},{"taxonomy":"product_brands","embeddable":true,"href":"https:\/\/ekomfort.lu\/de\/wp-json\/wp\/v2\/product_brands?post=11962"}],"curies":[{"name":"wp","href":"https:\/\/api.w.org\/{rel}","templated":true}]}}