{"id":11936,"date":"2023-06-18T22:16:42","date_gmt":"2023-06-18T20:16:42","guid":{"rendered":"https:\/\/ekomfort.lu\/shop\/die-hochwertigen-herrenschuhe-arum-grey-von-nae-sportliche-inspiration-und-oekologische-eleganz"},"modified":"2024-07-01T12:10:46","modified_gmt":"2024-07-01T10:10:46","slug":"die-hochwertigen-herrenschuhe-arum-grey-von-nae-sportliche-inspiration-und-oekologische-eleganz","status":"publish","type":"product","link":"https:\/\/ekomfort.lu\/de\/shop\/die-hochwertigen-herrenschuhe-arum-grey-von-nae-sportliche-inspiration-und-oekologische-eleganz\/","title":{"rendered":"Die hochwertigen Herrenschuhe Arum Grey von Nae: Sportliche Inspiration und \u00f6kologische Eleganz"},"content":{"rendered":"\n<p>Sie m\u00f6chten elegante <strong>Schuhe<\/strong>, die m\u00fchelos den Komfort eines Sportschuhs mit der Raffinesse eines Derby-Schuhs verbinden? Du bist auf der Suche nach <strong>sportlichen grauen Schuhen<\/strong>, die mit deinen ethischen Prinzipien \u00fcbereinstimmen, ohne deinen Stil zu beeintr\u00e4chtigen?<\/p>\n\n\n\n<p>Entdecken Sie <strong>Arum Grey<\/strong>: ein veganes Derby-Stil Schuh mit einer robusten Sohle, der Komfort, Langlebigkeit und Umweltschutz bietet.<\/p>\n\n\n\n<p>Kaufen Sie jetzt ein Paar <strong>Arum Grey<\/strong> und:<\/p>\n\n\n<style>.wp-block-kadence-iconlist.kt-svg-icon-list-items11936_62bf08-36:not(.this-stops-third-party-issues){margin-top:0px;margin-bottom:0px;}.wp-block-kadence-iconlist.kt-svg-icon-list-items11936_62bf08-36 ul.kt-svg-icon-list:not(.this-prevents-issues):not(.this-stops-third-party-issues):not(.tijsloc){margin-top:0px;margin-right:0px;margin-bottom:var(--global-kb-spacing-sm, 1.5rem);margin-left:0px;}.wp-block-kadence-iconlist.kt-svg-icon-list-items11936_62bf08-36 ul.kt-svg-icon-list{grid-row-gap:5px;}.wp-block-kadence-iconlist.kt-svg-icon-list-items11936_62bf08-36 .kb-svg-icon-wrap{font-size:18px;color:var(--global-palette1, #3182CE);}.wp-block-kadence-iconlist.kt-svg-icon-list-items11936_62bf08-36 ul.kt-svg-icon-list .kt-svg-icon-list-item-wrap .kt-svg-icon-list-single{margin-right:10px;}.kt-svg-icon-list-items11936_62bf08-36 ul.kt-svg-icon-list .kt-svg-icon-list-level-0 .kt-svg-icon-list-single svg{font-size:20px;}<\/style>\n<div class=\"wp-block-kadence-iconlist kt-svg-icon-list-items kt-svg-icon-list-items11936_62bf08-36 kt-svg-icon-list-columns-1 alignnone\"><ul class=\"kt-svg-icon-list\"><style>.kt-svg-icon-list-item-2200_dc050c-fc .kt-svg-icon-list-text mark.kt-highlight{background-color:unset;font-style:normal;color:#f76a0c;-webkit-box-decoration-break:clone;box-decoration-break:clone;padding-top:0px;padding-right:0px;padding-bottom:0px;padding-left:0px;}<\/style>\n<li class=\"wp-block-kadence-listitem kt-svg-icon-list-item-wrap kt-svg-icon-list-item-2200_dc050c-fc\"><span class=\"kb-svg-icon-wrap kb-svg-icon-fe_checkCircle kt-svg-icon-list-single\"><svg viewBox=\"0 0 24 24\"  fill=\"none\" stroke=\"currentColor\" stroke-width=\"3\" stroke-linecap=\"round\" stroke-linejoin=\"round\" xmlns=\"http:\/\/www.w3.org\/2000\/svg\"  aria-hidden=\"true\"><path d=\"M22 11.08V12a10 10 0 1 1-5.93-9.14\"\/><polyline points=\"22 4 12 14.01 9 11.01\"\/><\/svg><\/span><span class=\"kt-svg-icon-list-text\">Nehmen Sie sich die Freude, verschiedene Stile zu variieren, von gepflegter Eleganz bis hin zum entspannten Casual. Diese Unisex-Derby-Schuhe sind das ideale Accessoire f\u00fcr all Ihre Outfits.<\/span><\/li>\n\n\n<style>.kt-svg-icon-list-item-2200_0015c6-a9 .kt-svg-icon-list-text mark.kt-highlight{background-color:unset;font-style:normal;color:#f76a0c;-webkit-box-decoration-break:clone;box-decoration-break:clone;padding-top:0px;padding-right:0px;padding-bottom:0px;padding-left:0px;}<\/style>\n<li class=\"wp-block-kadence-listitem kt-svg-icon-list-item-wrap kt-svg-icon-list-item-2200_0015c6-a9\"><span class=\"kb-svg-icon-wrap kb-svg-icon-fe_checkCircle kt-svg-icon-list-single\"><svg viewBox=\"0 0 24 24\"  fill=\"none\" stroke=\"currentColor\" stroke-width=\"3\" stroke-linecap=\"round\" stroke-linejoin=\"round\" xmlns=\"http:\/\/www.w3.org\/2000\/svg\"  aria-hidden=\"true\"><path d=\"M22 11.08V12a10 10 0 1 1-5.93-9.14\"\/><polyline points=\"22 4 12 14.01 9 11.01\"\/><\/svg><\/span><span class=\"kt-svg-icon-list-text\">Erleben Sie den ultimativen Komfort mit diesen Schuhen, die aus hypoallergenen Materialien und einer gepolsterten EVA-Gummisohle bestehen. Vergessen Sie die Beschwerden von Blasen und Reibungen.<\/span><\/li>\n\n\n<style>.kt-svg-icon-list-item-2200_0bf853-69 .kt-svg-icon-list-text mark.kt-highlight{background-color:unset;font-style:normal;color:#f76a0c;-webkit-box-decoration-break:clone;box-decoration-break:clone;padding-top:0px;padding-right:0px;padding-bottom:0px;padding-left:0px;}<\/style>\n<li class=\"wp-block-kadence-listitem kt-svg-icon-list-item-wrap kt-svg-icon-list-item-2200_0bf853-69\"><span class=\"kb-svg-icon-wrap kb-svg-icon-fe_checkCircle kt-svg-icon-list-single\"><svg viewBox=\"0 0 24 24\"  fill=\"none\" stroke=\"currentColor\" stroke-width=\"3\" stroke-linecap=\"round\" stroke-linejoin=\"round\" xmlns=\"http:\/\/www.w3.org\/2000\/svg\"  aria-hidden=\"true\"><path d=\"M22 11.08V12a10 10 0 1 1-5.93-9.14\"\/><polyline points=\"22 4 12 14.01 9 11.01\"\/><\/svg><\/span><span class=\"kt-svg-icon-list-text\">Bekr\u00e4ftigen Sie Ihr Engagement mit einem umweltfreundlichen und tierfreundlichen Schuh, dank eines innovativen, wasserabweisenden veganen Nubucks.<\/span><\/li>\n<\/ul><\/div>\n\n\n\n<p>ohne Tierversuche, ohne giftige Produkte, aber mit unschlagbarem Komfort&#8230;<\/p>\n\n\n\n<p>All diese Vorteile werden zu einem unschlagbaren Preis angeboten, was beweist, dass nachhaltige und elegante Mode nicht unbedingt teuer sein muss.<\/p>\n\n\n\n<p>Bereit, deine Garderobe mit einem Hauch von l\u00e4ssiger und bewusster Mode zu vervollst\u00e4ndigen? Die <strong>Arum Grey<\/strong> sind bereits sehr beliebt. Verpassen Sie nicht Ihre Chance, sich ein Paar zu g\u00f6nnen!<\/p>\n","protected":false},"excerpt":{"rendered":"<p>Elegante Arum Grey, der vielseitige eSport-Schuh von Nae Vegan Shoes, der umweltbewusste Seelen mit sicherem Gummi vereint.<\/p>\n","protected":false},"featured_media":7736,"comment_status":"open","ping_status":"closed","template":"","meta":{"_acf_changed":false,"_kad_blocks_custom_css":"","_kad_blocks_head_custom_js":"","_kad_blocks_body_custom_js":"","_kad_blocks_footer_custom_js":"","_kad_post_transparent":"","_kad_post_title":"","_kad_post_layout":"","_kad_post_sidebar_id":"","_kad_post_content_style":"","_kad_post_vertical_padding":"","_kad_post_feature":"","_kad_post_feature_position":"","_kad_post_header":false,"_kad_post_footer":false},"product_brand":[],"product_cat":[425,413],"product_tag":[451,445],"product_brands":[685],"class_list":{"0":"post-11936","1":"product","2":"type-product","3":"status-publish","4":"has-post-thumbnail","6":"product_cat-flache-schuhe","7":"product_cat-schuhe-fuer-maenner-und-frauen","8":"product_tag-hergestellt-in-portugal","9":"product_tag-unisex-de","10":"product_brands-nae-vegan-shoes-de","12":"first","13":"outofstock","14":"taxable","15":"shipping-taxable","16":"purchasable","17":"product-type-variable","18":"has-default-attributes","19":"entry","20":"content-bg","21":"loop-entry"},"acf":{"avantages":"\ud83d\udca7 Wasserdicht, um die F\u00fc\u00dfe gut gesch\u00fctzt zu halten.\r\n\r\n\ud83c\udf2c\ufe0f Atmungsaktiv, um eine gute Luftzirkulation und frische, trockene F\u00fc\u00dfe zu gew\u00e4hrleisten.\r\n\r\n\ud83c\udf21\ufe0f Antimikrobiell und hypoallergen f\u00fcr optimale Hygiene und Minimierung allergischer Reaktionen.\r\n\r\n\ud83c\udf3f Gesundheitlich unbedenklich, mit risikofreien Materialien.\r\n\r\n\ud83d\udc62 Material: Strapazierf\u00e4higes und hochwertiges Nobuk-Mikrofaser-Obermaterial.\r\n\r\n\ud83c\udf80 Schn\u00fcrsenkel aus nat\u00fcrlicher und atmungsaktiver Baumwolle.\r\n\r\n\ud83d\udc86 Futter aus 90% Mikrofasern und 10% PU f\u00fcr langanhaltenden Komfort.\r\n\r\n\ud83d\udee1\ufe0f Gepolsterte Einlegesohle mit feuchtigkeitsabweisender EVA-Gummischicht f\u00fcr optimale D\u00e4mpfung und Feuchtigkeitsschutz.\r\n\r\n\ud83e\uddb6 Laufsohle aus synthetischem TR-Gummi mit rutschfestem Profil f\u00fcr maximale Haftung und Haltbarkeit.\r\n\r\n\ud83c\uddf5\ud83c\uddf9 Mit Sorgfalt in Portugal hergestellt, unter Verwendung umweltfreundlicher Materialien und Herstellungsprozesse sowie unter fairen Arbeitsbedingungen.","entretien":"1. Reinigen Sie die Schuhe mit einem in Seifenwasser getr\u00e4nkten Tuch.\r\n\r\n2. Verwenden Sie f\u00fcr hartn\u00e4ckige Flecken eine weiche Schuhb\u00fcrste, ebenfalls in Seifenwasser getr\u00e4nkt, und reiben Sie sanft in kreisenden Bewegungen.\r\n\r\n3. Entfernen Sie die Seife mit einem feuchten Tuch.\r\n\r\n4. Lassen Sie die Schuhe 24 Stunden lang an der Luft trocknen, ohne sie direkter Sonneneinstrahlung auszusetzen.Achtung:\r\n\r\n- Verwenden Sie keine Reinigungscreme.- Geben Sie Ihre Schuhe nicht in die Waschmaschine.\r\n\r\n- Tauchen Sie sie nicht in Wasser ein, da sie irreparable Sch\u00e4den erleiden k\u00f6nnten.Wenn Sie der Meinung sind, dass Ihre veganen Schuhe das Ende ihrer Lebensdauer erreicht haben oder Sie sie nicht mehr ben\u00f6tigen, \u00fcberlegen Sie, ihnen ein zweites Leben zu geben. Verwenden Sie sie auf eine andere Weise selbst oder geben Sie sie jemand anderem.","marque":""},"_wp_attached_file":null,"_wp_attachment_image_alt":null,"rank_math_facebook_image":null,"rank_math_facebook_image_id":null,"wpml_language":null,"_wp_attachment_metadata":null,"rank_math_focus_keyword":"Chaussure de sport polyvalente, Arum Grey","rank_math_title":"Chaussure de sport polyvalente Arum Grey de NAE %sep% %sitename%","rank_math_description":"Entdecken Sie Ihren vielseitigen Derby Chunky Sportschuh mit rutschfester Gummisohle in Arum Grey. Vereine Stil, Komfort und Leistung. Cliquez...","taxonomy_info":{"product_cat":[{"value":425,"label":"Flache Schuhe"},{"value":413,"label":"Schuhe"}],"product_tag":[{"value":451,"label":"Hergestellt in Portugal"},{"value":445,"label":"Unisex"}],"product_brands":[{"value":685,"label":"NAE Vegan Shoes"}]},"featured_image_src_large":["https:\/\/ekomfort.lu\/wp-content\/uploads\/2023\/06\/chaussure-sport-polyvalente-gomme-antiderapante-arum-grey-ekomfort-1024x1024.jpg",1024,1024,true],"author_info":[],"comment_info":0,"_links":{"self":[{"href":"https:\/\/ekomfort.lu\/de\/wp-json\/wp\/v2\/product\/11936","targetHints":{"allow":["GET"]}}],"collection":[{"href":"https:\/\/ekomfort.lu\/de\/wp-json\/wp\/v2\/product"}],"about":[{"href":"https:\/\/ekomfort.lu\/de\/wp-json\/wp\/v2\/types\/product"}],"replies":[{"embeddable":true,"href":"https:\/\/ekomfort.lu\/de\/wp-json\/wp\/v2\/comments?post=11936"}],"wp:featuredmedia":[{"embeddable":true,"href":"https:\/\/ekomfort.lu\/de\/wp-json\/wp\/v2\/media\/7736"}],"wp:attachment":[{"href":"https:\/\/ekomfort.lu\/de\/wp-json\/wp\/v2\/media?parent=11936"}],"wp:term":[{"taxonomy":"product_brand","embeddable":true,"href":"https:\/\/ekomfort.lu\/de\/wp-json\/wp\/v2\/product_brand?post=11936"},{"taxonomy":"product_cat","embeddable":true,"href":"https:\/\/ekomfort.lu\/de\/wp-json\/wp\/v2\/product_cat?post=11936"},{"taxonomy":"product_tag","embeddable":true,"href":"https:\/\/ekomfort.lu\/de\/wp-json\/wp\/v2\/product_tag?post=11936"},{"taxonomy":"product_brands","embeddable":true,"href":"https:\/\/ekomfort.lu\/de\/wp-json\/wp\/v2\/product_brands?post=11936"}],"curies":[{"name":"wp","href":"https:\/\/api.w.org\/{rel}","templated":true}]}}