{"id":11935,"date":"2023-08-14T21:06:54","date_gmt":"2023-08-14T19:06:54","guid":{"rendered":"https:\/\/ekomfort.lu\/shop\/bagcanu-black-ihre-vegane-unisex-umhaengetasche-fuer-einen-eleganten-und-verantwortungsvollen-alltag"},"modified":"2024-01-20T14:16:22","modified_gmt":"2024-01-20T13:16:22","slug":"bagcanu-black-ihre-vegane-unisex-umhaengetasche-fuer-einen-eleganten-und-verantwortungsvollen-alltag","status":"publish","type":"product","link":"https:\/\/ekomfort.lu\/de\/shop\/bagcanu-black-ihre-vegane-unisex-umhaengetasche-fuer-einen-eleganten-und-verantwortungsvollen-alltag\/","title":{"rendered":"BAGCanu Black: Ihre vegane Unisex-Umh\u00e4ngetasche f\u00fcr einen eleganten und verantwortungsvollen Alltag"},"content":{"rendered":"\n<p>Suchen Sie nach einer langlebigen Aufbewahrungsl\u00f6sung, die alle wichtigen Dinge unterbringt und gleichzeitig modisch bleibt? Suchen Sie eine Tasche, die Ethik und unbestreitbare Qualit\u00e4t vereint?<\/p>\n\n\n\n<p>Lesen Sie <strong>BagCanu Black<\/strong>, le <strong>Beutel veganer Unisex-Beutel aus Apple-Leder, respektieren Sie Ihren Alltag und respektieren Sie die Umwelt.<\/strong><\/p>\n\n\n\n<p>W\u00e4hlen Sie <strong>Beuteltasche f\u00fcr Herren und Damen BagCanu Black<\/strong> und:<\/p>\n\n\n<style>.wp-block-kadence-iconlist.kt-svg-icon-list-items11935_e88964-15:not(.this-stops-third-party-issues){margin-top:0px;margin-bottom:0px;}.wp-block-kadence-iconlist.kt-svg-icon-list-items11935_e88964-15 ul.kt-svg-icon-list:not(.this-prevents-issues):not(.this-stops-third-party-issues):not(.tijsloc){margin-top:0px;margin-right:0px;margin-bottom:var(--global-kb-spacing-sm, 1.5rem);margin-left:0px;}.wp-block-kadence-iconlist.kt-svg-icon-list-items11935_e88964-15 ul.kt-svg-icon-list{grid-row-gap:5px;}.wp-block-kadence-iconlist.kt-svg-icon-list-items11935_e88964-15 .kb-svg-icon-wrap{font-size:18px;color:var(--global-palette1, #3182CE);}.wp-block-kadence-iconlist.kt-svg-icon-list-items11935_e88964-15 ul.kt-svg-icon-list .kt-svg-icon-list-item-wrap .kt-svg-icon-list-single{margin-right:10px;}.kt-svg-icon-list-items11935_e88964-15 ul.kt-svg-icon-list .kt-svg-icon-list-level-0 .kt-svg-icon-list-single svg{font-size:20px;}<\/style>\n<div class=\"wp-block-kadence-iconlist kt-svg-icon-list-items kt-svg-icon-list-items11935_e88964-15 kt-svg-icon-list-columns-1 alignnone\"><ul class=\"kt-svg-icon-list\"><style>.kt-svg-icon-list-item-4408_d97438-20 .kt-svg-icon-list-text mark.kt-highlight{background-color:unset;font-style:normal;color:#f76a0c;-webkit-box-decoration-break:clone;box-decoration-break:clone;padding-top:0px;padding-right:0px;padding-bottom:0px;padding-left:0px;}<\/style>\n<li class=\"wp-block-kadence-listitem kt-svg-icon-list-item-wrap kt-svg-icon-list-item-4408_d97438-20\"><span class=\"kb-svg-icon-wrap kb-svg-icon-fe_checkCircle kt-svg-icon-list-single\"><svg viewBox=\"0 0 24 24\"  fill=\"none\" stroke=\"currentColor\" stroke-width=\"3\" stroke-linecap=\"round\" stroke-linejoin=\"round\" xmlns=\"http:\/\/www.w3.org\/2000\/svg\"  aria-hidden=\"true\"><path d=\"M22 11.08V12a10 10 0 1 1-5.93-9.14\"\/><polyline points=\"22 4 12 14.01 9 11.01\"\/><\/svg><\/span><span class=\"kt-svg-icon-list-text\">\n<p>Genie\u00dfen Sie eine durchdachte Aufbewahrung mit Innenf\u00e4chern und einer Au\u00dfentasche, damit Ihre Sachen organisiert und griffbereit bleiben.<\/p>\n<\/span><\/li>\n\n\n<style>.kt-svg-icon-list-item-4408_e6ef7e-1f .kt-svg-icon-list-text mark.kt-highlight{background-color:unset;font-style:normal;color:#f76a0c;-webkit-box-decoration-break:clone;box-decoration-break:clone;padding-top:0px;padding-right:0px;padding-bottom:0px;padding-left:0px;}<\/style>\n<li class=\"wp-block-kadence-listitem kt-svg-icon-list-item-wrap kt-svg-icon-list-item-4408_e6ef7e-1f\"><span class=\"kb-svg-icon-wrap kb-svg-icon-fe_checkCircle kt-svg-icon-list-single\"><svg viewBox=\"0 0 24 24\"  fill=\"none\" stroke=\"currentColor\" stroke-width=\"3\" stroke-linecap=\"round\" stroke-linejoin=\"round\" xmlns=\"http:\/\/www.w3.org\/2000\/svg\"  aria-hidden=\"true\"><path d=\"M22 11.08V12a10 10 0 1 1-5.93-9.14\"\/><polyline points=\"22 4 12 14.01 9 11.01\"\/><\/svg><\/span><span class=\"kt-svg-icon-list-text\">\n<p>Zeigen Sie einen zeitlosen Stil mit einem Hauch von Originalit\u00e4t, mit seinem schlichten schwarzen Design und der rechteckigen Form, die zu allen Ihren Outfits passt.<\/p>\n<\/span><\/li>\n\n\n<style>.kt-svg-icon-list-item-4408_ab4e35-83 .kt-svg-icon-list-text mark.kt-highlight{background-color:unset;font-style:normal;color:#f76a0c;-webkit-box-decoration-break:clone;box-decoration-break:clone;padding-top:0px;padding-right:0px;padding-bottom:0px;padding-left:0px;}<\/style>\n<li class=\"wp-block-kadence-listitem kt-svg-icon-list-item-wrap kt-svg-icon-list-item-4408_ab4e35-83\"><span class=\"kb-svg-icon-wrap kb-svg-icon-fe_checkCircle kt-svg-icon-list-single\"><svg viewBox=\"0 0 24 24\"  fill=\"none\" stroke=\"currentColor\" stroke-width=\"3\" stroke-linecap=\"round\" stroke-linejoin=\"round\" xmlns=\"http:\/\/www.w3.org\/2000\/svg\"  aria-hidden=\"true\"><path d=\"M22 11.08V12a10 10 0 1 1-5.93-9.14\"\/><polyline points=\"22 4 12 14.01 9 11.01\"\/><\/svg><\/span><span class=\"kt-svg-icon-list-text\">\n<p>Unterst\u00fctzen Sie eine nachhaltige Produktion mit einer Tasche aus Apple-Leder.<\/p>\n<\/span><\/li>\n<\/ul><\/div>\n\n\n\n<p>frei von Schadstoffen, tierversuchsfrei und ohne Kompromisse bei Stil und Funktionalit\u00e4t &#8230;<\/p>\n\n\n\n<p>Zu einem erschwinglichen Preis profitieren Sie von einer Tasche <strong>unisex vegane Messenger Bag<\/strong> ist sowohl langlebig als auch funktional und hat ein zeitloses Design.<\/p>\n\n\n\n<p>Sind Sie also bereit, die Tasche zu w\u00e4hlen, die Ihren umweltbewussten Alltag treu begleitet? Le Bag<strong>Canu Black<\/strong> ist ein Favorit und die Aktien sehen schnell zu. Lassen Sie sich diese Gelegenheit nicht entgehen!<\/p>\n","protected":false},"excerpt":{"rendered":"<p>Suchen Sie nach einer langlebigen Aufbewahrungsl\u00f6sung, die alle wichtigen Dinge unterbringt und gleichzeitig modisch bleibt? Suchen Sie eine Tasche, die Ethik und unbestreitbare Qualit\u00e4t vereint? Lesen Sie BagCanu Black, le Beutel veganer Unisex-Beutel aus Apple-Leder, respektieren Sie Ihren Alltag und respektieren Sie die Umwelt. W\u00e4hlen Sie Beuteltasche f\u00fcr Herren und Damen BagCanu Black und: frei&#8230;<\/p>\n","protected":false},"featured_media":7864,"comment_status":"open","ping_status":"closed","template":"","meta":{"_acf_changed":false,"_kad_blocks_custom_css":"","_kad_blocks_head_custom_js":"","_kad_blocks_body_custom_js":"","_kad_blocks_footer_custom_js":"","_kad_post_transparent":"","_kad_post_title":"","_kad_post_layout":"","_kad_post_sidebar_id":"","_kad_post_content_style":"","_kad_post_vertical_padding":"","_kad_post_feature":"","_kad_post_feature_position":"","_kad_post_header":false,"_kad_post_footer":false,"_kad_post_classname":""},"product_brand":[],"product_cat":[454,495],"product_tag":[445],"product_brands":[685],"class_list":{"0":"post-11935","1":"product","2":"type-product","3":"status-publish","4":"has-post-thumbnail","6":"product_cat-accessoires-de","7":"product_cat-taschen","8":"product_tag-unisex-de","9":"product_brands-nae-vegan-shoes-de","11":"first","12":"instock","13":"taxable","14":"shipping-taxable","15":"purchasable","16":"product-type-simple","17":"entry","18":"content-bg","19":"loop-entry"},"acf":{"avantages":"\ud83d\udca7 Wasserfest: Sch\u00fctzt Ihre Sachen vor Feuchtigkeit f\u00fcr absolute Sorgenfreiheit.\r\n\r\n\ud83c\udf2c Atmungsaktiv: F\u00f6rdert eine gute Luftzirkulation, um unerw\u00fcnschte Ger\u00fcche zu beseitigen.\r\n\r\n\ud83c\udf0d Umweltfreundlich: Verwendet umweltfreundliche Materialien wie veganes Leder aus AppleSkin und zertifizierte GOTS-Bio-Baumwolle.\ud83c\udf21 Antimikrobiell und hypoallergen: Gew\u00e4hrleistet optimale Hygiene und reduziert Allergierisiken.\r\n\r\n\ud83d\udeab Gesundheitlich unbedenklich: Ohne sch\u00e4dliche Materialien f\u00fcr Ihr Wohlbefinden.\r\n\r\n\ud83d\udd12 Nickelfreie Metallrei\u00dfverschl\u00fcsse: Vermeiden allergische Reaktionen f\u00fcr absolute Sorgenfreiheit.\r\n\r\n\ud83d\udc5d Einheitsgr\u00f6\u00dfe Mittel: Passt einer breiten Palette von Menschen f\u00fcr eine perfekte Passform.\r\n\r\n\ud83d\udccf Abmessungen: Mit ausreichender Kapazit\u00e4t von 15,7 x 11,8 x 3,5 Zoll.\ud83c\uddea\ud83c\uddf8 Hergestellt in Spanien: Mit Liebe und Fachwissen in Spanien hergestellt. Verwendung umweltfreundlicher Materialien und Herstellungsprozesse in einer fairen Arbeitsumgebung.","entretien":"1. Reinigen Sie das Produkt mit einem in Seifenwasser getr\u00e4nkten Tuch.\r\n\r\n2. Lassen Sie es an der Luft trocknen, bevor Sie eine Reinigungscreme auftragen.\r\n\r\n3. Verwenden Sie eine Reinigungscreme, um dem Produkt mehr Glanz zu verleihen. Geben Sie eine kleine Menge auf eine weiche, trockene B\u00fcrste oder ein Tuch und reiben Sie es sanft in kreisenden Bewegungen ein, bis es vollst\u00e4ndig vom Stoff aufgenommen wurde.\r\n\r\n4. Lassen Sie es schlie\u00dflich 24 Stunden lang an der Luft trocknen, fern von direktem Sonnenlicht.ORGANISCHE BAUMWOLLE:1. Entfernen Sie Staub und Schmutz vorsichtig mit einem trockenen Tuch.2. Reinigen Sie das Produkt mit einem in Seifenwasser getr\u00e4nkten Tuch.\r\n\r\n3. Lassen Sie es schlie\u00dflich 24 Stunden lang an der Luft trocknen, ohne direkte Sonneneinstrahlung.Achtung:\r\n\r\n- Geben Sie die Produkte nicht in die Waschmaschine.\r\n\r\n- Tauchen Sie sie nicht in Wasser ein, da dies zu irreparablen Sch\u00e4den f\u00fchren k\u00f6nnte.Wenn Ihre veganen Schuhe das Ende ihrer Lebensdauer erreicht haben oder Sie sie nicht mehr ben\u00f6tigen, erw\u00e4gen Sie, ihnen ein zweites Leben zu geben. Verwenden Sie sie selbst auf andere Weise oder geben Sie sie jemand anderem.","marque":""},"taxonomy_info":{"product_cat":[{"value":454,"label":"Accessoires"},{"value":495,"label":"Taschen"}],"product_tag":[{"value":445,"label":"Unisex"}],"product_brands":[{"value":685,"label":"NAE Vegan Shoes"}]},"featured_image_src_large":["https:\/\/ekomfort.lu\/wp-content\/uploads\/2023\/08\/bagcanu-black.jpg",700,700,false],"author_info":[],"comment_info":0,"_links":{"self":[{"href":"https:\/\/ekomfort.lu\/de\/wp-json\/wp\/v2\/product\/11935","targetHints":{"allow":["GET"]}}],"collection":[{"href":"https:\/\/ekomfort.lu\/de\/wp-json\/wp\/v2\/product"}],"about":[{"href":"https:\/\/ekomfort.lu\/de\/wp-json\/wp\/v2\/types\/product"}],"replies":[{"embeddable":true,"href":"https:\/\/ekomfort.lu\/de\/wp-json\/wp\/v2\/comments?post=11935"}],"wp:featuredmedia":[{"embeddable":true,"href":"https:\/\/ekomfort.lu\/de\/wp-json\/wp\/v2\/media\/7864"}],"wp:attachment":[{"href":"https:\/\/ekomfort.lu\/de\/wp-json\/wp\/v2\/media?parent=11935"}],"wp:term":[{"taxonomy":"product_brand","embeddable":true,"href":"https:\/\/ekomfort.lu\/de\/wp-json\/wp\/v2\/product_brand?post=11935"},{"taxonomy":"product_cat","embeddable":true,"href":"https:\/\/ekomfort.lu\/de\/wp-json\/wp\/v2\/product_cat?post=11935"},{"taxonomy":"product_tag","embeddable":true,"href":"https:\/\/ekomfort.lu\/de\/wp-json\/wp\/v2\/product_tag?post=11935"},{"taxonomy":"product_brands","embeddable":true,"href":"https:\/\/ekomfort.lu\/de\/wp-json\/wp\/v2\/product_brands?post=11935"}],"curies":[{"name":"wp","href":"https:\/\/api.w.org\/{rel}","templated":true}]}}