{"id":11917,"date":"2023-08-14T21:37:30","date_gmt":"2023-08-14T19:37:30","guid":{"rendered":"https:\/\/ekomfort.lu\/shop\/basil-black-von-nae-flache-sandalen-aus-pinatex-die-kombination-aus-komfort-und-haltbarkeit-fuer-den-sommer"},"modified":"2024-07-01T12:10:59","modified_gmt":"2024-07-01T10:10:59","slug":"basil-black-von-nae-flache-sandalen-aus-pinatex-die-kombination-aus-komfort-und-haltbarkeit-fuer-den-sommer","status":"publish","type":"product","link":"https:\/\/ekomfort.lu\/de\/shop\/basil-black-von-nae-flache-sandalen-aus-pinatex-die-kombination-aus-komfort-und-haltbarkeit-fuer-den-sommer\/","title":{"rendered":"Basil Black von Nae: Flache Sandalen aus Pi\u00f1atex, die Kombination aus Komfort und Haltbarkeit f\u00fcr den Sommer"},"content":{"rendered":"\n<p>Haben Sie genug von Sandalen, die zu schnell kaputt gehen oder den wesentlichen Sommerkomfort einschr\u00e4nken? Stattdessen suchen Sie nach <strong>moderne Damen-Bequemschuhe<\/strong>, die Stil, Wohlbefinden und Umweltbewusstsein in Einklang bringen?<\/p>\n\n\n\n<p>Entdecken Sie den <strong>Basil Black<\/strong>: vegane Sandalen <strong>flach<\/strong> und elegant, hergestellt aus Pi\u00f1atex, das eine widerstandsf\u00e4hige, atmungsaktive und antimikrobielle Alternative bietet, um Ihren Sommerlook zu perfektionieren und gleichzeitig Ihre ethische Verpflichtung zu wahren.<\/p>\n\n\n\n<p>W\u00e4hlen Sie <strong>Basil Black<\/strong>:<\/p>\n\n\n<style>.wp-block-kadence-iconlist.kt-svg-icon-list-items11917_695483-a9:not(.this-stops-third-party-issues){margin-top:0px;margin-bottom:0px;}.wp-block-kadence-iconlist.kt-svg-icon-list-items11917_695483-a9 ul.kt-svg-icon-list:not(.this-prevents-issues):not(.this-stops-third-party-issues):not(.tijsloc){margin-top:0px;margin-right:0px;margin-bottom:var(--global-kb-spacing-sm, 1.5rem);margin-left:0px;}.wp-block-kadence-iconlist.kt-svg-icon-list-items11917_695483-a9 ul.kt-svg-icon-list{grid-row-gap:5px;}.wp-block-kadence-iconlist.kt-svg-icon-list-items11917_695483-a9 .kb-svg-icon-wrap{font-size:18px;color:var(--global-palette1, #3182CE);}.wp-block-kadence-iconlist.kt-svg-icon-list-items11917_695483-a9 ul.kt-svg-icon-list .kt-svg-icon-list-item-wrap .kt-svg-icon-list-single{margin-right:10px;}.kt-svg-icon-list-items11917_695483-a9 ul.kt-svg-icon-list .kt-svg-icon-list-level-0 .kt-svg-icon-list-single svg{font-size:20px;}<\/style>\n<div class=\"wp-block-kadence-iconlist kt-svg-icon-list-items kt-svg-icon-list-items11917_695483-a9 kt-svg-icon-list-columns-1 alignnone\"><ul class=\"kt-svg-icon-list\"><style>.kt-svg-icon-list-item-4410_c2eeb0-14 .kt-svg-icon-list-text mark.kt-highlight{background-color:unset;font-style:normal;color:#f76a0c;-webkit-box-decoration-break:clone;box-decoration-break:clone;padding-top:0px;padding-right:0px;padding-bottom:0px;padding-left:0px;}<\/style>\n<li class=\"wp-block-kadence-listitem kt-svg-icon-list-item-wrap kt-svg-icon-list-item-4410_c2eeb0-14\"><span class=\"kb-svg-icon-wrap kb-svg-icon-fe_checkCircle kt-svg-icon-list-single\"><svg viewBox=\"0 0 24 24\"  fill=\"none\" stroke=\"currentColor\" stroke-width=\"3\" stroke-linecap=\"round\" stroke-linejoin=\"round\" xmlns=\"http:\/\/www.w3.org\/2000\/svg\"  aria-hidden=\"true\"><path d=\"M22 11.08V12a10 10 0 1 1-5.93-9.14\"\/><polyline points=\"22 4 12 14.01 9 11.01\"\/><\/svg><\/span><span class=\"kt-svg-icon-list-text\">Visualisieren Sie die Verschmelzung von Chic und Ethik dank des revolution\u00e4ren Pi\u00f1atex-Materials, das Abf\u00e4lle aus der Ananasindustrie wiederverwendet.<\/span><\/li>\n\n\n<style>.kt-svg-icon-list-item-4410_489a2b-02 .kt-svg-icon-list-text mark.kt-highlight{background-color:unset;font-style:normal;color:#f76a0c;-webkit-box-decoration-break:clone;box-decoration-break:clone;padding-top:0px;padding-right:0px;padding-bottom:0px;padding-left:0px;}<\/style>\n<li class=\"wp-block-kadence-listitem kt-svg-icon-list-item-wrap kt-svg-icon-list-item-4410_489a2b-02\"><span class=\"kb-svg-icon-wrap kb-svg-icon-fe_checkCircle kt-svg-icon-list-single\"><svg viewBox=\"0 0 24 24\"  fill=\"none\" stroke=\"currentColor\" stroke-width=\"3\" stroke-linecap=\"round\" stroke-linejoin=\"round\" xmlns=\"http:\/\/www.w3.org\/2000\/svg\"  aria-hidden=\"true\"><path d=\"M22 11.08V12a10 10 0 1 1-5.93-9.14\"\/><polyline points=\"22 4 12 14.01 9 11.01\"\/><\/svg><\/span><span class=\"kt-svg-icon-list-text\">Genie\u00dfen Sie au\u00dfergew\u00f6hnlichen Komfort mit diesen Sandalen mit gekreuzten Riemen um den Kn\u00f6chel und einer feuchtigkeitsableitenden Sohle, ideal, um Ihre Sommertage aufzuhellen.<\/span><\/li>\n\n\n<style>.kt-svg-icon-list-item-4410_b0efd3-d0 .kt-svg-icon-list-text mark.kt-highlight{background-color:unset;font-style:normal;color:#f76a0c;-webkit-box-decoration-break:clone;box-decoration-break:clone;padding-top:0px;padding-right:0px;padding-bottom:0px;padding-left:0px;}<\/style>\n<li class=\"wp-block-kadence-listitem kt-svg-icon-list-item-wrap kt-svg-icon-list-item-4410_b0efd3-d0\"><span class=\"kb-svg-icon-wrap kb-svg-icon-fe_checkCircle kt-svg-icon-list-single\"><svg viewBox=\"0 0 24 24\"  fill=\"none\" stroke=\"currentColor\" stroke-width=\"3\" stroke-linecap=\"round\" stroke-linejoin=\"round\" xmlns=\"http:\/\/www.w3.org\/2000\/svg\"  aria-hidden=\"true\"><path d=\"M22 11.08V12a10 10 0 1 1-5.93-9.14\"\/><polyline points=\"22 4 12 14.01 9 11.01\"\/><\/svg><\/span><span class=\"kt-svg-icon-list-text\">Verleihen Sie Ihrem Sommerstil eine frische Note mit diesem ausgewogenen Design, das garantiert alle Blicke auf sich zieht.<\/span><\/li>\n<\/ul><\/div>\n\n\n\n<p>Ohne Giftstoffe, ohne Unwohlsein, ohne unerw\u00fcnschte Ger\u00fcche&#8230;<\/p>\n\n\n\n<p>In der gleichen Preisklasse wie ein Abendessen auf der Terrasse, kaufen Sie sich nicht nur ein Paar <strong>Elegante flache Damen-Sandalen aus Pi\u00f1atex<\/strong>, sondern auch die Ruhe einer umweltfreundlichen Wahl.<\/p>\n\n\n\n<p>Sind Sie also bereit f\u00fcr einen Sommer voller schicker und bequemer veganer Mode? Diese Sandalen sind beliebt und die Best\u00e4nde schmelzen wie Schnee in der Sonne. Bitte \u00f6ffnen Sie nicht den <strong>Basil Black<\/strong> !<\/p>\n","protected":false},"excerpt":{"rendered":"<p>Haben Sie genug von Sandalen, die zu schnell kaputt gehen oder den wesentlichen Sommerkomfort einschr\u00e4nken? Stattdessen suchen Sie nach moderne Damen-Bequemschuhe, die Stil, Wohlbefinden und Umweltbewusstsein in Einklang bringen? Entdecken Sie den Basil Black: vegane Sandalen flach und elegant, hergestellt aus Pi\u00f1atex, das eine widerstandsf\u00e4hige, atmungsaktive und antimikrobielle Alternative bietet, um Ihren Sommerlook zu perfektionieren&#8230;<\/p>\n","protected":false},"featured_media":7944,"comment_status":"open","ping_status":"closed","template":"","meta":{"_acf_changed":false,"_kad_blocks_custom_css":"","_kad_blocks_head_custom_js":"","_kad_blocks_body_custom_js":"","_kad_blocks_footer_custom_js":"","_kad_post_transparent":"","_kad_post_title":"","_kad_post_layout":"","_kad_post_sidebar_id":"","_kad_post_content_style":"","_kad_post_vertical_padding":"","_kad_post_feature":"","_kad_post_feature_position":"","_kad_post_header":false,"_kad_post_footer":false},"product_brand":[],"product_cat":[459,413],"product_tag":[447],"product_brands":[685],"class_list":{"0":"post-11917","1":"product","2":"type-product","3":"status-publish","4":"has-post-thumbnail","6":"product_cat-sandalen","7":"product_cat-schuhe-fuer-maenner-und-frauen","8":"product_tag-frau","9":"product_brands-nae-vegan-shoes-de","11":"first","12":"outofstock","13":"taxable","14":"shipping-taxable","15":"purchasable","16":"product-type-variable","17":"has-default-attributes","18":"entry","19":"content-bg","20":"loop-entry"},"acf":{"avantages":"\ud83c\udf2c\ufe0f Atmungsaktiv: Erm\u00f6glichen eine gute Luftzirkulation f\u00fcr frische und trockene F\u00fc\u00dfe.\r\n\r\n\ud83c\udf0d Umweltfreundlich: Materialien und Herstellungsprozesse, die die Umwelt schonen und den \u00f6kologischen Fu\u00dfabdruck reduzieren.\r\n\r\n\ud83e\udda0 Antimikrobiell: Behandlung, die das Wachstum von Bakterien und Mikroben hemmt, f\u00fcr bessere Hygiene und Geruchspr\u00e4vention.\r\n\r\n\ud83e\udd27 Hypoallergen: Reduziert allergische Reaktionen und Hautreizungen durch speziell entwickelte Materialien.\r\n\r\n\ud83c\udf4d Riemen aus Pi\u00f1atex: Hergestellt aus Ananasblattfasern und PLA, einem nachhaltigen und umweltfreundlichen Material.\r\n\r\n\ud83d\udc8e Nickelfreie Schnallen: Hypoallergen und hautfreundlich durch nickelfreies Metall.\r\n\r\n\ud83c\udf1f Bequemes Innenfutter: Hergestellt aus weichen Mikrofasern und widerstandsf\u00e4higem PU-Laminat f\u00fcr optimalen Komfort.\r\n\r\n\ud83d\udc63 Neolite-Sohle aus synthetischem Gummi: Bietet optimale Haftung f\u00fcr sicheres Gehen.","entretien":"1. Reinigen Sie die Schuhe mit einem in Seifenwasser getr\u00e4nkten Tuch.\r\n\r\n2. Verwenden Sie f\u00fcr hartn\u00e4ckige Flecken eine weiche Schuhb\u00fcrste, ebenfalls in Seifenwasser getr\u00e4nkt, und reiben Sie sanft in kreisenden Bewegungen.\r\n\r\n3. Entfernen Sie die Seife mit einem feuchten Tuch.\r\n\r\n4. Lassen Sie die Schuhe an der Luft trocknen, bevor Sie eine Reinigungscreme auftragen.\r\n\r\n5. Um Ihren Schuhen mehr Glanz zu verleihen, geben Sie eine kleine Menge Reinigungscreme auf eine weiche, trockene B\u00fcrste oder ein Tuch und reiben Sie sie sanft in kreisenden Bewegungen ein, bis sie vollst\u00e4ndig eingezogen ist.\r\n\r\n6. Lassen Sie die Schuhe schlie\u00dflich 24 Stunden lang an der Luft trocknen, fern von direktem Sonnenlicht.Achtung:\r\n\r\n- Geben Sie Ihre Schuhe nicht in die Waschmaschine.\r\n\r\n- Tauchen Sie sie nicht in Wasser ein, da dies zu irreparablen Sch\u00e4den f\u00fchren k\u00f6nnte.Produktlebensdauer:Wenn Ihre veganen Schuhe das Ende ihrer Lebensdauer erreicht haben oder Sie sie nicht mehr ben\u00f6tigen, erw\u00e4gen Sie, ihnen ein zweites Leben zu geben. Verwenden Sie sie auf eine andere Weise selbst oder geben Sie sie jemand anderem.","marque":""},"_wp_attached_file":null,"_wp_attachment_image_alt":null,"rank_math_facebook_image":null,"rank_math_facebook_image_id":null,"wpml_language":null,"_wp_attachment_metadata":null,"rank_math_focus_keyword":"Basil Black, Sandalenplatten aus Pi\u00f1atex","rank_math_title":"Flache Sandalen aus Pi\u00f1atex Basil Black \u2013 Komfort und Haltbarkeit","rank_math_description":"Entscheiden Sie sich f\u00fcr Komfort und Eleganz mit unseren flachen Sandalen Pi\u00f1atex Basil Black. Verleihen Sie Ihrem Stil jetzt eine umweltfreundliche Note!","taxonomy_info":{"product_cat":[{"value":459,"label":"Sandalen"},{"value":413,"label":"Schuhe"}],"product_tag":[{"value":447,"label":"Damenboutique"}],"product_brands":[{"value":685,"label":"NAE Vegan Shoes"}]},"featured_image_src_large":["https:\/\/ekomfort.lu\/wp-content\/uploads\/2023\/08\/basil-black-1024x1024.jpg",1024,1024,true],"author_info":[],"comment_info":0,"_links":{"self":[{"href":"https:\/\/ekomfort.lu\/de\/wp-json\/wp\/v2\/product\/11917","targetHints":{"allow":["GET"]}}],"collection":[{"href":"https:\/\/ekomfort.lu\/de\/wp-json\/wp\/v2\/product"}],"about":[{"href":"https:\/\/ekomfort.lu\/de\/wp-json\/wp\/v2\/types\/product"}],"replies":[{"embeddable":true,"href":"https:\/\/ekomfort.lu\/de\/wp-json\/wp\/v2\/comments?post=11917"}],"wp:featuredmedia":[{"embeddable":true,"href":"https:\/\/ekomfort.lu\/de\/wp-json\/wp\/v2\/media\/7944"}],"wp:attachment":[{"href":"https:\/\/ekomfort.lu\/de\/wp-json\/wp\/v2\/media?parent=11917"}],"wp:term":[{"taxonomy":"product_brand","embeddable":true,"href":"https:\/\/ekomfort.lu\/de\/wp-json\/wp\/v2\/product_brand?post=11917"},{"taxonomy":"product_cat","embeddable":true,"href":"https:\/\/ekomfort.lu\/de\/wp-json\/wp\/v2\/product_cat?post=11917"},{"taxonomy":"product_tag","embeddable":true,"href":"https:\/\/ekomfort.lu\/de\/wp-json\/wp\/v2\/product_tag?post=11917"},{"taxonomy":"product_brands","embeddable":true,"href":"https:\/\/ekomfort.lu\/de\/wp-json\/wp\/v2\/product_brands?post=11917"}],"curies":[{"name":"wp","href":"https:\/\/api.w.org\/{rel}","templated":true}]}}