{"id":11916,"date":"2023-07-20T17:40:03","date_gmt":"2023-07-20T15:40:03","guid":{"rendered":"https:\/\/ekomfort.lu\/shop\/kuemmern-sie-sich-um-ihre-schuhe-mit-unserem-schuhpflegeset-halten-sie-sie-sauber-und-in-gutem-zustand-achetez-maintenant"},"modified":"2024-03-21T10:03:06","modified_gmt":"2024-03-21T09:03:06","slug":"pflegen-sieihre-schuhe-mit-unserem-schuhpflege-set-halten-sie-sie-sauber-und-in-gutem-zustand-kaufen-sie-jetzt","status":"publish","type":"product","link":"https:\/\/ekomfort.lu\/de\/shop\/pflegen-sieihre-schuhe-mit-unserem-schuhpflege-set-halten-sie-sie-sauber-und-in-gutem-zustand-kaufen-sie-jetzt\/","title":{"rendered":"K\u00fcmmern Sie sich um Ihre Schuhe mit unserem Schuhpflegeset. Halten Sie sie sauber und in gutem Zustand. Kaufe jetzt!"},"content":{"rendered":"<style>.kadence-column1653_336c28-72 > .kt-inside-inner-col{padding-top:0px;padding-right:var(--global-kb-spacing-xs, 1rem);padding-bottom:0px;padding-left:var(--global-kb-spacing-xs, 1rem);}.kadence-column1653_336c28-72 > .kt-inside-inner-col,.kadence-column1653_336c28-72 > .kt-inside-inner-col:before{border-top-left-radius:0px;border-top-right-radius:0px;border-bottom-right-radius:0px;border-bottom-left-radius:0px;}.kadence-column1653_336c28-72 > .kt-inside-inner-col{column-gap:var(--global-kb-gap-sm, 1rem);}.kadence-column1653_336c28-72 > .kt-inside-inner-col{flex-direction:column;}.kadence-column1653_336c28-72 > .kt-inside-inner-col > .aligncenter{width:100%;}.kadence-column1653_336c28-72 > .kt-inside-inner-col:before{opacity:0.3;}.kadence-column1653_336c28-72{position:relative;}.kadence-column1653_336c28-72, .kt-inside-inner-col > .kadence-column1653_336c28-72:not(.specificity){margin-top:0px;margin-right:0px;margin-bottom:0px;margin-left:0px;}@media all and (max-width: 1024px){.kadence-column1653_336c28-72 > .kt-inside-inner-col{flex-direction:column;justify-content:center;}}@media all and (max-width: 767px){.kadence-column1653_336c28-72 > .kt-inside-inner-col{flex-direction:column;justify-content:center;}}<\/style>\n<div class=\"wp-block-kadence-column kadence-column1653_336c28-72\"><div class=\"kt-inside-inner-col\">\n<p class=\"has-small-font-size\"><\/p>\n\n\n\n<p class=\"has-small-font-size\"><\/p>\n\n\n<style>.wp-block-kadence-advancedheading.kt-adv-heading1653_8dbb0e-25, .wp-block-kadence-advancedheading.kt-adv-heading1653_8dbb0e-25[data-kb-block=\"kb-adv-heading1653_8dbb0e-25\"]{padding-top:0px;padding-right:0px;padding-bottom:0px;padding-left:0px;text-align:center;font-size:var(--global-kb-font-size-md, 1.25rem);font-style:normal;}.wp-block-kadence-advancedheading.kt-adv-heading1653_8dbb0e-25 mark.kt-highlight, .wp-block-kadence-advancedheading.kt-adv-heading1653_8dbb0e-25[data-kb-block=\"kb-adv-heading1653_8dbb0e-25\"] mark.kt-highlight{font-style:normal;color:#f76a0c;-webkit-box-decoration-break:clone;box-decoration-break:clone;padding-top:0px;padding-right:0px;padding-bottom:0px;padding-left:0px;}.wp-block-kadence-advancedheading.kt-adv-heading1653_8dbb0e-25 img.kb-inline-image, .wp-block-kadence-advancedheading.kt-adv-heading1653_8dbb0e-25[data-kb-block=\"kb-adv-heading1653_8dbb0e-25\"] img.kb-inline-image{width:150px;vertical-align:baseline;}@media all and (max-width: 1024px){.wp-block-kadence-advancedheading.kt-adv-heading1653_8dbb0e-25, .wp-block-kadence-advancedheading.kt-adv-heading1653_8dbb0e-25[data-kb-block=\"kb-adv-heading1653_8dbb0e-25\"]{text-align:center!important;}}@media all and (max-width: 767px){.wp-block-kadence-advancedheading.kt-adv-heading1653_8dbb0e-25, .wp-block-kadence-advancedheading.kt-adv-heading1653_8dbb0e-25[data-kb-block=\"kb-adv-heading1653_8dbb0e-25\"]{text-align:center!important;}}<\/style>\n<h2 class=\"kt-adv-heading1653_8dbb0e-25 wp-block-kadence-advancedheading\" data-kb-block=\"kb-adv-heading1653_8dbb0e-25\">Mit diesem Pflegemittel f\u00fcr vegane Schuhe:<\/h2>\n\n\n<style>.wp-block-kadence-iconlist.kt-svg-icon-list-items1653_9cb762-c8:not(.this-stops-third-party-issues){margin-top:0px;margin-bottom:0px;}.wp-block-kadence-iconlist.kt-svg-icon-list-items1653_9cb762-c8 ul.kt-svg-icon-list:not(.this-prevents-issues):not(.this-stops-third-party-issues):not(.tijsloc){margin-top:0px;margin-right:0px;margin-bottom:var(--global-kb-spacing-md, 2rem);margin-left:0px;}.wp-block-kadence-iconlist.kt-svg-icon-list-items1653_9cb762-c8 ul.kt-svg-icon-list{grid-row-gap:20px;}.wp-block-kadence-iconlist.kt-svg-icon-list-items1653_9cb762-c8 .kb-svg-icon-wrap{font-size:15px;color:var(--global-palette1, #3182CE);}.wp-block-kadence-iconlist.kt-svg-icon-list-items1653_9cb762-c8 ul.kt-svg-icon-list .kt-svg-icon-list-item-wrap .kt-svg-icon-list-single{margin-right:5px;}.kt-svg-icon-list-items1653_9cb762-c8 ul.kt-svg-icon-list .kt-svg-icon-list-item-wrap, .kt-svg-icon-list-items1653_9cb762-c8 ul.kt-svg-icon-list .kt-svg-icon-list-item-wrap a{font-size:14px;}.kt-svg-icon-list-items1653_9cb762-c8 ul.kt-svg-icon-list .kt-svg-icon-list-level-0 .kt-svg-icon-list-single svg{font-size:20px;}<\/style>\n<div class=\"wp-block-kadence-iconlist kt-svg-icon-list-items kt-svg-icon-list-items1653_9cb762-c8 kt-svg-icon-list-columns-1 alignnone kt-list-icon-aligntop\"><ul class=\"kt-svg-icon-list\"><style>.kt-svg-icon-list-item-1653_d4ac0a-66 .kt-svg-icon-list-text mark.kt-highlight{background-color:unset;font-style:normal;color:#f76a0c;-webkit-box-decoration-break:clone;box-decoration-break:clone;padding-top:0px;padding-right:0px;padding-bottom:0px;padding-left:0px;}<\/style>\n<li class=\"wp-block-kadence-listitem kt-svg-icon-list-item-wrap kt-svg-icon-list-item-1653_d4ac0a-66\"><span class=\"kb-svg-icon-wrap kb-svg-icon-fe_checkCircle kt-svg-icon-list-single\"><svg viewBox=\"0 0 24 24\"  fill=\"none\" stroke=\"currentColor\" stroke-width=\"3\" stroke-linecap=\"round\" stroke-linejoin=\"round\" xmlns=\"http:\/\/www.w3.org\/2000\/svg\"  aria-hidden=\"true\"><path d=\"M22 11.08V12a10 10 0 1 1-5.93-9.14\"\/><polyline points=\"22 4 12 14.01 9 11.01\"\/><\/svg><\/span><span class=\"kt-svg-icon-list-text\">Erhalten Sie ein komplettes Set bestehend aus einem Reinigungsspray, einem Geruchsentfernungsspray und einem Impr\u00e4gnierungsspray, damit Ihre Schuhe immer tadellos aussehen&#8230;<\/span><\/li>\n\n\n<style>.kt-svg-icon-list-item-1653_6dcb6e-9f .kt-svg-icon-list-text mark.kt-highlight{background-color:unset;font-style:normal;color:#f76a0c;-webkit-box-decoration-break:clone;box-decoration-break:clone;padding-top:0px;padding-right:0px;padding-bottom:0px;padding-left:0px;}<\/style>\n<li class=\"wp-block-kadence-listitem kt-svg-icon-list-item-wrap kt-svg-icon-list-item-1653_6dcb6e-9f\"><span class=\"kb-svg-icon-wrap kb-svg-icon-fe_checkCircle kt-svg-icon-list-single\"><svg viewBox=\"0 0 24 24\"  fill=\"none\" stroke=\"currentColor\" stroke-width=\"3\" stroke-linecap=\"round\" stroke-linejoin=\"round\" xmlns=\"http:\/\/www.w3.org\/2000\/svg\"  aria-hidden=\"true\"><path d=\"M22 11.08V12a10 10 0 1 1-5.93-9.14\"\/><polyline points=\"22 4 12 14.01 9 11.01\"\/><\/svg><\/span><span class=\"kt-svg-icon-list-text\">Profitieren Sie von der mitgelieferten weichen B\u00fcrste und dem Mikrofasertuch, um m\u00fchelos Schmutz zu entfernen, Feuchtigkeit aufzuwischen und Flecken zu beseitigen..<\/span><\/li>\n\n\n<style>.kt-svg-icon-list-item-1653_0d84b0-b6 .kt-svg-icon-list-text mark.kt-highlight{background-color:unset;font-style:normal;color:#f76a0c;-webkit-box-decoration-break:clone;box-decoration-break:clone;padding-top:0px;padding-right:0px;padding-bottom:0px;padding-left:0px;}<\/style>\n<li class=\"wp-block-kadence-listitem kt-svg-icon-list-item-wrap kt-svg-icon-list-item-1653_0d84b0-b6\"><span class=\"kb-svg-icon-wrap kb-svg-icon-fe_checkCircle kt-svg-icon-list-single\"><svg viewBox=\"0 0 24 24\"  fill=\"none\" stroke=\"currentColor\" stroke-width=\"3\" stroke-linecap=\"round\" stroke-linejoin=\"round\" xmlns=\"http:\/\/www.w3.org\/2000\/svg\"  aria-hidden=\"true\"><path d=\"M22 11.08V12a10 10 0 1 1-5.93-9.14\"\/><polyline points=\"22 4 12 14.01 9 11.01\"\/><\/svg><\/span><span class=\"kt-svg-icon-list-text\">Leisten Sie einen Beitrag zum Umweltschutz, indem Sie ein in Deutschland aus umweltfreundlichen Materialien hergestelltes Set verwenden, das unter fairen Arbeitsbedingungen produziert wurde&#8230;<\/span><\/li>\n<\/ul><\/div>\n\n\n\n<p class=\"has-small-font-size\"><\/p>\n\n\n\n<p class=\"has-small-font-size\"><\/p>\n\n\n\n<p class=\"has-small-font-size\"><\/p>\n<\/div><\/div>\n","protected":false},"excerpt":{"rendered":"","protected":false},"featured_media":7760,"comment_status":"open","ping_status":"closed","template":"","meta":{"_acf_changed":false,"_kad_blocks_custom_css":"","_kad_blocks_head_custom_js":"","_kad_blocks_body_custom_js":"","_kad_blocks_footer_custom_js":"","_kad_post_transparent":"","_kad_post_title":"","_kad_post_layout":"","_kad_post_sidebar_id":"","_kad_post_content_style":"","_kad_post_vertical_padding":"","_kad_post_feature":"","_kad_post_feature_position":"","_kad_post_header":false,"_kad_post_footer":false,"_kad_post_classname":""},"product_brand":[],"product_cat":[500,413],"product_tag":[],"product_brands":[685],"class_list":{"0":"post-11916","1":"product","2":"type-product","3":"status-publish","4":"has-post-thumbnail","6":"product_cat-offre-de-fidelite-de","7":"product_cat-schuhe-fuer-maenner-und-frauen","8":"product_brands-nae-vegan-shoes-de","10":"first","11":"outofstock","12":"taxable","13":"shipping-taxable","14":"purchasable","15":"product-type-simple","16":"entry","17":"content-bg","18":"loop-entry"},"acf":{"avantages":"<ul>\n \t<li>\n<h4><strong>Reinigungsspray<\/strong>: Im Originalkarton enthalten, ist dieses Spray speziell daf\u00fcr konzipiert, Schuhe zu reinigen und daf\u00fcr zu sorgen, dass sie sauber und in gutem Zustand bleiben.<\/h4>\n<\/li>\n \t<li>\n<h4><strong>taches.Impr\u00e4gnierungsspray<\/strong>: Dieses Spray dient dazu, die Schuhe wasserdicht zu machen und sie so vor Witterungseinfl\u00fcssen und Flecken zu sch\u00fctzen.<\/h4>\n<\/li>\n \t<li>\n<h4><strong>Geruchsentfernungsspray<\/strong>:Dieses Spray hilft dabei, unangenehme Ger\u00fcche aus Schuhen zu entfernen und sorgt f\u00fcr ein frisches Tragegef\u00fchl.<\/h4>\n<\/li>\n \t<li>\n<h4><strong>Reinigungsb\u00fcrste<\/strong>: Eine Reinigungsb\u00fcrste ist enthalten, um den Schuhputzvorgang zu erleichtern und hartn\u00e4ckigen Schmutz oder Flecken zu entfernen.<\/h4>\n<\/li>\n \t<li>\n<h4><strong>20x20 cm graues Reinigungstuch<\/strong>: Ein graues Reinigungstuch ist enthalten, um Schuhe abzuwischen und zu polieren, sodass sie wieder ein sauberes und gepflegtes Aussehen erhalten.<\/h4>\n<\/li>\n \t<li>\n<h4><strong>In Portugal aus umweltfreundlichen Materialien hergestellt<\/strong>: Die Schuhe werden in Portugal mit gro\u00dfer Sorgfalt aus umweltvertr\u00e4glichen Materialien gefertigt, wodurch sich das Engagement der Marke f\u00fcr Nachhaltigkeit zeigt.<\/h4>\n<\/li>\n \t<li>\n<h4><strong>Faire Arbeitsbedingungen<\/strong>: Die Schuhe werden unter fairen Arbeitsbedingungen hergestellt, wodurch gerechte Besch\u00e4ftigungsverh\u00e4ltnisse f\u00fcr die Mitarbeiter gew\u00e4hrleistet sind.<\/h4>\n<\/li>\n<\/ul>","entretien":"","marque":""},"taxonomy_info":{"product_cat":[{"value":500,"label":"Offre de fid\u00e9lit\u00e9"},{"value":413,"label":"Schuhe"}],"product_brands":[{"value":685,"label":"NAE Vegan Shoes"}]},"featured_image_src_large":["https:\/\/ekomfort.lu\/wp-content\/uploads\/2023\/07\/kit-entretien-pour-chaussures-ekomfort.jpg",700,700,false],"author_info":[],"comment_info":0,"_links":{"self":[{"href":"https:\/\/ekomfort.lu\/de\/wp-json\/wp\/v2\/product\/11916","targetHints":{"allow":["GET"]}}],"collection":[{"href":"https:\/\/ekomfort.lu\/de\/wp-json\/wp\/v2\/product"}],"about":[{"href":"https:\/\/ekomfort.lu\/de\/wp-json\/wp\/v2\/types\/product"}],"replies":[{"embeddable":true,"href":"https:\/\/ekomfort.lu\/de\/wp-json\/wp\/v2\/comments?post=11916"}],"wp:featuredmedia":[{"embeddable":true,"href":"https:\/\/ekomfort.lu\/de\/wp-json\/wp\/v2\/media\/7760"}],"wp:attachment":[{"href":"https:\/\/ekomfort.lu\/de\/wp-json\/wp\/v2\/media?parent=11916"}],"wp:term":[{"taxonomy":"product_brand","embeddable":true,"href":"https:\/\/ekomfort.lu\/de\/wp-json\/wp\/v2\/product_brand?post=11916"},{"taxonomy":"product_cat","embeddable":true,"href":"https:\/\/ekomfort.lu\/de\/wp-json\/wp\/v2\/product_cat?post=11916"},{"taxonomy":"product_tag","embeddable":true,"href":"https:\/\/ekomfort.lu\/de\/wp-json\/wp\/v2\/product_tag?post=11916"},{"taxonomy":"product_brands","embeddable":true,"href":"https:\/\/ekomfort.lu\/de\/wp-json\/wp\/v2\/product_brands?post=11916"}],"curies":[{"name":"wp","href":"https:\/\/api.w.org\/{rel}","templated":true}]}}