{"id":11888,"date":"2023-08-14T21:48:14","date_gmt":"2023-08-14T19:48:14","guid":{"rendered":"https:\/\/ekomfort.lu\/shop\/bequeme-damen-sommersandalen-basil-bordeaux-von-nae-frische-und-ethik-fuer-einen-ruhigen-sommer"},"modified":"2024-07-01T12:11:01","modified_gmt":"2024-07-01T10:11:01","slug":"bequeme-damen-sommersandalen-basil-bordeaux-von-nae-frische-und-ethik-fuer-einen-ruhigen-sommer","status":"publish","type":"product","link":"https:\/\/ekomfort.lu\/de\/shop\/bequeme-damen-sommersandalen-basil-bordeaux-von-nae-frische-und-ethik-fuer-einen-ruhigen-sommer\/","title":{"rendered":"Bequeme Damen-Sommersandalen Basil Bordeaux von Nae: Frische und Ethik f\u00fcr einen ruhigen Sommer"},"content":{"rendered":"\n<p>Sch\u00e4tzen Sie sonnige Tage, aber die Unannehmlichkeiten schlecht sitzender Sommerschuhe verderben diese angenehmen Momente? Sie suchen nach <strong>bequeme Damen-Sommersandalen<\/strong> ebenso elegant wie umweltfreundlich?<\/p>\n\n\n\n<p>Entdecken Sie die<strong>Basil Bordeaux<\/strong>, der <strong>Sandalen<strong>komfortabler Sommer<strong>Frau<\/strong><\/strong> bordeaux<\/strong> Pi\u00f1atex-Flachm\u00e4ntel, die Komfort und Sicherheit bieten und tadelloser \u00c4sthetik, wobei ethische Standards strikt eingehalten werden.<\/p>\n\n\n\n<p>Durch die Entscheidung f\u00fcr <strong>Basil Bordeaux<\/strong> :<\/p>\n\n\n<style>.wp-block-kadence-iconlist.kt-svg-icon-list-items11888_6ceb09-45:not(.this-stops-third-party-issues){margin-top:0px;margin-bottom:0px;}.wp-block-kadence-iconlist.kt-svg-icon-list-items11888_6ceb09-45 ul.kt-svg-icon-list:not(.this-prevents-issues):not(.this-stops-third-party-issues):not(.tijsloc){margin-top:0px;margin-right:0px;margin-bottom:var(--global-kb-spacing-sm, 1.5rem);margin-left:0px;}.wp-block-kadence-iconlist.kt-svg-icon-list-items11888_6ceb09-45 ul.kt-svg-icon-list{grid-row-gap:5px;}.wp-block-kadence-iconlist.kt-svg-icon-list-items11888_6ceb09-45 .kb-svg-icon-wrap{font-size:18px;color:var(--global-palette1, #3182CE);}.wp-block-kadence-iconlist.kt-svg-icon-list-items11888_6ceb09-45 ul.kt-svg-icon-list .kt-svg-icon-list-item-wrap .kt-svg-icon-list-single{margin-right:10px;}.kt-svg-icon-list-items11888_6ceb09-45 ul.kt-svg-icon-list .kt-svg-icon-list-level-0 .kt-svg-icon-list-single svg{font-size:20px;}<\/style>\n<div class=\"wp-block-kadence-iconlist kt-svg-icon-list-items kt-svg-icon-list-items11888_6ceb09-45 kt-svg-icon-list-columns-1 alignnone\"><ul class=\"kt-svg-icon-list\"><style>.kt-svg-icon-list-item-4418_2aae61-dc .kt-svg-icon-list-text mark.kt-highlight{background-color:unset;font-style:normal;color:#f76a0c;-webkit-box-decoration-break:clone;box-decoration-break:clone;padding-top:0px;padding-right:0px;padding-bottom:0px;padding-left:0px;}<\/style>\n<li class=\"wp-block-kadence-listitem kt-svg-icon-list-item-wrap kt-svg-icon-list-item-4418_2aae61-dc\"><span class=\"kb-svg-icon-wrap kb-svg-icon-fe_checkCircle kt-svg-icon-list-single\"><svg viewBox=\"0 0 24 24\"  fill=\"none\" stroke=\"currentColor\" stroke-width=\"3\" stroke-linecap=\"round\" stroke-linejoin=\"round\" xmlns=\"http:\/\/www.w3.org\/2000\/svg\"  aria-hidden=\"true\"><path d=\"M22 11.08V12a10 10 0 1 1-5.93-9.14\"\/><polyline points=\"22 4 12 14.01 9 11.01\"\/><\/svg><\/span><span class=\"kt-svg-icon-list-text\">Strahlen Sie mit ihrem harmonischen Design, den elegant verschlungenen Riemen und ihrer Begeisterung f\u00fcr die Farbe Bordeaux vor Leichtigkeit und Glanz.<\/span><\/li>\n\n\n<style>.kt-svg-icon-list-item-4418_963296-d2 .kt-svg-icon-list-text mark.kt-highlight{background-color:unset;font-style:normal;color:#f76a0c;-webkit-box-decoration-break:clone;box-decoration-break:clone;padding-top:0px;padding-right:0px;padding-bottom:0px;padding-left:0px;}<\/style>\n<li class=\"wp-block-kadence-listitem kt-svg-icon-list-item-wrap kt-svg-icon-list-item-4418_963296-d2\"><span class=\"kb-svg-icon-wrap kb-svg-icon-fe_checkCircle kt-svg-icon-list-single\"><svg viewBox=\"0 0 24 24\"  fill=\"none\" stroke=\"currentColor\" stroke-width=\"3\" stroke-linecap=\"round\" stroke-linejoin=\"round\" xmlns=\"http:\/\/www.w3.org\/2000\/svg\"  aria-hidden=\"true\"><path d=\"M22 11.08V12a10 10 0 1 1-5.93-9.14\"\/><polyline points=\"22 4 12 14.01 9 11.01\"\/><\/svg><\/span><span class=\"kt-svg-icon-list-text\">Erleben Sie ein au\u00dfergew\u00f6hnliches Wohlgef\u00fchl dank antimikrobieller Materialien und einer feuchtigkeitsabsorbierenden Einlegesohle. Adieu Reizungen, unangenehmer Geruch und \u00fcberhitzte F\u00fc\u00dfe.<\/span><\/li>\n\n\n<style>.kt-svg-icon-list-item-4418_901dd4-87 .kt-svg-icon-list-text mark.kt-highlight{background-color:unset;font-style:normal;color:#f76a0c;-webkit-box-decoration-break:clone;box-decoration-break:clone;padding-top:0px;padding-right:0px;padding-bottom:0px;padding-left:0px;}<\/style>\n<li class=\"wp-block-kadence-listitem kt-svg-icon-list-item-wrap kt-svg-icon-list-item-4418_901dd4-87\"><span class=\"kb-svg-icon-wrap kb-svg-icon-fe_checkCircle kt-svg-icon-list-single\"><svg viewBox=\"0 0 24 24\"  fill=\"none\" stroke=\"currentColor\" stroke-width=\"3\" stroke-linecap=\"round\" stroke-linejoin=\"round\" xmlns=\"http:\/\/www.w3.org\/2000\/svg\"  aria-hidden=\"true\"><path d=\"M22 11.08V12a10 10 0 1 1-5.93-9.14\"\/><polyline points=\"22 4 12 14.01 9 11.01\"\/><\/svg><\/span><span class=\"kt-svg-icon-list-text\">Unterst\u00fctzen Sie eine verantwortungsvollere Mode, indem Sie sich f\u00fcr Pi\u00f1atex entscheiden, ein avantgardistisches, biologisch abbaubares, erneuerbares und tierleidfreies Material, das aus dem Recycling von Abf\u00e4llen aus der Ananasindustrie gewonnen wird.<\/span><\/li>\n<\/ul><\/div>\n\n\n\n<p>ohne giftige Produkte, ohne Grausamkeit, ohne Reue&#8230;<\/p>\n\n\n\n<p>Stellen Sie sich vor: F\u00fcr den Preis eines Abendessens auf der Terrasse nehmen Sie eine ganze Saison lang Komfort an mit diesen <strong>bequeme Sommersandalen<\/strong> <strong>Frau<\/strong>, und gleichzeitig Ihr Engagement f\u00fcr eine respektvollere Mode bekr\u00e4ftigen.<\/p>\n\n\n\n<p>Also, sind Sie bereit, den Sommer mit Eleganz und Gewissenhaftigkeit zu begr\u00fc\u00dfen? Unsere Best\u00e4nde dieses Lieblingsmodells jeder Saison gehen mit hoher Geschwindigkeit zur Neige. Lassen Sie sich diese Gelegenheit nicht entgehen<\/p>\n","protected":false},"excerpt":{"rendered":"<p>Sch\u00e4tzen Sie sonnige Tage, aber die Unannehmlichkeiten schlecht sitzender Sommerschuhe verderben diese angenehmen Momente? Sie suchen nach bequeme Damen-Sommersandalen ebenso elegant wie umweltfreundlich? Entdecken Sie dieBasil Bordeaux, der Sandalenkomfortabler SommerFrau bordeaux Pi\u00f1atex-Flachm\u00e4ntel, die Komfort und Sicherheit bieten und tadelloser \u00c4sthetik, wobei ethische Standards strikt eingehalten werden. Durch die Entscheidung f\u00fcr Basil Bordeaux : ohne giftige&#8230;<\/p>\n","protected":false},"featured_media":7954,"comment_status":"open","ping_status":"closed","template":"","meta":{"_acf_changed":false,"_kad_blocks_custom_css":"","_kad_blocks_head_custom_js":"","_kad_blocks_body_custom_js":"","_kad_blocks_footer_custom_js":"","_kad_post_transparent":"","_kad_post_title":"","_kad_post_layout":"","_kad_post_sidebar_id":"","_kad_post_content_style":"","_kad_post_vertical_padding":"","_kad_post_feature":"","_kad_post_feature_position":"","_kad_post_header":false,"_kad_post_footer":false,"_kad_post_classname":""},"product_brand":[],"product_cat":[459,413],"product_tag":[447],"product_brands":[685],"class_list":{"0":"post-11888","1":"product","2":"type-product","3":"status-publish","4":"has-post-thumbnail","6":"product_cat-sandalen","7":"product_cat-schuhe-fuer-maenner-und-frauen","8":"product_tag-frau","9":"product_brands-nae-vegan-shoes-de","11":"first","12":"outofstock","13":"taxable","14":"shipping-taxable","15":"purchasable","16":"product-type-variable","17":"has-default-attributes","18":"entry","19":"content-bg","20":"loop-entry"},"acf":{"avantages":"\ud83d\udca8 Atmungsaktiv: F\u00f6rdern eine gute Luftzirkulation f\u00fcr frische und trockene F\u00fc\u00dfe.\r\n\r\n\ud83c\udf0d Umweltfreundlich: Materialien und Herstellungsprozesse, die die Umweltbelastung reduzieren.\r\n\r\n\ud83e\udda0 Antimikrobiell: Behandlung, die das Wachstum von Bakterien und Mikroben verhindert, f\u00fcr bessere Hygiene und Geruchsbegrenzung.\r\n\r\n\ud83c\udf3f Hypoallergen: Materialien, die allergische Reaktionen und Hautreizungen reduzieren.\r\n\r\n\ud83c\udf4d Riemen aus Pi\u00f1atex: Hergestellt aus Ananasblattfasern und PLA, eine umweltfreundliche und nachhaltige Alternative.\r\n\r\n\ud83d\udd12 Nickelfreie Schnallen: Hypoallergen und sicher f\u00fcr Personen mit Nickelallergie.\r\n\r\n\ud83d\udc86 Bequemes Futter: Aus Mikrofasern und PU-Laminierung f\u00fcr optimalen Komfort.","entretien":"1. Reinigen Sie die Schuhe mit einem in Seifenwasser getr\u00e4nkten Tuch.\r\n\r\n2. Verwenden Sie f\u00fcr hartn\u00e4ckige Flecken eine weiche Schuhb\u00fcrste, ebenfalls in Seifenwasser getr\u00e4nkt, und reiben Sie sanft in kreisenden Bewegungen.\r\n\r\n3. Entfernen Sie die Seife mit einem feuchten Tuch.\r\n\r\n4. Lassen Sie die Schuhe vor dem Auftragen einer Reinigungscreme an der Luft trocknen.\r\n\r\n5. Verwenden Sie eine Reinigungscreme, um Ihren Schuhen mehr Glanz zu verleihen. Geben Sie eine kleine Menge des Produkts auf eine weiche, trockene B\u00fcrste oder ein Tuch und reiben Sie es sanft in kreisenden Bewegungen ein, bis es vollst\u00e4ndig vom Material aufgenommen wurde.\r\n\r\n6. Lassen Sie die Schuhe 24 Stunden lang an der Luft trocknen, ohne sie direkter Sonneneinstrahlung auszusetzen.Achtung:\r\n\r\n- Geben Sie Ihre Schuhe nicht in die Waschmaschine.\r\n\r\n- Tauchen Sie sie nicht in Wasser ein, da sie irreparable Sch\u00e4den erleiden k\u00f6nnten.Wenn Sie der Meinung sind, dass Ihre veganen Schuhe das Ende ihrer Lebensdauer erreicht haben oder Sie sie nicht mehr ben\u00f6tigen, erw\u00e4gen Sie, ihnen ein zweites Leben zu geben. Verwenden Sie sie auf eine andere Weise selbst oder geben Sie sie jemand anderem.","marque":""},"taxonomy_info":{"product_cat":[{"value":459,"label":"Sandalen"},{"value":413,"label":"Schuhe"}],"product_tag":[{"value":447,"label":"Damenboutique"}],"product_brands":[{"value":685,"label":"NAE Vegan Shoes"}]},"featured_image_src_large":["https:\/\/ekomfort.lu\/wp-content\/uploads\/2023\/08\/Basil_Bordeaux-1024x1024.jpg",1024,1024,true],"author_info":[],"comment_info":0,"_links":{"self":[{"href":"https:\/\/ekomfort.lu\/de\/wp-json\/wp\/v2\/product\/11888","targetHints":{"allow":["GET"]}}],"collection":[{"href":"https:\/\/ekomfort.lu\/de\/wp-json\/wp\/v2\/product"}],"about":[{"href":"https:\/\/ekomfort.lu\/de\/wp-json\/wp\/v2\/types\/product"}],"replies":[{"embeddable":true,"href":"https:\/\/ekomfort.lu\/de\/wp-json\/wp\/v2\/comments?post=11888"}],"wp:featuredmedia":[{"embeddable":true,"href":"https:\/\/ekomfort.lu\/de\/wp-json\/wp\/v2\/media\/7954"}],"wp:attachment":[{"href":"https:\/\/ekomfort.lu\/de\/wp-json\/wp\/v2\/media?parent=11888"}],"wp:term":[{"taxonomy":"product_brand","embeddable":true,"href":"https:\/\/ekomfort.lu\/de\/wp-json\/wp\/v2\/product_brand?post=11888"},{"taxonomy":"product_cat","embeddable":true,"href":"https:\/\/ekomfort.lu\/de\/wp-json\/wp\/v2\/product_cat?post=11888"},{"taxonomy":"product_tag","embeddable":true,"href":"https:\/\/ekomfort.lu\/de\/wp-json\/wp\/v2\/product_tag?post=11888"},{"taxonomy":"product_brands","embeddable":true,"href":"https:\/\/ekomfort.lu\/de\/wp-json\/wp\/v2\/product_brands?post=11888"}],"curies":[{"name":"wp","href":"https:\/\/api.w.org\/{rel}","templated":true}]}}