{"id":11860,"date":"2023-08-16T14:50:08","date_gmt":"2023-08-16T12:50:08","guid":{"rendered":"https:\/\/ekomfort.lu\/shop\/damen-guertel-aus-veganem-leder-in-braun-beltcamp-brown-von-nae-eleganz-mit-bewusstem-tragen"},"modified":"2024-07-01T12:06:11","modified_gmt":"2024-07-01T10:06:11","slug":"damen-guertel-aus-veganem-leder-in-braun-beltcamp-brown-von-nae-eleganz-mit-bewusstem-tragen","status":"publish","type":"product","link":"https:\/\/ekomfort.lu\/de\/shop\/damen-guertel-aus-veganem-leder-in-braun-beltcamp-brown-von-nae-eleganz-mit-bewusstem-tragen\/","title":{"rendered":"Damen-G\u00fcrtel aus veganem Leder in Braun BeltCamp Brown von Nae: Eleganz mit bewusstem Tragen"},"content":{"rendered":"\n<p>M\u00f6chten Sie Ihrer Kleidung eine elegante Note verleihen, dabei aber auch Ihre ethischen und umweltbewussten Werte bewahren? Sie suchen nach einem umweltfreundlichen, fairen und langlebigen Accessoire?<\/p>\n\n\n\n<p>Treffen Sie die informierte Entscheidung f\u00fcr <strong>BeltCamp Brown<\/strong>, den <strong>veganen Lederg\u00fcrtel f\u00fcr Damen<\/strong>, der raffinierten Stil und aufrichtiges Engagement f\u00fcr unseren Planeten perfekt vereint.<\/p>\n\n\n\n<p>Mit dem <strong>elegante Damen G\u00fcrtel BeltCamp Brown<\/strong>:<\/p>\n\n\n<style>.wp-block-kadence-iconlist.kt-svg-icon-list-items11860_e4cc7e-c3:not(.this-stops-third-party-issues){margin-top:0px;margin-bottom:0px;}.wp-block-kadence-iconlist.kt-svg-icon-list-items11860_e4cc7e-c3 ul.kt-svg-icon-list:not(.this-prevents-issues):not(.this-stops-third-party-issues):not(.tijsloc){margin-top:0px;margin-right:0px;margin-bottom:var(--global-kb-spacing-sm, 1.5rem);margin-left:0px;}.wp-block-kadence-iconlist.kt-svg-icon-list-items11860_e4cc7e-c3 ul.kt-svg-icon-list{grid-row-gap:5px;}.wp-block-kadence-iconlist.kt-svg-icon-list-items11860_e4cc7e-c3 .kb-svg-icon-wrap{font-size:18px;color:var(--global-palette1, #3182CE);}.wp-block-kadence-iconlist.kt-svg-icon-list-items11860_e4cc7e-c3 ul.kt-svg-icon-list .kt-svg-icon-list-item-wrap .kt-svg-icon-list-single{margin-right:10px;}.kt-svg-icon-list-items11860_e4cc7e-c3 ul.kt-svg-icon-list .kt-svg-icon-list-level-0 .kt-svg-icon-list-single svg{font-size:20px;}<\/style>\n<div class=\"wp-block-kadence-iconlist kt-svg-icon-list-items kt-svg-icon-list-items11860_e4cc7e-c3 kt-svg-icon-list-columns-1 alignnone\"><ul class=\"kt-svg-icon-list\"><style>.kt-svg-icon-list-item-4464_d91349-b0 .kt-svg-icon-list-text mark.kt-highlight{background-color:unset;font-style:normal;color:#f76a0c;-webkit-box-decoration-break:clone;box-decoration-break:clone;padding-top:0px;padding-right:0px;padding-bottom:0px;padding-left:0px;}<\/style>\n<li class=\"wp-block-kadence-listitem kt-svg-icon-list-item-wrap kt-svg-icon-list-item-4464_d91349-b0\"><span class=\"kb-svg-icon-wrap kb-svg-icon-fe_checkCircle kt-svg-icon-list-single\"><svg viewBox=\"0 0 24 24\"  fill=\"none\" stroke=\"currentColor\" stroke-width=\"3\" stroke-linecap=\"round\" stroke-linejoin=\"round\" xmlns=\"http:\/\/www.w3.org\/2000\/svg\"  aria-hidden=\"true\"><path d=\"M22 11.08V12a10 10 0 1 1-5.93-9.14\"\/><polyline points=\"22 4 12 14.01 9 11.01\"\/><\/svg><\/span><span class=\"kt-svg-icon-list-text\">Zeigen Sie Ihre pers\u00f6nliche Note mit diesem 2 cm breiten G\u00fcrtel, der sowohl modern als auch anspruchsvoll ist und alle Arten von Outfits aufwertet.<\/span><\/li>\n\n\n<style>.kt-svg-icon-list-item-4464_aa0d76-74 .kt-svg-icon-list-text mark.kt-highlight{background-color:unset;font-style:normal;color:#f76a0c;-webkit-box-decoration-break:clone;box-decoration-break:clone;padding-top:0px;padding-right:0px;padding-bottom:0px;padding-left:0px;}<\/style>\n<li class=\"wp-block-kadence-listitem kt-svg-icon-list-item-wrap kt-svg-icon-list-item-4464_aa0d76-74\"><span class=\"kb-svg-icon-wrap kb-svg-icon-fe_checkCircle kt-svg-icon-list-single\"><svg viewBox=\"0 0 24 24\"  fill=\"none\" stroke=\"currentColor\" stroke-width=\"3\" stroke-linecap=\"round\" stroke-linejoin=\"round\" xmlns=\"http:\/\/www.w3.org\/2000\/svg\"  aria-hidden=\"true\"><path d=\"M22 11.08V12a10 10 0 1 1-5.93-9.14\"\/><polyline points=\"22 4 12 14.01 9 11.01\"\/><\/svg><\/span><span class=\"kt-svg-icon-list-text\">F\u00fchlen Sie sich mit diesem <strong>veganen Lederg\u00fcrtel<\/strong>, der aus OEKO-TEX STANDARD 100-zertifizierter Mikrofaser hergestellt wurde, verbunden und im Einklang mit Ihren \u00dcberzeugungen. Dieses Material ist robust und umweltfreundlich.<\/span><\/li>\n\n\n<style>.kt-svg-icon-list-item-4464_7c78b8-1b .kt-svg-icon-list-text mark.kt-highlight{background-color:unset;font-style:normal;color:#f76a0c;-webkit-box-decoration-break:clone;box-decoration-break:clone;padding-top:0px;padding-right:0px;padding-bottom:0px;padding-left:0px;}<\/style>\n<li class=\"wp-block-kadence-listitem kt-svg-icon-list-item-wrap kt-svg-icon-list-item-4464_7c78b8-1b\"><span class=\"kb-svg-icon-wrap kb-svg-icon-fe_checkCircle kt-svg-icon-list-single\"><svg viewBox=\"0 0 24 24\"  fill=\"none\" stroke=\"currentColor\" stroke-width=\"3\" stroke-linecap=\"round\" stroke-linejoin=\"round\" xmlns=\"http:\/\/www.w3.org\/2000\/svg\"  aria-hidden=\"true\"><path d=\"M22 11.08V12a10 10 0 1 1-5.93-9.14\"\/><polyline points=\"22 4 12 14.01 9 11.01\"\/><\/svg><\/span><span class=\"kt-svg-icon-list-text\">Betonen Sie Ihren Komfort mit einer nickelfreien Schleife und spanischem Handwerk, das Qualit\u00e4t und Engagement f\u00fcr faire Arbeitsbedingungen gew\u00e4hrleistet.<\/span><\/li>\n<\/ul><\/div>\n\n\n\n<p>ohne Tierleder, ohne Nickel, keine Ausbeutung&#8230; Nur ein sch\u00f6ner G\u00fcrtel, der besondere Aufmerksamkeit auf den Planeten und diejenigen richtet, die ihn tragen.<\/p>\n\n\n\n<p>Zum Preis einer Restaurantmahlzeit g\u00f6nnen Sie sich ein zeitloses Accessoire, das Ihre Garderobe bereichert und Ihren ethischen Prinzipien treu bleibt.<\/p>\n\n\n\n<p>Dann, sind Sie bereit, den Schritt in Richtung engagierter Mode zu wagen? Die Best\u00e4nde nehmen schnell ab, z\u00f6gern Sie nicht!<\/p>\n","protected":false},"excerpt":{"rendered":"<p>M\u00f6chten Sie Ihrer Kleidung eine elegante Note verleihen, dabei aber auch Ihre ethischen und umweltbewussten Werte bewahren? Sie suchen nach einem umweltfreundlichen, fairen und langlebigen Accessoire? Treffen Sie die informierte Entscheidung f\u00fcr BeltCamp Brown, den veganen Lederg\u00fcrtel f\u00fcr Damen, der raffinierten Stil und aufrichtiges Engagement f\u00fcr unseren Planeten perfekt vereint. Mit dem elegante Damen G\u00fcrtel&#8230;<\/p>\n","protected":false},"featured_media":8020,"comment_status":"open","ping_status":"closed","template":"","meta":{"_acf_changed":false,"_kad_blocks_custom_css":"","_kad_blocks_head_custom_js":"","_kad_blocks_body_custom_js":"","_kad_blocks_footer_custom_js":"","_kad_post_transparent":"","_kad_post_title":"","_kad_post_layout":"","_kad_post_sidebar_id":"","_kad_post_content_style":"","_kad_post_vertical_padding":"","_kad_post_feature":"","_kad_post_feature_position":"","_kad_post_header":false,"_kad_post_footer":false,"_kad_post_classname":""},"product_brand":[],"product_cat":[491,454],"product_tag":[447],"product_brands":[685],"class_list":{"0":"post-11860","1":"product","2":"type-product","3":"status-publish","4":"has-post-thumbnail","6":"product_cat-gurtel","7":"product_cat-accessoires-de","8":"product_tag-frau","9":"product_brands-nae-vegan-shoes-de","11":"first","12":"outofstock","13":"taxable","14":"shipping-taxable","15":"purchasable","16":"product-type-variable","17":"has-default-attributes","18":"entry","19":"content-bg","20":"loop-entry"},"acf":{"avantages":"\ud83c\udf31 100% zertifizierte OEKO-TEX STANDARD 100 Mikrofasern, frei von sch\u00e4dlichen Substanzen.\r\n\r\n\ud83d\udd11 Nickelfreie silberne Schnalle, ideal f\u00fcr Menschen mit Nickelallergie oder -empfindlichkeit.\r\n\r\n\ud83c\udfa8 Handgefertigt in Spanien mit traditionellem Know-how und bemerkenswerter Fertigungsqualit\u00e4t.\r\n\r\n\ud83d\udc57 Nachhaltiger Modeg\u00fcrtel f\u00fcr Frauen, eine nachhaltige und umweltfreundliche Alternative.","entretien":"Pflegehinweise:1. Reinigen Sie Ihre Schuhe mit einem Tuch, das mit Wasser und Seife getr\u00e4nkt ist.\r\n\r\n2. Lassen Sie sie vor der Anwendung trocknen.\r\n\r\n3. Das Auftragen von Schuhcreme wird dringend empfohlen.\r\n\r\n4. Tragen Sie eine kleine Menge mit einem trockenen, weichen Tuch auf und reiben Sie sie sparsam mit kreisenden Bewegungen auf das Material.\r\n\r\n5. Lassen Sie sie nach dem Auftragen 24 Stunden lang nat\u00fcrlich trocknen.Produktnutzungsdauer:Wenn Sie der Meinung sind, dass Ihr Artikel seine Zeit hinter sich hat oder Sie ihn nicht mehr ben\u00f6tigen, \u00fcberlegen Sie, ihm ein zweites Leben zu schenken. Sie k\u00f6nnen sich auch einen neuen Artikel f\u00fcr sich selbst besorgen oder ihn verschenken.","marque":""},"taxonomy_info":{"product_cat":[{"value":491,"label":"G\u00fcrtel"},{"value":454,"label":"Accessoires"}],"product_tag":[{"value":447,"label":"Damenboutique"}],"product_brands":[{"value":685,"label":"NAE Vegan Shoes"}]},"featured_image_src_large":["https:\/\/ekomfort.lu\/wp-content\/uploads\/2023\/08\/beltcamp-brown-1024x1024.jpg",1024,1024,true],"author_info":[],"comment_info":0,"_links":{"self":[{"href":"https:\/\/ekomfort.lu\/de\/wp-json\/wp\/v2\/product\/11860","targetHints":{"allow":["GET"]}}],"collection":[{"href":"https:\/\/ekomfort.lu\/de\/wp-json\/wp\/v2\/product"}],"about":[{"href":"https:\/\/ekomfort.lu\/de\/wp-json\/wp\/v2\/types\/product"}],"replies":[{"embeddable":true,"href":"https:\/\/ekomfort.lu\/de\/wp-json\/wp\/v2\/comments?post=11860"}],"wp:featuredmedia":[{"embeddable":true,"href":"https:\/\/ekomfort.lu\/de\/wp-json\/wp\/v2\/media\/8020"}],"wp:attachment":[{"href":"https:\/\/ekomfort.lu\/de\/wp-json\/wp\/v2\/media?parent=11860"}],"wp:term":[{"taxonomy":"product_brand","embeddable":true,"href":"https:\/\/ekomfort.lu\/de\/wp-json\/wp\/v2\/product_brand?post=11860"},{"taxonomy":"product_cat","embeddable":true,"href":"https:\/\/ekomfort.lu\/de\/wp-json\/wp\/v2\/product_cat?post=11860"},{"taxonomy":"product_tag","embeddable":true,"href":"https:\/\/ekomfort.lu\/de\/wp-json\/wp\/v2\/product_tag?post=11860"},{"taxonomy":"product_brands","embeddable":true,"href":"https:\/\/ekomfort.lu\/de\/wp-json\/wp\/v2\/product_brands?post=11860"}],"curies":[{"name":"wp","href":"https:\/\/api.w.org\/{rel}","templated":true}]}}