{"id":11826,"date":"2023-08-13T18:23:15","date_gmt":"2023-08-13T16:23:15","guid":{"rendered":"https:\/\/ekomfort.lu\/shop\/ange-brown-die-veganen-damen-sandalen-mit-korkabsatz-natuerliche-eleganz-fuer-ein-gruenes-gewissen"},"modified":"2024-07-01T12:10:51","modified_gmt":"2024-07-01T10:10:51","slug":"ange-brown-die-veganen-damen-sandalen-mit-korkabsatz-natuerliche-eleganz-fuer-ein-gruenes-gewissen","status":"publish","type":"product","link":"https:\/\/ekomfort.lu\/de\/shop\/ange-brown-die-veganen-damen-sandalen-mit-korkabsatz-natuerliche-eleganz-fuer-ein-gruenes-gewissen\/","title":{"rendered":"Ange Brown: Die veganen Damen-Sandalen mit Korkabsatz &#8211; Nat\u00fcrliche Eleganz f\u00fcr ein gr\u00fcnes Gewissen"},"content":{"rendered":"\n<p>Tr\u00e4umen Sie von <strong>veganen Damensandalen<\/strong>, die Eleganz, Komfort und Ethik perfekt vereinen? Suchen Sie nach umweltfreundlichen Schuhen, die Ihrem Outfit einen schicken Touch verleihen?<\/p>\n\n\n\n<p>W\u00e4hlen Sie <strong>Ange Brown<\/strong>, die Sandalen mit Absatz aus zertifizierter FSC-Bio-Kork, die \u00c4sthetik und Naturrespekt vereinen.<\/p>\n\n\n\n<p>W\u00e4hlen Sie die <strong>Doc Martens-Sandalen f\u00fcr vegane Damen, Angel Brown<\/strong> und:<\/p>\n\n\n<style>.wp-block-kadence-iconlist.kt-svg-icon-list-items11826_b07c3c-ab:not(.this-stops-third-party-issues){margin-top:0px;margin-bottom:0px;}.wp-block-kadence-iconlist.kt-svg-icon-list-items11826_b07c3c-ab ul.kt-svg-icon-list:not(.this-prevents-issues):not(.this-stops-third-party-issues):not(.tijsloc){margin-top:0px;margin-right:0px;margin-bottom:var(--global-kb-spacing-sm, 1.5rem);margin-left:0px;}.wp-block-kadence-iconlist.kt-svg-icon-list-items11826_b07c3c-ab ul.kt-svg-icon-list{grid-row-gap:5px;}.wp-block-kadence-iconlist.kt-svg-icon-list-items11826_b07c3c-ab .kb-svg-icon-wrap{font-size:18px;color:var(--global-palette1, #3182CE);}.wp-block-kadence-iconlist.kt-svg-icon-list-items11826_b07c3c-ab ul.kt-svg-icon-list .kt-svg-icon-list-item-wrap .kt-svg-icon-list-single{margin-right:10px;}.kt-svg-icon-list-items11826_b07c3c-ab ul.kt-svg-icon-list .kt-svg-icon-list-level-0 .kt-svg-icon-list-single svg{font-size:20px;}<\/style>\n<div class=\"wp-block-kadence-iconlist kt-svg-icon-list-items kt-svg-icon-list-items11826_b07c3c-ab kt-svg-icon-list-columns-1 alignnone\"><ul class=\"kt-svg-icon-list\"><style>.kt-svg-icon-list-item-4333_49bf9e-bd .kt-svg-icon-list-text mark.kt-highlight{background-color:unset;font-style:normal;color:#f76a0c;-webkit-box-decoration-break:clone;box-decoration-break:clone;padding-top:0px;padding-right:0px;padding-bottom:0px;padding-left:0px;}<\/style>\n<li class=\"wp-block-kadence-listitem kt-svg-icon-list-item-wrap kt-svg-icon-list-item-4333_49bf9e-bd\"><span class=\"kb-svg-icon-wrap kb-svg-icon-fe_checkCircle kt-svg-icon-list-single\"><svg viewBox=\"0 0 24 24\"  fill=\"none\" stroke=\"currentColor\" stroke-width=\"3\" stroke-linecap=\"round\" stroke-linejoin=\"round\" xmlns=\"http:\/\/www.w3.org\/2000\/svg\"  aria-hidden=\"true\"><path d=\"M22 11.08V12a10 10 0 1 1-5.93-9.14\"\/><polyline points=\"22 4 12 14.01 9 11.01\"\/><\/svg><\/span><span class=\"kt-svg-icon-list-text\">Zeigen Sie Ihre Vorliebe f\u00fcr Nat\u00fcrlichkeit mit einem innovativen Korkmuster, einem erneuerbaren, innovativen und nat\u00fcrlichen Material, das von Natur aus umweltfreundlich ist.<\/span><\/li>\n\n\n<style>.kt-svg-icon-list-item-4333_aa7d90-fc .kt-svg-icon-list-text mark.kt-highlight{background-color:unset;font-style:normal;color:#f76a0c;-webkit-box-decoration-break:clone;box-decoration-break:clone;padding-top:0px;padding-right:0px;padding-bottom:0px;padding-left:0px;}<\/style>\n<li class=\"wp-block-kadence-listitem kt-svg-icon-list-item-wrap kt-svg-icon-list-item-4333_aa7d90-fc\"><span class=\"kb-svg-icon-wrap kb-svg-icon-fe_checkCircle kt-svg-icon-list-single\"><svg viewBox=\"0 0 24 24\"  fill=\"none\" stroke=\"currentColor\" stroke-width=\"3\" stroke-linecap=\"round\" stroke-linejoin=\"round\" xmlns=\"http:\/\/www.w3.org\/2000\/svg\"  aria-hidden=\"true\"><path d=\"M22 11.08V12a10 10 0 1 1-5.93-9.14\"\/><polyline points=\"22 4 12 14.01 9 11.01\"\/><\/svg><\/span><span class=\"kt-svg-icon-list-text\">Genie\u00dfen Sie au\u00dfergew\u00f6hnlichen Komfort durch eine feuchtigkeitsabweisende Gummisohle aus EVA und einem mit hypoallergenem Material gef\u00fctterten, das Schwitzen begrenzt und langanhaltende Frische gew\u00e4hrleistet.<\/span><\/li>\n\n\n<style>.kt-svg-icon-list-item-4333_e220f6-3e .kt-svg-icon-list-text mark.kt-highlight{background-color:unset;font-style:normal;color:#f76a0c;-webkit-box-decoration-break:clone;box-decoration-break:clone;padding-top:0px;padding-right:0px;padding-bottom:0px;padding-left:0px;}<\/style>\n<li class=\"wp-block-kadence-listitem kt-svg-icon-list-item-wrap kt-svg-icon-list-item-4333_e220f6-3e\"><span class=\"kb-svg-icon-wrap kb-svg-icon-fe_checkCircle kt-svg-icon-list-single\"><svg viewBox=\"0 0 24 24\"  fill=\"none\" stroke=\"currentColor\" stroke-width=\"3\" stroke-linecap=\"round\" stroke-linejoin=\"round\" xmlns=\"http:\/\/www.w3.org\/2000\/svg\"  aria-hidden=\"true\"><path d=\"M22 11.08V12a10 10 0 1 1-5.93-9.14\"\/><polyline points=\"22 4 12 14.01 9 11.01\"\/><\/svg><\/span><span class=\"kt-svg-icon-list-text\">Ziehen Sie alle Blicke mit einem gleichzeitig modernen und zeitlosen Design auf sich, betont durch feine, raffinierte Riemen und eine nickelfreie Schnalle.<\/span><\/li>\n<\/ul><\/div>\n\n\n\n<p>ohne Grausamkeit, ohne giftige Produkte, nur Komfort&#8230;<\/p>\n\n\n\n<p>Stellen Sie sich alle M\u00f6glichkeiten vor, wenn es nicht mehr erforderlich ist, Stil, Komfort und Ethik in Frage zu stellen. Das ist, was Ihnen die <strong>bequeme Damen-Vegan-Sandalen-Marke Ange Brown<\/strong> bietet.<\/p>\n\n\n\n<p>Bereit, eine Wahl zugunsten deines Wohlbefindens, deines Stils und unseres Planeten zu treffen? N&#8217;warten Sie nicht, unsere Vorr\u00e4te sind begrenzt und dieses Modell ist bereits ein Hit in unserem ethischen Gesch\u00e4ft.<\/p>\n","protected":false},"excerpt":{"rendered":"<p>Tr\u00e4umen Sie von veganen Damensandalen, die Eleganz, Komfort und Ethik perfekt vereinen? Suchen Sie nach umweltfreundlichen Schuhen, die Ihrem Outfit einen schicken Touch verleihen? W\u00e4hlen Sie Ange Brown, die Sandalen mit Absatz aus zertifizierter FSC-Bio-Kork, die \u00c4sthetik und Naturrespekt vereinen. W\u00e4hlen Sie die Doc Martens-Sandalen f\u00fcr vegane Damen, Angel Brown und: ohne Grausamkeit, ohne giftige&#8230;<\/p>\n","protected":false},"featured_media":7894,"comment_status":"open","ping_status":"closed","template":"","meta":{"_acf_changed":false,"_kad_blocks_custom_css":"","_kad_blocks_head_custom_js":"","_kad_blocks_body_custom_js":"","_kad_blocks_footer_custom_js":"","_kad_post_transparent":"","_kad_post_title":"","_kad_post_layout":"","_kad_post_sidebar_id":"","_kad_post_content_style":"","_kad_post_vertical_padding":"","_kad_post_feature":"","_kad_post_feature_position":"","_kad_post_header":false,"_kad_post_footer":false},"product_brand":[],"product_cat":[459,413],"product_tag":[447],"product_brands":[685],"class_list":{"0":"post-11826","1":"product","2":"type-product","3":"status-publish","4":"has-post-thumbnail","6":"product_cat-sandalen","7":"product_cat-schuhe-fuer-maenner-und-frauen","8":"product_tag-frau","9":"product_brands-nae-vegan-shoes-de","11":"first","12":"outofstock","13":"taxable","14":"shipping-taxable","15":"purchasable","16":"product-type-variable","17":"has-default-attributes","18":"entry","19":"content-bg","20":"loop-entry"},"acf":{"avantages":"\ud83c\udf2c\ufe0f Atmungsaktiv, um die F\u00fc\u00dfe frisch und trocken zu halten.\r\n\r\n\ud83e\udda0 Antimikrobiell f\u00fcr eine bessere Hygiene.\r\n\r\n\ud83c\udf3f Gesundheitlich unbedenklich, mit risikofreien Materialien.\r\n\r\n\ud83e\udd27 Hypoallergen, um allergische Reaktionen und Hautirritationen zu minimieren.\r\n\r\n\ud83d\udee1\ufe0f Obermaterial aus zertifiziertem FSC-Kork, f\u00fcr eine umweltfreundliche und nachhaltige Alternative.\r\n\r\n\ud83d\udd12 Verschluss mit nickelfreier Metallschnalle, umweltfreundlich.\r\n\r\n\ud83e\udde6 Futter aus Mikrofasern und PU, f\u00fcr langanhaltenden Komfort.\r\n\r\n\ud83d\udca6 Gepolsterte Einlegesohle mit feuchtigkeitsabweisender EVA-Gummischicht, f\u00fcr optimalen Komfort und Schutz vor Feuchtigkeit.\r\n\r\n\ud83d\udc63 Laufsohle aus Neolite, f\u00fcr optimale Haftung und Langlebigkeit.\r\n\r\n\ud83c\uddf5\ud83c\uddf9 Sorgf\u00e4ltig in Portugal hergestellt, unter Verwendung umweltfreundlicher Materialien und Herstellungsverfahren und unter Einhaltung fairer Arbeitsbedingungen.","entretien":"\u2022 Entfernen Sie vorsichtig Staub und Schmutz mit einem trockenen Tuch.\r\n\r\n\u2022 Verwenden Sie ein feuchtes Tuch und reiben Sie sanft in kreisenden Bewegungen, um den gesamten Schuh zu reinigen.\r\n\r\n\u2022 Reinigen Sie Ihr Tuch regelm\u00e4\u00dfig, um Schmutz nicht zu verteilen.\r\n\r\n\u2022 F\u00fcr hartn\u00e4ckige Flecken verwenden Sie eine weiche B\u00fcrste und Wasser und reiben Sie sanft in kreisenden Bewegungen.\r\n\r\n\u2022 Seien Sie beim Reinigen vorsichtig, da Kork ein sehr empfindliches Material ist.\r\n\r\n\u2022 Lassen Sie die Schuhe an der Luft trocknen, ohne direkte Sonneneinstrahlung.Achtung:\r\n\r\n\u2022 Verwenden Sie keine Reinigungscreme. \u2022 Geben Sie Ihre Schuhe nicht in die Waschmaschine.\r\n\r\n\u2022 Tauchen Sie sie nicht in Wasser ein, da sie irreparable Sch\u00e4den erleiden k\u00f6nnten.Produktlebensdauer:Wenn Sie der Meinung sind, dass Ihre veganen Schuhe das Ende ihrer Lebensdauer erreicht haben oder Sie sie nicht mehr ben\u00f6tigen, erw\u00e4gen Sie, ihnen ein zweites Leben zu geben. Verwenden Sie sie auf eine andere Weise selbst oder geben Sie sie jemand anderem.","marque":""},"_wp_attached_file":null,"_wp_attachment_image_alt":null,"rank_math_facebook_image":null,"rank_math_facebook_image_id":null,"wpml_language":null,"_wp_attachment_metadata":null,"rank_math_focus_keyword":"Ange Brown, vegane Damensandalen","rank_math_title":"Sandalen f\u00fcr Damen - vegan, Farbe Braun. Komfort und Stil.","rank_math_description":"Entdecken Sie unsere veganen Sandalen Ange Brown f\u00fcr Frauen. Komfort und ethischer Stil f\u00fcr absolute Bewegungsfreiheit. Bestellen Sie jetzt!","taxonomy_info":{"product_cat":[{"value":459,"label":"Sandalen"},{"value":413,"label":"Schuhe"}],"product_tag":[{"value":447,"label":"Damenboutique"}],"product_brands":[{"value":685,"label":"NAE Vegan Shoes"}]},"featured_image_src_large":["https:\/\/ekomfort.lu\/wp-content\/uploads\/2023\/08\/ange-brown.jpg",700,700,false],"author_info":[],"comment_info":0,"_links":{"self":[{"href":"https:\/\/ekomfort.lu\/de\/wp-json\/wp\/v2\/product\/11826","targetHints":{"allow":["GET"]}}],"collection":[{"href":"https:\/\/ekomfort.lu\/de\/wp-json\/wp\/v2\/product"}],"about":[{"href":"https:\/\/ekomfort.lu\/de\/wp-json\/wp\/v2\/types\/product"}],"replies":[{"embeddable":true,"href":"https:\/\/ekomfort.lu\/de\/wp-json\/wp\/v2\/comments?post=11826"}],"wp:featuredmedia":[{"embeddable":true,"href":"https:\/\/ekomfort.lu\/de\/wp-json\/wp\/v2\/media\/7894"}],"wp:attachment":[{"href":"https:\/\/ekomfort.lu\/de\/wp-json\/wp\/v2\/media?parent=11826"}],"wp:term":[{"taxonomy":"product_brand","embeddable":true,"href":"https:\/\/ekomfort.lu\/de\/wp-json\/wp\/v2\/product_brand?post=11826"},{"taxonomy":"product_cat","embeddable":true,"href":"https:\/\/ekomfort.lu\/de\/wp-json\/wp\/v2\/product_cat?post=11826"},{"taxonomy":"product_tag","embeddable":true,"href":"https:\/\/ekomfort.lu\/de\/wp-json\/wp\/v2\/product_tag?post=11826"},{"taxonomy":"product_brands","embeddable":true,"href":"https:\/\/ekomfort.lu\/de\/wp-json\/wp\/v2\/product_brands?post=11826"}],"curies":[{"name":"wp","href":"https:\/\/api.w.org\/{rel}","templated":true}]}}