{"id":11804,"date":"2023-08-14T21:57:40","date_gmt":"2023-08-14T19:57:40","guid":{"rendered":"https:\/\/ekomfort.lu\/shop\/basti-black-von-nae-ein-chelsea-stiefel-aus-veganem-leder-fuer-herren-mit-stil"},"modified":"2024-07-01T12:11:02","modified_gmt":"2024-07-01T10:11:02","slug":"basti-black-von-nae-ein-chelsea-stiefel-aus-veganem-leder-fuer-herren-mit-stil","status":"publish","type":"product","link":"https:\/\/ekomfort.lu\/de\/shop\/basti-black-von-nae-ein-chelsea-stiefel-aus-veganem-leder-fuer-herren-mit-stil\/","title":{"rendered":"Basti Black von Nae: Ein Chelsea-Stiefel aus veganem Leder f\u00fcr Herren mit Stil"},"content":{"rendered":"\n<p>Sie suchen nach <strong>Herrenstiefeletten<\/strong>, die Stil, Langlebigkeit und Umweltbewusstsein vereinen? Sie m\u00f6chten im Namen der Ethik nicht l\u00e4nger auf Komfort verzichten?<\/p>\n\n\n\n<p>\u00dcbernehmen Sie den <strong>Basti Black<\/strong>, la <strong>Chelsea-Fu\u00dfball aus veganem Leder f\u00fcr M\u00e4nner, vereint mit klassischer Perfektion, Komfort und Haltbarkeit.<\/strong><\/p>\n\n\n\n<p>Das erhalten Sie mit <strong>Herren-Chelsea-Stiefel aus veganem Leder Basti Black<\/strong>:<\/p>\n\n\n<style>.wp-block-kadence-iconlist.kt-svg-icon-list-items11804_b7add6-e1:not(.this-stops-third-party-issues){margin-top:0px;margin-bottom:0px;}.wp-block-kadence-iconlist.kt-svg-icon-list-items11804_b7add6-e1 ul.kt-svg-icon-list:not(.this-prevents-issues):not(.this-stops-third-party-issues):not(.tijsloc){margin-top:0px;margin-right:0px;margin-bottom:var(--global-kb-spacing-sm, 1.5rem);margin-left:0px;}.wp-block-kadence-iconlist.kt-svg-icon-list-items11804_b7add6-e1 ul.kt-svg-icon-list{grid-row-gap:5px;}.wp-block-kadence-iconlist.kt-svg-icon-list-items11804_b7add6-e1 .kb-svg-icon-wrap{font-size:18px;color:var(--global-palette1, #3182CE);}.wp-block-kadence-iconlist.kt-svg-icon-list-items11804_b7add6-e1 ul.kt-svg-icon-list .kt-svg-icon-list-item-wrap .kt-svg-icon-list-single{margin-right:10px;}.kt-svg-icon-list-items11804_b7add6-e1 ul.kt-svg-icon-list .kt-svg-icon-list-level-0 .kt-svg-icon-list-single svg{font-size:20px;}<\/style>\n<div class=\"wp-block-kadence-iconlist kt-svg-icon-list-items kt-svg-icon-list-items11804_b7add6-e1 kt-svg-icon-list-columns-1 alignnone\"><ul class=\"kt-svg-icon-list\"><style>.kt-svg-icon-list-item-4426_55b13d-e6 .kt-svg-icon-list-text mark.kt-highlight{background-color:unset;font-style:normal;color:#f76a0c;-webkit-box-decoration-break:clone;box-decoration-break:clone;padding-top:0px;padding-right:0px;padding-bottom:0px;padding-left:0px;}<\/style>\n<li class=\"wp-block-kadence-listitem kt-svg-icon-list-item-wrap kt-svg-icon-list-item-4426_55b13d-e6\"><span class=\"kb-svg-icon-wrap kb-svg-icon-fe_checkCircle kt-svg-icon-list-single\"><svg viewBox=\"0 0 24 24\"  fill=\"none\" stroke=\"currentColor\" stroke-width=\"3\" stroke-linecap=\"round\" stroke-linejoin=\"round\" xmlns=\"http:\/\/www.w3.org\/2000\/svg\"  aria-hidden=\"true\"><path d=\"M22 11.08V12a10 10 0 1 1-5.93-9.14\"\/><polyline points=\"22 4 12 14.01 9 11.01\"\/><\/svg><\/span><span class=\"kt-svg-icon-list-text\">Stellen Sie sich vor, Sie k\u00f6nnen dank hochwertigem, wasserabweisendem und verschlei\u00dffestem veganem Leder sorgenfrei durch den Regen laufen.<\/span><\/li>\n\n\n<style>.kt-svg-icon-list-item-4426_302bec-a2 .kt-svg-icon-list-text mark.kt-highlight{background-color:unset;font-style:normal;color:#f76a0c;-webkit-box-decoration-break:clone;box-decoration-break:clone;padding-top:0px;padding-right:0px;padding-bottom:0px;padding-left:0px;}<\/style>\n<li class=\"wp-block-kadence-listitem kt-svg-icon-list-item-wrap kt-svg-icon-list-item-4426_302bec-a2\"><span class=\"kb-svg-icon-wrap kb-svg-icon-fe_checkCircle kt-svg-icon-list-single\"><svg viewBox=\"0 0 24 24\"  fill=\"none\" stroke=\"currentColor\" stroke-width=\"3\" stroke-linecap=\"round\" stroke-linejoin=\"round\" xmlns=\"http:\/\/www.w3.org\/2000\/svg\"  aria-hidden=\"true\"><path d=\"M22 11.08V12a10 10 0 1 1-5.93-9.14\"\/><polyline points=\"22 4 12 14.01 9 11.01\"\/><\/svg><\/span><span class=\"kt-svg-icon-list-text\">Visualisieren Sie Ihren t\u00e4glichen Komfort dank einer feuchtigkeitsableitenden, gepolsterten EVA-Gummi-Einlegesohle und hypoallergenen Materialien, die Blasen und \u00fcberm\u00e4\u00dfiges Schwitzen verhindern.<\/span><\/li>\n\n\n<style>.kt-svg-icon-list-item-4426_6aaea4-01 .kt-svg-icon-list-text mark.kt-highlight{background-color:unset;font-style:normal;color:#f76a0c;-webkit-box-decoration-break:clone;box-decoration-break:clone;padding-top:0px;padding-right:0px;padding-bottom:0px;padding-left:0px;}<\/style>\n<li class=\"wp-block-kadence-listitem kt-svg-icon-list-item-wrap kt-svg-icon-list-item-4426_6aaea4-01\"><span class=\"kb-svg-icon-wrap kb-svg-icon-fe_checkCircle kt-svg-icon-list-single\"><svg viewBox=\"0 0 24 24\"  fill=\"none\" stroke=\"currentColor\" stroke-width=\"3\" stroke-linecap=\"round\" stroke-linejoin=\"round\" xmlns=\"http:\/\/www.w3.org\/2000\/svg\"  aria-hidden=\"true\"><path d=\"M22 11.08V12a10 10 0 1 1-5.93-9.14\"\/><polyline points=\"22 4 12 14.01 9 11.01\"\/><\/svg><\/span><span class=\"kt-svg-icon-list-text\">Sehen Sie, wie Sie jedes Outfit mit diesen <strong>Schwarze Herrenstiefeletten<\/strong>, dank ihres schlichten Designs und ihrer zeitlosen schwarzen Farbe.<\/span><\/li>\n<\/ul><\/div>\n\n\n\n<p>Keine Tierqu\u00e4lerei, keine Giftstoffe, einfach unvergleichlicher Stil &#8230;<\/p>\n\n\n\n<p>F\u00fcr den Preis eines Standardpaares veganer Herren-Chelsea-Lederstiefel erhalten Sie ein Produkt, das Ihre Werte respektiert und gleichzeitig Ihren Sinn f\u00fcr Stil st\u00e4rkt.<\/p>\n\n\n\n<p>Dann sind Sie bereit, einen Schritt in Richtung eines ethischeren und eleganteren Lebensstils mit dem <strong>Basti Black<\/strong> ? Die Lagerbest\u00e4nde gehen rapide zur\u00fcck. Nutzen Sie diese Chance ohne weitere Verz\u00f6gerung!<\/p>\n","protected":false},"excerpt":{"rendered":"<p>Sie suchen nach Herrenstiefeletten, die Stil, Langlebigkeit und Umweltbewusstsein vereinen? Sie m\u00f6chten im Namen der Ethik nicht l\u00e4nger auf Komfort verzichten? \u00dcbernehmen Sie den Basti Black, la Chelsea-Fu\u00dfball aus veganem Leder f\u00fcr M\u00e4nner, vereint mit klassischer Perfektion, Komfort und Haltbarkeit. Das erhalten Sie mit Herren-Chelsea-Stiefel aus veganem Leder Basti Black: Keine Tierqu\u00e4lerei, keine Giftstoffe, einfach&#8230;<\/p>\n","protected":false},"featured_media":7960,"comment_status":"open","ping_status":"closed","template":"","meta":{"_acf_changed":false,"_kad_blocks_custom_css":"","_kad_blocks_head_custom_js":"","_kad_blocks_body_custom_js":"","_kad_blocks_footer_custom_js":"","_kad_post_transparent":"","_kad_post_title":"","_kad_post_layout":"","_kad_post_sidebar_id":"","_kad_post_content_style":"","_kad_post_vertical_padding":"","_kad_post_feature":"","_kad_post_feature_position":"","_kad_post_header":false,"_kad_post_footer":false,"_kad_post_classname":""},"product_brand":[],"product_cat":[413,414],"product_tag":[415],"product_brands":[685],"class_list":{"0":"post-11804","1":"product","2":"type-product","3":"status-publish","4":"has-post-thumbnail","6":"product_cat-schuhe-fuer-maenner-und-frauen","7":"product_cat-stiefel","8":"product_tag-mann","9":"product_brands-nae-vegan-shoes-de","11":"first","12":"outofstock","13":"taxable","14":"shipping-taxable","15":"purchasable","16":"product-type-variable","17":"has-default-attributes","18":"entry","19":"content-bg","20":"loop-entry"},"acf":{"avantages":"\ud83c\udf31 Schaft und Futter aus Mikrofaser f\u00fcr eine umweltfreundliche Gesundheitsgarantie.\r\n\r\n\ud83d\udca6 Wasserfest, atmungsaktiv, antimikrobiell und hypoallergen f\u00fcr optimale Hygiene und Komfort.\r\n\r\n\ud83d\udee1\ufe0f Gepolsterte Einlegesohle aus feuchtigkeitsabweisendem EVA-Gummi f\u00fcr bessere D\u00e4mpfung und Feuchtigkeitsschutz.\r\n\r\n\ud83d\udc63 Rutschfeste Neolite-Gummilaufsohle f\u00fcr optimale Haftung und Haltbarkeit.\r\n\r\n\u2696\ufe0f Flacher 2,5 cm Absatz f\u00fcr Komfort und Stabilit\u00e4t im Alltag.\r\n\r\n\ud83d\udd12 Elastische Seitengurte aus Elasthan f\u00fcr einfache und sichere Anpassung.\r\n\r\n\ud83c\uddf5\ud83c\uddf9 Sorgf\u00e4ltig in Portugal hergestellt unter Verwendung umweltfreundlicher Materialien und Prozesse, bei gleichzeitiger Gew\u00e4hrleistung fairer Arbeitsbedingungen.","entretien":"1. Entfernen Sie vorsichtig Staub und Schmutz von Ihren veganen Stiefeln mit einem trockenen Tuch.\r\n\r\n2. Reinigen Sie sie mit einem in Seifenwasser getr\u00e4nkten Tuch und achten Sie darauf, sie niemals vollst\u00e4ndig einzutauchen, um irreversible Sch\u00e4den zu vermeiden.\r\n\r\n3. Lassen Sie sie 24 Stunden lang nat\u00fcrlich trocknen.\r\n\r\n4. Verwenden Sie eine empfohlene Reinigungscreme, tragen Sie eine kleine Menge mit einem weichen, trockenen Tuch auf und reiben Sie sparsam mit kreisenden Bewegungen auf dem Material.\r\n\r\n5. Lassen Sie sie nach dem Auftragen 24 Stunden lang nat\u00fcrlich trocknen.Produktlebensdauer:Wenn Sie der Meinung sind, dass Ihre veganen Stiefel das Ende ihrer Lebensdauer erreicht haben oder Sie sie nicht mehr ben\u00f6tigen, denken Sie daran, ihnen ein zweites Leben zu schenken. Verwenden Sie sie auf eine andere Weise selbst oder lassen Sie eine andere Person davon profitieren.","marque":""},"taxonomy_info":{"product_cat":[{"value":413,"label":"Schuhe"},{"value":414,"label":"Stiefel"}],"product_tag":[{"value":415,"label":"Herrenboutique"}],"product_brands":[{"value":685,"label":"NAE Vegan Shoes"}]},"featured_image_src_large":["https:\/\/ekomfort.lu\/wp-content\/uploads\/2023\/08\/Basti_Black-1024x1024.jpg",1024,1024,true],"author_info":[],"comment_info":0,"_links":{"self":[{"href":"https:\/\/ekomfort.lu\/de\/wp-json\/wp\/v2\/product\/11804","targetHints":{"allow":["GET"]}}],"collection":[{"href":"https:\/\/ekomfort.lu\/de\/wp-json\/wp\/v2\/product"}],"about":[{"href":"https:\/\/ekomfort.lu\/de\/wp-json\/wp\/v2\/types\/product"}],"replies":[{"embeddable":true,"href":"https:\/\/ekomfort.lu\/de\/wp-json\/wp\/v2\/comments?post=11804"}],"wp:featuredmedia":[{"embeddable":true,"href":"https:\/\/ekomfort.lu\/de\/wp-json\/wp\/v2\/media\/7960"}],"wp:attachment":[{"href":"https:\/\/ekomfort.lu\/de\/wp-json\/wp\/v2\/media?parent=11804"}],"wp:term":[{"taxonomy":"product_brand","embeddable":true,"href":"https:\/\/ekomfort.lu\/de\/wp-json\/wp\/v2\/product_brand?post=11804"},{"taxonomy":"product_cat","embeddable":true,"href":"https:\/\/ekomfort.lu\/de\/wp-json\/wp\/v2\/product_cat?post=11804"},{"taxonomy":"product_tag","embeddable":true,"href":"https:\/\/ekomfort.lu\/de\/wp-json\/wp\/v2\/product_tag?post=11804"},{"taxonomy":"product_brands","embeddable":true,"href":"https:\/\/ekomfort.lu\/de\/wp-json\/wp\/v2\/product_brands?post=11804"}],"curies":[{"name":"wp","href":"https:\/\/api.w.org\/{rel}","templated":true}]}}