{"id":11795,"date":"2023-08-14T18:59:44","date_gmt":"2023-08-14T16:59:44","guid":{"rendered":"https:\/\/ekomfort.lu\/shop\/braune-umweltfreundliche-chukka-boots-agus"},"modified":"2024-07-01T12:10:53","modified_gmt":"2024-07-01T10:10:53","slug":"braune-umweltfreundliche-chukka-boots-agus","status":"publish","type":"product","link":"https:\/\/ekomfort.lu\/de\/shop\/braune-umweltfreundliche-chukka-boots-agus\/","title":{"rendered":"Braune umweltfreundliche Chukka Boots Agus"},"content":{"rendered":"\n<p>Sie suchen ein Paar Stiefel, das Eleganz, Langlebigkeit und Umweltfreundlichkeit kombiniert? Sie wollen Ihren Stil nicht mehr im Namen der Ethik opfern?<\/p>\n\n<p>Entdecken Sie <strong>Agus Brown<\/strong>, die<strong> umweltfreundlichen Chukka-Stiefel<\/strong> aus hochwertigem veganem Wildleder. Diese \u00f6kologischen Wunder verbinden perfekt Komfort, robuste \u00c4sthetik und Umweltverantwortung.<\/p>\n\n<p>Mit den <strong>W\u00fcstenstiefeln Agus Brown<\/strong> an Ihren F\u00fc\u00dfen:<\/p>\n<style>.wp-block-kadence-iconlist.kt-svg-icon-list-items4361_d64a69-ab:not(.this-stops-third-party-issues){margin-top:0px;margin-bottom:0px;}.wp-block-kadence-iconlist.kt-svg-icon-list-items4361_d64a69-ab ul.kt-svg-icon-list:not(.this-prevents-issues):not(.this-stops-third-party-issues):not(.tijsloc){margin-top:0px;margin-right:0px;margin-bottom:var(--global-kb-spacing-sm, 1.5rem);margin-left:0px;}.wp-block-kadence-iconlist.kt-svg-icon-list-items4361_d64a69-ab ul.kt-svg-icon-list{grid-row-gap:15px;}.wp-block-kadence-iconlist.kt-svg-icon-list-items4361_d64a69-ab .kb-svg-icon-wrap{font-size:18px;color:var(--global-palette1, #3182CE);}.wp-block-kadence-iconlist.kt-svg-icon-list-items4361_d64a69-ab ul.kt-svg-icon-list .kt-svg-icon-list-item-wrap .kt-svg-icon-list-single{margin-right:10px;}.kt-svg-icon-list-items4361_d64a69-ab ul.kt-svg-icon-list .kt-svg-icon-list-level-0 .kt-svg-icon-list-single svg{font-size:20px;}<\/style>\n<div class=\"wp-block-kadence-iconlist kt-svg-icon-list-items kt-svg-icon-list-items4361_d64a69-ab kt-svg-icon-list-columns-1 alignnone\"><ul class=\"kt-svg-icon-list\"><style>.kt-svg-icon-list-item-4361_0860ec-2b .kt-svg-icon-list-text mark.kt-highlight{background-color:unset;font-style:normal;color:#f76a0c;-webkit-box-decoration-break:clone;box-decoration-break:clone;padding-top:0px;padding-right:0px;padding-bottom:0px;padding-left:0px;}<\/style>\n<li class=\"wp-block-kadence-listitem kt-svg-icon-list-item-wrap kt-svg-icon-list-item-4361_0860ec-2b\"><span class=\"kb-svg-icon-wrap kb-svg-icon-fe_checkCircle kt-svg-icon-list-single\"><svg viewBox=\"0 0 24 24\"  fill=\"none\" stroke=\"currentColor\" stroke-width=\"3\" stroke-linecap=\"round\" stroke-linejoin=\"round\" xmlns=\"http:\/\/www.w3.org\/2000\/svg\"  aria-hidden=\"true\"><path d=\"M22 11.08V12a10 10 0 1 1-5.93-9.14\"\/><polyline points=\"22 4 12 14.01 9 11.01\"\/><\/svg><\/span><span class=\"kt-svg-icon-list-text\">Stellen Sie sich vor, Sie k\u00f6nnten leicht gehen und gleichzeitig stilvoll sein, dank eines umweltfreundlichen Materials, das echtem Wildleder in nichts nachsteht.<\/span><\/li>\n\n\n<style>.kt-svg-icon-list-item-4361_7d3414-d5 .kt-svg-icon-list-text mark.kt-highlight{background-color:unset;font-style:normal;color:#f76a0c;-webkit-box-decoration-break:clone;box-decoration-break:clone;padding-top:0px;padding-right:0px;padding-bottom:0px;padding-left:0px;}<\/style>\n<li class=\"wp-block-kadence-listitem kt-svg-icon-list-item-wrap kt-svg-icon-list-item-4361_7d3414-d5\"><span class=\"kb-svg-icon-wrap kb-svg-icon-fe_checkCircle kt-svg-icon-list-single\"><svg viewBox=\"0 0 24 24\"  fill=\"none\" stroke=\"currentColor\" stroke-width=\"3\" stroke-linecap=\"round\" stroke-linejoin=\"round\" xmlns=\"http:\/\/www.w3.org\/2000\/svg\"  aria-hidden=\"true\"><path d=\"M22 11.08V12a10 10 0 1 1-5.93-9.14\"\/><polyline points=\"22 4 12 14.01 9 11.01\"\/><\/svg><\/span><span class=\"kt-svg-icon-list-text\">F\u00fchlen Sie die Sicherheit, die ihre profilierte rutschfeste Sohle bietet. Unabh\u00e4ngig von Wetter oder Gel\u00e4nde wurden diese Stiefeletten entwickelt, um Sie stabil zu halten.<\/span><\/li>\n\n\n<style>.kt-svg-icon-list-item-4361_9e16ca-c0 .kt-svg-icon-list-text mark.kt-highlight{background-color:unset;font-style:normal;color:#f76a0c;-webkit-box-decoration-break:clone;box-decoration-break:clone;padding-top:0px;padding-right:0px;padding-bottom:0px;padding-left:0px;}<\/style>\n<li class=\"wp-block-kadence-listitem kt-svg-icon-list-item-wrap kt-svg-icon-list-item-4361_9e16ca-c0\"><span class=\"kb-svg-icon-wrap kb-svg-icon-fe_checkCircle kt-svg-icon-list-single\"><svg viewBox=\"0 0 24 24\"  fill=\"none\" stroke=\"currentColor\" stroke-width=\"3\" stroke-linecap=\"round\" stroke-linejoin=\"round\" xmlns=\"http:\/\/www.w3.org\/2000\/svg\"  aria-hidden=\"true\"><path d=\"M22 11.08V12a10 10 0 1 1-5.93-9.14\"\/><polyline points=\"22 4 12 14.01 9 11.01\"\/><\/svg><\/span><span class=\"kt-svg-icon-list-text\"><p style=\"line-height: 100%;margin-bottom: 0cm\"> Visualisieren Sie die Langlebigkeit der Schuhe in Ihrem Kleiderschrank dank ihrer langlebigen Verarbeitung. Sie m\u00fcssen sich nicht mehr um st\u00e4ndigen Ersatz k\u00fcmmern!<\/p> <\/span><\/li>\n<\/ul><\/div>\n\n<p>F\u00fcr den Preis eines Standardstiefelpaares, das Sie jede Saison erneuern m\u00fcssen, t\u00e4tigen Sie eine intelligente Investition in diese strapazierf\u00e4higen Agus Brown Stiefel.<\/p>\n\n<p>Sind Sie bereit, einen Modetrend anzunehmen, der sowohl Ihre F\u00fc\u00dfe als auch die Umwelt schont? Diese<strong> sch\u00f6nen Stiefel von Agus Brown<\/strong> sind sehr gefragt! Warten Sie also nicht l\u00e4nger, treffen Sie Ihre Entscheidung bevor es zu sp\u00e4t ist!<\/p>\n","protected":false},"excerpt":{"rendered":"<p>Sie suchen ein Paar Stiefel, das Eleganz, Langlebigkeit und Umweltfreundlichkeit kombiniert? Sie wollen Ihren Stil nicht mehr im Namen der Ethik opfern? Entdecken Sie Agus Brown, die umweltfreundlichen Chukka-Stiefel aus hochwertigem veganem Wildleder. Diese \u00f6kologischen Wunder verbinden perfekt Komfort, robuste \u00c4sthetik und Umweltverantwortung. Mit den W\u00fcstenstiefeln Agus Brown an Ihren F\u00fc\u00dfen: F\u00fcr den Preis eines&#8230;<\/p>\n","protected":false},"featured_media":7846,"comment_status":"open","ping_status":"closed","template":"","meta":{"_acf_changed":false,"_kad_blocks_custom_css":"","_kad_blocks_head_custom_js":"","_kad_blocks_body_custom_js":"","_kad_blocks_footer_custom_js":"","_kad_post_transparent":"","_kad_post_title":"","_kad_post_layout":"","_kad_post_sidebar_id":"","_kad_post_content_style":"","_kad_post_vertical_padding":"","_kad_post_feature":"","_kad_post_feature_position":"","_kad_post_header":false,"_kad_post_footer":false,"_kad_post_classname":""},"product_brand":[],"product_cat":[413,414],"product_tag":[415],"product_brands":[685],"class_list":{"0":"post-11795","1":"product","2":"type-product","3":"status-publish","4":"has-post-thumbnail","6":"product_cat-schuhe-fuer-maenner-und-frauen","7":"product_cat-stiefel","8":"product_tag-mann","9":"product_brands-nae-vegan-shoes-de","11":"first","12":"outofstock","13":"taxable","14":"shipping-taxable","15":"purchasable","16":"product-type-variable","17":"has-default-attributes","18":"entry","19":"content-bg","20":"loop-entry"},"acf":{"avantages":"\ud83c\udf31 Hypoallergen und ungiftig: Minimieren Sie allergische Risiken und Umweltauswirkungen.\r\n\r\n\ud83c\udf2c\ufe0f Atmungsaktiv und antibakteriell: Verhindern Sie \u00fcberm\u00e4\u00dfiges Schwitzen und schlechte Ger\u00fcche.\r\n\r\n\ud83d\udc63 Gepolsterte Sohle: Bietet Flexibilit\u00e4t und Komfort ohne Reibung oder Blasen.\r\n\r\n\ud83e\udd35\ud83d\udc57 Geeignet f\u00fcr l\u00e4ssige und elegante Anl\u00e4sse: Vereint Komfort und Stil.\r\n\r\n\ud83d\udd34 Erh\u00e4ltlich in Braun und Grau: Um allen Stilen und Vorlieben gerecht zu werden.\r\n\r\n\ud83c\udf0d Hergestellt aus sicheren und umweltfreundlichen Materialien: F\u00fcr eine risikofreie Nutzung.\r\n\r\n\ud83d\udc5e Schaft aus veganem Wildleder aus umweltfreundlichen Mikrofasern: Eine tierfreundliche Alternative.\r\n\r\n\ud83c\udf3f Futter aus atmungsaktivem, antibakteriellem und \u00f6kologischem veganem Leder OnSteam.\r\n\r\n\ud83d\udee1\ufe0f Einlegesohle aus gepolstertem EVA-Gummi: F\u00fcr optimalen Komfort.\r\n\r\n\ud83d\udc5f Laufsohle aus langlebigem Gummi mit rutschfestem Profil: F\u00fcr dauerhaften und sicheren Halt.\r\n\r\n\ud83c\uddf5\ud83c\uddf9 Mit gro\u00dfer Sorgfalt in Portugal gefertigt: Ein Zeichen f\u00fcr Qualit\u00e4t und Handwerkskunst.","entretien":"1. Reinigen Sie die Schuhe mit einem in Seifenwasser getr\u00e4nkten Tuch.\r\n\r\n2. Verwenden Sie f\u00fcr hartn\u00e4ckige Flecken eine weiche Schuhb\u00fcrste, ebenfalls in Seifenwasser getr\u00e4nkt, und reiben Sie sanft in kreisenden Bewegungen.\r\n\r\n3. Entfernen Sie die Seife mit einem feuchten Tuch.\r\n\r\n4. Lassen Sie die Schuhe 24 Stunden lang an der Luft trocknen, ohne sie direkter Sonneneinstrahlung auszusetzen.Achtung:\r\n\r\n- Verwenden Sie keine Reinigungscreme.\r\n\r\n- Geben Sie Ihre Schuhe nicht in die Waschmaschine.\r\n\r\n- Tauchen Sie sie nicht in Wasser ein, da sie irreparable Sch\u00e4den erleiden k\u00f6nnten.Wenn Sie der Meinung sind, dass Ihre veganen Schuhe das Ende ihrer Lebensdauer erreicht haben oder Sie sie nicht mehr ben\u00f6tigen, \u00fcberlegen Sie, ihnen ein zweites Leben zu geben. Verwenden Sie sie auf eine andere Weise selbst oder geben Sie sie jemand anderem.","marque":""},"taxonomy_info":{"product_cat":[{"value":413,"label":"Schuhe"},{"value":414,"label":"Stiefel"}],"product_tag":[{"value":415,"label":"Herrenboutique"}],"product_brands":[{"value":685,"label":"NAE Vegan Shoes"}]},"featured_image_src_large":["https:\/\/ekomfort.lu\/wp-content\/uploads\/2023\/08\/agus-brown.jpg",700,700,false],"author_info":[],"comment_info":0,"_links":{"self":[{"href":"https:\/\/ekomfort.lu\/de\/wp-json\/wp\/v2\/product\/11795","targetHints":{"allow":["GET"]}}],"collection":[{"href":"https:\/\/ekomfort.lu\/de\/wp-json\/wp\/v2\/product"}],"about":[{"href":"https:\/\/ekomfort.lu\/de\/wp-json\/wp\/v2\/types\/product"}],"replies":[{"embeddable":true,"href":"https:\/\/ekomfort.lu\/de\/wp-json\/wp\/v2\/comments?post=11795"}],"wp:featuredmedia":[{"embeddable":true,"href":"https:\/\/ekomfort.lu\/de\/wp-json\/wp\/v2\/media\/7846"}],"wp:attachment":[{"href":"https:\/\/ekomfort.lu\/de\/wp-json\/wp\/v2\/media?parent=11795"}],"wp:term":[{"taxonomy":"product_brand","embeddable":true,"href":"https:\/\/ekomfort.lu\/de\/wp-json\/wp\/v2\/product_brand?post=11795"},{"taxonomy":"product_cat","embeddable":true,"href":"https:\/\/ekomfort.lu\/de\/wp-json\/wp\/v2\/product_cat?post=11795"},{"taxonomy":"product_tag","embeddable":true,"href":"https:\/\/ekomfort.lu\/de\/wp-json\/wp\/v2\/product_tag?post=11795"},{"taxonomy":"product_brands","embeddable":true,"href":"https:\/\/ekomfort.lu\/de\/wp-json\/wp\/v2\/product_brands?post=11795"}],"curies":[{"name":"wp","href":"https:\/\/api.w.org\/{rel}","templated":true}]}}