{"id":11777,"date":"2023-08-14T22:05:27","date_gmt":"2023-08-14T20:05:27","guid":{"rendered":"https:\/\/ekomfort.lu\/shop\/basti-brown-braune-chelsea-stiefel-aus-veganem-leder-dezente-eleganz-kombiniert-mit-ethischem-komfort"},"modified":"2024-01-20T14:01:06","modified_gmt":"2024-01-20T13:01:06","slug":"basti-brown-braune-chelsea-stiefel-aus-veganem-leder-dezente-eleganz-kombiniert-mit-ethischem-komfort","status":"publish","type":"product","link":"https:\/\/ekomfort.lu\/de\/shop\/basti-brown-braune-chelsea-stiefel-aus-veganem-leder-dezente-eleganz-kombiniert-mit-ethischem-komfort\/","title":{"rendered":"Basti Brown, braune Chelsea-Stiefel aus veganem Leder: Dezente Eleganz kombiniert mit ethischem Komfort"},"content":{"rendered":"\n<p>Haben Sie genug von Schuhen, die Schmerzen und Blasen verursachen? Sie suchen nach <strong>braune Stiefeletten<\/strong>, die sowohl raffiniert als auch umweltfreundlich sind?<\/p>\n\n\n\n<p>Machen Sie Platz f\u00fcr <strong>Basti Brown<\/strong>: der braune Chelsea-Stiefel aus hochwertigem veganem Leder, der zeitlose Mode, Komfort und \u00f6kologisches Engagement perfekt vereint.<\/p>\n\n\n\n<p>W\u00e4hlen Sie <strong>Chelsea-Schuhe Marron Basti Brown<\/strong>, Sie:<\/p>\n\n\n<style>.wp-block-kadence-iconlist.kt-svg-icon-list-items11777_84887c-1a:not(.this-stops-third-party-issues){margin-top:0px;margin-bottom:0px;}.wp-block-kadence-iconlist.kt-svg-icon-list-items11777_84887c-1a ul.kt-svg-icon-list:not(.this-prevents-issues):not(.this-stops-third-party-issues):not(.tijsloc){margin-top:0px;margin-right:0px;margin-bottom:var(--global-kb-spacing-sm, 1.5rem);margin-left:0px;}.wp-block-kadence-iconlist.kt-svg-icon-list-items11777_84887c-1a ul.kt-svg-icon-list{grid-row-gap:5px;}.wp-block-kadence-iconlist.kt-svg-icon-list-items11777_84887c-1a .kb-svg-icon-wrap{font-size:18px;color:var(--global-palette1, #3182CE);}.wp-block-kadence-iconlist.kt-svg-icon-list-items11777_84887c-1a ul.kt-svg-icon-list .kt-svg-icon-list-item-wrap .kt-svg-icon-list-single{margin-right:10px;}.kt-svg-icon-list-items11777_84887c-1a ul.kt-svg-icon-list .kt-svg-icon-list-level-0 .kt-svg-icon-list-single svg{font-size:20px;}<\/style>\n<div class=\"wp-block-kadence-iconlist kt-svg-icon-list-items kt-svg-icon-list-items11777_84887c-1a kt-svg-icon-list-columns-1 alignnone\"><ul class=\"kt-svg-icon-list\"><style>.kt-svg-icon-list-item-4435_20ec77-dd .kt-svg-icon-list-text mark.kt-highlight{background-color:unset;font-style:normal;color:#f76a0c;-webkit-box-decoration-break:clone;box-decoration-break:clone;padding-top:0px;padding-right:0px;padding-bottom:0px;padding-left:0px;}<\/style>\n<li class=\"wp-block-kadence-listitem kt-svg-icon-list-item-wrap kt-svg-icon-list-item-4435_20ec77-dd\"><span class=\"kb-svg-icon-wrap kb-svg-icon-fe_checkCircle kt-svg-icon-list-single\"><svg viewBox=\"0 0 24 24\"  fill=\"none\" stroke=\"currentColor\" stroke-width=\"3\" stroke-linecap=\"round\" stroke-linejoin=\"round\" xmlns=\"http:\/\/www.w3.org\/2000\/svg\"  aria-hidden=\"true\"><path d=\"M22 11.08V12a10 10 0 1 1-5.93-9.14\"\/><polyline points=\"22 4 12 14.01 9 11.01\"\/><\/svg><\/span><span class=\"kt-svg-icon-list-text\">Genie\u00dfen Sie den Komfort und die Frische eines hypoallergenen, atmungsaktiven und antibakteriellen Materials, das Ihre F\u00fc\u00dfe vor Reibung und unangenehmen Ger\u00fcchen sch\u00fctzt.<\/span><\/li>\n\n\n<style>.kt-svg-icon-list-item-4435_66cb81-81 .kt-svg-icon-list-text mark.kt-highlight{background-color:unset;font-style:normal;color:#f76a0c;-webkit-box-decoration-break:clone;box-decoration-break:clone;padding-top:0px;padding-right:0px;padding-bottom:0px;padding-left:0px;}<\/style>\n<li class=\"wp-block-kadence-listitem kt-svg-icon-list-item-wrap kt-svg-icon-list-item-4435_66cb81-81\"><span class=\"kb-svg-icon-wrap kb-svg-icon-fe_checkCircle kt-svg-icon-list-single\"><svg viewBox=\"0 0 24 24\"  fill=\"none\" stroke=\"currentColor\" stroke-width=\"3\" stroke-linecap=\"round\" stroke-linejoin=\"round\" xmlns=\"http:\/\/www.w3.org\/2000\/svg\"  aria-hidden=\"true\"><path d=\"M22 11.08V12a10 10 0 1 1-5.93-9.14\"\/><polyline points=\"22 4 12 14.01 9 11.01\"\/><\/svg><\/span><span class=\"kt-svg-icon-list-text\">Zeigen Sie subtile Eleganz mit einem sanft verlaufenden Design, sorgf\u00e4ltig ausgearbeiteten Konturen und einer traditionellen \u00c4sthetik.<\/span><\/li>\n\n\n<style>.kt-svg-icon-list-item-4435_15c3f3-b0 .kt-svg-icon-list-text mark.kt-highlight{background-color:unset;font-style:normal;color:#f76a0c;-webkit-box-decoration-break:clone;box-decoration-break:clone;padding-top:0px;padding-right:0px;padding-bottom:0px;padding-left:0px;}<\/style>\n<li class=\"wp-block-kadence-listitem kt-svg-icon-list-item-wrap kt-svg-icon-list-item-4435_15c3f3-b0\"><span class=\"kb-svg-icon-wrap kb-svg-icon-fe_checkCircle kt-svg-icon-list-single\"><svg viewBox=\"0 0 24 24\"  fill=\"none\" stroke=\"currentColor\" stroke-width=\"3\" stroke-linecap=\"round\" stroke-linejoin=\"round\" xmlns=\"http:\/\/www.w3.org\/2000\/svg\"  aria-hidden=\"true\"><path d=\"M22 11.08V12a10 10 0 1 1-5.93-9.14\"\/><polyline points=\"22 4 12 14.01 9 11.01\"\/><\/svg><\/span><span class=\"kt-svg-icon-list-text\">Machen Sie eine verantwortungsvolle Geste, indem Sie Stiefeletten aus wasserabweisendem und langlebigem veganem Leder tragen.<\/span><\/li>\n<\/ul><\/div>\n\n\n\n<p>ohne Schmerzen, ohne \u00fcberm\u00e4\u00dfiges Schwitzen, ohne Tierqu\u00e4lerei&#8230;<\/p>\n\n\n\n<p>F\u00fcr weniger als den Preis eines Paares brauner Chelsea-Stiefel renommierter Marken entscheiden Sie sich f\u00fcr verantwortungsvolle Eleganz, die Sie durch jede Saison begleiten wird.<\/p>\n\n\n\n<p>Sind Sie bereit, diesen mit Respekt vor Tieren und der Umwelt neu erfundenen Klassiker in Ihrer Garderobe willkommen zu hei\u00dfen? Der <strong>Basti Brown<\/strong> sind sehr gefragt, also nutzen Sie jetzt diese ethische Luxuschance.<\/p>\n","protected":false},"excerpt":{"rendered":"<p>Haben Sie genug von Schuhen, die Schmerzen und Blasen verursachen? Sie suchen nach braune Stiefeletten, die sowohl raffiniert als auch umweltfreundlich sind? Machen Sie Platz f\u00fcr Basti Brown: der braune Chelsea-Stiefel aus hochwertigem veganem Leder, der zeitlose Mode, Komfort und \u00f6kologisches Engagement perfekt vereint. W\u00e4hlen Sie Chelsea-Schuhe Marron Basti Brown, Sie: ohne Schmerzen, ohne \u00fcberm\u00e4\u00dfiges&#8230;<\/p>\n","protected":false},"featured_media":7972,"comment_status":"open","ping_status":"closed","template":"","meta":{"_acf_changed":false,"_kad_blocks_custom_css":"","_kad_blocks_head_custom_js":"","_kad_blocks_body_custom_js":"","_kad_blocks_footer_custom_js":"","_kad_post_transparent":"","_kad_post_title":"","_kad_post_layout":"","_kad_post_sidebar_id":"","_kad_post_content_style":"","_kad_post_vertical_padding":"","_kad_post_feature":"","_kad_post_feature_position":"","_kad_post_header":false,"_kad_post_footer":false,"_kad_post_classname":""},"product_brand":[],"product_cat":[413,414],"product_tag":[415],"product_brands":[685],"class_list":{"0":"post-11777","1":"product","2":"type-product","3":"status-publish","4":"has-post-thumbnail","6":"product_cat-schuhe-fuer-maenner-und-frauen","7":"product_cat-stiefel","8":"product_tag-mann","9":"product_brands-nae-vegan-shoes-de","11":"first","12":"outofstock","13":"taxable","14":"shipping-taxable","15":"purchasable","16":"product-type-variable","17":"has-default-attributes","18":"entry","19":"content-bg","20":"loop-entry"},"acf":{"avantages":"\u2728 Schaft und Futter aus umweltfreundlicher Mikrofaser, bieten eine umweltfreundliche Wahl und gew\u00e4hrleisten gleichzeitig die Gesundheit Ihrer F\u00fc\u00dfe.\r\n\r\n\ud83d\udca6 Wasserfest, um Sie vor Feuchtigkeit zu sch\u00fctzen.\r\n\r\n\ud83c\udf2c\ufe0f Atmungsaktiv f\u00fcr optimale Luftzirkulation und frische, trockene F\u00fc\u00dfe.\r\n\r\n\ud83c\udf31 Antimikrobiell und hypoallergen f\u00fcr perfekte Hygiene und minimierte allergische Reaktionen.\r\n\r\n\ud83e\ude7a Gepolsterte Innensohle aus feuchtigkeitsabweisendem EVA-Gummi f\u00fcr ultimativen Komfort und Schutz.\r\n\r\n\ud83d\udc63 Au\u00dfensohle aus Neolite-Gummi f\u00fcr \u00fcberlegene Haftung und Haltbarkeit.\r\n\r\n\u2696\ufe0f Flacher Absatz von 2,5 cm f\u00fcr perfekten Komfort und Stabilit\u00e4t.\r\n\r\n\ud83d\udd17 Elastische Seitengurte aus Elasthan f\u00fcr eine perfekte Passform.\r\n\r\n\ud83c\uddf5\ud83c\uddf9 Mit Sorgfalt in Portugal unter Einhaltung von Umweltstandards und fairen Arbeitsbedingungen hergestellt.","entretien":"1. Entfernen Sie Staub und Schmutz von Ihren veganen Stiefeln mit einem trockenen Tuch.\r\n\r\n2. Reinigen Sie sie mit einem in Seifenwasser getr\u00e4nkten Tuch. Tauchen Sie sie niemals vollst\u00e4ndig ein, da dies zu irreparablen Sch\u00e4den f\u00fchren k\u00f6nnte.\r\n\r\n3. Lassen Sie sie 24 Stunden lang nat\u00fcrlich trocknen.\r\n\r\n4. Die Anwendung einer neutralen Poliercreme wird dringend empfohlen. Tragen Sie eine kleine Menge mit einem trockenen, weichen Tuch auf und reiben Sie sie sparsam mit kreisenden Bewegungen auf den Stoff, bis das Wachs vollst\u00e4ndig eingezogen ist.\r\n\r\n5. Lassen Sie sie nach dem Auftragen 24 Stunden lang nat\u00fcrlich trocknen.Produktlebensdauer:Wenn Ihre veganen Stiefel das Ende ihrer Lebensdauer erreicht haben oder Sie sie nicht mehr ben\u00f6tigen, erw\u00e4gen Sie, ihnen ein zweites Leben zu geben. Verwenden Sie sie auf eine andere Weise selbst oder geben Sie sie jemand anderem.","marque":""},"taxonomy_info":{"product_cat":[{"value":413,"label":"Schuhe"},{"value":414,"label":"Stiefel"}],"product_tag":[{"value":415,"label":"Herrenboutique"}],"product_brands":[{"value":685,"label":"NAE Vegan Shoes"}]},"featured_image_src_large":["https:\/\/ekomfort.lu\/wp-content\/uploads\/2023\/08\/basti-brown-1024x1024.jpg",1024,1024,true],"author_info":[],"comment_info":0,"_links":{"self":[{"href":"https:\/\/ekomfort.lu\/de\/wp-json\/wp\/v2\/product\/11777","targetHints":{"allow":["GET"]}}],"collection":[{"href":"https:\/\/ekomfort.lu\/de\/wp-json\/wp\/v2\/product"}],"about":[{"href":"https:\/\/ekomfort.lu\/de\/wp-json\/wp\/v2\/types\/product"}],"replies":[{"embeddable":true,"href":"https:\/\/ekomfort.lu\/de\/wp-json\/wp\/v2\/comments?post=11777"}],"wp:featuredmedia":[{"embeddable":true,"href":"https:\/\/ekomfort.lu\/de\/wp-json\/wp\/v2\/media\/7972"}],"wp:attachment":[{"href":"https:\/\/ekomfort.lu\/de\/wp-json\/wp\/v2\/media?parent=11777"}],"wp:term":[{"taxonomy":"product_brand","embeddable":true,"href":"https:\/\/ekomfort.lu\/de\/wp-json\/wp\/v2\/product_brand?post=11777"},{"taxonomy":"product_cat","embeddable":true,"href":"https:\/\/ekomfort.lu\/de\/wp-json\/wp\/v2\/product_cat?post=11777"},{"taxonomy":"product_tag","embeddable":true,"href":"https:\/\/ekomfort.lu\/de\/wp-json\/wp\/v2\/product_tag?post=11777"},{"taxonomy":"product_brands","embeddable":true,"href":"https:\/\/ekomfort.lu\/de\/wp-json\/wp\/v2\/product_brands?post=11777"}],"curies":[{"name":"wp","href":"https:\/\/api.w.org\/{rel}","templated":true}]}}