{"id":11772,"date":"2023-08-14T22:54:25","date_gmt":"2023-08-14T20:54:25","guid":{"rendered":"https:\/\/ekomfort.lu\/shop\/beltalp-schwarzer-herrenguertel-eine-kombination-aus-eleganz-und-ethik-mit-voelliger-einfachheit"},"modified":"2024-07-01T12:11:04","modified_gmt":"2024-07-01T10:11:04","slug":"beltalp-schwarzer-herrenguertel-eine-kombination-aus-eleganz-und-ethik-mit-voelliger-einfachheit","status":"publish","type":"product","link":"https:\/\/ekomfort.lu\/de\/shop\/beltalp-schwarzer-herrenguertel-eine-kombination-aus-eleganz-und-ethik-mit-voelliger-einfachheit\/","title":{"rendered":"BeltAlp Schwarzer Herreng\u00fcrtel: Eine Kombination aus Eleganz und Ethik mit v\u00f6lliger Einfachheit"},"content":{"rendered":"\n<p>Sie suchen einen <strong>Schwarzes M\u00e4nner-Cocktail<\/strong>, um Ihren Reiz zu verfeinern? Sie m\u00f6chten Ihre ethischen und \u00f6kologischen \u00dcberzeugungen nicht zugunsten der Mode aufgeben?<\/p>\n\n\n\n<p>Wagen Sie es, au\u00dfergew\u00f6hnlich zu sein mit dem <strong>BelTalp-Schwarzg\u00fcrtel<\/strong>: ein <strong>Wendeg\u00fcrtel f\u00fcr Herren<\/strong> aus veganer Mikrofaser, der Ihrem Stil einen Hauch zeitgen\u00f6ssischer Eleganz verleiht und gleichzeitig Ihre tiefen Werte respektiert.<\/p>\n\n\n\n<p>W\u00e4hlen Sie die <strong>Ceinture BelTalp Noire<\/strong>:<\/p>\n\n\n<style>.wp-block-kadence-iconlist.kt-svg-icon-list-items11772_be0dc2-a2:not(.this-stops-third-party-issues){margin-top:0px;margin-bottom:0px;}.wp-block-kadence-iconlist.kt-svg-icon-list-items11772_be0dc2-a2 ul.kt-svg-icon-list:not(.this-prevents-issues):not(.this-stops-third-party-issues):not(.tijsloc){margin-top:0px;margin-right:0px;margin-bottom:var(--global-kb-spacing-sm, 1.5rem);margin-left:0px;}.wp-block-kadence-iconlist.kt-svg-icon-list-items11772_be0dc2-a2 ul.kt-svg-icon-list{grid-row-gap:5px;}.wp-block-kadence-iconlist.kt-svg-icon-list-items11772_be0dc2-a2 .kb-svg-icon-wrap{font-size:18px;color:var(--global-palette1, #3182CE);}.wp-block-kadence-iconlist.kt-svg-icon-list-items11772_be0dc2-a2 ul.kt-svg-icon-list .kt-svg-icon-list-item-wrap .kt-svg-icon-list-single{margin-right:10px;}.kt-svg-icon-list-items11772_be0dc2-a2 ul.kt-svg-icon-list .kt-svg-icon-list-level-0 .kt-svg-icon-list-single svg{font-size:20px;}<\/style>\n<div class=\"wp-block-kadence-iconlist kt-svg-icon-list-items kt-svg-icon-list-items11772_be0dc2-a2 kt-svg-icon-list-columns-1 alignnone\"><ul class=\"kt-svg-icon-list\"><style>.kt-svg-icon-list-item-4444_38f007-0f .kt-svg-icon-list-text mark.kt-highlight{background-color:unset;font-style:normal;color:#f76a0c;-webkit-box-decoration-break:clone;box-decoration-break:clone;padding-top:0px;padding-right:0px;padding-bottom:0px;padding-left:0px;}<\/style>\n<li class=\"wp-block-kadence-listitem kt-svg-icon-list-item-wrap kt-svg-icon-list-item-4444_38f007-0f\"><span class=\"kb-svg-icon-wrap kb-svg-icon-fe_checkCircle kt-svg-icon-list-single\"><svg viewBox=\"0 0 24 24\"  fill=\"none\" stroke=\"currentColor\" stroke-width=\"3\" stroke-linecap=\"round\" stroke-linejoin=\"round\" xmlns=\"http:\/\/www.w3.org\/2000\/svg\"  aria-hidden=\"true\"><path d=\"M22 11.08V12a10 10 0 1 1-5.93-9.14\"\/><polyline points=\"22 4 12 14.01 9 11.01\"\/><\/svg><\/span><span class=\"kt-svg-icon-list-text\">Werten Sie Ihre Outfits mit seinem modernen Design und seiner Schnalle auf <strong>nickelfrei<\/strong>, das im Licht funkelt.<\/span><\/li>\n\n\n<style>.kt-svg-icon-list-item-4444_e1c5d5-04 .kt-svg-icon-list-text mark.kt-highlight{background-color:unset;font-style:normal;color:#f76a0c;-webkit-box-decoration-break:clone;box-decoration-break:clone;padding-top:0px;padding-right:0px;padding-bottom:0px;padding-left:0px;}<\/style>\n<li class=\"wp-block-kadence-listitem kt-svg-icon-list-item-wrap kt-svg-icon-list-item-4444_e1c5d5-04\"><span class=\"kb-svg-icon-wrap kb-svg-icon-fe_checkCircle kt-svg-icon-list-single\"><svg viewBox=\"0 0 24 24\"  fill=\"none\" stroke=\"currentColor\" stroke-width=\"3\" stroke-linecap=\"round\" stroke-linejoin=\"round\" xmlns=\"http:\/\/www.w3.org\/2000\/svg\"  aria-hidden=\"true\"><path d=\"M22 11.08V12a10 10 0 1 1-5.93-9.14\"\/><polyline points=\"22 4 12 14.01 9 11.01\"\/><\/svg><\/span><span class=\"kt-svg-icon-list-text\">Lassen Sie sich von der Vielseitigkeit eines Wendeg\u00fcrtels verf\u00fchren, der zwei Stile in einem einzigen Accessoire bietet: eine tiefschwarze Seite und eine k\u00f6nigsblaue Seite, um Ihren Look je nach Stimmung zu variieren.<\/span><\/li>\n\n\n<style>.kt-svg-icon-list-item-4444_91a5a5-b2 .kt-svg-icon-list-text mark.kt-highlight{background-color:unset;font-style:normal;color:#f76a0c;-webkit-box-decoration-break:clone;box-decoration-break:clone;padding-top:0px;padding-right:0px;padding-bottom:0px;padding-left:0px;}<\/style>\n<li class=\"wp-block-kadence-listitem kt-svg-icon-list-item-wrap kt-svg-icon-list-item-4444_91a5a5-b2\"><span class=\"kb-svg-icon-wrap kb-svg-icon-fe_checkCircle kt-svg-icon-list-single\"><svg viewBox=\"0 0 24 24\"  fill=\"none\" stroke=\"currentColor\" stroke-width=\"3\" stroke-linecap=\"round\" stroke-linejoin=\"round\" xmlns=\"http:\/\/www.w3.org\/2000\/svg\"  aria-hidden=\"true\"><path d=\"M22 11.08V12a10 10 0 1 1-5.93-9.14\"\/><polyline points=\"22 4 12 14.01 9 11.01\"\/><\/svg><\/span><span class=\"kt-svg-icon-list-text\">Zeigen Sie Ihr Engagement f\u00fcr die Umwelt mit diesem veganen Lederg\u00fcrtel, der Robustheit, Umweltschutz und Raffinesse vereint.<\/span><\/li>\n<\/ul><\/div>\n\n\n\n<p>Tierversuchsfrei, allergenfrei, einfach stilvoll&#8230;<\/p>\n\n\n\n<p>Und das alles zu einem erschwinglichen Preis, ohne Kompromisse bei Qualit\u00e4t und Innovation.<\/p>\n\n\n\n<p>Sind Sie also bereit, sich der umweltbewussten Moderevolution anzuschlie\u00dfen? La <strong>Ceinture Homme BelTalp Black<\/strong> ist unkontrollierbar und die Best\u00e4nde nehmen immer schneller ab. Bestellen Sie jetzt!<\/p>\n","protected":false},"excerpt":{"rendered":"<p>Sie suchen einen Schwarzes M\u00e4nner-Cocktail, um Ihren Reiz zu verfeinern? Sie m\u00f6chten Ihre ethischen und \u00f6kologischen \u00dcberzeugungen nicht zugunsten der Mode aufgeben? Wagen Sie es, au\u00dfergew\u00f6hnlich zu sein mit dem BelTalp-Schwarzg\u00fcrtel: ein Wendeg\u00fcrtel f\u00fcr Herren aus veganer Mikrofaser, der Ihrem Stil einen Hauch zeitgen\u00f6ssischer Eleganz verleiht und gleichzeitig Ihre tiefen Werte respektiert. W\u00e4hlen Sie die&#8230;<\/p>\n","protected":false},"featured_media":8006,"comment_status":"open","ping_status":"closed","template":"","meta":{"_acf_changed":false,"_kad_blocks_custom_css":"","_kad_blocks_head_custom_js":"","_kad_blocks_body_custom_js":"","_kad_blocks_footer_custom_js":"","_kad_post_transparent":"","_kad_post_title":"","_kad_post_layout":"","_kad_post_sidebar_id":"","_kad_post_content_style":"","_kad_post_vertical_padding":"","_kad_post_feature":"","_kad_post_feature_position":"","_kad_post_header":false,"_kad_post_footer":false,"_kad_post_classname":""},"product_brand":[],"product_cat":[454,491],"product_tag":[415],"product_brands":[],"class_list":{"0":"post-11772","1":"product","2":"type-product","3":"status-publish","4":"has-post-thumbnail","6":"product_cat-accessoires-de","7":"product_cat-gurtel","8":"product_tag-mann","10":"first","11":"outofstock","12":"taxable","13":"shipping-taxable","14":"purchasable","15":"product-type-variable","16":"has-default-attributes","17":"entry","18":"content-bg","19":"loop-entry"},"acf":{"avantages":"\ud83c\udf3f Zusammensetzung: Hergestellt aus 100% Mikrofaser, einem umweltfreundlichen synthetischen Material.\r\n\r\n\ud83d\udd11 Nickelfreie silberne Schnalle f\u00fcr Oxidationsbest\u00e4ndigkeit und Minimierung von Allergierisiken.\r\n\r\n\ud83c\udf08 Wendbar, mit einer klassischen schwarzen Seite und einer braunen Seite f\u00fcr mehr Vielseitigkeit.\ud83c\uddea\ud83c\uddf8 Handgefertigt in Spanien, um traditionelles Fachwissen und Qualit\u00e4t zu betonen.\r\n\r\n\ud83d\udcbc Umweltfreundlicher Modeg\u00fcrtel f\u00fcr M\u00e4nner, der Stil und Umweltschutz vereint.","entretien":"Reinigen Sie Ihre Schuhe mit einem Tuch, das mit Wasser und Seife getr\u00e4nkt ist. Lassen Sie sie vor der Anwendung trocknen. Das Auftragen von Schuhcreme wird dringend empfohlen. Tragen Sie eine kleine Menge mit einem trockenen und weichen Tuch auf und reiben Sie sie sparsam mit kreisenden Bewegungen auf das Material. Lassen Sie sie nach dem Auftragen 24 Stunden lang nat\u00fcrlich trocknen.Produktnutzungsdauer:Wenn Sie der Meinung sind, dass Ihr Artikel seine Zeit hinter sich hat oder Sie ihn nicht mehr ben\u00f6tigen, \u00fcberlegen Sie, ihm ein zweites Leben zu schenken. Sie k\u00f6nnen sich auch einen neuen Artikel f\u00fcr sich selbst besorgen oder ihn verschenken.","marque":""},"taxonomy_info":{"product_cat":[{"value":454,"label":"Accessoires"},{"value":491,"label":"G\u00fcrtel"}],"product_tag":[{"value":415,"label":"Herrenboutique"}]},"featured_image_src_large":["https:\/\/ekomfort.lu\/wp-content\/uploads\/2023\/08\/ceinture-homme-cuir-1024x1024.jpg",1024,1024,true],"author_info":[],"comment_info":0,"_links":{"self":[{"href":"https:\/\/ekomfort.lu\/de\/wp-json\/wp\/v2\/product\/11772","targetHints":{"allow":["GET"]}}],"collection":[{"href":"https:\/\/ekomfort.lu\/de\/wp-json\/wp\/v2\/product"}],"about":[{"href":"https:\/\/ekomfort.lu\/de\/wp-json\/wp\/v2\/types\/product"}],"replies":[{"embeddable":true,"href":"https:\/\/ekomfort.lu\/de\/wp-json\/wp\/v2\/comments?post=11772"}],"wp:featuredmedia":[{"embeddable":true,"href":"https:\/\/ekomfort.lu\/de\/wp-json\/wp\/v2\/media\/8006"}],"wp:attachment":[{"href":"https:\/\/ekomfort.lu\/de\/wp-json\/wp\/v2\/media?parent=11772"}],"wp:term":[{"taxonomy":"product_brand","embeddable":true,"href":"https:\/\/ekomfort.lu\/de\/wp-json\/wp\/v2\/product_brand?post=11772"},{"taxonomy":"product_cat","embeddable":true,"href":"https:\/\/ekomfort.lu\/de\/wp-json\/wp\/v2\/product_cat?post=11772"},{"taxonomy":"product_tag","embeddable":true,"href":"https:\/\/ekomfort.lu\/de\/wp-json\/wp\/v2\/product_tag?post=11772"},{"taxonomy":"product_brands","embeddable":true,"href":"https:\/\/ekomfort.lu\/de\/wp-json\/wp\/v2\/product_brands?post=11772"}],"curies":[{"name":"wp","href":"https:\/\/api.w.org\/{rel}","templated":true}]}}