{"id":11759,"date":"2023-08-14T23:18:14","date_gmt":"2023-08-14T21:18:14","guid":{"rendered":"https:\/\/ekomfort.lu\/shop\/beltbaga-beige-von-nae-der-damenguertel-aus-veganem-leder-fuer-alltaegliche-ethische-eleganz"},"modified":"2024-07-01T12:11:05","modified_gmt":"2024-07-01T10:11:05","slug":"beltbaga-beige-von-nae-der-damenguertel-aus-veganem-leder-fuer-alltaegliche-ethische-eleganz","status":"publish","type":"product","link":"https:\/\/ekomfort.lu\/de\/shop\/beltbaga-beige-von-nae-der-damenguertel-aus-veganem-leder-fuer-alltaegliche-ethische-eleganz\/","title":{"rendered":"BeltBaga Beige von Nae: Der Dameng\u00fcrtel aus veganem Leder f\u00fcr allt\u00e4gliche ethische Eleganz"},"content":{"rendered":"\n<p>Sie sind auf der Suche nach einem trendigen Accessoire, das Ihr Outfit perfektioniert und gleichzeitig Ihr Engagement f\u00fcr einen ethisch engagierten Lebensstil widerspiegelt? Sie m\u00f6chten einen <strong>schwarzer Dameng\u00fcrtel<\/strong>, der Minimalismus, Eleganz und Haltbarkeit vereint?<\/p>\n\n\n\n<p>Finden Sie es heraus von <strong><strong>BeltBaga Beige<\/strong><\/strong>, ein feiner G\u00fcrtel f\u00fcr eine vegane Frau, der Subtilit\u00e4t, Raffinesse und Respekt vor unserem sch\u00f6nen Planeten vereint.<\/p>\n\n\n\n<p>Sie haben die Wahl zwischen <strong>BeltBaga Beige<\/strong> und :<\/p>\n\n\n<style>.wp-block-kadence-iconlist.kt-svg-icon-list-items11759_652918-ee:not(.this-stops-third-party-issues){margin-top:0px;margin-bottom:0px;}.wp-block-kadence-iconlist.kt-svg-icon-list-items11759_652918-ee ul.kt-svg-icon-list:not(.this-prevents-issues):not(.this-stops-third-party-issues):not(.tijsloc){margin-top:0px;margin-right:0px;margin-bottom:var(--global-kb-spacing-sm, 1.5rem);margin-left:0px;}.wp-block-kadence-iconlist.kt-svg-icon-list-items11759_652918-ee ul.kt-svg-icon-list{grid-row-gap:5px;}.wp-block-kadence-iconlist.kt-svg-icon-list-items11759_652918-ee .kb-svg-icon-wrap{font-size:18px;color:var(--global-palette1, #3182CE);}.wp-block-kadence-iconlist.kt-svg-icon-list-items11759_652918-ee ul.kt-svg-icon-list .kt-svg-icon-list-item-wrap .kt-svg-icon-list-single{margin-right:10px;}.kt-svg-icon-list-items11759_652918-ee ul.kt-svg-icon-list .kt-svg-icon-list-level-0 .kt-svg-icon-list-single svg{font-size:20px;}<\/style>\n<div class=\"wp-block-kadence-iconlist kt-svg-icon-list-items kt-svg-icon-list-items11759_652918-ee kt-svg-icon-list-columns-1 alignnone\"><ul class=\"kt-svg-icon-list\"><style>.kt-svg-icon-list-item-4449_46ecfe-74 .kt-svg-icon-list-text mark.kt-highlight{background-color:unset;font-style:normal;color:#f76a0c;-webkit-box-decoration-break:clone;box-decoration-break:clone;padding-top:0px;padding-right:0px;padding-bottom:0px;padding-left:0px;}<\/style>\n<li class=\"wp-block-kadence-listitem kt-svg-icon-list-item-wrap kt-svg-icon-list-item-4449_46ecfe-74\"><span class=\"kb-svg-icon-wrap kb-svg-icon-fe_checkCircle kt-svg-icon-list-single\"><svg viewBox=\"0 0 24 24\"  fill=\"none\" stroke=\"currentColor\" stroke-width=\"3\" stroke-linecap=\"round\" stroke-linejoin=\"round\" xmlns=\"http:\/\/www.w3.org\/2000\/svg\"  aria-hidden=\"true\"><path d=\"M22 11.08V12a10 10 0 1 1-5.93-9.14\"\/><polyline points=\"22 4 12 14.01 9 11.01\"\/><\/svg><\/span><span class=\"kt-svg-icon-list-text\">Verleihen Sie Ihren Outfits ein beruhigendes Gef\u00fchl dank der weichen Textur von veganem Nobuk, einem innovativen, wasserbest\u00e4ndigen und leichten Material.<\/span><\/li>\n\n\n<style>.kt-svg-icon-list-item-4449_999c9d-b3 .kt-svg-icon-list-text mark.kt-highlight{background-color:unset;font-style:normal;color:#f76a0c;-webkit-box-decoration-break:clone;box-decoration-break:clone;padding-top:0px;padding-right:0px;padding-bottom:0px;padding-left:0px;}<\/style>\n<li class=\"wp-block-kadence-listitem kt-svg-icon-list-item-wrap kt-svg-icon-list-item-4449_999c9d-b3\"><span class=\"kb-svg-icon-wrap kb-svg-icon-fe_checkCircle kt-svg-icon-list-single\"><svg viewBox=\"0 0 24 24\"  fill=\"none\" stroke=\"currentColor\" stroke-width=\"3\" stroke-linecap=\"round\" stroke-linejoin=\"round\" xmlns=\"http:\/\/www.w3.org\/2000\/svg\"  aria-hidden=\"true\"><path d=\"M22 11.08V12a10 10 0 1 1-5.93-9.14\"\/><polyline points=\"22 4 12 14.01 9 11.01\"\/><\/svg><\/span><span class=\"kt-svg-icon-list-text\">Kleiden Sie sich mit einem <strong>trendiger Dameng\u00fcrtel<\/strong> zugleich elegant und diskret, mit seinem d\u00fcnnen 2 cm Riemen, seinem schlichten Design und seiner dezent geschwungenen Spitze.<\/span><\/li>\n\n\n<style>.kt-svg-icon-list-item-4449_1aed9b-99 .kt-svg-icon-list-text mark.kt-highlight{background-color:unset;font-style:normal;color:#f76a0c;-webkit-box-decoration-break:clone;box-decoration-break:clone;padding-top:0px;padding-right:0px;padding-bottom:0px;padding-left:0px;}<\/style>\n<li class=\"wp-block-kadence-listitem kt-svg-icon-list-item-wrap kt-svg-icon-list-item-4449_1aed9b-99\"><span class=\"kb-svg-icon-wrap kb-svg-icon-fe_checkCircle kt-svg-icon-list-single\"><svg viewBox=\"0 0 24 24\"  fill=\"none\" stroke=\"currentColor\" stroke-width=\"3\" stroke-linecap=\"round\" stroke-linejoin=\"round\" xmlns=\"http:\/\/www.w3.org\/2000\/svg\"  aria-hidden=\"true\"><path d=\"M22 11.08V12a10 10 0 1 1-5.93-9.14\"\/><polyline points=\"22 4 12 14.01 9 11.01\"\/><\/svg><\/span><span class=\"kt-svg-icon-list-text\">Pr\u00e4sentieren Sie stolz ein umweltbewusstes Accessoire, das ohne Tierqu\u00e4lerei und aus hochwertigen Materialien hergestellt wurde.<\/span><\/li>\n<\/ul><\/div>\n\n\n\n<p>Keine Schadstoffe, keine Tierqu\u00e4lerei, einfach unvergleichlicher Stil&#8230;<\/p>\n\n\n\n<p>Bewerten Sie die Kosten eines Standard-Lederg\u00fcrtels neu, indem Sie die Qualit\u00e4t, Ethik und Umweltauswirkungen unserer veganen Alternativen vergleichen.<\/p>\n\n\n\n<p>Sind Sie also bereit, eine fundierte und elegante Modewahl zu treffen? Keine Sorge, unsere Aktien von <strong>BeltBaga Beige<\/strong> wird schnell geliefert!<\/p>\n","protected":false},"excerpt":{"rendered":"<p>Sie sind auf der Suche nach einem trendigen Accessoire, das Ihr Outfit perfektioniert und gleichzeitig Ihr Engagement f\u00fcr einen ethisch engagierten Lebensstil widerspiegelt? Sie m\u00f6chten einen schwarzer Dameng\u00fcrtel, der Minimalismus, Eleganz und Haltbarkeit vereint? Finden Sie es heraus von BeltBaga Beige, ein feiner G\u00fcrtel f\u00fcr eine vegane Frau, der Subtilit\u00e4t, Raffinesse und Respekt vor unserem&#8230;<\/p>\n","protected":false},"featured_media":7984,"comment_status":"open","ping_status":"closed","template":"","meta":{"_acf_changed":false,"_kad_blocks_custom_css":"","_kad_blocks_head_custom_js":"","_kad_blocks_body_custom_js":"","_kad_blocks_footer_custom_js":"","_kad_post_transparent":"","_kad_post_title":"","_kad_post_layout":"","_kad_post_sidebar_id":"","_kad_post_content_style":"","_kad_post_vertical_padding":"","_kad_post_feature":"","_kad_post_feature_position":"","_kad_post_header":false,"_kad_post_footer":false,"_kad_post_classname":""},"product_brand":[],"product_cat":[454,491],"product_tag":[447],"product_brands":[685],"class_list":{"0":"post-11759","1":"product","2":"type-product","3":"status-publish","4":"has-post-thumbnail","6":"product_cat-accessoires-de","7":"product_cat-gurtel","8":"product_tag-frau","9":"product_brands-nae-vegan-shoes-de","11":"first","12":"outofstock","13":"taxable","14":"shipping-taxable","15":"purchasable","16":"product-type-variable","17":"has-default-attributes","18":"entry","19":"content-bg","20":"loop-entry"},"acf":{"avantages":"\ud83c\udf3f Riemen aus umweltfreundlichem veganem Nobuk-Mikrofaser: Umweltfreundlich, hypoallergen, antibakteriell und antimikrobiell.\r\n\r\n\u2622\ufe0f Frei von giftigen Produkten: Ein sicherer Schuh ohne sch\u00e4dliche Inhaltsstoffe.\r\n\r\n\ud83e\ude78 Hypoallergen, antibakteriell und antimikrobiell: Gew\u00e4hrleistung optimaler Hygiene und Reduzierung allergischer Reaktionen.\r\n\r\n\ud83c\udf0d Umweltfreundlicher Herstellungsprozess: Reduzierter Wasserverbrauch, geringerer Energieverbrauch, minimierte CO2-Emissionen.\r\n\r\n\ud83d\udd17 Quadratische Schnalle mit nickelfreiem silberfarbenem Metallstift: \u00c4sthetisch und allergiefrei.\r\n\r\n\ud83d\udc4c Leicht gebogene Zehenkappe: Perfekte Passform und erh\u00f6hter Komfort.\r\n\r\n\ud83d\udccf Riemenbreite von 2 cm: Die perfekte Balance zwischen Stil und Komfort.","entretien":"1. Reinigen Sie das Produkt mit einem in Seifenwasser getr\u00e4nkten Tuch.\r\n\r\n2. Verwenden Sie f\u00fcr hartn\u00e4ckige Flecken eine weiche Schuhb\u00fcrste, ebenfalls in Seifenwasser getr\u00e4nkt, und reiben Sie sanft in kreisenden Bewegungen.\r\n\r\n3. Entfernen Sie die Seife mit einem feuchten Tuch.\r\n\r\n4. Lassen Sie das Produkt 24 Stunden lang an der Luft trocknen, ohne es direkter Sonneneinstrahlung auszusetzen.Achtung:\r\n\r\n- Verwenden Sie keine Reinigungscreme.\r\n\r\n- Geben Sie das Produkt nicht in die Waschmaschine.\r\n\r\n- Tauchen Sie es nicht in Wasser ein, da es irreparable Sch\u00e4den erleiden k\u00f6nnte.Wenn Sie der Meinung sind, dass Ihre veganen Schuhe das Ende ihrer Lebensdauer erreicht haben oder Sie sie nicht mehr ben\u00f6tigen, \u00fcberlegen Sie, ihnen ein zweites Leben zu geben. Verwenden Sie sie auf eine andere Weise selbst oder geben Sie sie jemand anderem.","marque":""},"taxonomy_info":{"product_cat":[{"value":454,"label":"Accessoires"},{"value":491,"label":"G\u00fcrtel"}],"product_tag":[{"value":447,"label":"Damenboutique"}],"product_brands":[{"value":685,"label":"NAE Vegan Shoes"}]},"featured_image_src_large":["https:\/\/ekomfort.lu\/wp-content\/uploads\/2023\/08\/beltbaga-beige-1024x1024.jpg",1024,1024,true],"author_info":[],"comment_info":0,"_links":{"self":[{"href":"https:\/\/ekomfort.lu\/de\/wp-json\/wp\/v2\/product\/11759","targetHints":{"allow":["GET"]}}],"collection":[{"href":"https:\/\/ekomfort.lu\/de\/wp-json\/wp\/v2\/product"}],"about":[{"href":"https:\/\/ekomfort.lu\/de\/wp-json\/wp\/v2\/types\/product"}],"replies":[{"embeddable":true,"href":"https:\/\/ekomfort.lu\/de\/wp-json\/wp\/v2\/comments?post=11759"}],"wp:featuredmedia":[{"embeddable":true,"href":"https:\/\/ekomfort.lu\/de\/wp-json\/wp\/v2\/media\/7984"}],"wp:attachment":[{"href":"https:\/\/ekomfort.lu\/de\/wp-json\/wp\/v2\/media?parent=11759"}],"wp:term":[{"taxonomy":"product_brand","embeddable":true,"href":"https:\/\/ekomfort.lu\/de\/wp-json\/wp\/v2\/product_brand?post=11759"},{"taxonomy":"product_cat","embeddable":true,"href":"https:\/\/ekomfort.lu\/de\/wp-json\/wp\/v2\/product_cat?post=11759"},{"taxonomy":"product_tag","embeddable":true,"href":"https:\/\/ekomfort.lu\/de\/wp-json\/wp\/v2\/product_tag?post=11759"},{"taxonomy":"product_brands","embeddable":true,"href":"https:\/\/ekomfort.lu\/de\/wp-json\/wp\/v2\/product_brands?post=11759"}],"curies":[{"name":"wp","href":"https:\/\/api.w.org\/{rel}","templated":true}]}}