{"id":11740,"date":"2023-08-16T12:17:07","date_gmt":"2023-08-16T10:17:07","guid":{"rendered":"https:\/\/ekomfort.lu\/shop\/duenner-schwarzer-guertel-fuer-damen-beltbaga-black-von-nae-das-schicke-und-umweltfreundliche-accessoire-fuer-den-alltag"},"modified":"2024-07-01T12:06:58","modified_gmt":"2024-07-01T10:06:58","slug":"duenner-schwarzer-guertel-fuer-damen-beltbaga-black-von-nae-das-schicke-und-umweltfreundliche-accessoire-fuer-den-alltag","status":"publish","type":"product","link":"https:\/\/ekomfort.lu\/de\/shop\/duenner-schwarzer-guertel-fuer-damen-beltbaga-black-von-nae-das-schicke-und-umweltfreundliche-accessoire-fuer-den-alltag\/","title":{"rendered":"D\u00fcnner schwarzer G\u00fcrtel f\u00fcr Damen, BeltBaga Black von Nae: Das schicke und umweltfreundliche Accessoire f\u00fcr den Alltag"},"content":{"rendered":"\n<p>Sind Sie eine raffinierte Frau, die minimalistische und elegante Accessoires bevorzugt, ohne deren Auswirkungen auf die Umwelt zu vernachl\u00e4ssigen? Sie suchen nach einer <strong>d\u00fcnner schwarzer G\u00fcrtel<\/strong>, diskret und ethisch, um Ihre Outfits raffiniert zu gestalten?<\/p>\n\n\n\n<p>Entdecken Sie <strong>BeltBaga Black<\/strong>, ein <strong>Sch\u00f6nes schwarzes Damenkleid f\u00fcr ein schwarzes Kleid, das in einem veganen, erhabenen Stil mit Subtilit\u00e4t und Eleganz gestaltet ist.<\/strong><\/p>\n\n\n\n<p>Option f\u00fcr <strong>Feine Damenmode und veganes BeltBaga Black<\/strong> und:<\/p>\n\n\n<style>.wp-block-kadence-iconlist.kt-svg-icon-list-items11740_66730f-e5:not(.this-stops-third-party-issues){margin-top:0px;margin-bottom:0px;}.wp-block-kadence-iconlist.kt-svg-icon-list-items11740_66730f-e5 ul.kt-svg-icon-list:not(.this-prevents-issues):not(.this-stops-third-party-issues):not(.tijsloc){margin-top:0px;margin-right:0px;margin-bottom:var(--global-kb-spacing-sm, 1.5rem);margin-left:0px;}.wp-block-kadence-iconlist.kt-svg-icon-list-items11740_66730f-e5 ul.kt-svg-icon-list{grid-row-gap:5px;}.wp-block-kadence-iconlist.kt-svg-icon-list-items11740_66730f-e5 .kb-svg-icon-wrap{font-size:18px;color:var(--global-palette1, #3182CE);}.wp-block-kadence-iconlist.kt-svg-icon-list-items11740_66730f-e5 ul.kt-svg-icon-list .kt-svg-icon-list-item-wrap .kt-svg-icon-list-single{margin-right:10px;}.kt-svg-icon-list-items11740_66730f-e5 ul.kt-svg-icon-list .kt-svg-icon-list-level-0 .kt-svg-icon-list-single svg{font-size:20px;}<\/style>\n<div class=\"wp-block-kadence-iconlist kt-svg-icon-list-items kt-svg-icon-list-items11740_66730f-e5 kt-svg-icon-list-columns-1 alignnone\"><ul class=\"kt-svg-icon-list\"><style>.kt-svg-icon-list-item-4455_fa5e4c-dd .kt-svg-icon-list-text mark.kt-highlight{background-color:unset;font-style:normal;color:#f76a0c;-webkit-box-decoration-break:clone;box-decoration-break:clone;padding-top:0px;padding-right:0px;padding-bottom:0px;padding-left:0px;}<\/style>\n<li class=\"wp-block-kadence-listitem kt-svg-icon-list-item-wrap kt-svg-icon-list-item-4455_fa5e4c-dd\"><span class=\"kb-svg-icon-wrap kb-svg-icon-fe_checkCircle kt-svg-icon-list-single\"><svg viewBox=\"0 0 24 24\"  fill=\"none\" stroke=\"currentColor\" stroke-width=\"3\" stroke-linecap=\"round\" stroke-linejoin=\"round\" xmlns=\"http:\/\/www.w3.org\/2000\/svg\"  aria-hidden=\"true\"><path d=\"M22 11.08V12a10 10 0 1 1-5.93-9.14\"\/><polyline points=\"22 4 12 14.01 9 11.01\"\/><\/svg><\/span><span class=\"kt-svg-icon-list-text\">Sp\u00fcren Sie die Weichheit und Leichtigkeit von veganem Nobuk, einem umweltfreundlichen, wasserbest\u00e4ndigen Material, das Ihre Haut ebenso respektiert wie den Planeten.<\/span><\/li>\n\n\n<style>.kt-svg-icon-list-item-4455_9b91dd-e1 .kt-svg-icon-list-text mark.kt-highlight{background-color:unset;font-style:normal;color:#f76a0c;-webkit-box-decoration-break:clone;box-decoration-break:clone;padding-top:0px;padding-right:0px;padding-bottom:0px;padding-left:0px;}<\/style>\n<li class=\"wp-block-kadence-listitem kt-svg-icon-list-item-wrap kt-svg-icon-list-item-4455_9b91dd-e1\"><span class=\"kb-svg-icon-wrap kb-svg-icon-fe_checkCircle kt-svg-icon-list-single\"><svg viewBox=\"0 0 24 24\"  fill=\"none\" stroke=\"currentColor\" stroke-width=\"3\" stroke-linecap=\"round\" stroke-linejoin=\"round\" xmlns=\"http:\/\/www.w3.org\/2000\/svg\"  aria-hidden=\"true\"><path d=\"M22 11.08V12a10 10 0 1 1-5.93-9.14\"\/><polyline points=\"22 4 12 14.01 9 11.01\"\/><\/svg><\/span><span class=\"kt-svg-icon-list-text\">Bewundern Sie die unaufdringliche Raffinesse eines <strong>d\u00fcnner schwarzer G\u00fcrtel<\/strong> nur 2 cm breit, verziert mit einem dezenten Muster und einer eleganten quadratischen Schnalle aus nickelfreiem Silbermetall.<\/span><\/li>\n\n\n<style>.kt-svg-icon-list-item-4455_d77a2e-ef .kt-svg-icon-list-text mark.kt-highlight{background-color:unset;font-style:normal;color:#f76a0c;-webkit-box-decoration-break:clone;box-decoration-break:clone;padding-top:0px;padding-right:0px;padding-bottom:0px;padding-left:0px;}<\/style>\n<li class=\"wp-block-kadence-listitem kt-svg-icon-list-item-wrap kt-svg-icon-list-item-4455_d77a2e-ef\"><span class=\"kb-svg-icon-wrap kb-svg-icon-fe_checkCircle kt-svg-icon-list-single\"><svg viewBox=\"0 0 24 24\"  fill=\"none\" stroke=\"currentColor\" stroke-width=\"3\" stroke-linecap=\"round\" stroke-linejoin=\"round\" xmlns=\"http:\/\/www.w3.org\/2000\/svg\"  aria-hidden=\"true\"><path d=\"M22 11.08V12a10 10 0 1 1-5.93-9.14\"\/><polyline points=\"22 4 12 14.01 9 11.01\"\/><\/svg><\/span><span class=\"kt-svg-icon-list-text\">Sch\u00e4tzen Sie die Langlebigkeit dieses G\u00fcrtels dank seiner sorgf\u00e4ltigen Verarbeitung und der Robustheit seines Materials, veganes Nobuk.<\/span><\/li>\n<\/ul><\/div>\n\n\n\n<p>Ohne Kompromisse beim Stil, ohne Tierqu\u00e4lerei, ohne Schadstoffe&#8230;<\/p>\n\n\n\n<p>Und das alles zu einem viel g\u00fcnstigeren Preis als andere \u00e4hnliche G\u00fcrtel auf dem Markt.<\/p>\n\n\n\n<p>Sind Sie bereit, Ihre Garderobe mit diesem verantwortungsvollen und trendigen Accessoire zu bereichern? La <strong>BeltBaga Black<\/strong> ist sehr g\u00fcnstig und die Lagerbest\u00e4nde nehmen schnell ab. Warten Sie nicht l\u00e4nger, bestellen Sie es jetzt!<\/p>\n","protected":false},"excerpt":{"rendered":"<p>Sind Sie eine raffinierte Frau, die minimalistische und elegante Accessoires bevorzugt, ohne deren Auswirkungen auf die Umwelt zu vernachl\u00e4ssigen? Sie suchen nach einer d\u00fcnner schwarzer G\u00fcrtel, diskret und ethisch, um Ihre Outfits raffiniert zu gestalten? Entdecken Sie BeltBaga Black, ein Sch\u00f6nes schwarzes Damenkleid f\u00fcr ein schwarzes Kleid, das in einem veganen, erhabenen Stil mit Subtilit\u00e4t&#8230;<\/p>\n","protected":false},"featured_media":7988,"comment_status":"open","ping_status":"closed","template":"","meta":{"_acf_changed":false,"_kad_blocks_custom_css":"","_kad_blocks_head_custom_js":"","_kad_blocks_body_custom_js":"","_kad_blocks_footer_custom_js":"","_kad_post_transparent":"","_kad_post_title":"","_kad_post_layout":"","_kad_post_sidebar_id":"","_kad_post_content_style":"","_kad_post_vertical_padding":"","_kad_post_feature":"","_kad_post_feature_position":"","_kad_post_header":false,"_kad_post_footer":false,"_kad_post_classname":""},"product_brand":[],"product_cat":[454,491],"product_tag":[447],"product_brands":[685],"class_list":{"0":"post-11740","1":"product","2":"type-product","3":"status-publish","4":"has-post-thumbnail","6":"product_cat-accessoires-de","7":"product_cat-gurtel","8":"product_tag-frau","9":"product_brands-nae-vegan-shoes-de","11":"first","12":"outofstock","13":"taxable","14":"shipping-taxable","15":"purchasable","16":"product-type-variable","17":"has-default-attributes","18":"entry","19":"content-bg","20":"loop-entry"},"acf":{"avantages":"\ud83c\udf3f Riemenmaterial: Umweltfreundliches, veganes Nobuk aus Mikrofasern. Ungiftig, hypoallergen, antibakteriell und antimikrobiell. Umweltschonend hergestellt, ohne CO2-Emissionen und ohne Verschwendung von Wasser oder Energie.\r\n\r\n\ud83d\udd12 Verschlusstyp: Quadratische Schnalle mit glatter, silberner Metallschlaufe, nickelfrei.\r\n\r\n\ud83d\udc63 Zehenform: Gerade mit leichter Kr\u00fcmmung f\u00fcr optimalen Komfort.\r\n\r\n\ud83d\udcd0 Riemenbreite: 2 cm f\u00fcr einen modernen und eleganten Look.\r\n\r\n\ud83c\uddea\ud83c\uddf8 Sorgf\u00e4ltig in Spanien hergestellt, unter Verwendung von umweltfreundlichen Materialien und Prozessen, und unter Gew\u00e4hrleistung fairer Arbeitsbedingungen.","entretien":"1. Reinigen Sie das Produkt mit einem in Seifenwasser getr\u00e4nkten Tuch.\r\n\r\n2. Verwenden Sie f\u00fcr hartn\u00e4ckige Flecken eine weiche Schuhb\u00fcrste, ebenfalls in Seifenwasser getr\u00e4nkt, und reiben Sie sanft in kreisenden Bewegungen.\r\n\r\n3. Entfernen Sie dann die Seife mit einem feuchten Tuch.\r\n\r\n4. Lassen Sie das Produkt 24 Stunden lang an der Luft trocknen, ohne es direkter Sonneneinstrahlung auszusetzen.Achtung:\r\n\r\n- Verwenden Sie keine Reinigungscreme.\r\n\r\n- Geben Sie das Produkt nicht in die Waschmaschine.\r\n\r\n- Tauchen Sie es nicht in Wasser ein, da es irreparable Sch\u00e4den erleiden k\u00f6nnte.Wenn Ihr veganes Produkt das Ende seiner Lebensdauer erreicht hat oder Sie es nicht mehr ben\u00f6tigen, denken Sie daran, ihm ein zweites Leben zu schenken. Verwenden Sie es auf eine andere Weise selbst oder lassen Sie eine andere Person davon profitieren.","marque":""},"taxonomy_info":{"product_cat":[{"value":454,"label":"Accessoires"},{"value":491,"label":"G\u00fcrtel"}],"product_tag":[{"value":447,"label":"Damenboutique"}],"product_brands":[{"value":685,"label":"NAE Vegan Shoes"}]},"featured_image_src_large":["https:\/\/ekomfort.lu\/wp-content\/uploads\/2023\/08\/beltbaga-black-1024x1024.jpg",1024,1024,true],"author_info":[],"comment_info":0,"_links":{"self":[{"href":"https:\/\/ekomfort.lu\/de\/wp-json\/wp\/v2\/product\/11740","targetHints":{"allow":["GET"]}}],"collection":[{"href":"https:\/\/ekomfort.lu\/de\/wp-json\/wp\/v2\/product"}],"about":[{"href":"https:\/\/ekomfort.lu\/de\/wp-json\/wp\/v2\/types\/product"}],"replies":[{"embeddable":true,"href":"https:\/\/ekomfort.lu\/de\/wp-json\/wp\/v2\/comments?post=11740"}],"wp:featuredmedia":[{"embeddable":true,"href":"https:\/\/ekomfort.lu\/de\/wp-json\/wp\/v2\/media\/7988"}],"wp:attachment":[{"href":"https:\/\/ekomfort.lu\/de\/wp-json\/wp\/v2\/media?parent=11740"}],"wp:term":[{"taxonomy":"product_brand","embeddable":true,"href":"https:\/\/ekomfort.lu\/de\/wp-json\/wp\/v2\/product_brand?post=11740"},{"taxonomy":"product_cat","embeddable":true,"href":"https:\/\/ekomfort.lu\/de\/wp-json\/wp\/v2\/product_cat?post=11740"},{"taxonomy":"product_tag","embeddable":true,"href":"https:\/\/ekomfort.lu\/de\/wp-json\/wp\/v2\/product_tag?post=11740"},{"taxonomy":"product_brands","embeddable":true,"href":"https:\/\/ekomfort.lu\/de\/wp-json\/wp\/v2\/product_brands?post=11740"}],"curies":[{"name":"wp","href":"https:\/\/api.w.org\/{rel}","templated":true}]}}