{"id":11730,"date":"2023-08-16T14:50:07","date_gmt":"2023-08-16T12:50:07","guid":{"rendered":"https:\/\/ekomfort.lu\/shop\/beltblanes-grauer-veganer-lederguertel-von-nae-das-ethische-accessoire-mit-unvergleichlichem-stil-fuer-ihr-taegliches-leben"},"modified":"2024-07-01T12:06:51","modified_gmt":"2024-07-01T10:06:51","slug":"beltblanes-grauer-veganer-lederguertel-von-nae-das-ethische-accessoire-mit-unvergleichlichem-stil-fuer-ihr-taegliches-leben","status":"publish","type":"product","link":"https:\/\/ekomfort.lu\/de\/shop\/beltblanes-grauer-veganer-lederguertel-von-nae-das-ethische-accessoire-mit-unvergleichlichem-stil-fuer-ihr-taegliches-leben\/","title":{"rendered":"BeltBlanes Grauer veganer Lederg\u00fcrtel von Nae: Das ethische Accessoire mit unvergleichlichem Stil f\u00fcr Ihr t\u00e4gliches Leben"},"content":{"rendered":"\n<p>Suchen Sie einen G\u00fcrtel, der Ihre Outfits aufwertet und gleichzeitig Ihr Engagement f\u00fcr den Planeten unterstreicht? M\u00f6chten Sie ein langlebiges, umweltfreundliches und ethisch einwandfreies Accessoire?<\/p>\n\n\n\n<p>Erleben Sie <strong>Grauer G\u00fcrtel aus veganem Leder von BeltBlanes<\/strong>: ein Muss f\u00fcr moderne Frauen, die keine Kompromisse bei Stil und Haltbarkeit eingehen wollen.<\/p>\n\n\n\n<p>W\u00e4hlen Sie <strong>BeltBlanes Grey<\/strong>, Sie erhalten:<\/p>\n\n\n<style>.wp-block-kadence-iconlist.kt-svg-icon-list-items11730_0354f2-45:not(.this-stops-third-party-issues){margin-top:0px;margin-bottom:0px;}.wp-block-kadence-iconlist.kt-svg-icon-list-items11730_0354f2-45 ul.kt-svg-icon-list:not(.this-prevents-issues):not(.this-stops-third-party-issues):not(.tijsloc){margin-top:0px;margin-right:0px;margin-bottom:var(--global-kb-spacing-sm, 1.5rem);margin-left:0px;}.wp-block-kadence-iconlist.kt-svg-icon-list-items11730_0354f2-45 ul.kt-svg-icon-list{grid-row-gap:5px;}.wp-block-kadence-iconlist.kt-svg-icon-list-items11730_0354f2-45 .kb-svg-icon-wrap{font-size:18px;color:var(--global-palette1, #3182CE);}.wp-block-kadence-iconlist.kt-svg-icon-list-items11730_0354f2-45 ul.kt-svg-icon-list .kt-svg-icon-list-item-wrap .kt-svg-icon-list-single{margin-right:10px;}.kt-svg-icon-list-items11730_0354f2-45 ul.kt-svg-icon-list .kt-svg-icon-list-level-0 .kt-svg-icon-list-single svg{font-size:20px;}<\/style>\n<div class=\"wp-block-kadence-iconlist kt-svg-icon-list-items kt-svg-icon-list-items11730_0354f2-45 kt-svg-icon-list-columns-1 alignnone\"><ul class=\"kt-svg-icon-list\"><style>.kt-svg-icon-list-item-4460_45ff58-ef .kt-svg-icon-list-text mark.kt-highlight{background-color:unset;font-style:normal;color:#f76a0c;-webkit-box-decoration-break:clone;box-decoration-break:clone;padding-top:0px;padding-right:0px;padding-bottom:0px;padding-left:0px;}<\/style>\n<li class=\"wp-block-kadence-listitem kt-svg-icon-list-item-wrap kt-svg-icon-list-item-4460_45ff58-ef\"><span class=\"kb-svg-icon-wrap kb-svg-icon-fe_checkCircle kt-svg-icon-list-single\"><svg viewBox=\"0 0 24 24\"  fill=\"none\" stroke=\"currentColor\" stroke-width=\"3\" stroke-linecap=\"round\" stroke-linejoin=\"round\" xmlns=\"http:\/\/www.w3.org\/2000\/svg\"  aria-hidden=\"true\"><path d=\"M22 11.08V12a10 10 0 1 1-5.93-9.14\"\/><polyline points=\"22 4 12 14.01 9 11.01\"\/><\/svg><\/span><span class=\"kt-svg-icon-list-text\">Zeitlose Eleganz: mit seiner silbernen Schnalle <strong>Nickelfrei<\/strong> und sein vielseitiger Grauton unterstreichen Ihre Weiblichkeit in allen Lebenslagen.<\/span><\/li>\n\n\n<style>.kt-svg-icon-list-item-4460_a126b0-ec .kt-svg-icon-list-text mark.kt-highlight{background-color:unset;font-style:normal;color:#f76a0c;-webkit-box-decoration-break:clone;box-decoration-break:clone;padding-top:0px;padding-right:0px;padding-bottom:0px;padding-left:0px;}<\/style>\n<li class=\"wp-block-kadence-listitem kt-svg-icon-list-item-wrap kt-svg-icon-list-item-4460_a126b0-ec\"><span class=\"kb-svg-icon-wrap kb-svg-icon-fe_checkCircle kt-svg-icon-list-single\"><svg viewBox=\"0 0 24 24\"  fill=\"none\" stroke=\"currentColor\" stroke-width=\"3\" stroke-linecap=\"round\" stroke-linejoin=\"round\" xmlns=\"http:\/\/www.w3.org\/2000\/svg\"  aria-hidden=\"true\"><path d=\"M22 11.08V12a10 10 0 1 1-5.93-9.14\"\/><polyline points=\"22 4 12 14.01 9 11.01\"\/><\/svg><\/span><span class=\"kt-svg-icon-list-text\">Ein gutes Gewissen: Verabschieden Sie sich von den ethischen Dilemmata, die mit Tierqu\u00e4lerei verbunden sind. Dieses <strong>Nickelfreier Dameng\u00fcrtel<\/strong> wird aus veganem Leder, einem umweltfreundlichen Material, und nach fairen Arbeitsstandards hergestellt.<\/span><\/li>\n\n\n<style>.kt-svg-icon-list-item-4460_b0b45f-3b .kt-svg-icon-list-text mark.kt-highlight{background-color:unset;font-style:normal;color:#f76a0c;-webkit-box-decoration-break:clone;box-decoration-break:clone;padding-top:0px;padding-right:0px;padding-bottom:0px;padding-left:0px;}<\/style>\n<li class=\"wp-block-kadence-listitem kt-svg-icon-list-item-wrap kt-svg-icon-list-item-4460_b0b45f-3b\"><span class=\"kb-svg-icon-wrap kb-svg-icon-fe_checkCircle kt-svg-icon-list-single\"><svg viewBox=\"0 0 24 24\"  fill=\"none\" stroke=\"currentColor\" stroke-width=\"3\" stroke-linecap=\"round\" stroke-linejoin=\"round\" xmlns=\"http:\/\/www.w3.org\/2000\/svg\"  aria-hidden=\"true\"><path d=\"M22 11.08V12a10 10 0 1 1-5.93-9.14\"\/><polyline points=\"22 4 12 14.01 9 11.01\"\/><\/svg><\/span><span class=\"kt-svg-icon-list-text\">Optimaler Komfort: Dank OEKO-TEX STANDARD 100 zertifizierter Mikrofaser passt sich dieser 2 cm breite und 2 mm dicke G\u00fcrtel Ihrer K\u00f6rperform an und ist gleichzeitig robust und langlebig.<\/span><\/li>\n<\/ul><\/div>\n\n\n\n<p>ohne Tierqu\u00e4lerei, ohne Nickel, ohne Reue&#8230;<\/p>\n\n\n\n<p>G\u00f6nnen Sie sich f\u00fcr etwas weniger als Ihr monatliches Kaffeebudget ein Modeaccessoire, das den Launen der Zeit standh\u00e4lt und gleichzeitig Ihre Werte widerspiegelt.<\/p>\n\n\n\n<p>Sind Sie also bereit, Ihren Stil und Ihr Engagement f\u00fcr Nachhaltigkeit mit den <strong>BeltBlanes Grey<\/strong> ? Diese G\u00fcrtel sind schnell ausverkauft, z\u00f6gern Sie nicht, Ihren zu reservieren!<\/p>\n","protected":false},"excerpt":{"rendered":"<p>Suchen Sie einen G\u00fcrtel, der Ihre Outfits aufwertet und gleichzeitig Ihr Engagement f\u00fcr den Planeten unterstreicht? M\u00f6chten Sie ein langlebiges, umweltfreundliches und ethisch einwandfreies Accessoire? Erleben Sie Grauer G\u00fcrtel aus veganem Leder von BeltBlanes: ein Muss f\u00fcr moderne Frauen, die keine Kompromisse bei Stil und Haltbarkeit eingehen wollen. W\u00e4hlen Sie BeltBlanes Grey, Sie erhalten: ohne&#8230;<\/p>\n","protected":false},"featured_media":8000,"comment_status":"open","ping_status":"closed","template":"","meta":{"_acf_changed":false,"_kad_blocks_custom_css":"","_kad_blocks_head_custom_js":"","_kad_blocks_body_custom_js":"","_kad_blocks_footer_custom_js":"","_kad_post_transparent":"","_kad_post_title":"","_kad_post_layout":"","_kad_post_sidebar_id":"","_kad_post_content_style":"","_kad_post_vertical_padding":"","_kad_post_feature":"","_kad_post_feature_position":"","_kad_post_header":false,"_kad_post_footer":false,"_kad_post_classname":""},"product_brand":[],"product_cat":[454,491],"product_tag":[447],"product_brands":[685],"class_list":{"0":"post-11730","1":"product","2":"type-product","3":"status-publish","4":"has-post-thumbnail","6":"product_cat-accessoires-de","7":"product_cat-gurtel","8":"product_tag-frau","9":"product_brands-nae-vegan-shoes-de","11":"first","12":"outofstock","13":"taxable","14":"shipping-taxable","15":"purchasable","16":"product-type-variable","17":"has-default-attributes","18":"entry","19":"content-bg","20":"loop-entry"},"acf":{"avantages":"\ud83c\udf3f 100% OEKO-TEX STANDARD 100 zertifizierte Mikrofaser. Eine Qualit\u00e4tsgarantie ohne sch\u00e4dliche Substanzen.\r\n\r\n\ud83d\udd12 Nickelfreie silberne Schnalle. Perfekt f\u00fcr Menschen mit Nickelallergie.\r\n\r\n\ud83d\udc69\u200d\ud83c\udfa8 Handgefertigt in Spanien. Eine Hommage an traditionelles Handwerk und Qualit\u00e4t.\r\n\r\n\ud83d\udc57 Umweltfreundlicher Modeg\u00fcrtel f\u00fcr Frauen. Respektiert die Umwelt und die Gesundheit.","entretien":"Pflegetipps:1. Reinigen Sie Ihre Schuhe mit einem Tuch, das mit Wasser und Seife getr\u00e4nkt ist.\r\n\r\n2. Lassen Sie sie vor dem Auftragen trocknen.\r\n\r\n3. Das Auftragen von Schuhcreme wird dringend empfohlen.\r\n\r\n4. Tragen Sie eine kleine Menge mit einem trockenen, weichen Tuch auf und reiben Sie sie sparsam mit kreisenden Bewegungen auf das Material.\r\n\r\n5. Lassen Sie sie nach dem Auftragen 24 Stunden lang nat\u00fcrlich trocknen.Produktlebensdauer:Wenn Sie der Meinung sind, dass Ihr Artikel seine Zeit hinter sich hat oder Sie ihn nicht mehr ben\u00f6tigen, denken Sie daran, ihm ein zweites Leben zu schenken. Sie k\u00f6nnen sich auch einen neuen Artikel f\u00fcr sich selbst besorgen oder ihn verschenken.","marque":""},"taxonomy_info":{"product_cat":[{"value":454,"label":"Accessoires"},{"value":491,"label":"G\u00fcrtel"}],"product_tag":[{"value":447,"label":"Damenboutique"}],"product_brands":[{"value":685,"label":"NAE Vegan Shoes"}]},"featured_image_src_large":["https:\/\/ekomfort.lu\/wp-content\/uploads\/2023\/08\/belt-blanes-grey-1024x1024.jpg",1024,1024,true],"author_info":[],"comment_info":0,"_links":{"self":[{"href":"https:\/\/ekomfort.lu\/de\/wp-json\/wp\/v2\/product\/11730","targetHints":{"allow":["GET"]}}],"collection":[{"href":"https:\/\/ekomfort.lu\/de\/wp-json\/wp\/v2\/product"}],"about":[{"href":"https:\/\/ekomfort.lu\/de\/wp-json\/wp\/v2\/types\/product"}],"replies":[{"embeddable":true,"href":"https:\/\/ekomfort.lu\/de\/wp-json\/wp\/v2\/comments?post=11730"}],"wp:featuredmedia":[{"embeddable":true,"href":"https:\/\/ekomfort.lu\/de\/wp-json\/wp\/v2\/media\/8000"}],"wp:attachment":[{"href":"https:\/\/ekomfort.lu\/de\/wp-json\/wp\/v2\/media?parent=11730"}],"wp:term":[{"taxonomy":"product_brand","embeddable":true,"href":"https:\/\/ekomfort.lu\/de\/wp-json\/wp\/v2\/product_brand?post=11730"},{"taxonomy":"product_cat","embeddable":true,"href":"https:\/\/ekomfort.lu\/de\/wp-json\/wp\/v2\/product_cat?post=11730"},{"taxonomy":"product_tag","embeddable":true,"href":"https:\/\/ekomfort.lu\/de\/wp-json\/wp\/v2\/product_tag?post=11730"},{"taxonomy":"product_brands","embeddable":true,"href":"https:\/\/ekomfort.lu\/de\/wp-json\/wp\/v2\/product_brands?post=11730"}],"curies":[{"name":"wp","href":"https:\/\/api.w.org\/{rel}","templated":true}]}}